{"id":94154,"date":"2024-02-13T04:23:30","date_gmt":"2024-02-13T10:23:30","guid":{"rendered":"https:\/\/www.xpolemexico.com\/?post_type=product&#038;p=94154"},"modified":"2025-12-12T08:58:49","modified_gmt":"2025-12-12T14:58:49","slug":"x-pole-leg-warmers","status":"publish","type":"product","link":"https:\/\/www.xpolemexico.com\/en\/tienda\/accessories-en\/x-pole-leg-warmers\/","title":{"rendered":"X-POLE Leg Warmers"},"content":{"rendered":"<p>Introducing our exclusive collection of leg warmers, the epitome of cozy chic! Crafted with premium materials, our leg warmers provide unparalleled comfort and style during the chilly seasons. Designed to effortlessly elevate any outfit, whether paired with heels or sneakers, these leg warmers are a versatile addition to your wardrobe.<\/p>\n<p>With their snug fit and exquisite craftsmanship, our leg warmers promise to keep you warm and fashionable whether poling from home or at the studio.<\/p>\n<p>Available for a limited time only, don\u2019t miss the opportunity to own a pair of these must-have leg warmers. Embrace warmth, comfort, and style with our exclusive collection. Shop now before they\u2019re gone!<\/p>\n","protected":false},"excerpt":{"rendered":"<p>Introducing our exclusive collection of leg warmers, the epitome of cozy chic! Crafted with premium materials, our leg warmers provide unparalleled comfort and style during the chilly seasons. Designed to effortlessly elevate any outfit, whether paired with heels or sneakers, these leg warmers are a versatile addition to your wardrobe. With their snug fit and [&hellip;]<\/p>\n","protected":false},"featured_media":101034,"template":"","meta":{"_acf_changed":false},"product_cat":[25],"product_tag":[],"class_list":{"0":"post-94154","1":"product","2":"type-product","3":"status-publish","4":"has-post-thumbnail","6":"product_cat-accessories-en","7":"product_shipping_class-shipping-class-40","9":"first","10":"instock","11":"taxable","12":"shipping-taxable","13":"purchasable","14":"product-type-simple"},"bundled_by":[],"bundle_stock_status":"instock","bundle_stock_quantity":223,"bundle_virtual":false,"bundle_layout":"","bundle_add_to_cart_form_location":"","bundle_editable_in_cart":false,"bundle_sold_individually_context":"","bundle_item_grouping":"","bundle_min_size":"","bundle_max_size":"","bundle_price":[],"bundled_items":[],"bundle_sell_ids":[],"acf":[],"yoast_head":"<!-- This site is optimized with the Yoast SEO Premium plugin v24.6 (Yoast SEO v24.6) - https:\/\/yoast.com\/wordpress\/plugins\/seo\/ -->\n<title>X-POLE Leg Warmers | Mexico New<\/title>\n<meta name=\"robots\" content=\"index, follow, max-snippet:-1, max-image-preview:large, max-video-preview:-1\" \/>\n<link rel=\"canonical\" href=\"https:\/\/www.xpolemexico.com\/en\/tienda\/accessories-en\/x-pole-leg-warmers\/\" \/>\n<meta property=\"og:locale\" content=\"en_US\" \/>\n<meta property=\"og:type\" content=\"article\" \/>\n<meta property=\"og:title\" content=\"X-POLE Leg Warmers\" \/>\n<meta property=\"og:description\" content=\"Introducing our exclusive collection of leg warmers, the epitome of cozy chic! Crafted with premium materials, our leg warmers provide unparalleled comfort and style during the chilly seasons. Designed to effortlessly elevate any outfit, whether paired with heels or sneakers, these leg warmers are a versatile addition to your wardrobe. With their snug fit and [&hellip;]\" \/>\n<meta property=\"og:url\" content=\"https:\/\/www.xpolemexico.com\/en\/tienda\/accessories-en\/x-pole-leg-warmers\/\" \/>\n<meta property=\"og:site_name\" content=\"Mexico New\" \/>\n<meta property=\"article:modified_time\" content=\"2025-12-12T14:58:49+00:00\" \/>\n<meta property=\"og:image\" content=\"https:\/\/www.xpolemexico.com\/wp-content\/uploads\/sites\/8\/2024\/02\/Legwarmers3-webversion-1-scaled.jpg\" \/>\n\t<meta property=\"og:image:width\" content=\"2560\" \/>\n\t<meta property=\"og:image:height\" content=\"2560\" \/>\n\t<meta property=\"og:image:type\" content=\"image\/jpeg\" \/>\n<meta name=\"twitter:card\" content=\"summary_large_image\" \/>\n<meta name=\"twitter:label1\" content=\"Price\" \/>\n\t<meta name=\"twitter:data1\" content=\"&#036;15.99 (278.13 MXN)\" \/>\n\t<meta name=\"twitter:label2\" content=\"Availability\" \/>\n\t<meta name=\"twitter:data2\" content=\"In stock\" \/>\n<script type=\"application\/ld+json\" class=\"yoast-schema-graph\">{\"@context\":\"https:\/\/schema.org\",\"@graph\":[{\"@type\":\"WebPage\",\"@id\":\"https:\/\/www.xpolemexico.com\/en\/tienda\/accessories-en\/x-pole-leg-warmers\/\",\"url\":\"https:\/\/www.xpolemexico.com\/en\/tienda\/accessories-en\/x-pole-leg-warmers\/\",\"name\":\"X-POLE Leg Warmers | Mexico New\",\"isPartOf\":{\"@id\":\"https:\/\/www.xpolemexico.com\/en\/#website\"},\"primaryImageOfPage\":{\"@id\":\"https:\/\/www.xpolemexico.com\/en\/tienda\/accessories-en\/x-pole-leg-warmers\/#primaryimage\"},\"image\":{\"@id\":\"https:\/\/www.xpolemexico.com\/en\/tienda\/accessories-en\/x-pole-leg-warmers\/#primaryimage\"},\"thumbnailUrl\":\"https:\/\/www.xpolemexico.com\/wp-content\/uploads\/sites\/8\/2024\/02\/Legwarmers3-webversion-1-scaled.jpg\",\"datePublished\":\"2024-02-13T10:23:30+00:00\",\"dateModified\":\"2025-12-12T14:58:49+00:00\",\"breadcrumb\":{\"@id\":\"https:\/\/www.xpolemexico.com\/en\/tienda\/accessories-en\/x-pole-leg-warmers\/#breadcrumb\"},\"inLanguage\":\"en-US\",\"potentialAction\":[{\"@type\":\"ReadAction\",\"target\":[\"https:\/\/www.xpolemexico.com\/en\/tienda\/accessories-en\/x-pole-leg-warmers\/\"]}]},{\"@type\":\"ImageObject\",\"inLanguage\":\"en-US\",\"@id\":\"https:\/\/www.xpolemexico.com\/en\/tienda\/accessories-en\/x-pole-leg-warmers\/#primaryimage\",\"url\":\"https:\/\/www.xpolemexico.com\/wp-content\/uploads\/sites\/8\/2024\/02\/Legwarmers3-webversion-1-scaled.jpg\",\"contentUrl\":\"https:\/\/www.xpolemexico.com\/wp-content\/uploads\/sites\/8\/2024\/02\/Legwarmers3-webversion-1-scaled.jpg\",\"width\":2560,\"height\":2560},{\"@type\":\"BreadcrumbList\",\"@id\":\"https:\/\/www.xpolemexico.com\/en\/tienda\/accessories-en\/x-pole-leg-warmers\/#breadcrumb\",\"itemListElement\":[{\"@type\":\"ListItem\",\"position\":1,\"name\":\"Home\",\"item\":\"https:\/\/www.xpolemexico.com\/en\/\"},{\"@type\":\"ListItem\",\"position\":2,\"name\":\"Shop\",\"item\":\"https:\/\/www.xpolemexico.com\/en\/shop-all\/\"},{\"@type\":\"ListItem\",\"position\":3,\"name\":\"X-POLE Leg Warmers\"}]},{\"@type\":\"WebSite\",\"@id\":\"https:\/\/www.xpolemexico.com\/en\/#website\",\"url\":\"https:\/\/www.xpolemexico.com\/en\/\",\"name\":\"X-Pole M\u00e9xico\",\"description\":\"L\u00edderes en Fitness de Pole y A\u00e9reo\",\"potentialAction\":[{\"@type\":\"SearchAction\",\"target\":{\"@type\":\"EntryPoint\",\"urlTemplate\":\"https:\/\/www.xpolemexico.com\/en\/?s={search_term_string}\"},\"query-input\":{\"@type\":\"PropertyValueSpecification\",\"valueRequired\":true,\"valueName\":\"search_term_string\"}}],\"inLanguage\":\"en-US\"}]}<\/script>\n<meta property=\"product:price:amount\" content=\"15.99\" \/>\n<meta property=\"product:price:currency\" content=\"USD\" \/>\n<meta property=\"og:availability\" content=\"instock\" \/>\n<meta property=\"product:availability\" content=\"instock\" \/>\n<meta property=\"product:retailer_item_id\" content=\"X-LEGWARMERS\" \/>\n<meta property=\"product:condition\" content=\"new\" \/>\n<!-- \/ Yoast SEO Premium plugin. -->","yoast_head_json":{"title":"X-POLE Leg Warmers | Mexico New","robots":{"index":"index","follow":"follow","max-snippet":"max-snippet:-1","max-image-preview":"max-image-preview:large","max-video-preview":"max-video-preview:-1"},"canonical":"https:\/\/www.xpolemexico.com\/en\/tienda\/accessories-en\/x-pole-leg-warmers\/","og_locale":"en_US","og_type":"article","og_title":"X-POLE Leg Warmers","og_description":"Introducing our exclusive collection of leg warmers, the epitome of cozy chic! Crafted with premium materials, our leg warmers provide unparalleled comfort and style during the chilly seasons. Designed to effortlessly elevate any outfit, whether paired with heels or sneakers, these leg warmers are a versatile addition to your wardrobe. With their snug fit and [&hellip;]","og_url":"https:\/\/www.xpolemexico.com\/en\/tienda\/accessories-en\/x-pole-leg-warmers\/","og_site_name":"Mexico New","article_modified_time":"2025-12-12T14:58:49+00:00","og_image":[{"width":2560,"height":2560,"url":"https:\/\/www.xpolemexico.com\/wp-content\/uploads\/sites\/8\/2024\/02\/Legwarmers3-webversion-1-scaled.jpg","type":"image\/jpeg"}],"twitter_card":"summary_large_image","twitter_misc":{"Price":"&#36;15.99 (278.13 MXN)","Availability":"In stock"},"schema":{"@context":"https:\/\/schema.org","@graph":[{"@type":"WebPage","@id":"https:\/\/www.xpolemexico.com\/en\/tienda\/accessories-en\/x-pole-leg-warmers\/","url":"https:\/\/www.xpolemexico.com\/en\/tienda\/accessories-en\/x-pole-leg-warmers\/","name":"X-POLE Leg Warmers | Mexico New","isPartOf":{"@id":"https:\/\/www.xpolemexico.com\/en\/#website"},"primaryImageOfPage":{"@id":"https:\/\/www.xpolemexico.com\/en\/tienda\/accessories-en\/x-pole-leg-warmers\/#primaryimage"},"image":{"@id":"https:\/\/www.xpolemexico.com\/en\/tienda\/accessories-en\/x-pole-leg-warmers\/#primaryimage"},"thumbnailUrl":"https:\/\/www.xpolemexico.com\/wp-content\/uploads\/sites\/8\/2024\/02\/Legwarmers3-webversion-1-scaled.jpg","datePublished":"2024-02-13T10:23:30+00:00","dateModified":"2025-12-12T14:58:49+00:00","breadcrumb":{"@id":"https:\/\/www.xpolemexico.com\/en\/tienda\/accessories-en\/x-pole-leg-warmers\/#breadcrumb"},"inLanguage":"en-US","potentialAction":[{"@type":"ReadAction","target":["https:\/\/www.xpolemexico.com\/en\/tienda\/accessories-en\/x-pole-leg-warmers\/"]}]},{"@type":"ImageObject","inLanguage":"en-US","@id":"https:\/\/www.xpolemexico.com\/en\/tienda\/accessories-en\/x-pole-leg-warmers\/#primaryimage","url":"https:\/\/www.xpolemexico.com\/wp-content\/uploads\/sites\/8\/2024\/02\/Legwarmers3-webversion-1-scaled.jpg","contentUrl":"https:\/\/www.xpolemexico.com\/wp-content\/uploads\/sites\/8\/2024\/02\/Legwarmers3-webversion-1-scaled.jpg","width":2560,"height":2560},{"@type":"BreadcrumbList","@id":"https:\/\/www.xpolemexico.com\/en\/tienda\/accessories-en\/x-pole-leg-warmers\/#breadcrumb","itemListElement":[{"@type":"ListItem","position":1,"name":"Home","item":"https:\/\/www.xpolemexico.com\/en\/"},{"@type":"ListItem","position":2,"name":"Shop","item":"https:\/\/www.xpolemexico.com\/en\/shop-all\/"},{"@type":"ListItem","position":3,"name":"X-POLE Leg Warmers"}]},{"@type":"WebSite","@id":"https:\/\/www.xpolemexico.com\/en\/#website","url":"https:\/\/www.xpolemexico.com\/en\/","name":"X-Pole M\u00e9xico","description":"L\u00edderes en Fitness de Pole y A\u00e9reo","potentialAction":[{"@type":"SearchAction","target":{"@type":"EntryPoint","urlTemplate":"https:\/\/www.xpolemexico.com\/en\/?s={search_term_string}"},"query-input":{"@type":"PropertyValueSpecification","valueRequired":true,"valueName":"search_term_string"}}],"inLanguage":"en-US"}]},"product_price_amount":"15.99","product_price_currency":"USD","og_availability":"instock","product_availability":"instock","product_retailer_item_id":"X-LEGWARMERS","product_condition":"new"},"_links":{"self":[{"href":"https:\/\/www.xpolemexico.com\/en\/wp-json\/wp\/v2\/product\/94154","targetHints":{"allow":["GET"]}}],"collection":[{"href":"https:\/\/www.xpolemexico.com\/en\/wp-json\/wp\/v2\/product"}],"about":[{"href":"https:\/\/www.xpolemexico.com\/en\/wp-json\/wp\/v2\/types\/product"}],"wp:featuredmedia":[{"embeddable":true,"href":"https:\/\/www.xpolemexico.com\/en\/wp-json\/wp\/v2\/media\/101034"}],"wp:attachment":[{"href":"https:\/\/www.xpolemexico.com\/en\/wp-json\/wp\/v2\/media?parent=94154"}],"wp:term":[{"taxonomy":"product_cat","embeddable":true,"href":"https:\/\/www.xpolemexico.com\/en\/wp-json\/wp\/v2\/product_cat?post=94154"},{"taxonomy":"product_tag","embeddable":true,"href":"https:\/\/www.xpolemexico.com\/en\/wp-json\/wp\/v2\/product_tag?post=94154"}],"curies":[{"name":"wp","href":"https:\/\/api.w.org\/{rel}","templated":true}]}}