{"id":86128,"date":"2023-08-22T05:20:53","date_gmt":"2023-08-22T11:20:53","guid":{"rendered":"https:\/\/www.xpolemexico.com\/?post_type=product&#038;p=86128"},"modified":"2026-03-30T11:35:50","modified_gmt":"2026-03-30T17:35:50","slug":"tabless-zero-point-hoop","status":"publish","type":"product","link":"https:\/\/www.xpolemexico.com\/en\/tienda\/aerial-en\/tabless-hoop-en\/tabless-zero-point-hoop\/","title":{"rendered":"Tabless (Zero Point) Hoop"},"content":{"rendered":"<p>Aerial Hoop, Ring or Lyra; No matter what you call it, our Tabless (Zero Point) Hoops are made for aerial training and artistry.<\/p>\n<p><b><i>Tabless &#8211; <\/i><\/b>has no tabs welded into the hoop, it has a smooth surface all around.\u00a0 Most set ups utilize a round sling directly on to the hoop.<\/p>\n<p>Available in SPORT (34mm\/1.33in) and PRO (24mm\/0.94in) tube diameters and 800mm,\u00a0 900mm and 950mm hoop diameters. Other diameter coming soon! X-POLE Hoop diameters are specified as the inside diameter of the hoop.<\/p>\n<p>All our hoops are made from high-grade steel and finished with a black powder coat.<\/p>\n<p>To select which hoop size is best suited to you, we recommend that you sit on a chair, with good posture and have someone measure from the seat of your chair to the top of your head. Then add 4 inches (100mm) and select the Hoop\/Lyra closest to that measurement for a good fit. <a href=\"https:\/\/www.xpolemexico.com\/wp-content\/uploads\/sites\/8\/2023\/08\/Aerial-Hoop-measuring.pdf\">Please follow this link to measuring guide.\u00a0<\/a><\/p>\n<p>&nbsp;<\/p>\n","protected":false},"excerpt":{"rendered":"<p>Aerial Hoop, Ring or Lyra; No matter what you call it, our Tabless (Zero Point) Hoops are made for aerial training and artistry.<\/p>\n","protected":false},"featured_media":101954,"template":"","meta":{"_acf_changed":false},"product_cat":[315],"product_tag":[],"class_list":{"0":"post-86128","1":"product","2":"type-product","3":"status-publish","4":"has-post-thumbnail","6":"product_cat-tabless-hoop-en","8":"first","9":"instock","10":"taxable","11":"shipping-taxable","12":"purchasable","13":"product-type-variable"},"bundled_by":[],"bundle_stock_status":"instock","bundle_stock_quantity":null,"bundle_virtual":false,"bundle_layout":"","bundle_add_to_cart_form_location":"","bundle_editable_in_cart":false,"bundle_sold_individually_context":"","bundle_item_grouping":"","bundle_min_size":"","bundle_max_size":"","bundle_price":[],"bundled_items":[],"bundle_sell_ids":[],"acf":[],"yoast_head":"<!-- This site is optimized with the Yoast SEO Premium plugin v24.6 (Yoast SEO v24.6) - https:\/\/yoast.com\/wordpress\/plugins\/seo\/ -->\n<title>Tabless (Zero Point) Hoop | Mexico New<\/title>\n<meta name=\"description\" content=\"Aerial Hoop, Ring or Lyra; No matter what you call it, our Tabless (Zero Point) Hoops are made for aerial training and artistry.\" \/>\n<meta name=\"robots\" content=\"index, follow, max-snippet:-1, max-image-preview:large, max-video-preview:-1\" \/>\n<link rel=\"canonical\" href=\"https:\/\/www.xpolemexico.com\/en\/tienda\/aerial-en\/tabless-hoop-en\/tabless-zero-point-hoop\/\" \/>\n<meta property=\"og:locale\" content=\"en_US\" \/>\n<meta property=\"og:type\" content=\"article\" \/>\n<meta property=\"og:title\" content=\"Tabless (Zero Point) Hoop\" \/>\n<meta property=\"og:description\" content=\"Aerial Hoop, Ring or Lyra; No matter what you call it, our Tabless (Zero Point) Hoops are made for aerial training and artistry.\" \/>\n<meta property=\"og:url\" content=\"https:\/\/www.xpolemexico.com\/en\/tienda\/aerial-en\/tabless-hoop-en\/tabless-zero-point-hoop\/\" \/>\n<meta property=\"og:site_name\" content=\"Mexico New\" \/>\n<meta property=\"article:modified_time\" content=\"2026-03-30T17:35:50+00:00\" \/>\n<meta property=\"og:image\" content=\"https:\/\/www.xpolemexico.com\/wp-content\/uploads\/sites\/8\/2023\/08\/Tabless-Hoop-Temp-1080x1080-1.jpeg\" \/>\n\t<meta property=\"og:image:width\" content=\"1080\" \/>\n\t<meta property=\"og:image:height\" content=\"1080\" \/>\n\t<meta property=\"og:image:type\" content=\"image\/jpeg\" \/>\n<meta name=\"twitter:card\" content=\"summary_large_image\" \/>\n<meta name=\"twitter:label1\" content=\"Availability\" \/>\n\t<meta name=\"twitter:data1\" content=\"In stock\" \/>\n<script type=\"application\/ld+json\" class=\"yoast-schema-graph\">{\"@context\":\"https:\/\/schema.org\",\"@graph\":[{\"@type\":\"WebPage\",\"@id\":\"https:\/\/www.xpolemexico.com\/en\/tienda\/aerial-en\/tabless-hoop-en\/tabless-zero-point-hoop\/\",\"url\":\"https:\/\/www.xpolemexico.com\/en\/tienda\/aerial-en\/tabless-hoop-en\/tabless-zero-point-hoop\/\",\"name\":\"Tabless (Zero Point) Hoop | Mexico New\",\"isPartOf\":{\"@id\":\"https:\/\/www.xpolemexico.com\/en\/#website\"},\"primaryImageOfPage\":{\"@id\":\"https:\/\/www.xpolemexico.com\/en\/tienda\/aerial-en\/tabless-hoop-en\/tabless-zero-point-hoop\/#primaryimage\"},\"image\":{\"@id\":\"https:\/\/www.xpolemexico.com\/en\/tienda\/aerial-en\/tabless-hoop-en\/tabless-zero-point-hoop\/#primaryimage\"},\"thumbnailUrl\":\"https:\/\/www.xpolemexico.com\/wp-content\/uploads\/sites\/8\/2023\/08\/AroAereoSinPunto_XPole.jpg\",\"datePublished\":\"2023-08-22T11:20:53+00:00\",\"dateModified\":\"2026-03-30T17:35:50+00:00\",\"description\":\"Aerial Hoop, Ring or Lyra; No matter what you call it, our Tabless (Zero Point) Hoops are made for aerial training and artistry.\",\"breadcrumb\":{\"@id\":\"https:\/\/www.xpolemexico.com\/en\/tienda\/aerial-en\/tabless-hoop-en\/tabless-zero-point-hoop\/#breadcrumb\"},\"inLanguage\":\"en-US\",\"potentialAction\":[{\"@type\":\"ReadAction\",\"target\":[\"https:\/\/www.xpolemexico.com\/en\/tienda\/aerial-en\/tabless-hoop-en\/tabless-zero-point-hoop\/\"]}]},{\"@type\":\"ImageObject\",\"inLanguage\":\"en-US\",\"@id\":\"https:\/\/www.xpolemexico.com\/en\/tienda\/aerial-en\/tabless-hoop-en\/tabless-zero-point-hoop\/#primaryimage\",\"url\":\"https:\/\/www.xpolemexico.com\/wp-content\/uploads\/sites\/8\/2023\/08\/AroAereoSinPunto_XPole.jpg\",\"contentUrl\":\"https:\/\/www.xpolemexico.com\/wp-content\/uploads\/sites\/8\/2023\/08\/AroAereoSinPunto_XPole.jpg\",\"width\":1024,\"height\":1024,\"caption\":\"Aro A\u00e9reo Tabless - X-Pole\"},{\"@type\":\"BreadcrumbList\",\"@id\":\"https:\/\/www.xpolemexico.com\/en\/tienda\/aerial-en\/tabless-hoop-en\/tabless-zero-point-hoop\/#breadcrumb\",\"itemListElement\":[{\"@type\":\"ListItem\",\"position\":1,\"name\":\"Home\",\"item\":\"https:\/\/www.xpolemexico.com\/en\/\"},{\"@type\":\"ListItem\",\"position\":2,\"name\":\"Shop\",\"item\":\"https:\/\/www.xpolemexico.com\/en\/shop-all\/\"},{\"@type\":\"ListItem\",\"position\":3,\"name\":\"Tabless (Zero Point) Hoop\"}]},{\"@type\":\"WebSite\",\"@id\":\"https:\/\/www.xpolemexico.com\/en\/#website\",\"url\":\"https:\/\/www.xpolemexico.com\/en\/\",\"name\":\"X-Pole M\u00e9xico\",\"description\":\"L\u00edderes en Fitness de Pole y A\u00e9reo\",\"potentialAction\":[{\"@type\":\"SearchAction\",\"target\":{\"@type\":\"EntryPoint\",\"urlTemplate\":\"https:\/\/www.xpolemexico.com\/en\/?s={search_term_string}\"},\"query-input\":{\"@type\":\"PropertyValueSpecification\",\"valueRequired\":true,\"valueName\":\"search_term_string\"}}],\"inLanguage\":\"en-US\"}]}<\/script>\n<meta property=\"og:availability\" content=\"instock\" \/>\n<meta property=\"product:availability\" content=\"instock\" \/>\n<meta property=\"product:condition\" content=\"new\" \/>\n<!-- \/ Yoast SEO Premium plugin. -->","yoast_head_json":{"title":"Tabless (Zero Point) Hoop | Mexico New","description":"Aerial Hoop, Ring or Lyra; No matter what you call it, our Tabless (Zero Point) Hoops are made for aerial training and artistry.","robots":{"index":"index","follow":"follow","max-snippet":"max-snippet:-1","max-image-preview":"max-image-preview:large","max-video-preview":"max-video-preview:-1"},"canonical":"https:\/\/www.xpolemexico.com\/en\/tienda\/aerial-en\/tabless-hoop-en\/tabless-zero-point-hoop\/","og_locale":"en_US","og_type":"article","og_title":"Tabless (Zero Point) Hoop","og_description":"Aerial Hoop, Ring or Lyra; No matter what you call it, our Tabless (Zero Point) Hoops are made for aerial training and artistry.","og_url":"https:\/\/www.xpolemexico.com\/en\/tienda\/aerial-en\/tabless-hoop-en\/tabless-zero-point-hoop\/","og_site_name":"Mexico New","article_modified_time":"2026-03-30T17:35:50+00:00","og_image":[{"width":1080,"height":1080,"url":"https:\/\/www.xpolemexico.com\/wp-content\/uploads\/sites\/8\/2023\/08\/Tabless-Hoop-Temp-1080x1080-1.jpeg","type":"image\/jpeg"}],"twitter_card":"summary_large_image","twitter_misc":{"Availability":"In stock"},"schema":{"@context":"https:\/\/schema.org","@graph":[{"@type":"WebPage","@id":"https:\/\/www.xpolemexico.com\/en\/tienda\/aerial-en\/tabless-hoop-en\/tabless-zero-point-hoop\/","url":"https:\/\/www.xpolemexico.com\/en\/tienda\/aerial-en\/tabless-hoop-en\/tabless-zero-point-hoop\/","name":"Tabless (Zero Point) Hoop | Mexico New","isPartOf":{"@id":"https:\/\/www.xpolemexico.com\/en\/#website"},"primaryImageOfPage":{"@id":"https:\/\/www.xpolemexico.com\/en\/tienda\/aerial-en\/tabless-hoop-en\/tabless-zero-point-hoop\/#primaryimage"},"image":{"@id":"https:\/\/www.xpolemexico.com\/en\/tienda\/aerial-en\/tabless-hoop-en\/tabless-zero-point-hoop\/#primaryimage"},"thumbnailUrl":"https:\/\/www.xpolemexico.com\/wp-content\/uploads\/sites\/8\/2023\/08\/AroAereoSinPunto_XPole.jpg","datePublished":"2023-08-22T11:20:53+00:00","dateModified":"2026-03-30T17:35:50+00:00","description":"Aerial Hoop, Ring or Lyra; No matter what you call it, our Tabless (Zero Point) Hoops are made for aerial training and artistry.","breadcrumb":{"@id":"https:\/\/www.xpolemexico.com\/en\/tienda\/aerial-en\/tabless-hoop-en\/tabless-zero-point-hoop\/#breadcrumb"},"inLanguage":"en-US","potentialAction":[{"@type":"ReadAction","target":["https:\/\/www.xpolemexico.com\/en\/tienda\/aerial-en\/tabless-hoop-en\/tabless-zero-point-hoop\/"]}]},{"@type":"ImageObject","inLanguage":"en-US","@id":"https:\/\/www.xpolemexico.com\/en\/tienda\/aerial-en\/tabless-hoop-en\/tabless-zero-point-hoop\/#primaryimage","url":"https:\/\/www.xpolemexico.com\/wp-content\/uploads\/sites\/8\/2023\/08\/AroAereoSinPunto_XPole.jpg","contentUrl":"https:\/\/www.xpolemexico.com\/wp-content\/uploads\/sites\/8\/2023\/08\/AroAereoSinPunto_XPole.jpg","width":1024,"height":1024,"caption":"Aro A\u00e9reo Tabless - X-Pole"},{"@type":"BreadcrumbList","@id":"https:\/\/www.xpolemexico.com\/en\/tienda\/aerial-en\/tabless-hoop-en\/tabless-zero-point-hoop\/#breadcrumb","itemListElement":[{"@type":"ListItem","position":1,"name":"Home","item":"https:\/\/www.xpolemexico.com\/en\/"},{"@type":"ListItem","position":2,"name":"Shop","item":"https:\/\/www.xpolemexico.com\/en\/shop-all\/"},{"@type":"ListItem","position":3,"name":"Tabless (Zero Point) Hoop"}]},{"@type":"WebSite","@id":"https:\/\/www.xpolemexico.com\/en\/#website","url":"https:\/\/www.xpolemexico.com\/en\/","name":"X-Pole M\u00e9xico","description":"L\u00edderes en Fitness de Pole y A\u00e9reo","potentialAction":[{"@type":"SearchAction","target":{"@type":"EntryPoint","urlTemplate":"https:\/\/www.xpolemexico.com\/en\/?s={search_term_string}"},"query-input":{"@type":"PropertyValueSpecification","valueRequired":true,"valueName":"search_term_string"}}],"inLanguage":"en-US"}]},"og_availability":"instock","product_availability":"instock","product_condition":"new"},"_links":{"self":[{"href":"https:\/\/www.xpolemexico.com\/en\/wp-json\/wp\/v2\/product\/86128","targetHints":{"allow":["GET"]}}],"collection":[{"href":"https:\/\/www.xpolemexico.com\/en\/wp-json\/wp\/v2\/product"}],"about":[{"href":"https:\/\/www.xpolemexico.com\/en\/wp-json\/wp\/v2\/types\/product"}],"wp:featuredmedia":[{"embeddable":true,"href":"https:\/\/www.xpolemexico.com\/en\/wp-json\/wp\/v2\/media\/101954"}],"wp:attachment":[{"href":"https:\/\/www.xpolemexico.com\/en\/wp-json\/wp\/v2\/media?parent=86128"}],"wp:term":[{"taxonomy":"product_cat","embeddable":true,"href":"https:\/\/www.xpolemexico.com\/en\/wp-json\/wp\/v2\/product_cat?post=86128"},{"taxonomy":"product_tag","embeddable":true,"href":"https:\/\/www.xpolemexico.com\/en\/wp-json\/wp\/v2\/product_tag?post=86128"}],"curies":[{"name":"wp","href":"https:\/\/api.w.org\/{rel}","templated":true}]}}