{"id":81286,"date":"2023-05-02T13:37:54","date_gmt":"2023-05-02T19:37:54","guid":{"rendered":"https:\/\/www.xpolemexico.com\/?post_type=product&#038;p=81286"},"modified":"2026-03-20T20:30:28","modified_gmt":"2026-03-21T02:30:28","slug":"rock-exotica-stainless-carabiner","status":"publish","type":"product","link":"https:\/\/www.xpolemexico.com\/en\/tienda\/aerial-en\/a-frame-en\/rock-exotica-stainless-carabiner\/","title":{"rendered":"Rock Exotica Stainless Carabiner"},"content":{"rendered":"<p>Extreme lightweight stainless steel carabiner with high breaking strength, keylock and large gate opening. Rock Exotica has refined the carabiner far beyond the offerings of other manufacturers. These carabiners offer features you cannot get anywhere else: Highest inward gate\/sleeve strength to reduce risk of something levering against the sleeve and breaking it open. Best Autolocks \u2013 they use a pull-down &amp; twist sleeve which is intuitive &amp; easy to use. Once people try it they never go back. Widest gate opening \u2013 we use a slightly angled gate opening that is ergonomic &amp; opens farther. USA \u2013 All manufacturing is done at their factory in Utah<\/p>\n<p>Weight: 7.81 oz (221 g) Breaking Strength Major axis: 41 kN Minor axis: 17 kN Open gate: 13 kN Inward against sleeve: 9 kN Gate opening: 1.0\u201d (25.4 mm) Certifications: Pending CE<\/p>\n","protected":false},"excerpt":{"rendered":"<p>Extreme lightweight stainless steel carabiner with high breaking strength, keylock and large gate opening. Rock Exotica has refined the carabiner far beyond the offerings of other manufacturers. These carabiners offer features you cannot get anywhere else: Highest inward gate\/sleeve strength to reduce risk of something levering against the sleeve and breaking it open. Best Autolocks [&hellip;]<\/p>\n","protected":false},"featured_media":102031,"template":"","meta":{"_acf_changed":false},"product_cat":[59,25,65,60],"product_tag":[],"class_list":{"0":"post-81286","1":"product","2":"type-product","3":"status-publish","4":"has-post-thumbnail","6":"product_cat-a-frame-en","7":"product_cat-accessories-en","8":"product_cat-aerial-accessories-en","9":"product_cat-x-fly-en","11":"first","12":"instock","13":"taxable","14":"shipping-taxable","15":"purchasable","16":"product-type-simple"},"bundled_by":[],"bundle_stock_status":"instock","bundle_stock_quantity":121,"bundle_virtual":false,"bundle_layout":"","bundle_add_to_cart_form_location":"","bundle_editable_in_cart":false,"bundle_sold_individually_context":"","bundle_item_grouping":"","bundle_min_size":"","bundle_max_size":"","bundle_price":[],"bundled_items":[],"bundle_sell_ids":[],"acf":[],"yoast_head":"<!-- This site is optimized with the Yoast SEO Premium plugin v24.6 (Yoast SEO v24.6) - https:\/\/yoast.com\/wordpress\/plugins\/seo\/ -->\n<title>Rock Exotica Stainless Carabiner | Mexico New<\/title>\n<meta name=\"description\" content=\"Extreme lightweight stainless steel carabiner with high breaking strength, keylock and large gate opening. Rock Exotica has refined the carabiner far beyond the offerings of other manufacturers. These carabiners offer features you cannot get anywhere else: Highest inward gate\/sleeve strength to reduce risk of something levering against the sleeve and breaking it open. Best Autolocks \u2013 they use a pull-down &amp; twist sleeve which is intuitive &amp; easy to use. Once people try it they never go back. Widest gate opening \u2013 we use a slightly angled gate opening that is ergonomic &amp; opens farther. USA \u2013 All manufacturing is done at their factory in Utah\" \/>\n<meta name=\"robots\" content=\"index, follow, max-snippet:-1, max-image-preview:large, max-video-preview:-1\" \/>\n<link rel=\"canonical\" href=\"https:\/\/www.xpolemexico.com\/en\/tienda\/aerial-en\/a-frame-en\/rock-exotica-stainless-carabiner\/\" \/>\n<meta property=\"og:locale\" content=\"en_US\" \/>\n<meta property=\"og:type\" content=\"article\" \/>\n<meta property=\"og:title\" content=\"Rock Exotica Stainless Carabiner\" \/>\n<meta property=\"og:description\" content=\"Extreme lightweight stainless steel carabiner with high breaking strength, keylock and large gate opening. Rock Exotica has refined the carabiner far beyond the offerings of other manufacturers. These carabiners offer features you cannot get anywhere else: Highest inward gate\/sleeve strength to reduce risk of something levering against the sleeve and breaking it open. Best Autolocks \u2013 they use a pull-down &amp; twist sleeve which is intuitive &amp; easy to use. Once people try it they never go back. Widest gate opening \u2013 we use a slightly angled gate opening that is ergonomic &amp; opens farther. USA \u2013 All manufacturing is done at their factory in Utah\" \/>\n<meta property=\"og:url\" content=\"https:\/\/www.xpolemexico.com\/en\/tienda\/aerial-en\/a-frame-en\/rock-exotica-stainless-carabiner\/\" \/>\n<meta property=\"og:site_name\" content=\"Mexico New\" \/>\n<meta property=\"article:modified_time\" content=\"2026-03-21T02:30:28+00:00\" \/>\n<meta property=\"og:image\" content=\"https:\/\/www.xpolemexico.com\/wp-content\/uploads\/sites\/8\/2023\/05\/RockExoticaMosquetonAceroInox_XPole.jpg\" \/>\n\t<meta property=\"og:image:width\" content=\"1080\" \/>\n\t<meta property=\"og:image:height\" content=\"1080\" \/>\n\t<meta property=\"og:image:type\" content=\"image\/jpeg\" \/>\n<meta name=\"twitter:card\" content=\"summary_large_image\" \/>\n<meta name=\"twitter:label1\" content=\"Price\" \/>\n\t<meta name=\"twitter:data1\" content=\"&#036;44.00 (765.33 MXN)\" \/>\n\t<meta name=\"twitter:label2\" content=\"Availability\" \/>\n\t<meta name=\"twitter:data2\" content=\"In stock\" \/>\n<script type=\"application\/ld+json\" class=\"yoast-schema-graph\">{\"@context\":\"https:\/\/schema.org\",\"@graph\":[{\"@type\":\"WebPage\",\"@id\":\"https:\/\/www.xpolemexico.com\/en\/tienda\/aerial-en\/a-frame-en\/rock-exotica-stainless-carabiner\/\",\"url\":\"https:\/\/www.xpolemexico.com\/en\/tienda\/aerial-en\/a-frame-en\/rock-exotica-stainless-carabiner\/\",\"name\":\"Rock Exotica Stainless Carabiner | Mexico New\",\"isPartOf\":{\"@id\":\"https:\/\/www.xpolemexico.com\/en\/#website\"},\"primaryImageOfPage\":{\"@id\":\"https:\/\/www.xpolemexico.com\/en\/tienda\/aerial-en\/a-frame-en\/rock-exotica-stainless-carabiner\/#primaryimage\"},\"image\":{\"@id\":\"https:\/\/www.xpolemexico.com\/en\/tienda\/aerial-en\/a-frame-en\/rock-exotica-stainless-carabiner\/#primaryimage\"},\"thumbnailUrl\":\"https:\/\/www.xpolemexico.com\/wp-content\/uploads\/sites\/8\/2023\/05\/RockExoticaMosquetonAceroInox_XPole.jpg\",\"datePublished\":\"2023-05-02T19:37:54+00:00\",\"dateModified\":\"2026-03-21T02:30:28+00:00\",\"description\":\"Extreme lightweight stainless steel carabiner with high breaking strength, keylock and large gate opening. Rock Exotica has refined the carabiner far beyond the offerings of other manufacturers. These carabiners offer features you cannot get anywhere else: Highest inward gate\/sleeve strength to reduce risk of something levering against the sleeve and breaking it open. Best Autolocks \u2013 they use a pull-down & twist sleeve which is intuitive & easy to use. Once people try it they never go back. Widest gate opening \u2013 we use a slightly angled gate opening that is ergonomic & opens farther. USA \u2013 All manufacturing is done at their factory in Utah\",\"breadcrumb\":{\"@id\":\"https:\/\/www.xpolemexico.com\/en\/tienda\/aerial-en\/a-frame-en\/rock-exotica-stainless-carabiner\/#breadcrumb\"},\"inLanguage\":\"en-US\",\"potentialAction\":[{\"@type\":\"ReadAction\",\"target\":[\"https:\/\/www.xpolemexico.com\/en\/tienda\/aerial-en\/a-frame-en\/rock-exotica-stainless-carabiner\/\"]}]},{\"@type\":\"ImageObject\",\"inLanguage\":\"en-US\",\"@id\":\"https:\/\/www.xpolemexico.com\/en\/tienda\/aerial-en\/a-frame-en\/rock-exotica-stainless-carabiner\/#primaryimage\",\"url\":\"https:\/\/www.xpolemexico.com\/wp-content\/uploads\/sites\/8\/2023\/05\/RockExoticaMosquetonAceroInox_XPole.jpg\",\"contentUrl\":\"https:\/\/www.xpolemexico.com\/wp-content\/uploads\/sites\/8\/2023\/05\/RockExoticaMosquetonAceroInox_XPole.jpg\",\"width\":1080,\"height\":1080,\"caption\":\"Rock Exotica Mosquet\u00f3n de Acero Inoxidable - X-Pole\"},{\"@type\":\"BreadcrumbList\",\"@id\":\"https:\/\/www.xpolemexico.com\/en\/tienda\/aerial-en\/a-frame-en\/rock-exotica-stainless-carabiner\/#breadcrumb\",\"itemListElement\":[{\"@type\":\"ListItem\",\"position\":1,\"name\":\"Home\",\"item\":\"https:\/\/www.xpolemexico.com\/en\/\"},{\"@type\":\"ListItem\",\"position\":2,\"name\":\"Shop\",\"item\":\"https:\/\/www.xpolemexico.com\/en\/shop-all\/\"},{\"@type\":\"ListItem\",\"position\":3,\"name\":\"Rock Exotica Stainless Carabiner\"}]},{\"@type\":\"WebSite\",\"@id\":\"https:\/\/www.xpolemexico.com\/en\/#website\",\"url\":\"https:\/\/www.xpolemexico.com\/en\/\",\"name\":\"X-Pole M\u00e9xico\",\"description\":\"L\u00edderes en Fitness de Pole y A\u00e9reo\",\"potentialAction\":[{\"@type\":\"SearchAction\",\"target\":{\"@type\":\"EntryPoint\",\"urlTemplate\":\"https:\/\/www.xpolemexico.com\/en\/?s={search_term_string}\"},\"query-input\":{\"@type\":\"PropertyValueSpecification\",\"valueRequired\":true,\"valueName\":\"search_term_string\"}}],\"inLanguage\":\"en-US\"}]}<\/script>\n<meta property=\"product:price:amount\" content=\"44.00\" \/>\n<meta property=\"product:price:currency\" content=\"USD\" \/>\n<meta property=\"og:availability\" content=\"instock\" \/>\n<meta property=\"product:availability\" content=\"instock\" \/>\n<meta property=\"product:retailer_item_id\" content=\"RE-C2SA\" \/>\n<meta property=\"product:condition\" content=\"new\" \/>\n<!-- \/ Yoast SEO Premium plugin. -->","yoast_head_json":{"title":"Rock Exotica Stainless Carabiner | Mexico New","description":"Extreme lightweight stainless steel carabiner with high breaking strength, keylock and large gate opening. Rock Exotica has refined the carabiner far beyond the offerings of other manufacturers. These carabiners offer features you cannot get anywhere else: Highest inward gate\/sleeve strength to reduce risk of something levering against the sleeve and breaking it open. Best Autolocks \u2013 they use a pull-down & twist sleeve which is intuitive & easy to use. Once people try it they never go back. Widest gate opening \u2013 we use a slightly angled gate opening that is ergonomic & opens farther. USA \u2013 All manufacturing is done at their factory in Utah","robots":{"index":"index","follow":"follow","max-snippet":"max-snippet:-1","max-image-preview":"max-image-preview:large","max-video-preview":"max-video-preview:-1"},"canonical":"https:\/\/www.xpolemexico.com\/en\/tienda\/aerial-en\/a-frame-en\/rock-exotica-stainless-carabiner\/","og_locale":"en_US","og_type":"article","og_title":"Rock Exotica Stainless Carabiner","og_description":"Extreme lightweight stainless steel carabiner with high breaking strength, keylock and large gate opening. Rock Exotica has refined the carabiner far beyond the offerings of other manufacturers. These carabiners offer features you cannot get anywhere else: Highest inward gate\/sleeve strength to reduce risk of something levering against the sleeve and breaking it open. Best Autolocks \u2013 they use a pull-down & twist sleeve which is intuitive & easy to use. Once people try it they never go back. Widest gate opening \u2013 we use a slightly angled gate opening that is ergonomic & opens farther. USA \u2013 All manufacturing is done at their factory in Utah","og_url":"https:\/\/www.xpolemexico.com\/en\/tienda\/aerial-en\/a-frame-en\/rock-exotica-stainless-carabiner\/","og_site_name":"Mexico New","article_modified_time":"2026-03-21T02:30:28+00:00","og_image":[{"width":1080,"height":1080,"url":"https:\/\/www.xpolemexico.com\/wp-content\/uploads\/sites\/8\/2023\/05\/RockExoticaMosquetonAceroInox_XPole.jpg","type":"image\/jpeg"}],"twitter_card":"summary_large_image","twitter_misc":{"Price":"&#36;44.00 (765.33 MXN)","Availability":"In stock"},"schema":{"@context":"https:\/\/schema.org","@graph":[{"@type":"WebPage","@id":"https:\/\/www.xpolemexico.com\/en\/tienda\/aerial-en\/a-frame-en\/rock-exotica-stainless-carabiner\/","url":"https:\/\/www.xpolemexico.com\/en\/tienda\/aerial-en\/a-frame-en\/rock-exotica-stainless-carabiner\/","name":"Rock Exotica Stainless Carabiner | Mexico New","isPartOf":{"@id":"https:\/\/www.xpolemexico.com\/en\/#website"},"primaryImageOfPage":{"@id":"https:\/\/www.xpolemexico.com\/en\/tienda\/aerial-en\/a-frame-en\/rock-exotica-stainless-carabiner\/#primaryimage"},"image":{"@id":"https:\/\/www.xpolemexico.com\/en\/tienda\/aerial-en\/a-frame-en\/rock-exotica-stainless-carabiner\/#primaryimage"},"thumbnailUrl":"https:\/\/www.xpolemexico.com\/wp-content\/uploads\/sites\/8\/2023\/05\/RockExoticaMosquetonAceroInox_XPole.jpg","datePublished":"2023-05-02T19:37:54+00:00","dateModified":"2026-03-21T02:30:28+00:00","description":"Extreme lightweight stainless steel carabiner with high breaking strength, keylock and large gate opening. Rock Exotica has refined the carabiner far beyond the offerings of other manufacturers. These carabiners offer features you cannot get anywhere else: Highest inward gate\/sleeve strength to reduce risk of something levering against the sleeve and breaking it open. Best Autolocks \u2013 they use a pull-down & twist sleeve which is intuitive & easy to use. Once people try it they never go back. Widest gate opening \u2013 we use a slightly angled gate opening that is ergonomic & opens farther. USA \u2013 All manufacturing is done at their factory in Utah","breadcrumb":{"@id":"https:\/\/www.xpolemexico.com\/en\/tienda\/aerial-en\/a-frame-en\/rock-exotica-stainless-carabiner\/#breadcrumb"},"inLanguage":"en-US","potentialAction":[{"@type":"ReadAction","target":["https:\/\/www.xpolemexico.com\/en\/tienda\/aerial-en\/a-frame-en\/rock-exotica-stainless-carabiner\/"]}]},{"@type":"ImageObject","inLanguage":"en-US","@id":"https:\/\/www.xpolemexico.com\/en\/tienda\/aerial-en\/a-frame-en\/rock-exotica-stainless-carabiner\/#primaryimage","url":"https:\/\/www.xpolemexico.com\/wp-content\/uploads\/sites\/8\/2023\/05\/RockExoticaMosquetonAceroInox_XPole.jpg","contentUrl":"https:\/\/www.xpolemexico.com\/wp-content\/uploads\/sites\/8\/2023\/05\/RockExoticaMosquetonAceroInox_XPole.jpg","width":1080,"height":1080,"caption":"Rock Exotica Mosquet\u00f3n de Acero Inoxidable - X-Pole"},{"@type":"BreadcrumbList","@id":"https:\/\/www.xpolemexico.com\/en\/tienda\/aerial-en\/a-frame-en\/rock-exotica-stainless-carabiner\/#breadcrumb","itemListElement":[{"@type":"ListItem","position":1,"name":"Home","item":"https:\/\/www.xpolemexico.com\/en\/"},{"@type":"ListItem","position":2,"name":"Shop","item":"https:\/\/www.xpolemexico.com\/en\/shop-all\/"},{"@type":"ListItem","position":3,"name":"Rock Exotica Stainless Carabiner"}]},{"@type":"WebSite","@id":"https:\/\/www.xpolemexico.com\/en\/#website","url":"https:\/\/www.xpolemexico.com\/en\/","name":"X-Pole M\u00e9xico","description":"L\u00edderes en Fitness de Pole y A\u00e9reo","potentialAction":[{"@type":"SearchAction","target":{"@type":"EntryPoint","urlTemplate":"https:\/\/www.xpolemexico.com\/en\/?s={search_term_string}"},"query-input":{"@type":"PropertyValueSpecification","valueRequired":true,"valueName":"search_term_string"}}],"inLanguage":"en-US"}]},"product_price_amount":"44.00","product_price_currency":"USD","og_availability":"instock","product_availability":"instock","product_retailer_item_id":"RE-C2SA","product_condition":"new"},"_links":{"self":[{"href":"https:\/\/www.xpolemexico.com\/en\/wp-json\/wp\/v2\/product\/81286","targetHints":{"allow":["GET"]}}],"collection":[{"href":"https:\/\/www.xpolemexico.com\/en\/wp-json\/wp\/v2\/product"}],"about":[{"href":"https:\/\/www.xpolemexico.com\/en\/wp-json\/wp\/v2\/types\/product"}],"wp:featuredmedia":[{"embeddable":true,"href":"https:\/\/www.xpolemexico.com\/en\/wp-json\/wp\/v2\/media\/102031"}],"wp:attachment":[{"href":"https:\/\/www.xpolemexico.com\/en\/wp-json\/wp\/v2\/media?parent=81286"}],"wp:term":[{"taxonomy":"product_cat","embeddable":true,"href":"https:\/\/www.xpolemexico.com\/en\/wp-json\/wp\/v2\/product_cat?post=81286"},{"taxonomy":"product_tag","embeddable":true,"href":"https:\/\/www.xpolemexico.com\/en\/wp-json\/wp\/v2\/product_tag?post=81286"}],"curies":[{"name":"wp","href":"https:\/\/api.w.org\/{rel}","templated":true}]}}