{"id":81242,"date":"2023-05-01T16:20:51","date_gmt":"2023-05-01T22:20:51","guid":{"rendered":"https:\/\/www.xpolemexico.com\/?post_type=product&#038;p=81242"},"modified":"2026-01-13T05:37:34","modified_gmt":"2026-01-13T11:37:34","slug":"rock-exotica-carabiner","status":"publish","type":"product","link":"https:\/\/www.xpolemexico.com\/en\/tienda\/aerial-en\/a-frame-en\/rock-exotica-carabiner\/","title":{"rendered":"Rock Exotica Carabiner"},"content":{"rendered":"<p>Super-strong D. Slightly angled gate for ergonomics and a wider gate opening. Rock Exotica has refined the carabiner far beyond the offerings of other manufacturers. This carabiner offer features you cannot get anywhere else. Highest inward gate\/sleeve strength to reduce risk of something levering against the sleeve and breaking it open. Widest variety of lockers \u2013 check out the Manual Lock. Best Autolocks \u2013 they use a pull-down &amp; twist sleeve which is intuitive &amp; easy to use. Once people try it they never go back. Widest gate opening \u2013 they use a slightly angled gate opening that is ergonomic &amp; opens farther. Weight: 2.85 oz (80 g) Gate opening: .96\u201d (24 mm) Certifications: CE, UIAA<\/p>\n","protected":false},"excerpt":{"rendered":"<p>Super-strong D. Slightly angled gate for ergonomics and a wider gate opening. Rock Exotica has refined the carabiner far beyond the offerings of other manufacturers. This carabiner offer features you cannot get anywhere else. Highest inward gate\/sleeve strength to reduce risk of something levering against the sleeve and breaking it open. Widest variety of lockers [&hellip;]<\/p>\n","protected":false},"featured_media":102024,"template":"","meta":{"_acf_changed":false},"product_cat":[59,65,29,64,63,60],"product_tag":[],"class_list":{"0":"post-81242","1":"product","2":"type-product","3":"status-publish","4":"has-post-thumbnail","6":"product_cat-a-frame-en","7":"product_cat-aerial-accessories-en","8":"product_cat-aerial-en","9":"product_cat-hammocks-en","10":"product_cat-silks-en","11":"product_cat-x-fly-en","13":"first","14":"instock","15":"taxable","16":"shipping-taxable","17":"purchasable","18":"product-type-simple"},"bundled_by":[],"bundle_stock_status":"instock","bundle_stock_quantity":28,"bundle_virtual":false,"bundle_layout":"","bundle_add_to_cart_form_location":"","bundle_editable_in_cart":false,"bundle_sold_individually_context":"","bundle_item_grouping":"","bundle_min_size":"","bundle_max_size":"","bundle_price":[],"bundled_items":[],"bundle_sell_ids":[],"acf":[],"yoast_head":"<!-- This site is optimized with the Yoast SEO Premium plugin v24.6 (Yoast SEO v24.6) - https:\/\/yoast.com\/wordpress\/plugins\/seo\/ -->\n<title>Rock Exotica Carabiner | Mexico New<\/title>\n<meta name=\"description\" content=\"Super-strong D. Slightly angled gate for ergonomics and a wider gate opening. Rock Exotica has refined the carabiner far beyond the offerings of other manufacturers. This carabiner offer features you cannot get anywhere else. Highest inward gate\/sleeve strength to reduce risk of something levering against the sleeve and breaking it open. Widest variety of lockers \u2013 check out the Manual Lock. Best Autolocks \u2013 they use a pull-down &amp; twist sleeve which is intuitive &amp; easy to use. Once people try it they never go back. Widest gate opening \u2013 they use a slightly angled gate opening that is ergonomic &amp; opens farther. Weight: 2.85 oz (80 g) Gate opening: .96\u201d (24 mm) Certifications: CE, UIAA\" \/>\n<meta name=\"robots\" content=\"index, follow, max-snippet:-1, max-image-preview:large, max-video-preview:-1\" \/>\n<link rel=\"canonical\" href=\"https:\/\/www.xpolemexico.com\/en\/tienda\/aerial-en\/a-frame-en\/rock-exotica-carabiner\/\" \/>\n<meta property=\"og:locale\" content=\"en_US\" \/>\n<meta property=\"og:type\" content=\"article\" \/>\n<meta property=\"og:title\" content=\"Rock Exotica Carabiner\" \/>\n<meta property=\"og:description\" content=\"Super-strong D. Slightly angled gate for ergonomics and a wider gate opening. Rock Exotica has refined the carabiner far beyond the offerings of other manufacturers. This carabiner offer features you cannot get anywhere else. Highest inward gate\/sleeve strength to reduce risk of something levering against the sleeve and breaking it open. Widest variety of lockers \u2013 check out the Manual Lock. Best Autolocks \u2013 they use a pull-down &amp; twist sleeve which is intuitive &amp; easy to use. Once people try it they never go back. Widest gate opening \u2013 they use a slightly angled gate opening that is ergonomic &amp; opens farther. Weight: 2.85 oz (80 g) Gate opening: .96\u201d (24 mm) Certifications: CE, UIAA\" \/>\n<meta property=\"og:url\" content=\"https:\/\/www.xpolemexico.com\/en\/tienda\/aerial-en\/a-frame-en\/rock-exotica-carabiner\/\" \/>\n<meta property=\"og:site_name\" content=\"Mexico New\" \/>\n<meta property=\"article:modified_time\" content=\"2026-01-13T11:37:34+00:00\" \/>\n<meta property=\"og:image\" content=\"https:\/\/www.xpolemexico.com\/wp-content\/uploads\/sites\/8\/2023\/05\/MosquetonRockExotica_XPole.jpg\" \/>\n\t<meta property=\"og:image:width\" content=\"780\" \/>\n\t<meta property=\"og:image:height\" content=\"780\" \/>\n\t<meta property=\"og:image:type\" content=\"image\/jpeg\" \/>\n<meta name=\"twitter:card\" content=\"summary_large_image\" \/>\n<meta name=\"twitter:label1\" content=\"Price\" \/>\n\t<meta name=\"twitter:data1\" content=\"&#036;26.00 (455.61 MXN)\" \/>\n\t<meta name=\"twitter:label2\" content=\"Availability\" \/>\n\t<meta name=\"twitter:data2\" content=\"In stock\" \/>\n<script type=\"application\/ld+json\" class=\"yoast-schema-graph\">{\"@context\":\"https:\/\/schema.org\",\"@graph\":[{\"@type\":\"WebPage\",\"@id\":\"https:\/\/www.xpolemexico.com\/en\/tienda\/aerial-en\/a-frame-en\/rock-exotica-carabiner\/\",\"url\":\"https:\/\/www.xpolemexico.com\/en\/tienda\/aerial-en\/a-frame-en\/rock-exotica-carabiner\/\",\"name\":\"Rock Exotica Carabiner | Mexico New\",\"isPartOf\":{\"@id\":\"https:\/\/www.xpolemexico.com\/en\/#website\"},\"primaryImageOfPage\":{\"@id\":\"https:\/\/www.xpolemexico.com\/en\/tienda\/aerial-en\/a-frame-en\/rock-exotica-carabiner\/#primaryimage\"},\"image\":{\"@id\":\"https:\/\/www.xpolemexico.com\/en\/tienda\/aerial-en\/a-frame-en\/rock-exotica-carabiner\/#primaryimage\"},\"thumbnailUrl\":\"https:\/\/www.xpolemexico.com\/wp-content\/uploads\/sites\/8\/2023\/05\/MosquetonRockExotica_XPole.jpg\",\"datePublished\":\"2023-05-01T22:20:51+00:00\",\"dateModified\":\"2026-01-13T11:37:34+00:00\",\"description\":\"Super-strong D. Slightly angled gate for ergonomics and a wider gate opening. Rock Exotica has refined the carabiner far beyond the offerings of other manufacturers. This carabiner offer features you cannot get anywhere else. Highest inward gate\/sleeve strength to reduce risk of something levering against the sleeve and breaking it open. Widest variety of lockers \u2013 check out the Manual Lock. Best Autolocks \u2013 they use a pull-down & twist sleeve which is intuitive & easy to use. Once people try it they never go back. Widest gate opening \u2013 they use a slightly angled gate opening that is ergonomic & opens farther. Weight: 2.85 oz (80 g) Gate opening: .96\u201d (24 mm) Certifications: CE, UIAA\",\"breadcrumb\":{\"@id\":\"https:\/\/www.xpolemexico.com\/en\/tienda\/aerial-en\/a-frame-en\/rock-exotica-carabiner\/#breadcrumb\"},\"inLanguage\":\"en-US\",\"potentialAction\":[{\"@type\":\"ReadAction\",\"target\":[\"https:\/\/www.xpolemexico.com\/en\/tienda\/aerial-en\/a-frame-en\/rock-exotica-carabiner\/\"]}]},{\"@type\":\"ImageObject\",\"inLanguage\":\"en-US\",\"@id\":\"https:\/\/www.xpolemexico.com\/en\/tienda\/aerial-en\/a-frame-en\/rock-exotica-carabiner\/#primaryimage\",\"url\":\"https:\/\/www.xpolemexico.com\/wp-content\/uploads\/sites\/8\/2023\/05\/MosquetonRockExotica_XPole.jpg\",\"contentUrl\":\"https:\/\/www.xpolemexico.com\/wp-content\/uploads\/sites\/8\/2023\/05\/MosquetonRockExotica_XPole.jpg\",\"width\":780,\"height\":780,\"caption\":\"Mosquet\u00f3n Rock Ex\u00f3tica - X-Pole\"},{\"@type\":\"BreadcrumbList\",\"@id\":\"https:\/\/www.xpolemexico.com\/en\/tienda\/aerial-en\/a-frame-en\/rock-exotica-carabiner\/#breadcrumb\",\"itemListElement\":[{\"@type\":\"ListItem\",\"position\":1,\"name\":\"Home\",\"item\":\"https:\/\/www.xpolemexico.com\/en\/\"},{\"@type\":\"ListItem\",\"position\":2,\"name\":\"Shop\",\"item\":\"https:\/\/www.xpolemexico.com\/en\/shop-all\/\"},{\"@type\":\"ListItem\",\"position\":3,\"name\":\"Rock Exotica Carabiner\"}]},{\"@type\":\"WebSite\",\"@id\":\"https:\/\/www.xpolemexico.com\/en\/#website\",\"url\":\"https:\/\/www.xpolemexico.com\/en\/\",\"name\":\"X-Pole M\u00e9xico\",\"description\":\"L\u00edderes en Fitness de Pole y A\u00e9reo\",\"potentialAction\":[{\"@type\":\"SearchAction\",\"target\":{\"@type\":\"EntryPoint\",\"urlTemplate\":\"https:\/\/www.xpolemexico.com\/en\/?s={search_term_string}\"},\"query-input\":{\"@type\":\"PropertyValueSpecification\",\"valueRequired\":true,\"valueName\":\"search_term_string\"}}],\"inLanguage\":\"en-US\"}]}<\/script>\n<meta property=\"product:price:amount\" content=\"26.00\" \/>\n<meta property=\"product:price:currency\" content=\"USD\" \/>\n<meta property=\"og:availability\" content=\"instock\" \/>\n<meta property=\"product:availability\" content=\"instock\" \/>\n<meta property=\"product:retailer_item_id\" content=\"RE-C2A-B\" \/>\n<meta property=\"product:condition\" content=\"new\" \/>\n<!-- \/ Yoast SEO Premium plugin. -->","yoast_head_json":{"title":"Rock Exotica Carabiner | Mexico New","description":"Super-strong D. Slightly angled gate for ergonomics and a wider gate opening. Rock Exotica has refined the carabiner far beyond the offerings of other manufacturers. This carabiner offer features you cannot get anywhere else. Highest inward gate\/sleeve strength to reduce risk of something levering against the sleeve and breaking it open. Widest variety of lockers \u2013 check out the Manual Lock. Best Autolocks \u2013 they use a pull-down & twist sleeve which is intuitive & easy to use. Once people try it they never go back. Widest gate opening \u2013 they use a slightly angled gate opening that is ergonomic & opens farther. Weight: 2.85 oz (80 g) Gate opening: .96\u201d (24 mm) Certifications: CE, UIAA","robots":{"index":"index","follow":"follow","max-snippet":"max-snippet:-1","max-image-preview":"max-image-preview:large","max-video-preview":"max-video-preview:-1"},"canonical":"https:\/\/www.xpolemexico.com\/en\/tienda\/aerial-en\/a-frame-en\/rock-exotica-carabiner\/","og_locale":"en_US","og_type":"article","og_title":"Rock Exotica Carabiner","og_description":"Super-strong D. Slightly angled gate for ergonomics and a wider gate opening. Rock Exotica has refined the carabiner far beyond the offerings of other manufacturers. This carabiner offer features you cannot get anywhere else. Highest inward gate\/sleeve strength to reduce risk of something levering against the sleeve and breaking it open. Widest variety of lockers \u2013 check out the Manual Lock. Best Autolocks \u2013 they use a pull-down & twist sleeve which is intuitive & easy to use. Once people try it they never go back. Widest gate opening \u2013 they use a slightly angled gate opening that is ergonomic & opens farther. Weight: 2.85 oz (80 g) Gate opening: .96\u201d (24 mm) Certifications: CE, UIAA","og_url":"https:\/\/www.xpolemexico.com\/en\/tienda\/aerial-en\/a-frame-en\/rock-exotica-carabiner\/","og_site_name":"Mexico New","article_modified_time":"2026-01-13T11:37:34+00:00","og_image":[{"width":780,"height":780,"url":"https:\/\/www.xpolemexico.com\/wp-content\/uploads\/sites\/8\/2023\/05\/MosquetonRockExotica_XPole.jpg","type":"image\/jpeg"}],"twitter_card":"summary_large_image","twitter_misc":{"Price":"&#36;26.00 (455.61 MXN)","Availability":"In stock"},"schema":{"@context":"https:\/\/schema.org","@graph":[{"@type":"WebPage","@id":"https:\/\/www.xpolemexico.com\/en\/tienda\/aerial-en\/a-frame-en\/rock-exotica-carabiner\/","url":"https:\/\/www.xpolemexico.com\/en\/tienda\/aerial-en\/a-frame-en\/rock-exotica-carabiner\/","name":"Rock Exotica Carabiner | Mexico New","isPartOf":{"@id":"https:\/\/www.xpolemexico.com\/en\/#website"},"primaryImageOfPage":{"@id":"https:\/\/www.xpolemexico.com\/en\/tienda\/aerial-en\/a-frame-en\/rock-exotica-carabiner\/#primaryimage"},"image":{"@id":"https:\/\/www.xpolemexico.com\/en\/tienda\/aerial-en\/a-frame-en\/rock-exotica-carabiner\/#primaryimage"},"thumbnailUrl":"https:\/\/www.xpolemexico.com\/wp-content\/uploads\/sites\/8\/2023\/05\/MosquetonRockExotica_XPole.jpg","datePublished":"2023-05-01T22:20:51+00:00","dateModified":"2026-01-13T11:37:34+00:00","description":"Super-strong D. Slightly angled gate for ergonomics and a wider gate opening. Rock Exotica has refined the carabiner far beyond the offerings of other manufacturers. This carabiner offer features you cannot get anywhere else. Highest inward gate\/sleeve strength to reduce risk of something levering against the sleeve and breaking it open. Widest variety of lockers \u2013 check out the Manual Lock. Best Autolocks \u2013 they use a pull-down & twist sleeve which is intuitive & easy to use. Once people try it they never go back. Widest gate opening \u2013 they use a slightly angled gate opening that is ergonomic & opens farther. Weight: 2.85 oz (80 g) Gate opening: .96\u201d (24 mm) Certifications: CE, UIAA","breadcrumb":{"@id":"https:\/\/www.xpolemexico.com\/en\/tienda\/aerial-en\/a-frame-en\/rock-exotica-carabiner\/#breadcrumb"},"inLanguage":"en-US","potentialAction":[{"@type":"ReadAction","target":["https:\/\/www.xpolemexico.com\/en\/tienda\/aerial-en\/a-frame-en\/rock-exotica-carabiner\/"]}]},{"@type":"ImageObject","inLanguage":"en-US","@id":"https:\/\/www.xpolemexico.com\/en\/tienda\/aerial-en\/a-frame-en\/rock-exotica-carabiner\/#primaryimage","url":"https:\/\/www.xpolemexico.com\/wp-content\/uploads\/sites\/8\/2023\/05\/MosquetonRockExotica_XPole.jpg","contentUrl":"https:\/\/www.xpolemexico.com\/wp-content\/uploads\/sites\/8\/2023\/05\/MosquetonRockExotica_XPole.jpg","width":780,"height":780,"caption":"Mosquet\u00f3n Rock Ex\u00f3tica - X-Pole"},{"@type":"BreadcrumbList","@id":"https:\/\/www.xpolemexico.com\/en\/tienda\/aerial-en\/a-frame-en\/rock-exotica-carabiner\/#breadcrumb","itemListElement":[{"@type":"ListItem","position":1,"name":"Home","item":"https:\/\/www.xpolemexico.com\/en\/"},{"@type":"ListItem","position":2,"name":"Shop","item":"https:\/\/www.xpolemexico.com\/en\/shop-all\/"},{"@type":"ListItem","position":3,"name":"Rock Exotica Carabiner"}]},{"@type":"WebSite","@id":"https:\/\/www.xpolemexico.com\/en\/#website","url":"https:\/\/www.xpolemexico.com\/en\/","name":"X-Pole M\u00e9xico","description":"L\u00edderes en Fitness de Pole y A\u00e9reo","potentialAction":[{"@type":"SearchAction","target":{"@type":"EntryPoint","urlTemplate":"https:\/\/www.xpolemexico.com\/en\/?s={search_term_string}"},"query-input":{"@type":"PropertyValueSpecification","valueRequired":true,"valueName":"search_term_string"}}],"inLanguage":"en-US"}]},"product_price_amount":"26.00","product_price_currency":"USD","og_availability":"instock","product_availability":"instock","product_retailer_item_id":"RE-C2A-B","product_condition":"new"},"_links":{"self":[{"href":"https:\/\/www.xpolemexico.com\/en\/wp-json\/wp\/v2\/product\/81242","targetHints":{"allow":["GET"]}}],"collection":[{"href":"https:\/\/www.xpolemexico.com\/en\/wp-json\/wp\/v2\/product"}],"about":[{"href":"https:\/\/www.xpolemexico.com\/en\/wp-json\/wp\/v2\/types\/product"}],"wp:featuredmedia":[{"embeddable":true,"href":"https:\/\/www.xpolemexico.com\/en\/wp-json\/wp\/v2\/media\/102024"}],"wp:attachment":[{"href":"https:\/\/www.xpolemexico.com\/en\/wp-json\/wp\/v2\/media?parent=81242"}],"wp:term":[{"taxonomy":"product_cat","embeddable":true,"href":"https:\/\/www.xpolemexico.com\/en\/wp-json\/wp\/v2\/product_cat?post=81242"},{"taxonomy":"product_tag","embeddable":true,"href":"https:\/\/www.xpolemexico.com\/en\/wp-json\/wp\/v2\/product_tag?post=81242"}],"curies":[{"name":"wp","href":"https:\/\/api.w.org\/{rel}","templated":true}]}}