{"id":81006,"date":"2023-04-26T15:18:45","date_gmt":"2023-04-26T21:18:45","guid":{"rendered":"https:\/\/www.xpolemexico.com\/?post_type=product&#038;p=81006"},"modified":"2026-03-30T11:35:50","modified_gmt":"2026-03-30T17:35:50","slug":"newbaums-cotton-cloth-tape-30ft-roll","status":"publish","type":"product","link":"https:\/\/www.xpolemexico.com\/en\/tienda\/accessories-en\/newbaums-cotton-cloth-tape-30ft-roll\/","title":{"rendered":"Newbaum&#8217;s Cotton Cloth Tape 30ft Roll"},"content":{"rendered":"<p>Highly durable woven cotton cloth multi-use tape. Though Newbaum&#8217;s originally designed this tape for wrapping bicycle handlebars, aerial artists discovered this product worked well as grip tape on their equipment as well. So now we are making a 30-ft roll to make it more convenient to wrap aerial hoops \/ lyras.<\/p>\n<p>&#8211; Made in the USA<\/p>\n<p>&#8211; Uses eco-friendly dyes for a lower impact on the environment.<\/p>\n<p>&#8211; Twill cotton weave is longer lasting and thicker than traditional athletic tape.<\/p>\n<p>&#8211; Adhesive back for easy wrapping<\/p>\n<p>&#8211; In 4 colors &#8211; black\/purple\/hot pink\/gray<\/p>\n<p>&#8211; 30 ft x 3\/4&#8243; roll<\/p>\n<p>FOR AERIAL HOOPS: 3-4 rolls will usually handle a 37&#8243; lyra hoop depending on how much overlap you prefer.<\/p>\n","protected":false},"excerpt":{"rendered":"<p>Highly durable woven cotton cloth multi-use tape. Though Newbaum&#8217;s originally designed this tape for wrapping bicycle handlebars, aerial artists discovered this product worked well as grip tape on their equipment as well. So now we are making a 30-ft roll to make it more convenient to wrap aerial hoops \/ lyras. &#8211; Made in the [&hellip;]<\/p>\n","protected":false},"featured_media":101937,"template":"","meta":{"_acf_changed":false},"product_cat":[25,65,29,75],"product_tag":[],"class_list":{"0":"post-81006","1":"product","2":"type-product","3":"status-publish","4":"has-post-thumbnail","6":"product_cat-accessories-en","7":"product_cat-aerial-accessories-en","8":"product_cat-aerial-en","9":"product_cat-lyrapole-en","10":"product_shipping_class-shipping-class-25-en","12":"first","13":"instock","14":"taxable","15":"shipping-taxable","16":"purchasable","17":"product-type-variable"},"bundled_by":[],"bundle_stock_status":"instock","bundle_stock_quantity":null,"bundle_virtual":false,"bundle_layout":"","bundle_add_to_cart_form_location":"","bundle_editable_in_cart":false,"bundle_sold_individually_context":"","bundle_item_grouping":"","bundle_min_size":"","bundle_max_size":"","bundle_price":[],"bundled_items":[],"bundle_sell_ids":[],"acf":[],"yoast_head":"<!-- This site is optimized with the Yoast SEO Premium plugin v24.6 (Yoast SEO v24.6) - https:\/\/yoast.com\/wordpress\/plugins\/seo\/ -->\n<title>Newbaum&#039;s Cotton Cloth Tape 30ft Roll | Mexico New<\/title>\n<meta name=\"description\" content=\"Highly durable woven cotton cloth multi-use tape. Though Newbaum&#039;s originally designed this tape for wrapping bicycle handlebars, aerial artists discovered this product worked well as grip tape on their equipment as well. So now we are making a 30-ft roll to make it more convenient to wrap aerial hoops \/ lyras.\" \/>\n<meta name=\"robots\" content=\"index, follow, max-snippet:-1, max-image-preview:large, max-video-preview:-1\" \/>\n<link rel=\"canonical\" href=\"https:\/\/www.xpolemexico.com\/en\/tienda\/accessories-en\/newbaums-cotton-cloth-tape-30ft-roll\/\" \/>\n<meta property=\"og:locale\" content=\"en_US\" \/>\n<meta property=\"og:type\" content=\"article\" \/>\n<meta property=\"og:title\" content=\"Newbaum&#039;s Cotton Cloth Tape 30ft Roll\" \/>\n<meta property=\"og:description\" content=\"Highly durable woven cotton cloth multi-use tape. Though Newbaum&#039;s originally designed this tape for wrapping bicycle handlebars, aerial artists discovered this product worked well as grip tape on their equipment as well. So now we are making a 30-ft roll to make it more convenient to wrap aerial hoops \/ lyras.\" \/>\n<meta property=\"og:url\" content=\"https:\/\/www.xpolemexico.com\/en\/tienda\/accessories-en\/newbaums-cotton-cloth-tape-30ft-roll\/\" \/>\n<meta property=\"og:site_name\" content=\"Mexico New\" \/>\n<meta property=\"article:modified_time\" content=\"2026-03-30T17:35:50+00:00\" \/>\n<meta property=\"og:image\" content=\"https:\/\/www.xpolemexico.com\/wp-content\/uploads\/sites\/8\/2023\/04\/263111-Newbaums-Cotton-Cloth-Tape-30ft-Roll-Black.jpeg\" \/>\n\t<meta property=\"og:image:width\" content=\"1024\" \/>\n\t<meta property=\"og:image:height\" content=\"1024\" \/>\n\t<meta property=\"og:image:type\" content=\"image\/jpeg\" \/>\n<meta name=\"twitter:card\" content=\"summary_large_image\" \/>\n<meta name=\"twitter:label1\" content=\"Availability\" \/>\n\t<meta name=\"twitter:data1\" content=\"In stock\" \/>\n<script type=\"application\/ld+json\" class=\"yoast-schema-graph\">{\"@context\":\"https:\/\/schema.org\",\"@graph\":[{\"@type\":\"WebPage\",\"@id\":\"https:\/\/www.xpolemexico.com\/en\/tienda\/accessories-en\/newbaums-cotton-cloth-tape-30ft-roll\/\",\"url\":\"https:\/\/www.xpolemexico.com\/en\/tienda\/accessories-en\/newbaums-cotton-cloth-tape-30ft-roll\/\",\"name\":\"Newbaum's Cotton Cloth Tape 30ft Roll | Mexico New\",\"isPartOf\":{\"@id\":\"https:\/\/www.xpolemexico.com\/en\/#website\"},\"primaryImageOfPage\":{\"@id\":\"https:\/\/www.xpolemexico.com\/en\/tienda\/accessories-en\/newbaums-cotton-cloth-tape-30ft-roll\/#primaryimage\"},\"image\":{\"@id\":\"https:\/\/www.xpolemexico.com\/en\/tienda\/accessories-en\/newbaums-cotton-cloth-tape-30ft-roll\/#primaryimage\"},\"thumbnailUrl\":\"https:\/\/www.xpolemexico.com\/wp-content\/uploads\/sites\/8\/2023\/04\/cinta-tela-algodon-negra.jpg\",\"datePublished\":\"2023-04-26T21:18:45+00:00\",\"dateModified\":\"2026-03-30T17:35:50+00:00\",\"description\":\"Highly durable woven cotton cloth multi-use tape. Though Newbaum's originally designed this tape for wrapping bicycle handlebars, aerial artists discovered this product worked well as grip tape on their equipment as well. So now we are making a 30-ft roll to make it more convenient to wrap aerial hoops \/ lyras.\",\"breadcrumb\":{\"@id\":\"https:\/\/www.xpolemexico.com\/en\/tienda\/accessories-en\/newbaums-cotton-cloth-tape-30ft-roll\/#breadcrumb\"},\"inLanguage\":\"en-US\",\"potentialAction\":[{\"@type\":\"ReadAction\",\"target\":[\"https:\/\/www.xpolemexico.com\/en\/tienda\/accessories-en\/newbaums-cotton-cloth-tape-30ft-roll\/\"]}]},{\"@type\":\"ImageObject\",\"inLanguage\":\"en-US\",\"@id\":\"https:\/\/www.xpolemexico.com\/en\/tienda\/accessories-en\/newbaums-cotton-cloth-tape-30ft-roll\/#primaryimage\",\"url\":\"https:\/\/www.xpolemexico.com\/wp-content\/uploads\/sites\/8\/2023\/04\/cinta-tela-algodon-negra.jpg\",\"contentUrl\":\"https:\/\/www.xpolemexico.com\/wp-content\/uploads\/sites\/8\/2023\/04\/cinta-tela-algodon-negra.jpg\",\"width\":1024,\"height\":1024,\"caption\":\"Rollo de Cinta de Algod\u00f3n Newbaum - Negra\"},{\"@type\":\"BreadcrumbList\",\"@id\":\"https:\/\/www.xpolemexico.com\/en\/tienda\/accessories-en\/newbaums-cotton-cloth-tape-30ft-roll\/#breadcrumb\",\"itemListElement\":[{\"@type\":\"ListItem\",\"position\":1,\"name\":\"Home\",\"item\":\"https:\/\/www.xpolemexico.com\/en\/\"},{\"@type\":\"ListItem\",\"position\":2,\"name\":\"Shop\",\"item\":\"https:\/\/www.xpolemexico.com\/en\/shop-all\/\"},{\"@type\":\"ListItem\",\"position\":3,\"name\":\"Newbaum&#8217;s Cotton Cloth Tape 30ft Roll\"}]},{\"@type\":\"WebSite\",\"@id\":\"https:\/\/www.xpolemexico.com\/en\/#website\",\"url\":\"https:\/\/www.xpolemexico.com\/en\/\",\"name\":\"X-Pole M\u00e9xico\",\"description\":\"L\u00edderes en Fitness de Pole y A\u00e9reo\",\"potentialAction\":[{\"@type\":\"SearchAction\",\"target\":{\"@type\":\"EntryPoint\",\"urlTemplate\":\"https:\/\/www.xpolemexico.com\/en\/?s={search_term_string}\"},\"query-input\":{\"@type\":\"PropertyValueSpecification\",\"valueRequired\":true,\"valueName\":\"search_term_string\"}}],\"inLanguage\":\"en-US\"}]}<\/script>\n<meta property=\"og:availability\" content=\"instock\" \/>\n<meta property=\"product:availability\" content=\"instock\" \/>\n<meta property=\"product:condition\" content=\"new\" \/>\n<!-- \/ Yoast SEO Premium plugin. -->","yoast_head_json":{"title":"Newbaum's Cotton Cloth Tape 30ft Roll | Mexico New","description":"Highly durable woven cotton cloth multi-use tape. Though Newbaum's originally designed this tape for wrapping bicycle handlebars, aerial artists discovered this product worked well as grip tape on their equipment as well. So now we are making a 30-ft roll to make it more convenient to wrap aerial hoops \/ lyras.","robots":{"index":"index","follow":"follow","max-snippet":"max-snippet:-1","max-image-preview":"max-image-preview:large","max-video-preview":"max-video-preview:-1"},"canonical":"https:\/\/www.xpolemexico.com\/en\/tienda\/accessories-en\/newbaums-cotton-cloth-tape-30ft-roll\/","og_locale":"en_US","og_type":"article","og_title":"Newbaum's Cotton Cloth Tape 30ft Roll","og_description":"Highly durable woven cotton cloth multi-use tape. Though Newbaum's originally designed this tape for wrapping bicycle handlebars, aerial artists discovered this product worked well as grip tape on their equipment as well. So now we are making a 30-ft roll to make it more convenient to wrap aerial hoops \/ lyras.","og_url":"https:\/\/www.xpolemexico.com\/en\/tienda\/accessories-en\/newbaums-cotton-cloth-tape-30ft-roll\/","og_site_name":"Mexico New","article_modified_time":"2026-03-30T17:35:50+00:00","og_image":[{"width":1024,"height":1024,"url":"https:\/\/www.xpolemexico.com\/wp-content\/uploads\/sites\/8\/2023\/04\/263111-Newbaums-Cotton-Cloth-Tape-30ft-Roll-Black.jpeg","type":"image\/jpeg"}],"twitter_card":"summary_large_image","twitter_misc":{"Availability":"In stock"},"schema":{"@context":"https:\/\/schema.org","@graph":[{"@type":"WebPage","@id":"https:\/\/www.xpolemexico.com\/en\/tienda\/accessories-en\/newbaums-cotton-cloth-tape-30ft-roll\/","url":"https:\/\/www.xpolemexico.com\/en\/tienda\/accessories-en\/newbaums-cotton-cloth-tape-30ft-roll\/","name":"Newbaum's Cotton Cloth Tape 30ft Roll | Mexico New","isPartOf":{"@id":"https:\/\/www.xpolemexico.com\/en\/#website"},"primaryImageOfPage":{"@id":"https:\/\/www.xpolemexico.com\/en\/tienda\/accessories-en\/newbaums-cotton-cloth-tape-30ft-roll\/#primaryimage"},"image":{"@id":"https:\/\/www.xpolemexico.com\/en\/tienda\/accessories-en\/newbaums-cotton-cloth-tape-30ft-roll\/#primaryimage"},"thumbnailUrl":"https:\/\/www.xpolemexico.com\/wp-content\/uploads\/sites\/8\/2023\/04\/cinta-tela-algodon-negra.jpg","datePublished":"2023-04-26T21:18:45+00:00","dateModified":"2026-03-30T17:35:50+00:00","description":"Highly durable woven cotton cloth multi-use tape. Though Newbaum's originally designed this tape for wrapping bicycle handlebars, aerial artists discovered this product worked well as grip tape on their equipment as well. So now we are making a 30-ft roll to make it more convenient to wrap aerial hoops \/ lyras.","breadcrumb":{"@id":"https:\/\/www.xpolemexico.com\/en\/tienda\/accessories-en\/newbaums-cotton-cloth-tape-30ft-roll\/#breadcrumb"},"inLanguage":"en-US","potentialAction":[{"@type":"ReadAction","target":["https:\/\/www.xpolemexico.com\/en\/tienda\/accessories-en\/newbaums-cotton-cloth-tape-30ft-roll\/"]}]},{"@type":"ImageObject","inLanguage":"en-US","@id":"https:\/\/www.xpolemexico.com\/en\/tienda\/accessories-en\/newbaums-cotton-cloth-tape-30ft-roll\/#primaryimage","url":"https:\/\/www.xpolemexico.com\/wp-content\/uploads\/sites\/8\/2023\/04\/cinta-tela-algodon-negra.jpg","contentUrl":"https:\/\/www.xpolemexico.com\/wp-content\/uploads\/sites\/8\/2023\/04\/cinta-tela-algodon-negra.jpg","width":1024,"height":1024,"caption":"Rollo de Cinta de Algod\u00f3n Newbaum - Negra"},{"@type":"BreadcrumbList","@id":"https:\/\/www.xpolemexico.com\/en\/tienda\/accessories-en\/newbaums-cotton-cloth-tape-30ft-roll\/#breadcrumb","itemListElement":[{"@type":"ListItem","position":1,"name":"Home","item":"https:\/\/www.xpolemexico.com\/en\/"},{"@type":"ListItem","position":2,"name":"Shop","item":"https:\/\/www.xpolemexico.com\/en\/shop-all\/"},{"@type":"ListItem","position":3,"name":"Newbaum&#8217;s Cotton Cloth Tape 30ft Roll"}]},{"@type":"WebSite","@id":"https:\/\/www.xpolemexico.com\/en\/#website","url":"https:\/\/www.xpolemexico.com\/en\/","name":"X-Pole M\u00e9xico","description":"L\u00edderes en Fitness de Pole y A\u00e9reo","potentialAction":[{"@type":"SearchAction","target":{"@type":"EntryPoint","urlTemplate":"https:\/\/www.xpolemexico.com\/en\/?s={search_term_string}"},"query-input":{"@type":"PropertyValueSpecification","valueRequired":true,"valueName":"search_term_string"}}],"inLanguage":"en-US"}]},"og_availability":"instock","product_availability":"instock","product_condition":"new"},"_links":{"self":[{"href":"https:\/\/www.xpolemexico.com\/en\/wp-json\/wp\/v2\/product\/81006","targetHints":{"allow":["GET"]}}],"collection":[{"href":"https:\/\/www.xpolemexico.com\/en\/wp-json\/wp\/v2\/product"}],"about":[{"href":"https:\/\/www.xpolemexico.com\/en\/wp-json\/wp\/v2\/types\/product"}],"wp:featuredmedia":[{"embeddable":true,"href":"https:\/\/www.xpolemexico.com\/en\/wp-json\/wp\/v2\/media\/101937"}],"wp:attachment":[{"href":"https:\/\/www.xpolemexico.com\/en\/wp-json\/wp\/v2\/media?parent=81006"}],"wp:term":[{"taxonomy":"product_cat","embeddable":true,"href":"https:\/\/www.xpolemexico.com\/en\/wp-json\/wp\/v2\/product_cat?post=81006"},{"taxonomy":"product_tag","embeddable":true,"href":"https:\/\/www.xpolemexico.com\/en\/wp-json\/wp\/v2\/product_tag?post=81006"}],"curies":[{"name":"wp","href":"https:\/\/api.w.org\/{rel}","templated":true}]}}