{"id":5662,"date":"2018-12-14T16:56:10","date_gmt":"2018-12-15T00:56:10","guid":{"rendered":"https:\/\/www.xpolemexico.com\/?post_type=product&#038;p=5662"},"modified":"2024-03-28T09:05:05","modified_gmt":"2024-03-28T16:05:05","slug":"jamilla-deville-presents-tease-daring-dance-routines","status":"publish","type":"product","link":"https:\/\/www.xpolemexico.com\/en\/tienda\/accessorios\/dvds\/jamilla-deville-presents-tease-daring-dance-routines\/","title":{"rendered":"Tease Daring Dance Routines"},"content":{"rendered":"<p>Exotic dance is a fantastic way of toning your body and discovering your own self-expression and confidence, all while moving your booty to a fun routine.<\/p>\n<p>Featured on this DVD are four classic sexy dance routines as well as a dancer&#8217;s warm up and cool down presented by the internationally renowned showgirl, Jamilla Deville. In an easy to follow format, Jamilla leads you step-by-step through each 8-count section so you can progress at your own pace.<\/p>\n<p>If you&#8217;ve ever wanted to learn floor moves, lap dancing, chair dancing, or a showgirl routines with one of the world&#8217;s best, now is the time! No dance experience is necessary, just a spring in your step and a cheeky glint in your eye!<\/p>\n<ul>\n<li>Increase your flexibility<\/li>\n<li>Increase your overall core strength<\/li>\n<li>Discover a softer, more sensual way of moving<\/li>\n<li>Practice transitions between moves to create a graceful dance<\/li>\n<li>Discover your own confidence<\/li>\n<\/ul>\n<p>&nbsp;<\/p>\n","protected":false},"excerpt":{"rendered":"<p>Exotic dance is a fantastic way of toning your body and discovering your own self-expression and confidence, all while moving your booty to a fun routine.<\/p>\n","protected":false},"featured_media":8197,"template":"","meta":{"_acf_changed":false},"product_cat":[613,666],"product_tag":[667,668,669,670,671,672],"class_list":{"0":"post-5662","1":"product","2":"type-product","3":"status-publish","4":"has-post-thumbnail","6":"product_cat-accessorios","7":"product_cat-dvds","8":"product_tag-dance-routines-es","9":"product_tag-deville-es","10":"product_tag-dvds-es","11":"product_tag-jamilla-es","12":"product_tag-self-expression-es","13":"product_tag-tease-es","15":"first","16":"instock","17":"taxable","18":"shipping-taxable","19":"purchasable","20":"product-type-simple"},"bundled_by":[],"bundle_stock_status":"instock","bundle_stock_quantity":487,"bundle_virtual":false,"bundle_layout":"","bundle_add_to_cart_form_location":"","bundle_editable_in_cart":false,"bundle_sold_individually_context":"","bundle_item_grouping":"","bundle_min_size":"","bundle_max_size":"","bundle_price":[],"bundled_items":[],"bundle_sell_ids":[],"acf":[],"yoast_head":"<!-- This site is optimized with the Yoast SEO Premium plugin v24.6 (Yoast SEO v24.6) - https:\/\/yoast.com\/wordpress\/plugins\/seo\/ -->\n<title>Tease Daring Dance Routines | Mexico New<\/title>\n<meta name=\"robots\" content=\"index, follow, max-snippet:-1, max-image-preview:large, max-video-preview:-1\" \/>\n<link rel=\"canonical\" href=\"https:\/\/www.xpolemexico.com\/en\/tienda\/accessorios\/dvds\/jamilla-deville-presents-tease-daring-dance-routines\/\" \/>\n<meta property=\"og:locale\" content=\"en_US\" \/>\n<meta property=\"og:type\" content=\"article\" \/>\n<meta property=\"og:title\" content=\"Tease Daring Dance Routines\" \/>\n<meta property=\"og:description\" content=\"Exotic dance is a fantastic way of toning your body and discovering your own self-expression and confidence, all while moving your booty to a fun routine.\" \/>\n<meta property=\"og:url\" content=\"https:\/\/www.xpolemexico.com\/en\/tienda\/accessorios\/dvds\/jamilla-deville-presents-tease-daring-dance-routines\/\" \/>\n<meta property=\"og:site_name\" content=\"Mexico New\" \/>\n<meta property=\"article:modified_time\" content=\"2024-03-28T16:05:05+00:00\" \/>\n<meta property=\"og:image\" content=\"https:\/\/www.xpolemexico.com\/wp-content\/uploads\/sites\/8\/2018\/12\/Jamilla_DVD-720x720.jpg\" \/>\n\t<meta property=\"og:image:width\" content=\"720\" \/>\n\t<meta property=\"og:image:height\" content=\"720\" \/>\n\t<meta property=\"og:image:type\" content=\"image\/jpeg\" \/>\n<meta name=\"twitter:card\" content=\"summary_large_image\" \/>\n<meta name=\"twitter:label1\" content=\"Price\" \/>\n\t<meta name=\"twitter:data1\" content=\"&#036;29.99 (518.99 MXN)\" \/>\n\t<meta name=\"twitter:label2\" content=\"Availability\" \/>\n\t<meta name=\"twitter:data2\" content=\"In stock\" \/>\n<script type=\"application\/ld+json\" class=\"yoast-schema-graph\">{\"@context\":\"https:\/\/schema.org\",\"@graph\":[{\"@type\":\"WebPage\",\"@id\":\"https:\/\/www.xpolemexico.com\/en\/tienda\/accessorios\/dvds\/jamilla-deville-presents-tease-daring-dance-routines\/\",\"url\":\"https:\/\/www.xpolemexico.com\/en\/tienda\/accessorios\/dvds\/jamilla-deville-presents-tease-daring-dance-routines\/\",\"name\":\"Tease Daring Dance Routines | Mexico New\",\"isPartOf\":{\"@id\":\"https:\/\/www.xpolemexico.com\/en\/#website\"},\"primaryImageOfPage\":{\"@id\":\"https:\/\/www.xpolemexico.com\/en\/tienda\/accessorios\/dvds\/jamilla-deville-presents-tease-daring-dance-routines\/#primaryimage\"},\"image\":{\"@id\":\"https:\/\/www.xpolemexico.com\/en\/tienda\/accessorios\/dvds\/jamilla-deville-presents-tease-daring-dance-routines\/#primaryimage\"},\"thumbnailUrl\":\"https:\/\/www.xpolemexico.com\/wp-content\/uploads\/sites\/8\/2018\/12\/Jamilla_DVD.jpg\",\"datePublished\":\"2018-12-15T00:56:10+00:00\",\"dateModified\":\"2024-03-28T16:05:05+00:00\",\"breadcrumb\":{\"@id\":\"https:\/\/www.xpolemexico.com\/en\/tienda\/accessorios\/dvds\/jamilla-deville-presents-tease-daring-dance-routines\/#breadcrumb\"},\"inLanguage\":\"en-US\",\"potentialAction\":[{\"@type\":\"ReadAction\",\"target\":[\"https:\/\/www.xpolemexico.com\/en\/tienda\/accessorios\/dvds\/jamilla-deville-presents-tease-daring-dance-routines\/\"]}]},{\"@type\":\"ImageObject\",\"inLanguage\":\"en-US\",\"@id\":\"https:\/\/www.xpolemexico.com\/en\/tienda\/accessorios\/dvds\/jamilla-deville-presents-tease-daring-dance-routines\/#primaryimage\",\"url\":\"https:\/\/www.xpolemexico.com\/wp-content\/uploads\/sites\/8\/2018\/12\/Jamilla_DVD.jpg\",\"contentUrl\":\"https:\/\/www.xpolemexico.com\/wp-content\/uploads\/sites\/8\/2018\/12\/Jamilla_DVD.jpg\",\"width\":4000,\"height\":4000},{\"@type\":\"BreadcrumbList\",\"@id\":\"https:\/\/www.xpolemexico.com\/en\/tienda\/accessorios\/dvds\/jamilla-deville-presents-tease-daring-dance-routines\/#breadcrumb\",\"itemListElement\":[{\"@type\":\"ListItem\",\"position\":1,\"name\":\"Home\",\"item\":\"https:\/\/www.xpolemexico.com\/en\/\"},{\"@type\":\"ListItem\",\"position\":2,\"name\":\"Shop\",\"item\":\"https:\/\/www.xpolemexico.com\/en\/shop-all\/\"},{\"@type\":\"ListItem\",\"position\":3,\"name\":\"Tease Daring Dance Routines\"}]},{\"@type\":\"WebSite\",\"@id\":\"https:\/\/www.xpolemexico.com\/en\/#website\",\"url\":\"https:\/\/www.xpolemexico.com\/en\/\",\"name\":\"X-Pole M\u00e9xico\",\"description\":\"L\u00edderes en Fitness de Pole y A\u00e9reo\",\"potentialAction\":[{\"@type\":\"SearchAction\",\"target\":{\"@type\":\"EntryPoint\",\"urlTemplate\":\"https:\/\/www.xpolemexico.com\/en\/?s={search_term_string}\"},\"query-input\":{\"@type\":\"PropertyValueSpecification\",\"valueRequired\":true,\"valueName\":\"search_term_string\"}}],\"inLanguage\":\"en-US\"}]}<\/script>\n<meta property=\"product:price:amount\" content=\"29.99\" \/>\n<meta property=\"product:price:currency\" content=\"USD\" \/>\n<meta property=\"og:availability\" content=\"instock\" \/>\n<meta property=\"product:availability\" content=\"instock\" \/>\n<meta property=\"product:condition\" content=\"new\" \/>\n<!-- \/ Yoast SEO Premium plugin. -->","yoast_head_json":{"title":"Tease Daring Dance Routines | Mexico New","robots":{"index":"index","follow":"follow","max-snippet":"max-snippet:-1","max-image-preview":"max-image-preview:large","max-video-preview":"max-video-preview:-1"},"canonical":"https:\/\/www.xpolemexico.com\/en\/tienda\/accessorios\/dvds\/jamilla-deville-presents-tease-daring-dance-routines\/","og_locale":"en_US","og_type":"article","og_title":"Tease Daring Dance Routines","og_description":"Exotic dance is a fantastic way of toning your body and discovering your own self-expression and confidence, all while moving your booty to a fun routine.","og_url":"https:\/\/www.xpolemexico.com\/en\/tienda\/accessorios\/dvds\/jamilla-deville-presents-tease-daring-dance-routines\/","og_site_name":"Mexico New","article_modified_time":"2024-03-28T16:05:05+00:00","og_image":[{"width":720,"height":720,"url":"https:\/\/www.xpolemexico.com\/wp-content\/uploads\/sites\/8\/2018\/12\/Jamilla_DVD-720x720.jpg","type":"image\/jpeg"}],"twitter_card":"summary_large_image","twitter_misc":{"Price":"&#36;29.99 (518.99 MXN)","Availability":"In stock"},"schema":{"@context":"https:\/\/schema.org","@graph":[{"@type":"WebPage","@id":"https:\/\/www.xpolemexico.com\/en\/tienda\/accessorios\/dvds\/jamilla-deville-presents-tease-daring-dance-routines\/","url":"https:\/\/www.xpolemexico.com\/en\/tienda\/accessorios\/dvds\/jamilla-deville-presents-tease-daring-dance-routines\/","name":"Tease Daring Dance Routines | Mexico New","isPartOf":{"@id":"https:\/\/www.xpolemexico.com\/en\/#website"},"primaryImageOfPage":{"@id":"https:\/\/www.xpolemexico.com\/en\/tienda\/accessorios\/dvds\/jamilla-deville-presents-tease-daring-dance-routines\/#primaryimage"},"image":{"@id":"https:\/\/www.xpolemexico.com\/en\/tienda\/accessorios\/dvds\/jamilla-deville-presents-tease-daring-dance-routines\/#primaryimage"},"thumbnailUrl":"https:\/\/www.xpolemexico.com\/wp-content\/uploads\/sites\/8\/2018\/12\/Jamilla_DVD.jpg","datePublished":"2018-12-15T00:56:10+00:00","dateModified":"2024-03-28T16:05:05+00:00","breadcrumb":{"@id":"https:\/\/www.xpolemexico.com\/en\/tienda\/accessorios\/dvds\/jamilla-deville-presents-tease-daring-dance-routines\/#breadcrumb"},"inLanguage":"en-US","potentialAction":[{"@type":"ReadAction","target":["https:\/\/www.xpolemexico.com\/en\/tienda\/accessorios\/dvds\/jamilla-deville-presents-tease-daring-dance-routines\/"]}]},{"@type":"ImageObject","inLanguage":"en-US","@id":"https:\/\/www.xpolemexico.com\/en\/tienda\/accessorios\/dvds\/jamilla-deville-presents-tease-daring-dance-routines\/#primaryimage","url":"https:\/\/www.xpolemexico.com\/wp-content\/uploads\/sites\/8\/2018\/12\/Jamilla_DVD.jpg","contentUrl":"https:\/\/www.xpolemexico.com\/wp-content\/uploads\/sites\/8\/2018\/12\/Jamilla_DVD.jpg","width":4000,"height":4000},{"@type":"BreadcrumbList","@id":"https:\/\/www.xpolemexico.com\/en\/tienda\/accessorios\/dvds\/jamilla-deville-presents-tease-daring-dance-routines\/#breadcrumb","itemListElement":[{"@type":"ListItem","position":1,"name":"Home","item":"https:\/\/www.xpolemexico.com\/en\/"},{"@type":"ListItem","position":2,"name":"Shop","item":"https:\/\/www.xpolemexico.com\/en\/shop-all\/"},{"@type":"ListItem","position":3,"name":"Tease Daring Dance Routines"}]},{"@type":"WebSite","@id":"https:\/\/www.xpolemexico.com\/en\/#website","url":"https:\/\/www.xpolemexico.com\/en\/","name":"X-Pole M\u00e9xico","description":"L\u00edderes en Fitness de Pole y A\u00e9reo","potentialAction":[{"@type":"SearchAction","target":{"@type":"EntryPoint","urlTemplate":"https:\/\/www.xpolemexico.com\/en\/?s={search_term_string}"},"query-input":{"@type":"PropertyValueSpecification","valueRequired":true,"valueName":"search_term_string"}}],"inLanguage":"en-US"}]},"product_price_amount":"29.99","product_price_currency":"USD","og_availability":"instock","product_availability":"instock","product_condition":"new"},"_links":{"self":[{"href":"https:\/\/www.xpolemexico.com\/en\/wp-json\/wp\/v2\/product\/5662","targetHints":{"allow":["GET"]}}],"collection":[{"href":"https:\/\/www.xpolemexico.com\/en\/wp-json\/wp\/v2\/product"}],"about":[{"href":"https:\/\/www.xpolemexico.com\/en\/wp-json\/wp\/v2\/types\/product"}],"wp:featuredmedia":[{"embeddable":true,"href":"https:\/\/www.xpolemexico.com\/en\/wp-json\/wp\/v2\/media\/8197"}],"wp:attachment":[{"href":"https:\/\/www.xpolemexico.com\/en\/wp-json\/wp\/v2\/media?parent=5662"}],"wp:term":[{"taxonomy":"product_cat","embeddable":true,"href":"https:\/\/www.xpolemexico.com\/en\/wp-json\/wp\/v2\/product_cat?post=5662"},{"taxonomy":"product_tag","embeddable":true,"href":"https:\/\/www.xpolemexico.com\/en\/wp-json\/wp\/v2\/product_tag?post=5662"}],"curies":[{"name":"wp","href":"https:\/\/api.w.org\/{rel}","templated":true}]}}