{"id":54044,"date":"2021-10-13T12:24:08","date_gmt":"2021-10-13T19:24:08","guid":{"rendered":"https:\/\/www.xpolemexico.com\/?post_type=product&#038;p=54044"},"modified":"2026-03-30T12:29:21","modified_gmt":"2026-03-30T18:29:21","slug":"safety-mats","status":"publish","type":"product","link":"https:\/\/www.xpolemexico.com\/en\/tienda\/accessories-en\/safety-mats\/","title":{"rendered":"Safety Mats"},"content":{"rendered":"<p>Whether it\u2019s at pole or aerial practice, use this folding mat for exercise or play, we\u2019ve made sure our mats are extremely easy to clean for a safe and sterile exercise or play surface everyone can enjoy.<\/p>\n<p>Safety mats are half memory foam and half high elastic foam.<\/p>\n<p>Four panels fold down to 32&#8243; x 32&#8243; x 7&#8243; for easy storage &#8211; the size is for each panel. Combined they will be 64&#8243; x 64&#8243; x 7&#8243;. Extra-strength handles make it easy to carry your mats wherever you need them.<\/p>\n<p>Configure your mat with full-perimeter velcro hook and loop fasteners, allowing you to securely assemble 4 mats together.<\/p>\n<p><strong>What do you get?<\/strong><\/p>\n<p>4 x Safety mats with velcro and pole opening<\/p>\n<p>Hybrid high memory foam and high elastic foam to absorb falls<\/p>\n<p>Fire retardant<\/p>\n<p>Designed for home and studio use<\/p>\n<p>Easy to Clean, Easy to Love &#8211; fully removable sleeves that can be washed and dried.<\/p>\n<p><iframe loading=\"lazy\" title=\"Best Safety Mats in the World!\" width=\"640\" height=\"360\" src=\"https:\/\/www.youtube.com\/embed\/ge8ZiVRAw2g?feature=oembed\" frameborder=\"0\" allow=\"accelerometer; autoplay; clipboard-write; encrypted-media; gyroscope; picture-in-picture; web-share\" referrerpolicy=\"strict-origin-when-cross-origin\" allowfullscreen><\/iframe><\/p>\n","protected":false},"excerpt":{"rendered":"<p>Whether you are using our safety mats for pole or aerial use, the 7&#8243; height and the hybrid innovation of elastic &amp; memory foam, ensures that every fall is absorbed by these crash mats.<\/p>\n","protected":false},"featured_media":101925,"template":"","meta":{"_acf_changed":false},"product_cat":[25,29,20,21],"product_tag":[],"class_list":{"0":"post-54044","1":"product","2":"type-product","3":"status-publish","4":"has-post-thumbnail","6":"product_cat-accessories-en","7":"product_cat-aerial-en","8":"product_cat-poles-en","9":"product_cat-stages-en","10":"product_shipping_class-shipping-class-260","12":"first","13":"instock","14":"taxable","15":"shipping-taxable","16":"purchasable","17":"product-type-simple"},"bundled_by":[],"bundle_stock_status":"instock","bundle_stock_quantity":8,"bundle_virtual":false,"bundle_layout":"","bundle_add_to_cart_form_location":"","bundle_editable_in_cart":false,"bundle_sold_individually_context":"","bundle_item_grouping":"","bundle_min_size":"","bundle_max_size":"","bundle_price":[],"bundled_items":[],"bundle_sell_ids":[],"acf":[],"yoast_head":"<!-- This site is optimized with the Yoast SEO Premium plugin v24.6 (Yoast SEO v24.6) - https:\/\/yoast.com\/wordpress\/plugins\/seo\/ -->\n<title>Safety Mats | Mexico New<\/title>\n<meta name=\"description\" content=\"Whether you are using our safety mats for pole or aerial use, the 7&quot; height and the hybrid innovation of elastic &amp; memory foam, ensures that every fall is absorbed by these crash mats.\" \/>\n<meta name=\"robots\" content=\"index, follow, max-snippet:-1, max-image-preview:large, max-video-preview:-1\" \/>\n<link rel=\"canonical\" href=\"https:\/\/www.xpolemexico.com\/en\/tienda\/accessories-en\/safety-mats\/\" \/>\n<meta property=\"og:locale\" content=\"en_US\" \/>\n<meta property=\"og:type\" content=\"article\" \/>\n<meta property=\"og:title\" content=\"Safety Mats\" \/>\n<meta property=\"og:description\" content=\"Whether you are using our safety mats for pole or aerial use, the 7&quot; height and the hybrid innovation of elastic &amp; memory foam, ensures that every fall is absorbed by these crash mats.\" \/>\n<meta property=\"og:url\" content=\"https:\/\/www.xpolemexico.com\/en\/tienda\/accessories-en\/safety-mats\/\" \/>\n<meta property=\"og:site_name\" content=\"Mexico New\" \/>\n<meta property=\"article:modified_time\" content=\"2026-03-30T18:29:21+00:00\" \/>\n<meta property=\"og:image\" content=\"https:\/\/www.xpolemexico.com\/wp-content\/uploads\/sites\/8\/2021\/10\/safety_mats_sq-5-scaled-1.jpg\" \/>\n\t<meta property=\"og:image:width\" content=\"2560\" \/>\n\t<meta property=\"og:image:height\" content=\"2560\" \/>\n\t<meta property=\"og:image:type\" content=\"image\/jpeg\" \/>\n<meta name=\"twitter:card\" content=\"summary_large_image\" \/>\n<meta name=\"twitter:label1\" content=\"Price\" \/>\n\t<meta name=\"twitter:data1\" content=\"&#036;701.99 (12210.25 MXN)\" \/>\n\t<meta name=\"twitter:label2\" content=\"Availability\" \/>\n\t<meta name=\"twitter:data2\" content=\"In stock\" \/>\n<script type=\"application\/ld+json\" class=\"yoast-schema-graph\">{\"@context\":\"https:\/\/schema.org\",\"@graph\":[{\"@type\":\"WebPage\",\"@id\":\"https:\/\/www.xpolemexico.com\/en\/tienda\/accessories-en\/safety-mats\/\",\"url\":\"https:\/\/www.xpolemexico.com\/en\/tienda\/accessories-en\/safety-mats\/\",\"name\":\"Safety Mats | Mexico New\",\"isPartOf\":{\"@id\":\"https:\/\/www.xpolemexico.com\/en\/#website\"},\"primaryImageOfPage\":{\"@id\":\"https:\/\/www.xpolemexico.com\/en\/tienda\/accessories-en\/safety-mats\/#primaryimage\"},\"image\":{\"@id\":\"https:\/\/www.xpolemexico.com\/en\/tienda\/accessories-en\/safety-mats\/#primaryimage\"},\"thumbnailUrl\":\"https:\/\/www.xpolemexico.com\/wp-content\/uploads\/sites\/8\/2021\/10\/AlfombrillaSeguridad_XPole_01.jpg\",\"datePublished\":\"2021-10-13T19:24:08+00:00\",\"dateModified\":\"2026-03-30T18:29:21+00:00\",\"description\":\"Whether you are using our safety mats for pole or aerial use, the 7\\\" height and the hybrid innovation of elastic & memory foam, ensures that every fall is absorbed by these crash mats.\",\"breadcrumb\":{\"@id\":\"https:\/\/www.xpolemexico.com\/en\/tienda\/accessories-en\/safety-mats\/#breadcrumb\"},\"inLanguage\":\"en-US\",\"potentialAction\":[{\"@type\":\"ReadAction\",\"target\":[\"https:\/\/www.xpolemexico.com\/en\/tienda\/accessories-en\/safety-mats\/\"]}]},{\"@type\":\"ImageObject\",\"inLanguage\":\"en-US\",\"@id\":\"https:\/\/www.xpolemexico.com\/en\/tienda\/accessories-en\/safety-mats\/#primaryimage\",\"url\":\"https:\/\/www.xpolemexico.com\/wp-content\/uploads\/sites\/8\/2021\/10\/AlfombrillaSeguridad_XPole_01.jpg\",\"contentUrl\":\"https:\/\/www.xpolemexico.com\/wp-content\/uploads\/sites\/8\/2021\/10\/AlfombrillaSeguridad_XPole_01.jpg\",\"width\":1080,\"height\":1080,\"caption\":\"Alfombrilla Seguridad para Pole Dance - XPole\"},{\"@type\":\"BreadcrumbList\",\"@id\":\"https:\/\/www.xpolemexico.com\/en\/tienda\/accessories-en\/safety-mats\/#breadcrumb\",\"itemListElement\":[{\"@type\":\"ListItem\",\"position\":1,\"name\":\"Home\",\"item\":\"https:\/\/www.xpolemexico.com\/en\/\"},{\"@type\":\"ListItem\",\"position\":2,\"name\":\"Shop\",\"item\":\"https:\/\/www.xpolemexico.com\/en\/shop-all\/\"},{\"@type\":\"ListItem\",\"position\":3,\"name\":\"Safety Mats\"}]},{\"@type\":\"WebSite\",\"@id\":\"https:\/\/www.xpolemexico.com\/en\/#website\",\"url\":\"https:\/\/www.xpolemexico.com\/en\/\",\"name\":\"X-Pole M\u00e9xico\",\"description\":\"L\u00edderes en Fitness de Pole y A\u00e9reo\",\"potentialAction\":[{\"@type\":\"SearchAction\",\"target\":{\"@type\":\"EntryPoint\",\"urlTemplate\":\"https:\/\/www.xpolemexico.com\/en\/?s={search_term_string}\"},\"query-input\":{\"@type\":\"PropertyValueSpecification\",\"valueRequired\":true,\"valueName\":\"search_term_string\"}}],\"inLanguage\":\"en-US\"}]}<\/script>\n<meta property=\"product:price:amount\" content=\"701.99\" \/>\n<meta property=\"product:price:currency\" content=\"USD\" \/>\n<meta property=\"og:availability\" content=\"instock\" \/>\n<meta property=\"product:availability\" content=\"instock\" \/>\n<meta property=\"product:retailer_item_id\" content=\"XMAT-SQ1600-MV\" \/>\n<meta property=\"product:condition\" content=\"new\" \/>\n<!-- \/ Yoast SEO Premium plugin. -->","yoast_head_json":{"title":"Safety Mats | Mexico New","description":"Whether you are using our safety mats for pole or aerial use, the 7\" height and the hybrid innovation of elastic & memory foam, ensures that every fall is absorbed by these crash mats.","robots":{"index":"index","follow":"follow","max-snippet":"max-snippet:-1","max-image-preview":"max-image-preview:large","max-video-preview":"max-video-preview:-1"},"canonical":"https:\/\/www.xpolemexico.com\/en\/tienda\/accessories-en\/safety-mats\/","og_locale":"en_US","og_type":"article","og_title":"Safety Mats","og_description":"Whether you are using our safety mats for pole or aerial use, the 7\" height and the hybrid innovation of elastic & memory foam, ensures that every fall is absorbed by these crash mats.","og_url":"https:\/\/www.xpolemexico.com\/en\/tienda\/accessories-en\/safety-mats\/","og_site_name":"Mexico New","article_modified_time":"2026-03-30T18:29:21+00:00","og_image":[{"width":2560,"height":2560,"url":"https:\/\/www.xpolemexico.com\/wp-content\/uploads\/sites\/8\/2021\/10\/safety_mats_sq-5-scaled-1.jpg","type":"image\/jpeg"}],"twitter_card":"summary_large_image","twitter_misc":{"Price":"&#36;701.99 (12210.25 MXN)","Availability":"In stock"},"schema":{"@context":"https:\/\/schema.org","@graph":[{"@type":"WebPage","@id":"https:\/\/www.xpolemexico.com\/en\/tienda\/accessories-en\/safety-mats\/","url":"https:\/\/www.xpolemexico.com\/en\/tienda\/accessories-en\/safety-mats\/","name":"Safety Mats | Mexico New","isPartOf":{"@id":"https:\/\/www.xpolemexico.com\/en\/#website"},"primaryImageOfPage":{"@id":"https:\/\/www.xpolemexico.com\/en\/tienda\/accessories-en\/safety-mats\/#primaryimage"},"image":{"@id":"https:\/\/www.xpolemexico.com\/en\/tienda\/accessories-en\/safety-mats\/#primaryimage"},"thumbnailUrl":"https:\/\/www.xpolemexico.com\/wp-content\/uploads\/sites\/8\/2021\/10\/AlfombrillaSeguridad_XPole_01.jpg","datePublished":"2021-10-13T19:24:08+00:00","dateModified":"2026-03-30T18:29:21+00:00","description":"Whether you are using our safety mats for pole or aerial use, the 7\" height and the hybrid innovation of elastic & memory foam, ensures that every fall is absorbed by these crash mats.","breadcrumb":{"@id":"https:\/\/www.xpolemexico.com\/en\/tienda\/accessories-en\/safety-mats\/#breadcrumb"},"inLanguage":"en-US","potentialAction":[{"@type":"ReadAction","target":["https:\/\/www.xpolemexico.com\/en\/tienda\/accessories-en\/safety-mats\/"]}]},{"@type":"ImageObject","inLanguage":"en-US","@id":"https:\/\/www.xpolemexico.com\/en\/tienda\/accessories-en\/safety-mats\/#primaryimage","url":"https:\/\/www.xpolemexico.com\/wp-content\/uploads\/sites\/8\/2021\/10\/AlfombrillaSeguridad_XPole_01.jpg","contentUrl":"https:\/\/www.xpolemexico.com\/wp-content\/uploads\/sites\/8\/2021\/10\/AlfombrillaSeguridad_XPole_01.jpg","width":1080,"height":1080,"caption":"Alfombrilla Seguridad para Pole Dance - XPole"},{"@type":"BreadcrumbList","@id":"https:\/\/www.xpolemexico.com\/en\/tienda\/accessories-en\/safety-mats\/#breadcrumb","itemListElement":[{"@type":"ListItem","position":1,"name":"Home","item":"https:\/\/www.xpolemexico.com\/en\/"},{"@type":"ListItem","position":2,"name":"Shop","item":"https:\/\/www.xpolemexico.com\/en\/shop-all\/"},{"@type":"ListItem","position":3,"name":"Safety Mats"}]},{"@type":"WebSite","@id":"https:\/\/www.xpolemexico.com\/en\/#website","url":"https:\/\/www.xpolemexico.com\/en\/","name":"X-Pole M\u00e9xico","description":"L\u00edderes en Fitness de Pole y A\u00e9reo","potentialAction":[{"@type":"SearchAction","target":{"@type":"EntryPoint","urlTemplate":"https:\/\/www.xpolemexico.com\/en\/?s={search_term_string}"},"query-input":{"@type":"PropertyValueSpecification","valueRequired":true,"valueName":"search_term_string"}}],"inLanguage":"en-US"}]},"product_price_amount":"701.99","product_price_currency":"USD","og_availability":"instock","product_availability":"instock","product_retailer_item_id":"XMAT-SQ1600-MV","product_condition":"new"},"_links":{"self":[{"href":"https:\/\/www.xpolemexico.com\/en\/wp-json\/wp\/v2\/product\/54044","targetHints":{"allow":["GET"]}}],"collection":[{"href":"https:\/\/www.xpolemexico.com\/en\/wp-json\/wp\/v2\/product"}],"about":[{"href":"https:\/\/www.xpolemexico.com\/en\/wp-json\/wp\/v2\/types\/product"}],"wp:featuredmedia":[{"embeddable":true,"href":"https:\/\/www.xpolemexico.com\/en\/wp-json\/wp\/v2\/media\/101925"}],"wp:attachment":[{"href":"https:\/\/www.xpolemexico.com\/en\/wp-json\/wp\/v2\/media?parent=54044"}],"wp:term":[{"taxonomy":"product_cat","embeddable":true,"href":"https:\/\/www.xpolemexico.com\/en\/wp-json\/wp\/v2\/product_cat?post=54044"},{"taxonomy":"product_tag","embeddable":true,"href":"https:\/\/www.xpolemexico.com\/en\/wp-json\/wp\/v2\/product_tag?post=54044"}],"curies":[{"name":"wp","href":"https:\/\/api.w.org\/{rel}","templated":true}]}}