{"id":4041,"date":"2018-02-09T13:19:54","date_gmt":"2018-02-09T19:19:54","guid":{"rendered":"https:\/\/www.xpolemexico.com\/?post_type=product&#038;p=4041"},"modified":"2026-04-03T10:20:20","modified_gmt":"2026-04-03T16:20:20","slug":"lyrapole","status":"publish","type":"product","link":"https:\/\/www.xpolemexico.com\/en\/tienda\/stages-en\/lyrapole-en\/lyrapole\/","title":{"rendered":"LyraPole"},"content":{"rendered":"<p>Designed to satisfy both the poler and aerialist alike, the &#8216;Lollipop&#8217; LyraPole combines both disciplines to produce a new type of artistry.<\/p>\n<p>The LyraPole is available in 950mm hoop diameter and the hoop tube diameter is 34mm (just like our SPORT hoops) or 24mm (just like our PRO hoops). The LyraPole is made from high-grade steel and finished with a black powder coat.<\/p>\n<p>The LyraPole is fully compatible with X-Stage poles 45mm Chrome, Stainless Steel or Powder coated products and is a great way to add a new dimension to your X-STAGE. The LyraPole will not work with Silicone or Brass poles.<\/p>\n<p>The LyraPole is not compatible with the XST(2009-2010) or NST02(2010-2013) version of the X-STAGE; please check what generation X-STAGE you have before purchasing the LyraPole.<\/p>\n<p>You will need an X-STAGE to attach this product &#8211; the X-STAGE\/X-STAGE Lite is not included and must be purchase separately. Purchase your <a href=\"https:\/\/www.xpolemexico.com\/shop-all\/?cat=21\">X-STAGE\/X-STAGE Lite<\/a> here.<\/p>\n<p>In order to install the LyraPole you would need a minimum height of 9&#8242; 6&#8243; &#8211; please measure your ceiling height accurately before you make a purchase.<\/p>\n<p>You can check out the <a href=\"https:\/\/www.xpolemexico.com\/wp-content\/uploads\/sites\/8\/2018\/09\/Lyra-Pole-manuel-Final-Version-1.0.pdf\">Lyrapole Instruction Manual<\/a>.<\/p>\n<p>Check out our <a href=\"https:\/\/www.xpolemexico.com\/support\/\">support page<\/a> for help identifying which X-STAGE you have.<\/p>\n","protected":false},"excerpt":{"rendered":"<p>Now you can combine hoop and pole in one routine; the Pole world has come full circle with the X-POLE LyraPole!<\/p>\n","protected":false},"featured_media":101934,"template":"","meta":{"_acf_changed":false},"product_cat":[75],"product_tag":[149],"class_list":{"0":"post-4041","1":"product","2":"type-product","3":"status-publish","4":"has-post-thumbnail","6":"product_cat-lyrapole-en","7":"product_tag-lyrapole","9":"first","10":"instock","11":"taxable","12":"shipping-taxable","13":"purchasable","14":"product-type-variable"},"bundled_by":[],"bundle_stock_status":"instock","bundle_stock_quantity":100,"bundle_virtual":false,"bundle_layout":"","bundle_add_to_cart_form_location":"","bundle_editable_in_cart":false,"bundle_sold_individually_context":"","bundle_item_grouping":"","bundle_min_size":"","bundle_max_size":"","bundle_price":[],"bundled_items":[],"bundle_sell_ids":[],"acf":[],"yoast_head":"<!-- This site is optimized with the Yoast SEO Premium plugin v24.6 (Yoast SEO v24.6) - https:\/\/yoast.com\/wordpress\/plugins\/seo\/ -->\n<title>LyraPole | Mexico New<\/title>\n<meta name=\"robots\" content=\"index, follow, max-snippet:-1, max-image-preview:large, max-video-preview:-1\" \/>\n<link rel=\"canonical\" href=\"https:\/\/www.xpolemexico.com\/en\/tienda\/stages-en\/lyrapole-en\/lyrapole\/\" \/>\n<meta property=\"og:locale\" content=\"en_US\" \/>\n<meta property=\"og:type\" content=\"article\" \/>\n<meta property=\"og:title\" content=\"LyraPole\" \/>\n<meta property=\"og:description\" content=\"Now you can combine hoop and pole in one routine; the Pole world has come full circle with the X-POLE LyraPole!\" \/>\n<meta property=\"og:url\" content=\"https:\/\/www.xpolemexico.com\/en\/tienda\/stages-en\/lyrapole-en\/lyrapole\/\" \/>\n<meta property=\"og:site_name\" content=\"Mexico New\" \/>\n<meta property=\"article:modified_time\" content=\"2026-04-03T16:20:20+00:00\" \/>\n<meta property=\"og:image\" content=\"https:\/\/www.xpolemexico.com\/wp-content\/uploads\/sites\/8\/2018\/02\/LyraPole-Model-1080x1080.jpg\" \/>\n\t<meta property=\"og:image:width\" content=\"1080\" \/>\n\t<meta property=\"og:image:height\" content=\"1080\" \/>\n\t<meta property=\"og:image:type\" content=\"image\/jpeg\" \/>\n<meta name=\"twitter:card\" content=\"summary_large_image\" \/>\n<meta name=\"twitter:label1\" content=\"Availability\" \/>\n\t<meta name=\"twitter:data1\" content=\"In stock\" \/>\n<script type=\"application\/ld+json\" class=\"yoast-schema-graph\">{\"@context\":\"https:\/\/schema.org\",\"@graph\":[{\"@type\":\"WebPage\",\"@id\":\"https:\/\/www.xpolemexico.com\/en\/tienda\/stages-en\/lyrapole-en\/lyrapole\/\",\"url\":\"https:\/\/www.xpolemexico.com\/en\/tienda\/stages-en\/lyrapole-en\/lyrapole\/\",\"name\":\"LyraPole | Mexico New\",\"isPartOf\":{\"@id\":\"https:\/\/www.xpolemexico.com\/en\/#website\"},\"primaryImageOfPage\":{\"@id\":\"https:\/\/www.xpolemexico.com\/en\/tienda\/stages-en\/lyrapole-en\/lyrapole\/#primaryimage\"},\"image\":{\"@id\":\"https:\/\/www.xpolemexico.com\/en\/tienda\/stages-en\/lyrapole-en\/lyrapole\/#primaryimage\"},\"thumbnailUrl\":\"https:\/\/www.xpolemexico.com\/wp-content\/uploads\/sites\/8\/2018\/02\/AroLyraPole_XPole_01.jpg\",\"datePublished\":\"2018-02-09T19:19:54+00:00\",\"dateModified\":\"2026-04-03T16:20:20+00:00\",\"breadcrumb\":{\"@id\":\"https:\/\/www.xpolemexico.com\/en\/tienda\/stages-en\/lyrapole-en\/lyrapole\/#breadcrumb\"},\"inLanguage\":\"en-US\",\"potentialAction\":[{\"@type\":\"ReadAction\",\"target\":[\"https:\/\/www.xpolemexico.com\/en\/tienda\/stages-en\/lyrapole-en\/lyrapole\/\"]}]},{\"@type\":\"ImageObject\",\"inLanguage\":\"en-US\",\"@id\":\"https:\/\/www.xpolemexico.com\/en\/tienda\/stages-en\/lyrapole-en\/lyrapole\/#primaryimage\",\"url\":\"https:\/\/www.xpolemexico.com\/wp-content\/uploads\/sites\/8\/2018\/02\/AroLyraPole_XPole_01.jpg\",\"contentUrl\":\"https:\/\/www.xpolemexico.com\/wp-content\/uploads\/sites\/8\/2018\/02\/AroLyraPole_XPole_01.jpg\",\"width\":1080,\"height\":1080,\"caption\":\"Aro LyraPole - X-Pole M\u00e9xico\"},{\"@type\":\"BreadcrumbList\",\"@id\":\"https:\/\/www.xpolemexico.com\/en\/tienda\/stages-en\/lyrapole-en\/lyrapole\/#breadcrumb\",\"itemListElement\":[{\"@type\":\"ListItem\",\"position\":1,\"name\":\"Home\",\"item\":\"https:\/\/www.xpolemexico.com\/en\/\"},{\"@type\":\"ListItem\",\"position\":2,\"name\":\"Shop\",\"item\":\"https:\/\/www.xpolemexico.com\/en\/shop-all\/\"},{\"@type\":\"ListItem\",\"position\":3,\"name\":\"LyraPole\"}]},{\"@type\":\"WebSite\",\"@id\":\"https:\/\/www.xpolemexico.com\/en\/#website\",\"url\":\"https:\/\/www.xpolemexico.com\/en\/\",\"name\":\"X-Pole M\u00e9xico\",\"description\":\"L\u00edderes en Fitness de Pole y A\u00e9reo\",\"potentialAction\":[{\"@type\":\"SearchAction\",\"target\":{\"@type\":\"EntryPoint\",\"urlTemplate\":\"https:\/\/www.xpolemexico.com\/en\/?s={search_term_string}\"},\"query-input\":{\"@type\":\"PropertyValueSpecification\",\"valueRequired\":true,\"valueName\":\"search_term_string\"}}],\"inLanguage\":\"en-US\"}]}<\/script>\n<meta property=\"og:availability\" content=\"instock\" \/>\n<meta property=\"product:availability\" content=\"instock\" \/>\n<meta property=\"product:retailer_item_id\" content=\"XHS-LP\" \/>\n<meta property=\"product:condition\" content=\"new\" \/>\n<!-- \/ Yoast SEO Premium plugin. -->","yoast_head_json":{"title":"LyraPole | Mexico New","robots":{"index":"index","follow":"follow","max-snippet":"max-snippet:-1","max-image-preview":"max-image-preview:large","max-video-preview":"max-video-preview:-1"},"canonical":"https:\/\/www.xpolemexico.com\/en\/tienda\/stages-en\/lyrapole-en\/lyrapole\/","og_locale":"en_US","og_type":"article","og_title":"LyraPole","og_description":"Now you can combine hoop and pole in one routine; the Pole world has come full circle with the X-POLE LyraPole!","og_url":"https:\/\/www.xpolemexico.com\/en\/tienda\/stages-en\/lyrapole-en\/lyrapole\/","og_site_name":"Mexico New","article_modified_time":"2026-04-03T16:20:20+00:00","og_image":[{"width":1080,"height":1080,"url":"https:\/\/www.xpolemexico.com\/wp-content\/uploads\/sites\/8\/2018\/02\/LyraPole-Model-1080x1080.jpg","type":"image\/jpeg"}],"twitter_card":"summary_large_image","twitter_misc":{"Availability":"In stock"},"schema":{"@context":"https:\/\/schema.org","@graph":[{"@type":"WebPage","@id":"https:\/\/www.xpolemexico.com\/en\/tienda\/stages-en\/lyrapole-en\/lyrapole\/","url":"https:\/\/www.xpolemexico.com\/en\/tienda\/stages-en\/lyrapole-en\/lyrapole\/","name":"LyraPole | Mexico New","isPartOf":{"@id":"https:\/\/www.xpolemexico.com\/en\/#website"},"primaryImageOfPage":{"@id":"https:\/\/www.xpolemexico.com\/en\/tienda\/stages-en\/lyrapole-en\/lyrapole\/#primaryimage"},"image":{"@id":"https:\/\/www.xpolemexico.com\/en\/tienda\/stages-en\/lyrapole-en\/lyrapole\/#primaryimage"},"thumbnailUrl":"https:\/\/www.xpolemexico.com\/wp-content\/uploads\/sites\/8\/2018\/02\/AroLyraPole_XPole_01.jpg","datePublished":"2018-02-09T19:19:54+00:00","dateModified":"2026-04-03T16:20:20+00:00","breadcrumb":{"@id":"https:\/\/www.xpolemexico.com\/en\/tienda\/stages-en\/lyrapole-en\/lyrapole\/#breadcrumb"},"inLanguage":"en-US","potentialAction":[{"@type":"ReadAction","target":["https:\/\/www.xpolemexico.com\/en\/tienda\/stages-en\/lyrapole-en\/lyrapole\/"]}]},{"@type":"ImageObject","inLanguage":"en-US","@id":"https:\/\/www.xpolemexico.com\/en\/tienda\/stages-en\/lyrapole-en\/lyrapole\/#primaryimage","url":"https:\/\/www.xpolemexico.com\/wp-content\/uploads\/sites\/8\/2018\/02\/AroLyraPole_XPole_01.jpg","contentUrl":"https:\/\/www.xpolemexico.com\/wp-content\/uploads\/sites\/8\/2018\/02\/AroLyraPole_XPole_01.jpg","width":1080,"height":1080,"caption":"Aro LyraPole - X-Pole M\u00e9xico"},{"@type":"BreadcrumbList","@id":"https:\/\/www.xpolemexico.com\/en\/tienda\/stages-en\/lyrapole-en\/lyrapole\/#breadcrumb","itemListElement":[{"@type":"ListItem","position":1,"name":"Home","item":"https:\/\/www.xpolemexico.com\/en\/"},{"@type":"ListItem","position":2,"name":"Shop","item":"https:\/\/www.xpolemexico.com\/en\/shop-all\/"},{"@type":"ListItem","position":3,"name":"LyraPole"}]},{"@type":"WebSite","@id":"https:\/\/www.xpolemexico.com\/en\/#website","url":"https:\/\/www.xpolemexico.com\/en\/","name":"X-Pole M\u00e9xico","description":"L\u00edderes en Fitness de Pole y A\u00e9reo","potentialAction":[{"@type":"SearchAction","target":{"@type":"EntryPoint","urlTemplate":"https:\/\/www.xpolemexico.com\/en\/?s={search_term_string}"},"query-input":{"@type":"PropertyValueSpecification","valueRequired":true,"valueName":"search_term_string"}}],"inLanguage":"en-US"}]},"og_availability":"instock","product_availability":"instock","product_retailer_item_id":"XHS-LP","product_condition":"new"},"_links":{"self":[{"href":"https:\/\/www.xpolemexico.com\/en\/wp-json\/wp\/v2\/product\/4041","targetHints":{"allow":["GET"]}}],"collection":[{"href":"https:\/\/www.xpolemexico.com\/en\/wp-json\/wp\/v2\/product"}],"about":[{"href":"https:\/\/www.xpolemexico.com\/en\/wp-json\/wp\/v2\/types\/product"}],"wp:featuredmedia":[{"embeddable":true,"href":"https:\/\/www.xpolemexico.com\/en\/wp-json\/wp\/v2\/media\/101934"}],"wp:attachment":[{"href":"https:\/\/www.xpolemexico.com\/en\/wp-json\/wp\/v2\/media?parent=4041"}],"wp:term":[{"taxonomy":"product_cat","embeddable":true,"href":"https:\/\/www.xpolemexico.com\/en\/wp-json\/wp\/v2\/product_cat?post=4041"},{"taxonomy":"product_tag","embeddable":true,"href":"https:\/\/www.xpolemexico.com\/en\/wp-json\/wp\/v2\/product_tag?post=4041"}],"curies":[{"name":"wp","href":"https:\/\/api.w.org\/{rel}","templated":true}]}}