{"id":4005,"date":"2018-02-09T11:56:21","date_gmt":"2018-02-09T17:56:21","guid":{"rendered":"https:\/\/www.xpolemexico.com\/?post_type=product&#038;p=4005"},"modified":"2026-03-31T07:06:22","modified_gmt":"2026-03-31T13:06:22","slug":"silkii","status":"publish","type":"product","link":"https:\/\/www.xpolemexico.com\/en\/tienda\/aerial-en\/silks-en\/silkii\/","title":{"rendered":"Silkii"},"content":{"rendered":"<p>Silkii allows you to add silks to your regular pole routine, making for a stunning combination of the two!<\/p>\n<p>Designed to work with XPERT, XPERT Pro, X-STAGE and X-STAGE Lite, the Silkii is supplied with a single carabiner for connecting your silk material. Silkii is not suitable for use with dual-lined one-piece poles. The silks is not included with the Silkii.<\/p>\n<p>Silkii is a great way to practice harder tricks with additional support and can also be used for conditioning training.<\/p>\n<p>Silkii is compatible with 40mm and 45mm diameter poles (fixed ceiling mount required when using SPORT, XPERT or XPERT Pro).<\/p>\n<p>You can check out the <a href=\"https:\/\/www.xpolemexico.com\/wp-content\/uploads\/sites\/8\/2019\/03\/Silkii-Manual.pdf\">manual for the Silkii<\/a>.<\/p>\n<p>For rigging and fixing of silks, check out our <a href=\"https:\/\/www.xpolemexico.com\/shop-all\/?cat=65\">aerial accessories<\/a>. If you\u2019re not sure what you\u2019ll need, take a look at our <a href=\"https:\/\/www.xpolemexico.com\/support\/\">support page<\/a>.<\/p>\n","protected":false},"excerpt":{"rendered":"<p>Supplement your pole training with silks by adding Silkii to your repertoire<\/p>\n","protected":false},"featured_media":102015,"template":"","meta":{"_acf_changed":false},"product_cat":[63],"product_tag":[],"class_list":{"0":"post-4005","1":"product","2":"type-product","3":"status-publish","4":"has-post-thumbnail","6":"product_cat-silks-en","7":"product_shipping_class-shipping-class-60","9":"first","10":"outofstock","11":"taxable","12":"shipping-taxable","13":"purchasable","14":"product-type-variable"},"bundled_by":[],"bundle_stock_status":"outofstock","bundle_stock_quantity":null,"bundle_virtual":false,"bundle_layout":"","bundle_add_to_cart_form_location":"","bundle_editable_in_cart":false,"bundle_sold_individually_context":"","bundle_item_grouping":"","bundle_min_size":"","bundle_max_size":"","bundle_price":[],"bundled_items":[],"bundle_sell_ids":[],"acf":[],"yoast_head":"<!-- This site is optimized with the Yoast SEO Premium plugin v24.6 (Yoast SEO v24.6) - https:\/\/yoast.com\/wordpress\/plugins\/seo\/ -->\n<title>Silkii | Mexico New<\/title>\n<meta name=\"robots\" content=\"index, follow, max-snippet:-1, max-image-preview:large, max-video-preview:-1\" \/>\n<link rel=\"canonical\" href=\"https:\/\/www.xpolemexico.com\/en\/tienda\/aerial-en\/silks-en\/silkii\/\" \/>\n<meta property=\"og:locale\" content=\"en_US\" \/>\n<meta property=\"og:type\" content=\"article\" \/>\n<meta property=\"og:title\" content=\"Silkii\" \/>\n<meta property=\"og:description\" content=\"Supplement your pole training with silks by adding Silkii to your repertoire\" \/>\n<meta property=\"og:url\" content=\"https:\/\/www.xpolemexico.com\/en\/tienda\/aerial-en\/silks-en\/silkii\/\" \/>\n<meta property=\"og:site_name\" content=\"Mexico New\" \/>\n<meta property=\"article:modified_time\" content=\"2026-03-31T13:06:22+00:00\" \/>\n<meta property=\"og:image\" content=\"https:\/\/www.xpolemexico.com\/wp-content\/uploads\/sites\/8\/2018\/02\/Silkii-on-side-1080x1080px.jpg\" \/>\n\t<meta property=\"og:image:width\" content=\"1080\" \/>\n\t<meta property=\"og:image:height\" content=\"1080\" \/>\n\t<meta property=\"og:image:type\" content=\"image\/jpeg\" \/>\n<meta name=\"twitter:card\" content=\"summary_large_image\" \/>\n<meta name=\"twitter:label1\" content=\"Availability\" \/>\n\t<meta name=\"twitter:data1\" content=\"Out of stock\" \/>\n<script type=\"application\/ld+json\" class=\"yoast-schema-graph\">{\"@context\":\"https:\/\/schema.org\",\"@graph\":[{\"@type\":\"WebPage\",\"@id\":\"https:\/\/www.xpolemexico.com\/en\/tienda\/aerial-en\/silks-en\/silkii\/\",\"url\":\"https:\/\/www.xpolemexico.com\/en\/tienda\/aerial-en\/silks-en\/silkii\/\",\"name\":\"Silkii | Mexico New\",\"isPartOf\":{\"@id\":\"https:\/\/www.xpolemexico.com\/en\/#website\"},\"primaryImageOfPage\":{\"@id\":\"https:\/\/www.xpolemexico.com\/en\/tienda\/aerial-en\/silks-en\/silkii\/#primaryimage\"},\"image\":{\"@id\":\"https:\/\/www.xpolemexico.com\/en\/tienda\/aerial-en\/silks-en\/silkii\/#primaryimage\"},\"thumbnailUrl\":\"https:\/\/www.xpolemexico.com\/wp-content\/uploads\/sites\/8\/2018\/02\/Silkii_XPole_01.jpg\",\"datePublished\":\"2018-02-09T17:56:21+00:00\",\"dateModified\":\"2026-03-31T13:06:22+00:00\",\"breadcrumb\":{\"@id\":\"https:\/\/www.xpolemexico.com\/en\/tienda\/aerial-en\/silks-en\/silkii\/#breadcrumb\"},\"inLanguage\":\"en-US\",\"potentialAction\":[{\"@type\":\"ReadAction\",\"target\":[\"https:\/\/www.xpolemexico.com\/en\/tienda\/aerial-en\/silks-en\/silkii\/\"]}]},{\"@type\":\"ImageObject\",\"inLanguage\":\"en-US\",\"@id\":\"https:\/\/www.xpolemexico.com\/en\/tienda\/aerial-en\/silks-en\/silkii\/#primaryimage\",\"url\":\"https:\/\/www.xpolemexico.com\/wp-content\/uploads\/sites\/8\/2018\/02\/Silkii_XPole_01.jpg\",\"contentUrl\":\"https:\/\/www.xpolemexico.com\/wp-content\/uploads\/sites\/8\/2018\/02\/Silkii_XPole_01.jpg\",\"width\":1080,\"height\":1080,\"caption\":\"Silkii - X-Pole\"},{\"@type\":\"BreadcrumbList\",\"@id\":\"https:\/\/www.xpolemexico.com\/en\/tienda\/aerial-en\/silks-en\/silkii\/#breadcrumb\",\"itemListElement\":[{\"@type\":\"ListItem\",\"position\":1,\"name\":\"Home\",\"item\":\"https:\/\/www.xpolemexico.com\/en\/\"},{\"@type\":\"ListItem\",\"position\":2,\"name\":\"Shop\",\"item\":\"https:\/\/www.xpolemexico.com\/en\/shop-all\/\"},{\"@type\":\"ListItem\",\"position\":3,\"name\":\"Silkii\"}]},{\"@type\":\"WebSite\",\"@id\":\"https:\/\/www.xpolemexico.com\/en\/#website\",\"url\":\"https:\/\/www.xpolemexico.com\/en\/\",\"name\":\"X-Pole M\u00e9xico\",\"description\":\"L\u00edderes en Fitness de Pole y A\u00e9reo\",\"potentialAction\":[{\"@type\":\"SearchAction\",\"target\":{\"@type\":\"EntryPoint\",\"urlTemplate\":\"https:\/\/www.xpolemexico.com\/en\/?s={search_term_string}\"},\"query-input\":{\"@type\":\"PropertyValueSpecification\",\"valueRequired\":true,\"valueName\":\"search_term_string\"}}],\"inLanguage\":\"en-US\"}]}<\/script>\n<meta property=\"og:availability\" content=\"out of stock\" \/>\n<meta property=\"product:availability\" content=\"out of stock\" \/>\n<meta property=\"product:condition\" content=\"new\" \/>\n<!-- \/ Yoast SEO Premium plugin. -->","yoast_head_json":{"title":"Silkii | Mexico New","robots":{"index":"index","follow":"follow","max-snippet":"max-snippet:-1","max-image-preview":"max-image-preview:large","max-video-preview":"max-video-preview:-1"},"canonical":"https:\/\/www.xpolemexico.com\/en\/tienda\/aerial-en\/silks-en\/silkii\/","og_locale":"en_US","og_type":"article","og_title":"Silkii","og_description":"Supplement your pole training with silks by adding Silkii to your repertoire","og_url":"https:\/\/www.xpolemexico.com\/en\/tienda\/aerial-en\/silks-en\/silkii\/","og_site_name":"Mexico New","article_modified_time":"2026-03-31T13:06:22+00:00","og_image":[{"width":1080,"height":1080,"url":"https:\/\/www.xpolemexico.com\/wp-content\/uploads\/sites\/8\/2018\/02\/Silkii-on-side-1080x1080px.jpg","type":"image\/jpeg"}],"twitter_card":"summary_large_image","twitter_misc":{"Availability":"Out of stock"},"schema":{"@context":"https:\/\/schema.org","@graph":[{"@type":"WebPage","@id":"https:\/\/www.xpolemexico.com\/en\/tienda\/aerial-en\/silks-en\/silkii\/","url":"https:\/\/www.xpolemexico.com\/en\/tienda\/aerial-en\/silks-en\/silkii\/","name":"Silkii | Mexico New","isPartOf":{"@id":"https:\/\/www.xpolemexico.com\/en\/#website"},"primaryImageOfPage":{"@id":"https:\/\/www.xpolemexico.com\/en\/tienda\/aerial-en\/silks-en\/silkii\/#primaryimage"},"image":{"@id":"https:\/\/www.xpolemexico.com\/en\/tienda\/aerial-en\/silks-en\/silkii\/#primaryimage"},"thumbnailUrl":"https:\/\/www.xpolemexico.com\/wp-content\/uploads\/sites\/8\/2018\/02\/Silkii_XPole_01.jpg","datePublished":"2018-02-09T17:56:21+00:00","dateModified":"2026-03-31T13:06:22+00:00","breadcrumb":{"@id":"https:\/\/www.xpolemexico.com\/en\/tienda\/aerial-en\/silks-en\/silkii\/#breadcrumb"},"inLanguage":"en-US","potentialAction":[{"@type":"ReadAction","target":["https:\/\/www.xpolemexico.com\/en\/tienda\/aerial-en\/silks-en\/silkii\/"]}]},{"@type":"ImageObject","inLanguage":"en-US","@id":"https:\/\/www.xpolemexico.com\/en\/tienda\/aerial-en\/silks-en\/silkii\/#primaryimage","url":"https:\/\/www.xpolemexico.com\/wp-content\/uploads\/sites\/8\/2018\/02\/Silkii_XPole_01.jpg","contentUrl":"https:\/\/www.xpolemexico.com\/wp-content\/uploads\/sites\/8\/2018\/02\/Silkii_XPole_01.jpg","width":1080,"height":1080,"caption":"Silkii - X-Pole"},{"@type":"BreadcrumbList","@id":"https:\/\/www.xpolemexico.com\/en\/tienda\/aerial-en\/silks-en\/silkii\/#breadcrumb","itemListElement":[{"@type":"ListItem","position":1,"name":"Home","item":"https:\/\/www.xpolemexico.com\/en\/"},{"@type":"ListItem","position":2,"name":"Shop","item":"https:\/\/www.xpolemexico.com\/en\/shop-all\/"},{"@type":"ListItem","position":3,"name":"Silkii"}]},{"@type":"WebSite","@id":"https:\/\/www.xpolemexico.com\/en\/#website","url":"https:\/\/www.xpolemexico.com\/en\/","name":"X-Pole M\u00e9xico","description":"L\u00edderes en Fitness de Pole y A\u00e9reo","potentialAction":[{"@type":"SearchAction","target":{"@type":"EntryPoint","urlTemplate":"https:\/\/www.xpolemexico.com\/en\/?s={search_term_string}"},"query-input":{"@type":"PropertyValueSpecification","valueRequired":true,"valueName":"search_term_string"}}],"inLanguage":"en-US"}]},"og_availability":"out of stock","product_availability":"out of stock","product_condition":"new"},"_links":{"self":[{"href":"https:\/\/www.xpolemexico.com\/en\/wp-json\/wp\/v2\/product\/4005","targetHints":{"allow":["GET"]}}],"collection":[{"href":"https:\/\/www.xpolemexico.com\/en\/wp-json\/wp\/v2\/product"}],"about":[{"href":"https:\/\/www.xpolemexico.com\/en\/wp-json\/wp\/v2\/types\/product"}],"wp:featuredmedia":[{"embeddable":true,"href":"https:\/\/www.xpolemexico.com\/en\/wp-json\/wp\/v2\/media\/102015"}],"wp:attachment":[{"href":"https:\/\/www.xpolemexico.com\/en\/wp-json\/wp\/v2\/media?parent=4005"}],"wp:term":[{"taxonomy":"product_cat","embeddable":true,"href":"https:\/\/www.xpolemexico.com\/en\/wp-json\/wp\/v2\/product_cat?post=4005"},{"taxonomy":"product_tag","embeddable":true,"href":"https:\/\/www.xpolemexico.com\/en\/wp-json\/wp\/v2\/product_tag?post=4005"}],"curies":[{"name":"wp","href":"https:\/\/api.w.org\/{rel}","templated":true}]}}