{"id":3958,"date":"2018-02-09T11:01:18","date_gmt":"2018-02-09T11:01:18","guid":{"rendered":"https:\/\/www.xpolemexico.com\/?post_type=product&#038;p=3958"},"modified":"2025-01-08T09:10:53","modified_gmt":"2025-01-08T15:10:53","slug":"mesh-crop-top-black","status":"publish","type":"product","link":"https:\/\/www.xpolemexico.com\/en\/tienda\/sin-categorizar\/mesh-crop-top-black\/","title":{"rendered":"Mesh Crop Top Black"},"content":{"rendered":"<p>Mesh Crop Top Black available in XS, S, M L<\/p>\n","protected":false},"excerpt":{"rendered":"<p>Mesh Crop Top Black available in XS, S, M L<\/p>\n","protected":false},"featured_media":3964,"template":"","meta":{"_acf_changed":false},"product_cat":[844],"product_tag":[701,702,695],"class_list":{"0":"post-3958","1":"product","2":"type-product","3":"status-publish","4":"has-post-thumbnail","6":"product_cat-sin-categorizar","7":"product_tag-clothing-es","8":"product_tag-mesh-crop-top-black-es","9":"product_tag-x-pole-activewear-es","11":"first","12":"outofstock","13":"taxable","14":"shipping-taxable","15":"product-type-variable"},"bundled_by":[],"bundle_stock_status":"outofstock","bundle_stock_quantity":null,"bundle_virtual":false,"bundle_layout":"","bundle_add_to_cart_form_location":"","bundle_editable_in_cart":false,"bundle_sold_individually_context":"","bundle_item_grouping":"","bundle_min_size":"","bundle_max_size":"","bundle_price":[],"bundled_items":[],"bundle_sell_ids":[],"acf":[],"yoast_head":"<!-- This site is optimized with the Yoast SEO Premium plugin v24.6 (Yoast SEO v24.6) - https:\/\/yoast.com\/wordpress\/plugins\/seo\/ -->\n<title>Mesh Crop Top Black | Mexico New<\/title>\n<meta name=\"robots\" content=\"index, follow, max-snippet:-1, max-image-preview:large, max-video-preview:-1\" \/>\n<link rel=\"canonical\" href=\"https:\/\/www.xpolemexico.com\/en\/tienda\/sin-categorizar\/mesh-crop-top-black\/\" \/>\n<meta property=\"og:locale\" content=\"en_US\" \/>\n<meta property=\"og:type\" content=\"article\" \/>\n<meta property=\"og:title\" content=\"Mesh Crop Top Black\" \/>\n<meta property=\"og:description\" content=\"Mesh Crop Top Black available in XS, S, M L\" \/>\n<meta property=\"og:url\" content=\"https:\/\/www.xpolemexico.com\/en\/tienda\/sin-categorizar\/mesh-crop-top-black\/\" \/>\n<meta property=\"og:site_name\" content=\"Mexico New\" \/>\n<meta property=\"article:modified_time\" content=\"2025-01-08T15:10:53+00:00\" \/>\n<meta property=\"og:image\" content=\"https:\/\/www.xpolemexico.com\/wp-content\/uploads\/sites\/8\/MESH-CROP-TOP-BLACK.jpg\" \/>\n\t<meta property=\"og:image:width\" content=\"300\" \/>\n\t<meta property=\"og:image:height\" content=\"300\" \/>\n\t<meta property=\"og:image:type\" content=\"image\/jpeg\" \/>\n<meta name=\"twitter:card\" content=\"summary_large_image\" \/>\n<meta name=\"twitter:label1\" content=\"Availability\" \/>\n\t<meta name=\"twitter:data1\" content=\"Out of stock\" \/>\n<script type=\"application\/ld+json\" class=\"yoast-schema-graph\">{\"@context\":\"https:\/\/schema.org\",\"@graph\":[{\"@type\":\"WebPage\",\"@id\":\"https:\/\/www.xpolemexico.com\/en\/tienda\/sin-categorizar\/mesh-crop-top-black\/\",\"url\":\"https:\/\/www.xpolemexico.com\/en\/tienda\/sin-categorizar\/mesh-crop-top-black\/\",\"name\":\"Mesh Crop Top Black | Mexico New\",\"isPartOf\":{\"@id\":\"https:\/\/www.xpolemexico.com\/en\/#website\"},\"primaryImageOfPage\":{\"@id\":\"https:\/\/www.xpolemexico.com\/en\/tienda\/sin-categorizar\/mesh-crop-top-black\/#primaryimage\"},\"image\":{\"@id\":\"https:\/\/www.xpolemexico.com\/en\/tienda\/sin-categorizar\/mesh-crop-top-black\/#primaryimage\"},\"thumbnailUrl\":\"https:\/\/www.xpolemexico.com\/wp-content\/uploads\/sites\/8\/MESH-CROP-TOP-BLACK.jpg\",\"datePublished\":\"2018-02-09T11:01:18+00:00\",\"dateModified\":\"2025-01-08T15:10:53+00:00\",\"breadcrumb\":{\"@id\":\"https:\/\/www.xpolemexico.com\/en\/tienda\/sin-categorizar\/mesh-crop-top-black\/#breadcrumb\"},\"inLanguage\":\"en-US\",\"potentialAction\":[{\"@type\":\"ReadAction\",\"target\":[\"https:\/\/www.xpolemexico.com\/en\/tienda\/sin-categorizar\/mesh-crop-top-black\/\"]}]},{\"@type\":\"ImageObject\",\"inLanguage\":\"en-US\",\"@id\":\"https:\/\/www.xpolemexico.com\/en\/tienda\/sin-categorizar\/mesh-crop-top-black\/#primaryimage\",\"url\":\"https:\/\/www.xpolemexico.com\/wp-content\/uploads\/sites\/8\/MESH-CROP-TOP-BLACK.jpg\",\"contentUrl\":\"https:\/\/www.xpolemexico.com\/wp-content\/uploads\/sites\/8\/MESH-CROP-TOP-BLACK.jpg\",\"width\":300,\"height\":300},{\"@type\":\"BreadcrumbList\",\"@id\":\"https:\/\/www.xpolemexico.com\/en\/tienda\/sin-categorizar\/mesh-crop-top-black\/#breadcrumb\",\"itemListElement\":[{\"@type\":\"ListItem\",\"position\":1,\"name\":\"Home\",\"item\":\"https:\/\/www.xpolemexico.com\/en\/\"},{\"@type\":\"ListItem\",\"position\":2,\"name\":\"Shop\",\"item\":\"https:\/\/www.xpolemexico.com\/en\/shop-all\/\"},{\"@type\":\"ListItem\",\"position\":3,\"name\":\"Mesh Crop Top Black\"}]},{\"@type\":\"WebSite\",\"@id\":\"https:\/\/www.xpolemexico.com\/en\/#website\",\"url\":\"https:\/\/www.xpolemexico.com\/en\/\",\"name\":\"X-Pole M\u00e9xico\",\"description\":\"L\u00edderes en Fitness de Pole y A\u00e9reo\",\"potentialAction\":[{\"@type\":\"SearchAction\",\"target\":{\"@type\":\"EntryPoint\",\"urlTemplate\":\"https:\/\/www.xpolemexico.com\/en\/?s={search_term_string}\"},\"query-input\":{\"@type\":\"PropertyValueSpecification\",\"valueRequired\":true,\"valueName\":\"search_term_string\"}}],\"inLanguage\":\"en-US\"}]}<\/script>\n<meta property=\"og:availability\" content=\"out of stock\" \/>\n<meta property=\"product:availability\" content=\"out of stock\" \/>\n<meta property=\"product:condition\" content=\"new\" \/>\n<!-- \/ Yoast SEO Premium plugin. -->","yoast_head_json":{"title":"Mesh Crop Top Black | Mexico New","robots":{"index":"index","follow":"follow","max-snippet":"max-snippet:-1","max-image-preview":"max-image-preview:large","max-video-preview":"max-video-preview:-1"},"canonical":"https:\/\/www.xpolemexico.com\/en\/tienda\/sin-categorizar\/mesh-crop-top-black\/","og_locale":"en_US","og_type":"article","og_title":"Mesh Crop Top Black","og_description":"Mesh Crop Top Black available in XS, S, M L","og_url":"https:\/\/www.xpolemexico.com\/en\/tienda\/sin-categorizar\/mesh-crop-top-black\/","og_site_name":"Mexico New","article_modified_time":"2025-01-08T15:10:53+00:00","og_image":[{"width":300,"height":300,"url":"https:\/\/www.xpolemexico.com\/wp-content\/uploads\/sites\/8\/MESH-CROP-TOP-BLACK.jpg","type":"image\/jpeg"}],"twitter_card":"summary_large_image","twitter_misc":{"Availability":"Out of stock"},"schema":{"@context":"https:\/\/schema.org","@graph":[{"@type":"WebPage","@id":"https:\/\/www.xpolemexico.com\/en\/tienda\/sin-categorizar\/mesh-crop-top-black\/","url":"https:\/\/www.xpolemexico.com\/en\/tienda\/sin-categorizar\/mesh-crop-top-black\/","name":"Mesh Crop Top Black | Mexico New","isPartOf":{"@id":"https:\/\/www.xpolemexico.com\/en\/#website"},"primaryImageOfPage":{"@id":"https:\/\/www.xpolemexico.com\/en\/tienda\/sin-categorizar\/mesh-crop-top-black\/#primaryimage"},"image":{"@id":"https:\/\/www.xpolemexico.com\/en\/tienda\/sin-categorizar\/mesh-crop-top-black\/#primaryimage"},"thumbnailUrl":"https:\/\/www.xpolemexico.com\/wp-content\/uploads\/sites\/8\/MESH-CROP-TOP-BLACK.jpg","datePublished":"2018-02-09T11:01:18+00:00","dateModified":"2025-01-08T15:10:53+00:00","breadcrumb":{"@id":"https:\/\/www.xpolemexico.com\/en\/tienda\/sin-categorizar\/mesh-crop-top-black\/#breadcrumb"},"inLanguage":"en-US","potentialAction":[{"@type":"ReadAction","target":["https:\/\/www.xpolemexico.com\/en\/tienda\/sin-categorizar\/mesh-crop-top-black\/"]}]},{"@type":"ImageObject","inLanguage":"en-US","@id":"https:\/\/www.xpolemexico.com\/en\/tienda\/sin-categorizar\/mesh-crop-top-black\/#primaryimage","url":"https:\/\/www.xpolemexico.com\/wp-content\/uploads\/sites\/8\/MESH-CROP-TOP-BLACK.jpg","contentUrl":"https:\/\/www.xpolemexico.com\/wp-content\/uploads\/sites\/8\/MESH-CROP-TOP-BLACK.jpg","width":300,"height":300},{"@type":"BreadcrumbList","@id":"https:\/\/www.xpolemexico.com\/en\/tienda\/sin-categorizar\/mesh-crop-top-black\/#breadcrumb","itemListElement":[{"@type":"ListItem","position":1,"name":"Home","item":"https:\/\/www.xpolemexico.com\/en\/"},{"@type":"ListItem","position":2,"name":"Shop","item":"https:\/\/www.xpolemexico.com\/en\/shop-all\/"},{"@type":"ListItem","position":3,"name":"Mesh Crop Top Black"}]},{"@type":"WebSite","@id":"https:\/\/www.xpolemexico.com\/en\/#website","url":"https:\/\/www.xpolemexico.com\/en\/","name":"X-Pole M\u00e9xico","description":"L\u00edderes en Fitness de Pole y A\u00e9reo","potentialAction":[{"@type":"SearchAction","target":{"@type":"EntryPoint","urlTemplate":"https:\/\/www.xpolemexico.com\/en\/?s={search_term_string}"},"query-input":{"@type":"PropertyValueSpecification","valueRequired":true,"valueName":"search_term_string"}}],"inLanguage":"en-US"}]},"og_availability":"out of stock","product_availability":"out of stock","product_condition":"new"},"_links":{"self":[{"href":"https:\/\/www.xpolemexico.com\/en\/wp-json\/wp\/v2\/product\/3958","targetHints":{"allow":["GET"]}}],"collection":[{"href":"https:\/\/www.xpolemexico.com\/en\/wp-json\/wp\/v2\/product"}],"about":[{"href":"https:\/\/www.xpolemexico.com\/en\/wp-json\/wp\/v2\/types\/product"}],"wp:featuredmedia":[{"embeddable":true,"href":"https:\/\/www.xpolemexico.com\/en\/wp-json\/wp\/v2\/media\/3964"}],"wp:attachment":[{"href":"https:\/\/www.xpolemexico.com\/en\/wp-json\/wp\/v2\/media?parent=3958"}],"wp:term":[{"taxonomy":"product_cat","embeddable":true,"href":"https:\/\/www.xpolemexico.com\/en\/wp-json\/wp\/v2\/product_cat?post=3958"},{"taxonomy":"product_tag","embeddable":true,"href":"https:\/\/www.xpolemexico.com\/en\/wp-json\/wp\/v2\/product_tag?post=3958"}],"curies":[{"name":"wp","href":"https:\/\/api.w.org\/{rel}","templated":true}]}}