{"id":3933,"date":"2018-02-07T17:10:37","date_gmt":"2018-02-07T23:10:37","guid":{"rendered":"https:\/\/www.xpolemexico.com\/?post_type=product&#038;p=3933"},"modified":"2024-09-18T13:27:38","modified_gmt":"2024-09-18T20:27:38","slug":"home-mount","status":"publish","type":"product","link":"https:\/\/www.xpolemexico.com\/en\/tienda\/accessories-en\/mounts-en\/home-mount\/","title":{"rendered":"Home Mount [XPERT]"},"content":{"rendered":"<p>Small, slick and practically invisible, the pole home mount is great way to have a permanent mount in your home without the need for a bulky piece of metal on your ceiling.<\/p>\n<p>Designed to work with the\u00a0<a href=\"https:\/\/www.xpolemexico.com\/product\/xpert-pro-px\/\">XPERT Pro<\/a> poles, the home mount is low profile and discreet, without sacrificing any safety or security.<\/p>\n<p>The pole home mount is supplied with a specially crafted short shaft insert to ensure a proper fit. The pole home mount must be installed on a beam\/joist (at least 4&#8243; or 100mm wide) or a solid ceiling. This mount is compatible with 40mm and 45mm diameter XPERT and XPERT Pro poles.<\/p>\n<p>The pole home mount is not suitable for commercial (gym and studio) environments. For commercial installations, check out our <a href=\"https:\/\/www.xpolemexico.com\/product\/ball-mount\/\">Ball Mounts<\/a>.<\/p>\n<p>You can check out the <a href=\"https:\/\/www.xpolemexico.com\/wp-content\/uploads\/sites\/8\/2023\/02\/Home-Mount-02-16-17-compressed.pdf\">Home Mount manual<\/a>.<\/p>\n<h4>PRODUCT NOTES &#8211; please read carefully prior to purchase:<\/h4>\n<ul>\n<li><strong>This product is not compatible with SPORT poles<\/strong><\/li>\n<li><strong>Can only be used on a flat ceiling surface not slanted or vaulted<\/strong><\/li>\n<li><strong>The screws\/anchors supplied are intended for drywall\/wood ceilings. Your space may require alternate fasteners or hardware. Please consult a professional when in doubt<\/strong><\/li>\n<li><strong>You would need to consider adjusting an additional 3 inches as the home mount is a smaller part than the dome. The home mount is only suitable in circumstances where the dome could be used in its place, ie. no higher than 11&#8242; for the Xpert(NX); no higher than 11&#8217;1&#8243; for the Xpert Pro<\/strong><\/li>\n<li><b>For 45mm silicone poles &#8211; please choose the 40mm option<\/b><\/li>\n<\/ul>\n","protected":false},"excerpt":{"rendered":"<p>Looking for a way to mount your XPERT or XPERT PRO at home with an almost invisible mount? The Pole Home Mount is ideal!<\/p>\n","protected":false},"featured_media":4150,"template":"","meta":{"_acf_changed":false},"product_cat":[71],"product_tag":[136,88,135,94,137],"class_list":{"0":"post-3933","1":"product","2":"type-product","3":"status-publish","4":"has-post-thumbnail","6":"product_cat-mounts-en","7":"product_tag-40mm45mm","8":"product_tag-chrome","9":"product_tag-home-mount","10":"product_tag-powder-coat-white","11":"product_tag-short-shaft-insert","12":"product_shipping_class-shipping-class-40","14":"first","15":"instock","16":"taxable","17":"shipping-taxable","18":"purchasable","19":"product-type-variable"},"bundled_by":[],"bundle_stock_status":"instock","bundle_stock_quantity":114,"bundle_virtual":false,"bundle_layout":"","bundle_add_to_cart_form_location":"","bundle_editable_in_cart":false,"bundle_sold_individually_context":"","bundle_item_grouping":"","bundle_min_size":"","bundle_max_size":"","bundle_price":[],"bundled_items":[],"bundle_sell_ids":[],"acf":[],"yoast_head":"<!-- This site is optimized with the Yoast SEO Premium plugin v24.6 (Yoast SEO v24.6) - https:\/\/yoast.com\/wordpress\/plugins\/seo\/ -->\n<title>Home Mount [XPERT] | Mexico New<\/title>\n<meta name=\"robots\" content=\"index, follow, max-snippet:-1, max-image-preview:large, max-video-preview:-1\" \/>\n<link rel=\"canonical\" href=\"https:\/\/www.xpolemexico.com\/en\/tienda\/accessories-en\/mounts-en\/home-mount\/\" \/>\n<meta property=\"og:locale\" content=\"en_US\" \/>\n<meta property=\"og:type\" content=\"article\" \/>\n<meta property=\"og:title\" content=\"Home Mount [XPERT]\" \/>\n<meta property=\"og:description\" content=\"Looking for a way to mount your XPERT or XPERT PRO at home with an almost invisible mount? The Pole Home Mount is ideal!\" \/>\n<meta property=\"og:url\" content=\"https:\/\/www.xpolemexico.com\/en\/tienda\/accessories-en\/mounts-en\/home-mount\/\" \/>\n<meta property=\"og:site_name\" content=\"Mexico New\" \/>\n<meta property=\"article:modified_time\" content=\"2024-09-18T20:27:38+00:00\" \/>\n<meta property=\"og:image\" content=\"https:\/\/www.xpolemexico.com\/wp-content\/uploads\/sites\/8\/2018\/02\/HomeMount1080x1080.jpg\" \/>\n\t<meta property=\"og:image:width\" content=\"1080\" \/>\n\t<meta property=\"og:image:height\" content=\"1080\" \/>\n\t<meta property=\"og:image:type\" content=\"image\/jpeg\" \/>\n<meta name=\"twitter:card\" content=\"summary_large_image\" \/>\n<meta name=\"twitter:label1\" content=\"Availability\" \/>\n\t<meta name=\"twitter:data1\" content=\"In stock\" \/>\n<script type=\"application\/ld+json\" class=\"yoast-schema-graph\">{\"@context\":\"https:\/\/schema.org\",\"@graph\":[{\"@type\":\"WebPage\",\"@id\":\"https:\/\/www.xpolemexico.com\/en\/tienda\/accessories-en\/mounts-en\/home-mount\/\",\"url\":\"https:\/\/www.xpolemexico.com\/en\/tienda\/accessories-en\/mounts-en\/home-mount\/\",\"name\":\"Home Mount [XPERT] | Mexico New\",\"isPartOf\":{\"@id\":\"https:\/\/www.xpolemexico.com\/en\/#website\"},\"primaryImageOfPage\":{\"@id\":\"https:\/\/www.xpolemexico.com\/en\/tienda\/accessories-en\/mounts-en\/home-mount\/#primaryimage\"},\"image\":{\"@id\":\"https:\/\/www.xpolemexico.com\/en\/tienda\/accessories-en\/mounts-en\/home-mount\/#primaryimage\"},\"thumbnailUrl\":\"https:\/\/www.xpolemexico.com\/wp-content\/uploads\/sites\/8\/2018\/02\/HomeMount1080x1080.jpg\",\"datePublished\":\"2018-02-07T23:10:37+00:00\",\"dateModified\":\"2024-09-18T20:27:38+00:00\",\"breadcrumb\":{\"@id\":\"https:\/\/www.xpolemexico.com\/en\/tienda\/accessories-en\/mounts-en\/home-mount\/#breadcrumb\"},\"inLanguage\":\"en-US\",\"potentialAction\":[{\"@type\":\"ReadAction\",\"target\":[\"https:\/\/www.xpolemexico.com\/en\/tienda\/accessories-en\/mounts-en\/home-mount\/\"]}]},{\"@type\":\"ImageObject\",\"inLanguage\":\"en-US\",\"@id\":\"https:\/\/www.xpolemexico.com\/en\/tienda\/accessories-en\/mounts-en\/home-mount\/#primaryimage\",\"url\":\"https:\/\/www.xpolemexico.com\/wp-content\/uploads\/sites\/8\/2018\/02\/HomeMount1080x1080.jpg\",\"contentUrl\":\"https:\/\/www.xpolemexico.com\/wp-content\/uploads\/sites\/8\/2018\/02\/HomeMount1080x1080.jpg\",\"width\":1080,\"height\":1080},{\"@type\":\"BreadcrumbList\",\"@id\":\"https:\/\/www.xpolemexico.com\/en\/tienda\/accessories-en\/mounts-en\/home-mount\/#breadcrumb\",\"itemListElement\":[{\"@type\":\"ListItem\",\"position\":1,\"name\":\"Home\",\"item\":\"https:\/\/www.xpolemexico.com\/en\/\"},{\"@type\":\"ListItem\",\"position\":2,\"name\":\"Shop\",\"item\":\"https:\/\/www.xpolemexico.com\/en\/shop-all\/\"},{\"@type\":\"ListItem\",\"position\":3,\"name\":\"Home Mount [XPERT]\"}]},{\"@type\":\"WebSite\",\"@id\":\"https:\/\/www.xpolemexico.com\/en\/#website\",\"url\":\"https:\/\/www.xpolemexico.com\/en\/\",\"name\":\"X-Pole M\u00e9xico\",\"description\":\"L\u00edderes en Fitness de Pole y A\u00e9reo\",\"potentialAction\":[{\"@type\":\"SearchAction\",\"target\":{\"@type\":\"EntryPoint\",\"urlTemplate\":\"https:\/\/www.xpolemexico.com\/en\/?s={search_term_string}\"},\"query-input\":{\"@type\":\"PropertyValueSpecification\",\"valueRequired\":true,\"valueName\":\"search_term_string\"}}],\"inLanguage\":\"en-US\"}]}<\/script>\n<meta property=\"og:availability\" content=\"instock\" \/>\n<meta property=\"product:availability\" content=\"instock\" \/>\n<meta property=\"product:condition\" content=\"new\" \/>\n<!-- \/ Yoast SEO Premium plugin. -->","yoast_head_json":{"title":"Home Mount [XPERT] | Mexico New","robots":{"index":"index","follow":"follow","max-snippet":"max-snippet:-1","max-image-preview":"max-image-preview:large","max-video-preview":"max-video-preview:-1"},"canonical":"https:\/\/www.xpolemexico.com\/en\/tienda\/accessories-en\/mounts-en\/home-mount\/","og_locale":"en_US","og_type":"article","og_title":"Home Mount [XPERT]","og_description":"Looking for a way to mount your XPERT or XPERT PRO at home with an almost invisible mount? The Pole Home Mount is ideal!","og_url":"https:\/\/www.xpolemexico.com\/en\/tienda\/accessories-en\/mounts-en\/home-mount\/","og_site_name":"Mexico New","article_modified_time":"2024-09-18T20:27:38+00:00","og_image":[{"width":1080,"height":1080,"url":"https:\/\/www.xpolemexico.com\/wp-content\/uploads\/sites\/8\/2018\/02\/HomeMount1080x1080.jpg","type":"image\/jpeg"}],"twitter_card":"summary_large_image","twitter_misc":{"Availability":"In stock"},"schema":{"@context":"https:\/\/schema.org","@graph":[{"@type":"WebPage","@id":"https:\/\/www.xpolemexico.com\/en\/tienda\/accessories-en\/mounts-en\/home-mount\/","url":"https:\/\/www.xpolemexico.com\/en\/tienda\/accessories-en\/mounts-en\/home-mount\/","name":"Home Mount [XPERT] | Mexico New","isPartOf":{"@id":"https:\/\/www.xpolemexico.com\/en\/#website"},"primaryImageOfPage":{"@id":"https:\/\/www.xpolemexico.com\/en\/tienda\/accessories-en\/mounts-en\/home-mount\/#primaryimage"},"image":{"@id":"https:\/\/www.xpolemexico.com\/en\/tienda\/accessories-en\/mounts-en\/home-mount\/#primaryimage"},"thumbnailUrl":"https:\/\/www.xpolemexico.com\/wp-content\/uploads\/sites\/8\/2018\/02\/HomeMount1080x1080.jpg","datePublished":"2018-02-07T23:10:37+00:00","dateModified":"2024-09-18T20:27:38+00:00","breadcrumb":{"@id":"https:\/\/www.xpolemexico.com\/en\/tienda\/accessories-en\/mounts-en\/home-mount\/#breadcrumb"},"inLanguage":"en-US","potentialAction":[{"@type":"ReadAction","target":["https:\/\/www.xpolemexico.com\/en\/tienda\/accessories-en\/mounts-en\/home-mount\/"]}]},{"@type":"ImageObject","inLanguage":"en-US","@id":"https:\/\/www.xpolemexico.com\/en\/tienda\/accessories-en\/mounts-en\/home-mount\/#primaryimage","url":"https:\/\/www.xpolemexico.com\/wp-content\/uploads\/sites\/8\/2018\/02\/HomeMount1080x1080.jpg","contentUrl":"https:\/\/www.xpolemexico.com\/wp-content\/uploads\/sites\/8\/2018\/02\/HomeMount1080x1080.jpg","width":1080,"height":1080},{"@type":"BreadcrumbList","@id":"https:\/\/www.xpolemexico.com\/en\/tienda\/accessories-en\/mounts-en\/home-mount\/#breadcrumb","itemListElement":[{"@type":"ListItem","position":1,"name":"Home","item":"https:\/\/www.xpolemexico.com\/en\/"},{"@type":"ListItem","position":2,"name":"Shop","item":"https:\/\/www.xpolemexico.com\/en\/shop-all\/"},{"@type":"ListItem","position":3,"name":"Home Mount [XPERT]"}]},{"@type":"WebSite","@id":"https:\/\/www.xpolemexico.com\/en\/#website","url":"https:\/\/www.xpolemexico.com\/en\/","name":"X-Pole M\u00e9xico","description":"L\u00edderes en Fitness de Pole y A\u00e9reo","potentialAction":[{"@type":"SearchAction","target":{"@type":"EntryPoint","urlTemplate":"https:\/\/www.xpolemexico.com\/en\/?s={search_term_string}"},"query-input":{"@type":"PropertyValueSpecification","valueRequired":true,"valueName":"search_term_string"}}],"inLanguage":"en-US"}]},"og_availability":"instock","product_availability":"instock","product_condition":"new"},"_links":{"self":[{"href":"https:\/\/www.xpolemexico.com\/en\/wp-json\/wp\/v2\/product\/3933","targetHints":{"allow":["GET"]}}],"collection":[{"href":"https:\/\/www.xpolemexico.com\/en\/wp-json\/wp\/v2\/product"}],"about":[{"href":"https:\/\/www.xpolemexico.com\/en\/wp-json\/wp\/v2\/types\/product"}],"wp:featuredmedia":[{"embeddable":true,"href":"https:\/\/www.xpolemexico.com\/en\/wp-json\/wp\/v2\/media\/4150"}],"wp:attachment":[{"href":"https:\/\/www.xpolemexico.com\/en\/wp-json\/wp\/v2\/media?parent=3933"}],"wp:term":[{"taxonomy":"product_cat","embeddable":true,"href":"https:\/\/www.xpolemexico.com\/en\/wp-json\/wp\/v2\/product_cat?post=3933"},{"taxonomy":"product_tag","embeddable":true,"href":"https:\/\/www.xpolemexico.com\/en\/wp-json\/wp\/v2\/product_tag?post=3933"}],"curies":[{"name":"wp","href":"https:\/\/api.w.org\/{rel}","templated":true}]}}