{"id":3917,"date":"2018-02-07T15:12:23","date_gmt":"2018-02-07T21:12:23","guid":{"rendered":"https:\/\/www.xpolemexico.com\/?post_type=product&#038;p=3917"},"modified":"2026-04-04T11:32:19","modified_gmt":"2026-04-04T17:32:19","slug":"ball-mount","status":"publish","type":"product","link":"https:\/\/www.xpolemexico.com\/en\/tienda\/accessories-en\/mounts-en\/ball-mount\/","title":{"rendered":"Ball Mount [XPERT]"},"content":{"rendered":"<p>If you want a permanent mount for your pole (XPERT or XPERT Pro) with maximum safety and stability, the Ball Mount is the solution. It\u2019s also the only way we recommend mounting dual-lined one-piece and two-piece poles in a commercial (studio or gym) environment.<\/p>\n<p>The ball mount is a versatile mounting solution that doesn\u2019t compromise on safety. This permanent mount works for flat and slanted\/vaulted ceilings.<\/p>\n<p>The ball mount is also compatible with our storage system, PoleAway. Ball mount is available in chrome finish and compatible with both 40mm and 45mm diameter poles.<\/p>\n<p>The ball mount must be installed on a beam\/joist (at least 100mm wide) or a solid ceiling. Ball mounts can also be mounted on to truss and I-beams using the truss plate or beam plate respectively.<\/p>\n<p>Check out our <a href=\"https:\/\/www.xpolemexico.com\/support\/\">support page<\/a> to see which pole top inserts are compatible with the standard and vaulted ball mounts.<\/p>\n<p>Please note, this product is not compatible with SPORTS poles.<\/p>\n<h4>PRODUCT NOTES &#8211; please read carefully prior to purchase:<\/h4>\n<ul>\n<li><strong>Additional hardware not included. Fasteners\/hardware required will depend on your space. When in doubt, please consult a professional.<\/strong><\/li>\n<li><b>For 45mm silicone poles &#8211; please choose the 40mm option.\u00a0<\/b><\/li>\n<\/ul>\n","protected":false},"excerpt":{"rendered":"<p>Strong, safe and secure; the X-POLE Ball Mount is perfect for commercial (gym and studio) environments.<\/p>\n","protected":false},"featured_media":90121,"template":"","meta":{"_acf_changed":false},"product_cat":[71],"product_tag":[133,130,88,132,89,131],"class_list":{"0":"post-3917","1":"product","2":"type-product","3":"status-publish","4":"has-post-thumbnail","6":"product_cat-mounts-en","7":"product_tag-40mm45mm50mm","8":"product_tag-ball-mount","9":"product_tag-chrome","10":"product_tag-standard-ball-mount","11":"product_tag-titanium-gold","12":"product_tag-vaulted-ball-mount","13":"product_shipping_class-shipping-class-60","15":"first","16":"instock","17":"taxable","18":"shipping-taxable","19":"purchasable","20":"product-type-variable"},"bundled_by":[],"bundle_stock_status":"instock","bundle_stock_quantity":6,"bundle_virtual":false,"bundle_layout":"","bundle_add_to_cart_form_location":"","bundle_editable_in_cart":false,"bundle_sold_individually_context":"","bundle_item_grouping":"","bundle_min_size":"","bundle_max_size":"","bundle_price":[],"bundled_items":[],"bundle_sell_ids":[],"acf":[],"yoast_head":"<!-- This site is optimized with the Yoast SEO Premium plugin v24.6 (Yoast SEO v24.6) - https:\/\/yoast.com\/wordpress\/plugins\/seo\/ -->\n<title>Ball Mount [XPERT] | Mexico New<\/title>\n<meta name=\"robots\" content=\"index, follow, max-snippet:-1, max-image-preview:large, max-video-preview:-1\" \/>\n<link rel=\"canonical\" href=\"https:\/\/www.xpolemexico.com\/en\/tienda\/accessories-en\/mounts-en\/ball-mount\/\" \/>\n<meta property=\"og:locale\" content=\"en_US\" \/>\n<meta property=\"og:type\" content=\"article\" \/>\n<meta property=\"og:title\" content=\"Ball Mount [XPERT]\" \/>\n<meta property=\"og:description\" content=\"Strong, safe and secure; the X-POLE Ball Mount is perfect for commercial (gym and studio) environments.\" \/>\n<meta property=\"og:url\" content=\"https:\/\/www.xpolemexico.com\/en\/tienda\/accessories-en\/mounts-en\/ball-mount\/\" \/>\n<meta property=\"og:site_name\" content=\"Mexico New\" \/>\n<meta property=\"article:modified_time\" content=\"2026-04-04T17:32:19+00:00\" \/>\n<meta property=\"og:image\" content=\"https:\/\/www.xpolemexico.com\/wp-content\/uploads\/sites\/8\/2018\/02\/Vaulted-ball-mount-2-fotor-2023112094152.jpg\" \/>\n\t<meta property=\"og:image:width\" content=\"600\" \/>\n\t<meta property=\"og:image:height\" content=\"600\" \/>\n\t<meta property=\"og:image:type\" content=\"image\/jpeg\" \/>\n<meta name=\"twitter:card\" content=\"summary_large_image\" \/>\n<meta name=\"twitter:label1\" content=\"Availability\" \/>\n\t<meta name=\"twitter:data1\" content=\"In stock\" \/>\n<script type=\"application\/ld+json\" class=\"yoast-schema-graph\">{\"@context\":\"https:\/\/schema.org\",\"@graph\":[{\"@type\":\"WebPage\",\"@id\":\"https:\/\/www.xpolemexico.com\/en\/tienda\/accessories-en\/mounts-en\/ball-mount\/\",\"url\":\"https:\/\/www.xpolemexico.com\/en\/tienda\/accessories-en\/mounts-en\/ball-mount\/\",\"name\":\"Ball Mount [XPERT] | Mexico New\",\"isPartOf\":{\"@id\":\"https:\/\/www.xpolemexico.com\/en\/#website\"},\"primaryImageOfPage\":{\"@id\":\"https:\/\/www.xpolemexico.com\/en\/tienda\/accessories-en\/mounts-en\/ball-mount\/#primaryimage\"},\"image\":{\"@id\":\"https:\/\/www.xpolemexico.com\/en\/tienda\/accessories-en\/mounts-en\/ball-mount\/#primaryimage\"},\"thumbnailUrl\":\"https:\/\/www.xpolemexico.com\/wp-content\/uploads\/sites\/8\/2018\/02\/Vaulted-ball-mount-2-fotor-2023112094152.jpg\",\"datePublished\":\"2018-02-07T21:12:23+00:00\",\"dateModified\":\"2026-04-04T17:32:19+00:00\",\"breadcrumb\":{\"@id\":\"https:\/\/www.xpolemexico.com\/en\/tienda\/accessories-en\/mounts-en\/ball-mount\/#breadcrumb\"},\"inLanguage\":\"en-US\",\"potentialAction\":[{\"@type\":\"ReadAction\",\"target\":[\"https:\/\/www.xpolemexico.com\/en\/tienda\/accessories-en\/mounts-en\/ball-mount\/\"]}]},{\"@type\":\"ImageObject\",\"inLanguage\":\"en-US\",\"@id\":\"https:\/\/www.xpolemexico.com\/en\/tienda\/accessories-en\/mounts-en\/ball-mount\/#primaryimage\",\"url\":\"https:\/\/www.xpolemexico.com\/wp-content\/uploads\/sites\/8\/2018\/02\/Vaulted-ball-mount-2-fotor-2023112094152.jpg\",\"contentUrl\":\"https:\/\/www.xpolemexico.com\/wp-content\/uploads\/sites\/8\/2018\/02\/Vaulted-ball-mount-2-fotor-2023112094152.jpg\",\"width\":600,\"height\":600},{\"@type\":\"BreadcrumbList\",\"@id\":\"https:\/\/www.xpolemexico.com\/en\/tienda\/accessories-en\/mounts-en\/ball-mount\/#breadcrumb\",\"itemListElement\":[{\"@type\":\"ListItem\",\"position\":1,\"name\":\"Home\",\"item\":\"https:\/\/www.xpolemexico.com\/en\/\"},{\"@type\":\"ListItem\",\"position\":2,\"name\":\"Shop\",\"item\":\"https:\/\/www.xpolemexico.com\/en\/shop-all\/\"},{\"@type\":\"ListItem\",\"position\":3,\"name\":\"Ball Mount [XPERT]\"}]},{\"@type\":\"WebSite\",\"@id\":\"https:\/\/www.xpolemexico.com\/en\/#website\",\"url\":\"https:\/\/www.xpolemexico.com\/en\/\",\"name\":\"X-Pole M\u00e9xico\",\"description\":\"L\u00edderes en Fitness de Pole y A\u00e9reo\",\"potentialAction\":[{\"@type\":\"SearchAction\",\"target\":{\"@type\":\"EntryPoint\",\"urlTemplate\":\"https:\/\/www.xpolemexico.com\/en\/?s={search_term_string}\"},\"query-input\":{\"@type\":\"PropertyValueSpecification\",\"valueRequired\":true,\"valueName\":\"search_term_string\"}}],\"inLanguage\":\"en-US\"}]}<\/script>\n<meta property=\"og:availability\" content=\"instock\" \/>\n<meta property=\"product:availability\" content=\"instock\" \/>\n<meta property=\"product:condition\" content=\"new\" \/>\n<!-- \/ Yoast SEO Premium plugin. -->","yoast_head_json":{"title":"Ball Mount [XPERT] | Mexico New","robots":{"index":"index","follow":"follow","max-snippet":"max-snippet:-1","max-image-preview":"max-image-preview:large","max-video-preview":"max-video-preview:-1"},"canonical":"https:\/\/www.xpolemexico.com\/en\/tienda\/accessories-en\/mounts-en\/ball-mount\/","og_locale":"en_US","og_type":"article","og_title":"Ball Mount [XPERT]","og_description":"Strong, safe and secure; the X-POLE Ball Mount is perfect for commercial (gym and studio) environments.","og_url":"https:\/\/www.xpolemexico.com\/en\/tienda\/accessories-en\/mounts-en\/ball-mount\/","og_site_name":"Mexico New","article_modified_time":"2026-04-04T17:32:19+00:00","og_image":[{"width":600,"height":600,"url":"https:\/\/www.xpolemexico.com\/wp-content\/uploads\/sites\/8\/2018\/02\/Vaulted-ball-mount-2-fotor-2023112094152.jpg","type":"image\/jpeg"}],"twitter_card":"summary_large_image","twitter_misc":{"Availability":"In stock"},"schema":{"@context":"https:\/\/schema.org","@graph":[{"@type":"WebPage","@id":"https:\/\/www.xpolemexico.com\/en\/tienda\/accessories-en\/mounts-en\/ball-mount\/","url":"https:\/\/www.xpolemexico.com\/en\/tienda\/accessories-en\/mounts-en\/ball-mount\/","name":"Ball Mount [XPERT] | Mexico New","isPartOf":{"@id":"https:\/\/www.xpolemexico.com\/en\/#website"},"primaryImageOfPage":{"@id":"https:\/\/www.xpolemexico.com\/en\/tienda\/accessories-en\/mounts-en\/ball-mount\/#primaryimage"},"image":{"@id":"https:\/\/www.xpolemexico.com\/en\/tienda\/accessories-en\/mounts-en\/ball-mount\/#primaryimage"},"thumbnailUrl":"https:\/\/www.xpolemexico.com\/wp-content\/uploads\/sites\/8\/2018\/02\/Vaulted-ball-mount-2-fotor-2023112094152.jpg","datePublished":"2018-02-07T21:12:23+00:00","dateModified":"2026-04-04T17:32:19+00:00","breadcrumb":{"@id":"https:\/\/www.xpolemexico.com\/en\/tienda\/accessories-en\/mounts-en\/ball-mount\/#breadcrumb"},"inLanguage":"en-US","potentialAction":[{"@type":"ReadAction","target":["https:\/\/www.xpolemexico.com\/en\/tienda\/accessories-en\/mounts-en\/ball-mount\/"]}]},{"@type":"ImageObject","inLanguage":"en-US","@id":"https:\/\/www.xpolemexico.com\/en\/tienda\/accessories-en\/mounts-en\/ball-mount\/#primaryimage","url":"https:\/\/www.xpolemexico.com\/wp-content\/uploads\/sites\/8\/2018\/02\/Vaulted-ball-mount-2-fotor-2023112094152.jpg","contentUrl":"https:\/\/www.xpolemexico.com\/wp-content\/uploads\/sites\/8\/2018\/02\/Vaulted-ball-mount-2-fotor-2023112094152.jpg","width":600,"height":600},{"@type":"BreadcrumbList","@id":"https:\/\/www.xpolemexico.com\/en\/tienda\/accessories-en\/mounts-en\/ball-mount\/#breadcrumb","itemListElement":[{"@type":"ListItem","position":1,"name":"Home","item":"https:\/\/www.xpolemexico.com\/en\/"},{"@type":"ListItem","position":2,"name":"Shop","item":"https:\/\/www.xpolemexico.com\/en\/shop-all\/"},{"@type":"ListItem","position":3,"name":"Ball Mount [XPERT]"}]},{"@type":"WebSite","@id":"https:\/\/www.xpolemexico.com\/en\/#website","url":"https:\/\/www.xpolemexico.com\/en\/","name":"X-Pole M\u00e9xico","description":"L\u00edderes en Fitness de Pole y A\u00e9reo","potentialAction":[{"@type":"SearchAction","target":{"@type":"EntryPoint","urlTemplate":"https:\/\/www.xpolemexico.com\/en\/?s={search_term_string}"},"query-input":{"@type":"PropertyValueSpecification","valueRequired":true,"valueName":"search_term_string"}}],"inLanguage":"en-US"}]},"og_availability":"instock","product_availability":"instock","product_condition":"new"},"_links":{"self":[{"href":"https:\/\/www.xpolemexico.com\/en\/wp-json\/wp\/v2\/product\/3917","targetHints":{"allow":["GET"]}}],"collection":[{"href":"https:\/\/www.xpolemexico.com\/en\/wp-json\/wp\/v2\/product"}],"about":[{"href":"https:\/\/www.xpolemexico.com\/en\/wp-json\/wp\/v2\/types\/product"}],"wp:featuredmedia":[{"embeddable":true,"href":"https:\/\/www.xpolemexico.com\/en\/wp-json\/wp\/v2\/media\/90121"}],"wp:attachment":[{"href":"https:\/\/www.xpolemexico.com\/en\/wp-json\/wp\/v2\/media?parent=3917"}],"wp:term":[{"taxonomy":"product_cat","embeddable":true,"href":"https:\/\/www.xpolemexico.com\/en\/wp-json\/wp\/v2\/product_cat?post=3917"},{"taxonomy":"product_tag","embeddable":true,"href":"https:\/\/www.xpolemexico.com\/en\/wp-json\/wp\/v2\/product_tag?post=3917"}],"curies":[{"name":"wp","href":"https:\/\/api.w.org\/{rel}","templated":true}]}}