{"id":3857,"date":"2018-02-07T11:32:09","date_gmt":"2018-02-07T19:32:09","guid":{"rendered":"https:\/\/www.xpolemexico.com\/?post_type=product&#038;p=3857"},"modified":"2026-03-04T11:32:20","modified_gmt":"2026-03-04T17:32:20","slug":"xpert-x-lock","status":"publish","type":"product","link":"https:\/\/www.xpolemexico.com\/en\/tienda\/parts-en\/x-lock-en\/xpert-x-lock\/","title":{"rendered":"X-Lock Adjuster Unit (for XPert Pro or NX upgrade)"},"content":{"rendered":"<p>Do you need to replace the X-Lock adjuster for your Xpert Pro? Do you have an Xpert(NX) and want to upgrade? The X-Lock is our latest in pole technology. Compatible with our Xpert Pro and Xpert[NX] models (2014-2018).<\/p>\n<p>Simple to install, easy to use and safe, the X-LOCK adjuster unit is available in Chrome and Titanium Gold finishes in 40 and 45mm diameter.<\/p>\n<p>Featuring the same articulating micro-base technology that allows you to set up easily, even on an uneven floor, and the functionality to move from static to spinning in less than a second.<\/p>\n<p><b>For full instructions on how to upgrade your XPERT (NX) pole with X-LOCK, view and download the instructions <a href=\"https:\/\/x-pole.co.uk\/wp-content\/uploads\/sites\/8\/2018\/09\/X-Lock-upgrade-page-Final-Version-1.0-2018.pdf\">here<\/a>.<\/b><\/p>\n<p><strong>Only compatible with XPERT poles made after 2014. For silicone poles &#8211; please choose the 40mm option.\u00a0<\/strong><\/p>\n","protected":false},"excerpt":{"rendered":"<p>Do you need to replace the X-Lock adjuster for your Xpert Pro? Do you have an Xpert(NX) and want to upgrade? The X-Lock is our latest in pole technology. Compatible with our Xpert Pro and Xpert[NX] models (2014-2018). Simple to install, easy to use and safe, the X-LOCK adjuster unit is available in Chrome and [&hellip;]<\/p>\n","protected":false},"featured_media":4174,"template":"","meta":{"_acf_changed":false},"product_cat":[57,113,54],"product_tag":[],"class_list":{"0":"post-3857","1":"product","2":"type-product","3":"status-publish","4":"has-post-thumbnail","6":"product_cat-xpert-pro-parts-en","7":"product_cat-x-lock-en","8":"product_cat-xpert-parts-en","9":"product_shipping_class-shipping-class-75-en","11":"first","12":"instock","13":"taxable","14":"shipping-taxable","15":"purchasable","16":"product-type-variable"},"bundled_by":["24622"],"bundle_stock_status":"instock","bundle_stock_quantity":null,"bundle_virtual":false,"bundle_layout":"","bundle_add_to_cart_form_location":"","bundle_editable_in_cart":false,"bundle_sold_individually_context":"","bundle_item_grouping":"","bundle_min_size":"","bundle_max_size":"","bundle_price":[],"bundled_items":[],"bundle_sell_ids":[],"acf":[],"yoast_head":"<!-- This site is optimized with the Yoast SEO Premium plugin v24.6 (Yoast SEO v24.6) - https:\/\/yoast.com\/wordpress\/plugins\/seo\/ -->\n<title>X-Lock Adjuster Unit (for XPert Pro or NX upgrade) | Mexico New<\/title>\n<meta name=\"robots\" content=\"index, follow, max-snippet:-1, max-image-preview:large, max-video-preview:-1\" \/>\n<link rel=\"canonical\" href=\"https:\/\/www.xpolemexico.com\/en\/tienda\/parts-en\/x-lock-en\/xpert-x-lock\/\" \/>\n<meta property=\"og:locale\" content=\"en_US\" \/>\n<meta property=\"og:type\" content=\"article\" \/>\n<meta property=\"og:title\" content=\"X-Lock Adjuster Unit (for XPert Pro or NX upgrade)\" \/>\n<meta property=\"og:description\" content=\"Do you need to replace the X-Lock adjuster for your Xpert Pro? Do you have an Xpert(NX) and want to upgrade? The X-Lock is our latest in pole technology. Compatible with our Xpert Pro and Xpert[NX] models (2014-2018). Simple to install, easy to use and safe, the X-LOCK adjuster unit is available in Chrome and [&hellip;]\" \/>\n<meta property=\"og:url\" content=\"https:\/\/www.xpolemexico.com\/en\/tienda\/parts-en\/x-lock-en\/xpert-x-lock\/\" \/>\n<meta property=\"og:site_name\" content=\"Mexico New\" \/>\n<meta property=\"article:modified_time\" content=\"2026-03-04T17:32:20+00:00\" \/>\n<meta property=\"og:image\" content=\"https:\/\/www.xpolemexico.com\/wp-content\/uploads\/sites\/8\/2018\/02\/X-LOCK-1080x1080.jpg\" \/>\n\t<meta property=\"og:image:width\" content=\"1080\" \/>\n\t<meta property=\"og:image:height\" content=\"1080\" \/>\n\t<meta property=\"og:image:type\" content=\"image\/jpeg\" \/>\n<meta name=\"twitter:card\" content=\"summary_large_image\" \/>\n<meta name=\"twitter:label1\" content=\"Availability\" \/>\n\t<meta name=\"twitter:data1\" content=\"In stock\" \/>\n<script type=\"application\/ld+json\" class=\"yoast-schema-graph\">{\"@context\":\"https:\/\/schema.org\",\"@graph\":[{\"@type\":\"WebPage\",\"@id\":\"https:\/\/www.xpolemexico.com\/en\/tienda\/parts-en\/x-lock-en\/xpert-x-lock\/\",\"url\":\"https:\/\/www.xpolemexico.com\/en\/tienda\/parts-en\/x-lock-en\/xpert-x-lock\/\",\"name\":\"X-Lock Adjuster Unit (for XPert Pro or NX upgrade) | Mexico New\",\"isPartOf\":{\"@id\":\"https:\/\/www.xpolemexico.com\/en\/#website\"},\"primaryImageOfPage\":{\"@id\":\"https:\/\/www.xpolemexico.com\/en\/tienda\/parts-en\/x-lock-en\/xpert-x-lock\/#primaryimage\"},\"image\":{\"@id\":\"https:\/\/www.xpolemexico.com\/en\/tienda\/parts-en\/x-lock-en\/xpert-x-lock\/#primaryimage\"},\"thumbnailUrl\":\"https:\/\/www.xpolemexico.com\/wp-content\/uploads\/sites\/8\/2018\/02\/X-LOCK-1080x1080.jpg\",\"datePublished\":\"2018-02-07T19:32:09+00:00\",\"dateModified\":\"2026-03-04T17:32:20+00:00\",\"breadcrumb\":{\"@id\":\"https:\/\/www.xpolemexico.com\/en\/tienda\/parts-en\/x-lock-en\/xpert-x-lock\/#breadcrumb\"},\"inLanguage\":\"en-US\",\"potentialAction\":[{\"@type\":\"ReadAction\",\"target\":[\"https:\/\/www.xpolemexico.com\/en\/tienda\/parts-en\/x-lock-en\/xpert-x-lock\/\"]}]},{\"@type\":\"ImageObject\",\"inLanguage\":\"en-US\",\"@id\":\"https:\/\/www.xpolemexico.com\/en\/tienda\/parts-en\/x-lock-en\/xpert-x-lock\/#primaryimage\",\"url\":\"https:\/\/www.xpolemexico.com\/wp-content\/uploads\/sites\/8\/2018\/02\/X-LOCK-1080x1080.jpg\",\"contentUrl\":\"https:\/\/www.xpolemexico.com\/wp-content\/uploads\/sites\/8\/2018\/02\/X-LOCK-1080x1080.jpg\",\"width\":1080,\"height\":1080},{\"@type\":\"BreadcrumbList\",\"@id\":\"https:\/\/www.xpolemexico.com\/en\/tienda\/parts-en\/x-lock-en\/xpert-x-lock\/#breadcrumb\",\"itemListElement\":[{\"@type\":\"ListItem\",\"position\":1,\"name\":\"Home\",\"item\":\"https:\/\/www.xpolemexico.com\/en\/\"},{\"@type\":\"ListItem\",\"position\":2,\"name\":\"Shop\",\"item\":\"https:\/\/www.xpolemexico.com\/en\/shop-all\/\"},{\"@type\":\"ListItem\",\"position\":3,\"name\":\"X-Lock Adjuster Unit (for XPert Pro or NX upgrade)\"}]},{\"@type\":\"WebSite\",\"@id\":\"https:\/\/www.xpolemexico.com\/en\/#website\",\"url\":\"https:\/\/www.xpolemexico.com\/en\/\",\"name\":\"X-Pole M\u00e9xico\",\"description\":\"L\u00edderes en Fitness de Pole y A\u00e9reo\",\"potentialAction\":[{\"@type\":\"SearchAction\",\"target\":{\"@type\":\"EntryPoint\",\"urlTemplate\":\"https:\/\/www.xpolemexico.com\/en\/?s={search_term_string}\"},\"query-input\":{\"@type\":\"PropertyValueSpecification\",\"valueRequired\":true,\"valueName\":\"search_term_string\"}}],\"inLanguage\":\"en-US\"}]}<\/script>\n<meta property=\"og:availability\" content=\"instock\" \/>\n<meta property=\"product:availability\" content=\"instock\" \/>\n<meta property=\"product:condition\" content=\"new\" \/>\n<!-- \/ Yoast SEO Premium plugin. -->","yoast_head_json":{"title":"X-Lock Adjuster Unit (for XPert Pro or NX upgrade) | Mexico New","robots":{"index":"index","follow":"follow","max-snippet":"max-snippet:-1","max-image-preview":"max-image-preview:large","max-video-preview":"max-video-preview:-1"},"canonical":"https:\/\/www.xpolemexico.com\/en\/tienda\/parts-en\/x-lock-en\/xpert-x-lock\/","og_locale":"en_US","og_type":"article","og_title":"X-Lock Adjuster Unit (for XPert Pro or NX upgrade)","og_description":"Do you need to replace the X-Lock adjuster for your Xpert Pro? Do you have an Xpert(NX) and want to upgrade? The X-Lock is our latest in pole technology. Compatible with our Xpert Pro and Xpert[NX] models (2014-2018). Simple to install, easy to use and safe, the X-LOCK adjuster unit is available in Chrome and [&hellip;]","og_url":"https:\/\/www.xpolemexico.com\/en\/tienda\/parts-en\/x-lock-en\/xpert-x-lock\/","og_site_name":"Mexico New","article_modified_time":"2026-03-04T17:32:20+00:00","og_image":[{"width":1080,"height":1080,"url":"https:\/\/www.xpolemexico.com\/wp-content\/uploads\/sites\/8\/2018\/02\/X-LOCK-1080x1080.jpg","type":"image\/jpeg"}],"twitter_card":"summary_large_image","twitter_misc":{"Availability":"In stock"},"schema":{"@context":"https:\/\/schema.org","@graph":[{"@type":"WebPage","@id":"https:\/\/www.xpolemexico.com\/en\/tienda\/parts-en\/x-lock-en\/xpert-x-lock\/","url":"https:\/\/www.xpolemexico.com\/en\/tienda\/parts-en\/x-lock-en\/xpert-x-lock\/","name":"X-Lock Adjuster Unit (for XPert Pro or NX upgrade) | Mexico New","isPartOf":{"@id":"https:\/\/www.xpolemexico.com\/en\/#website"},"primaryImageOfPage":{"@id":"https:\/\/www.xpolemexico.com\/en\/tienda\/parts-en\/x-lock-en\/xpert-x-lock\/#primaryimage"},"image":{"@id":"https:\/\/www.xpolemexico.com\/en\/tienda\/parts-en\/x-lock-en\/xpert-x-lock\/#primaryimage"},"thumbnailUrl":"https:\/\/www.xpolemexico.com\/wp-content\/uploads\/sites\/8\/2018\/02\/X-LOCK-1080x1080.jpg","datePublished":"2018-02-07T19:32:09+00:00","dateModified":"2026-03-04T17:32:20+00:00","breadcrumb":{"@id":"https:\/\/www.xpolemexico.com\/en\/tienda\/parts-en\/x-lock-en\/xpert-x-lock\/#breadcrumb"},"inLanguage":"en-US","potentialAction":[{"@type":"ReadAction","target":["https:\/\/www.xpolemexico.com\/en\/tienda\/parts-en\/x-lock-en\/xpert-x-lock\/"]}]},{"@type":"ImageObject","inLanguage":"en-US","@id":"https:\/\/www.xpolemexico.com\/en\/tienda\/parts-en\/x-lock-en\/xpert-x-lock\/#primaryimage","url":"https:\/\/www.xpolemexico.com\/wp-content\/uploads\/sites\/8\/2018\/02\/X-LOCK-1080x1080.jpg","contentUrl":"https:\/\/www.xpolemexico.com\/wp-content\/uploads\/sites\/8\/2018\/02\/X-LOCK-1080x1080.jpg","width":1080,"height":1080},{"@type":"BreadcrumbList","@id":"https:\/\/www.xpolemexico.com\/en\/tienda\/parts-en\/x-lock-en\/xpert-x-lock\/#breadcrumb","itemListElement":[{"@type":"ListItem","position":1,"name":"Home","item":"https:\/\/www.xpolemexico.com\/en\/"},{"@type":"ListItem","position":2,"name":"Shop","item":"https:\/\/www.xpolemexico.com\/en\/shop-all\/"},{"@type":"ListItem","position":3,"name":"X-Lock Adjuster Unit (for XPert Pro or NX upgrade)"}]},{"@type":"WebSite","@id":"https:\/\/www.xpolemexico.com\/en\/#website","url":"https:\/\/www.xpolemexico.com\/en\/","name":"X-Pole M\u00e9xico","description":"L\u00edderes en Fitness de Pole y A\u00e9reo","potentialAction":[{"@type":"SearchAction","target":{"@type":"EntryPoint","urlTemplate":"https:\/\/www.xpolemexico.com\/en\/?s={search_term_string}"},"query-input":{"@type":"PropertyValueSpecification","valueRequired":true,"valueName":"search_term_string"}}],"inLanguage":"en-US"}]},"og_availability":"instock","product_availability":"instock","product_condition":"new"},"_links":{"self":[{"href":"https:\/\/www.xpolemexico.com\/en\/wp-json\/wp\/v2\/product\/3857","targetHints":{"allow":["GET"]}}],"collection":[{"href":"https:\/\/www.xpolemexico.com\/en\/wp-json\/wp\/v2\/product"}],"about":[{"href":"https:\/\/www.xpolemexico.com\/en\/wp-json\/wp\/v2\/types\/product"}],"wp:featuredmedia":[{"embeddable":true,"href":"https:\/\/www.xpolemexico.com\/en\/wp-json\/wp\/v2\/media\/4174"}],"wp:attachment":[{"href":"https:\/\/www.xpolemexico.com\/en\/wp-json\/wp\/v2\/media?parent=3857"}],"wp:term":[{"taxonomy":"product_cat","embeddable":true,"href":"https:\/\/www.xpolemexico.com\/en\/wp-json\/wp\/v2\/product_cat?post=3857"},{"taxonomy":"product_tag","embeddable":true,"href":"https:\/\/www.xpolemexico.com\/en\/wp-json\/wp\/v2\/product_tag?post=3857"}],"curies":[{"name":"wp","href":"https:\/\/api.w.org\/{rel}","templated":true}]}}