{"id":3837,"date":"2018-02-07T10:58:05","date_gmt":"2018-02-07T18:58:05","guid":{"rendered":"https:\/\/www.xpolemexico.com\/?post_type=product&#038;p=3837"},"modified":"2026-04-05T21:49:01","modified_gmt":"2026-04-06T03:49:01","slug":"xpert-pro-px","status":"publish","type":"product","link":"https:\/\/www.xpolemexico.com\/en\/tienda\/poles-en\/xpert-pro-en\/xpert-pro-px\/","title":{"rendered":"XPERT Pro (PX)"},"content":{"rendered":"<p>Taking the best elements of the XPERT, adding in the most advanced spinning &amp; static mechanism in the world, X-LOCK, plus a minimized, sleeker upper dome, and you have the XPERT Pro.<\/p>\n<p>X-LOCK allows you to switch from static to spinning in an instant and back with just a flick of the wrist, no tools needed.<\/p>\n<p>The XPERT Pro is available in Chrome, Stainless Steel, Brass, Titanium Gold, Powder Coat Black\/Pink\/White, and Silicone Black\/Pink; in both 40mm (not all finishes come in this size) &amp; 45mm pole diameters.<\/p>\n<p>Features:<\/p>\n<ul>\n<li style=\"list-style-type: none;\">\n<ul>\n<li>Pressure mounted pole, fits most ceilings from 7\u2019 6\u201d to 9\u2019 1\u2033 at the max adjustment without additional extensions. (200mm extension is most commonly purchased for 9&#8242; 1&#8243;).<\/li>\n<\/ul>\n<ul>\n<li style=\"list-style-type: none;\">\n<ul>\n<li>With additional\u00a0<a href=\"https:\/\/www.xpolemexico.com\/shop-all\/parts\/extensions\/extensions-post-2014\/\">extensions<\/a>, this pole reaches up to 11&#8217;1&#8243;\u00a0with the dome. (<a href=\"https:\/\/www.xpolemexico.com\/wp-content\/uploads\/sites\/8\/2020\/10\/REVISED_Xpert-Pro-Height-chart-with-extensions-January-2019.pdf\">see height chart here<\/a>)<\/li>\n<\/ul>\n<\/li>\n<\/ul>\n<ul>\n<li style=\"list-style-type: none;\">\n<ul>\n<li>For ceiling heights between 11&#8217;1&#8243; &#8211; 11&#8217;10&#8221; the\u00a0<a href=\"https:\/\/www.xpolemexico.com\/shop-all\/accessories\/mounts\/ball-mount\/\">Ball Mount<\/a>\u00a0is required, along with a 1000mm extension.<\/li>\n<\/ul>\n<\/li>\n<\/ul>\n<ul>\n<li style=\"list-style-type: none;\">\n<ul>\n<li>Beyond 11&#8217;10&#8221;, this pole is\u00a0<strong>not suitable<\/strong>, and<strong>\u00a0a studio-grade pole is REQUIRED.\u00a0<\/strong>Please call us at 888-976-5387 (select studio\/wholesale option or dial ext. 103) or email\u00a0<a href=\"mailto:b2b@xpoleus.com\">b2b@xpoleus.com<\/a>\u00a0with your exact ceiling height for a quote.<\/li>\n<\/ul>\n<\/li>\n<\/ul>\n<ul>\n<li style=\"list-style-type: none;\">\n<ul>\n<li>If you are at a cusp height (eg. 7&#8217;6&#8243;, 7&#8217;10&#8221;, 8&#8217;3&#8243;, 9&#8217;1&#8243;) or have shorter ceilings than the listed minimum, please reach out to\u00a0<a href=\"mailto:sales@xpoleus.com\">sales@xpoleus.com<\/a>\u00a0with any questions after installation. Alternate extensions may be needed.<\/li>\n<\/ul>\n<\/li>\n<\/ul>\n<ul>\n<li>Easy to install and user friendly<\/li>\n<li>X-LOCK spinning &amp; static mechanism<\/li>\n<li>Minimized, sleeker upper dome<\/li>\n<li>Disassembles quickly for easy storage and transport<\/li>\n<\/ul>\n<ul>\n<li style=\"list-style-type: none;\">\n<ul>\n<li><a href=\"https:\/\/www.xpolemexico.com\/shop-all\/accessories\/carry-cases-and-bags\/xpert-pro-carry-case\/\">Carry case<\/a>\u00a0 sold separately\u00a0<strong>(not included)<\/strong><\/li>\n<\/ul>\n<\/li>\n<\/ul>\n<ul>\n<li>No permanent modifications needed to set up the XPERT Pro pole (not applicable for use with permanent mount)<\/li>\n<li>Safe, sturdy and full instruction manuals\/instructional videos available<\/li>\n<\/ul>\n<ul>\n<li style=\"list-style-type: none;\">\n<ul>\n<li>Can be installed with a permanent mount (<a href=\"https:\/\/www.xpolemexico.com\/shop-all\/accessories\/mounts\/ball-mount\/\">Ball Mount<\/a>\u00a0or\u00a0<a href=\"https:\/\/www.xpolemexico.com\/shop-all\/accessories\/mounts\/home-mount\/\">Home Mount<\/a>*)<\/li>\n<\/ul>\n<\/li>\n<\/ul>\n<ul>\n<li style=\"list-style-type: none;\">\n<ul>\n<li style=\"list-style-type: none;\">\n<ul>\n<li>*Home Mount: up to 11&#8217;1&#8243;<br \/>\nBall Mount: up to 11&#8217;10&#8221;<\/li>\n<\/ul>\n<\/li>\n<\/ul>\n<\/li>\n<\/ul>\n<p>Height chart and manual can be found here:\u00a0<a href=\"https:\/\/www.xpolemexico.com\/support\/xpert-pro\/\">https:\/\/www.xpolemexico.com\/support\/xpert-pro\/<\/a><\/p>\n<p>The XPERT Pro is designed for home use only. For commercial (studio and gym) use, take a look at our\u00a0<a href=\"https:\/\/www.xpolemexico.com\/dual-lined-poles\/\"><strong>Dual-Lined one-piece and multi-piece poles<\/strong><\/a>.<\/li>\n<\/ul>\n<p>** HAWAII, ALASKA, PUERTO RICO &amp; APO\/MILITARY ADDRESSES &#8211; Will require additional shipping charges. Rates for this region can vary from $150-$250. Customer service representative will contact you via email or phone for additional payment. Tambien hablamos espa\u00f1ol.<\/p>\n","protected":false},"excerpt":{"rendered":"<p>Switching seamlessly from static to spinning is now easy with the XPERT Pro; just twist and go!<\/p>\n","protected":false},"featured_media":101858,"template":"","meta":{"_acf_changed":false},"product_cat":[48],"product_tag":[100],"class_list":{"0":"post-3837","1":"product","2":"type-product","3":"status-publish","4":"has-post-thumbnail","6":"product_cat-xpert-pro-en","7":"product_tag-xpert-pro","8":"product_shipping_class-shipping-class-195-en","10":"first","11":"instock","12":"taxable","13":"shipping-taxable","14":"purchasable","15":"product-type-variable"},"bundled_by":[],"bundle_stock_status":"instock","bundle_stock_quantity":null,"bundle_virtual":false,"bundle_layout":"","bundle_add_to_cart_form_location":"","bundle_editable_in_cart":false,"bundle_sold_individually_context":"","bundle_item_grouping":"","bundle_min_size":"","bundle_max_size":"","bundle_price":[],"bundled_items":[],"bundle_sell_ids":[],"acf":[],"yoast_head":"<!-- This site is optimized with the Yoast SEO Premium plugin v24.6 (Yoast SEO v24.6) - https:\/\/yoast.com\/wordpress\/plugins\/seo\/ -->\n<title>XPERT Pro (PX) | Mexico New<\/title>\n<meta name=\"robots\" content=\"index, follow, max-snippet:-1, max-image-preview:large, max-video-preview:-1\" \/>\n<link rel=\"canonical\" href=\"https:\/\/www.xpolemexico.com\/en\/tienda\/poles-en\/xpert-pro-en\/xpert-pro-px\/\" \/>\n<meta property=\"og:locale\" content=\"en_US\" \/>\n<meta property=\"og:type\" content=\"article\" \/>\n<meta property=\"og:title\" content=\"XPERT Pro (PX)\" \/>\n<meta property=\"og:description\" content=\"Switching seamlessly from static to spinning is now easy with the XPERT Pro; just twist and go!\" \/>\n<meta property=\"og:url\" content=\"https:\/\/www.xpolemexico.com\/en\/tienda\/poles-en\/xpert-pro-en\/xpert-pro-px\/\" \/>\n<meta property=\"og:site_name\" content=\"Mexico New\" \/>\n<meta property=\"article:modified_time\" content=\"2026-04-06T03:49:01+00:00\" \/>\n<meta property=\"og:image\" content=\"https:\/\/www.xpolemexico.com\/wp-content\/uploads\/sites\/8\/2018\/02\/BarraPoledance_XPole-XPERTPro_01.jpg\" \/>\n\t<meta property=\"og:image:width\" content=\"1080\" \/>\n\t<meta property=\"og:image:height\" content=\"1080\" \/>\n\t<meta property=\"og:image:type\" content=\"image\/jpeg\" \/>\n<meta name=\"twitter:card\" content=\"summary_large_image\" \/>\n<meta name=\"twitter:label1\" content=\"Availability\" \/>\n\t<meta name=\"twitter:data1\" content=\"In stock\" \/>\n<script type=\"application\/ld+json\" class=\"yoast-schema-graph\">{\"@context\":\"https:\/\/schema.org\",\"@graph\":[{\"@type\":\"WebPage\",\"@id\":\"https:\/\/www.xpolemexico.com\/en\/tienda\/poles-en\/xpert-pro-en\/xpert-pro-px\/\",\"url\":\"https:\/\/www.xpolemexico.com\/en\/tienda\/poles-en\/xpert-pro-en\/xpert-pro-px\/\",\"name\":\"XPERT Pro (PX) | Mexico New\",\"isPartOf\":{\"@id\":\"https:\/\/www.xpolemexico.com\/en\/#website\"},\"primaryImageOfPage\":{\"@id\":\"https:\/\/www.xpolemexico.com\/en\/tienda\/poles-en\/xpert-pro-en\/xpert-pro-px\/#primaryimage\"},\"image\":{\"@id\":\"https:\/\/www.xpolemexico.com\/en\/tienda\/poles-en\/xpert-pro-en\/xpert-pro-px\/#primaryimage\"},\"thumbnailUrl\":\"https:\/\/www.xpolemexico.com\/wp-content\/uploads\/sites\/8\/2018\/02\/BarraPoledance_XPole-XPERTPro_01.jpg\",\"datePublished\":\"2018-02-07T18:58:05+00:00\",\"dateModified\":\"2026-04-06T03:49:01+00:00\",\"breadcrumb\":{\"@id\":\"https:\/\/www.xpolemexico.com\/en\/tienda\/poles-en\/xpert-pro-en\/xpert-pro-px\/#breadcrumb\"},\"inLanguage\":\"en-US\",\"potentialAction\":[{\"@type\":\"ReadAction\",\"target\":[\"https:\/\/www.xpolemexico.com\/en\/tienda\/poles-en\/xpert-pro-en\/xpert-pro-px\/\"]}]},{\"@type\":\"ImageObject\",\"inLanguage\":\"en-US\",\"@id\":\"https:\/\/www.xpolemexico.com\/en\/tienda\/poles-en\/xpert-pro-en\/xpert-pro-px\/#primaryimage\",\"url\":\"https:\/\/www.xpolemexico.com\/wp-content\/uploads\/sites\/8\/2018\/02\/BarraPoledance_XPole-XPERTPro_01.jpg\",\"contentUrl\":\"https:\/\/www.xpolemexico.com\/wp-content\/uploads\/sites\/8\/2018\/02\/BarraPoledance_XPole-XPERTPro_01.jpg\",\"width\":1080,\"height\":1080,\"caption\":\"Barra de Pole Dance Giratoria\/Est\u00e1tica - XPERT Pro\"},{\"@type\":\"BreadcrumbList\",\"@id\":\"https:\/\/www.xpolemexico.com\/en\/tienda\/poles-en\/xpert-pro-en\/xpert-pro-px\/#breadcrumb\",\"itemListElement\":[{\"@type\":\"ListItem\",\"position\":1,\"name\":\"Home\",\"item\":\"https:\/\/www.xpolemexico.com\/en\/\"},{\"@type\":\"ListItem\",\"position\":2,\"name\":\"Shop\",\"item\":\"https:\/\/www.xpolemexico.com\/en\/shop-all\/\"},{\"@type\":\"ListItem\",\"position\":3,\"name\":\"XPERT Pro (PX)\"}]},{\"@type\":\"WebSite\",\"@id\":\"https:\/\/www.xpolemexico.com\/en\/#website\",\"url\":\"https:\/\/www.xpolemexico.com\/en\/\",\"name\":\"X-Pole M\u00e9xico\",\"description\":\"L\u00edderes en Fitness de Pole y A\u00e9reo\",\"potentialAction\":[{\"@type\":\"SearchAction\",\"target\":{\"@type\":\"EntryPoint\",\"urlTemplate\":\"https:\/\/www.xpolemexico.com\/en\/?s={search_term_string}\"},\"query-input\":{\"@type\":\"PropertyValueSpecification\",\"valueRequired\":true,\"valueName\":\"search_term_string\"}}],\"inLanguage\":\"en-US\"}]}<\/script>\n<meta property=\"og:availability\" content=\"instock\" \/>\n<meta property=\"product:availability\" content=\"instock\" \/>\n<meta property=\"product:retailer_item_id\" content=\"PX\" \/>\n<meta property=\"product:condition\" content=\"new\" \/>\n<!-- \/ Yoast SEO Premium plugin. -->","yoast_head_json":{"title":"XPERT Pro (PX) | Mexico New","robots":{"index":"index","follow":"follow","max-snippet":"max-snippet:-1","max-image-preview":"max-image-preview:large","max-video-preview":"max-video-preview:-1"},"canonical":"https:\/\/www.xpolemexico.com\/en\/tienda\/poles-en\/xpert-pro-en\/xpert-pro-px\/","og_locale":"en_US","og_type":"article","og_title":"XPERT Pro (PX)","og_description":"Switching seamlessly from static to spinning is now easy with the XPERT Pro; just twist and go!","og_url":"https:\/\/www.xpolemexico.com\/en\/tienda\/poles-en\/xpert-pro-en\/xpert-pro-px\/","og_site_name":"Mexico New","article_modified_time":"2026-04-06T03:49:01+00:00","og_image":[{"width":1080,"height":1080,"url":"https:\/\/www.xpolemexico.com\/wp-content\/uploads\/sites\/8\/2018\/02\/BarraPoledance_XPole-XPERTPro_01.jpg","type":"image\/jpeg"}],"twitter_card":"summary_large_image","twitter_misc":{"Availability":"In stock"},"schema":{"@context":"https:\/\/schema.org","@graph":[{"@type":"WebPage","@id":"https:\/\/www.xpolemexico.com\/en\/tienda\/poles-en\/xpert-pro-en\/xpert-pro-px\/","url":"https:\/\/www.xpolemexico.com\/en\/tienda\/poles-en\/xpert-pro-en\/xpert-pro-px\/","name":"XPERT Pro (PX) | Mexico New","isPartOf":{"@id":"https:\/\/www.xpolemexico.com\/en\/#website"},"primaryImageOfPage":{"@id":"https:\/\/www.xpolemexico.com\/en\/tienda\/poles-en\/xpert-pro-en\/xpert-pro-px\/#primaryimage"},"image":{"@id":"https:\/\/www.xpolemexico.com\/en\/tienda\/poles-en\/xpert-pro-en\/xpert-pro-px\/#primaryimage"},"thumbnailUrl":"https:\/\/www.xpolemexico.com\/wp-content\/uploads\/sites\/8\/2018\/02\/BarraPoledance_XPole-XPERTPro_01.jpg","datePublished":"2018-02-07T18:58:05+00:00","dateModified":"2026-04-06T03:49:01+00:00","breadcrumb":{"@id":"https:\/\/www.xpolemexico.com\/en\/tienda\/poles-en\/xpert-pro-en\/xpert-pro-px\/#breadcrumb"},"inLanguage":"en-US","potentialAction":[{"@type":"ReadAction","target":["https:\/\/www.xpolemexico.com\/en\/tienda\/poles-en\/xpert-pro-en\/xpert-pro-px\/"]}]},{"@type":"ImageObject","inLanguage":"en-US","@id":"https:\/\/www.xpolemexico.com\/en\/tienda\/poles-en\/xpert-pro-en\/xpert-pro-px\/#primaryimage","url":"https:\/\/www.xpolemexico.com\/wp-content\/uploads\/sites\/8\/2018\/02\/BarraPoledance_XPole-XPERTPro_01.jpg","contentUrl":"https:\/\/www.xpolemexico.com\/wp-content\/uploads\/sites\/8\/2018\/02\/BarraPoledance_XPole-XPERTPro_01.jpg","width":1080,"height":1080,"caption":"Barra de Pole Dance Giratoria\/Est\u00e1tica - XPERT Pro"},{"@type":"BreadcrumbList","@id":"https:\/\/www.xpolemexico.com\/en\/tienda\/poles-en\/xpert-pro-en\/xpert-pro-px\/#breadcrumb","itemListElement":[{"@type":"ListItem","position":1,"name":"Home","item":"https:\/\/www.xpolemexico.com\/en\/"},{"@type":"ListItem","position":2,"name":"Shop","item":"https:\/\/www.xpolemexico.com\/en\/shop-all\/"},{"@type":"ListItem","position":3,"name":"XPERT Pro (PX)"}]},{"@type":"WebSite","@id":"https:\/\/www.xpolemexico.com\/en\/#website","url":"https:\/\/www.xpolemexico.com\/en\/","name":"X-Pole M\u00e9xico","description":"L\u00edderes en Fitness de Pole y A\u00e9reo","potentialAction":[{"@type":"SearchAction","target":{"@type":"EntryPoint","urlTemplate":"https:\/\/www.xpolemexico.com\/en\/?s={search_term_string}"},"query-input":{"@type":"PropertyValueSpecification","valueRequired":true,"valueName":"search_term_string"}}],"inLanguage":"en-US"}]},"og_availability":"instock","product_availability":"instock","product_retailer_item_id":"PX","product_condition":"new"},"_links":{"self":[{"href":"https:\/\/www.xpolemexico.com\/en\/wp-json\/wp\/v2\/product\/3837","targetHints":{"allow":["GET"]}}],"collection":[{"href":"https:\/\/www.xpolemexico.com\/en\/wp-json\/wp\/v2\/product"}],"about":[{"href":"https:\/\/www.xpolemexico.com\/en\/wp-json\/wp\/v2\/types\/product"}],"wp:featuredmedia":[{"embeddable":true,"href":"https:\/\/www.xpolemexico.com\/en\/wp-json\/wp\/v2\/media\/101858"}],"wp:attachment":[{"href":"https:\/\/www.xpolemexico.com\/en\/wp-json\/wp\/v2\/media?parent=3837"}],"wp:term":[{"taxonomy":"product_cat","embeddable":true,"href":"https:\/\/www.xpolemexico.com\/en\/wp-json\/wp\/v2\/product_cat?post=3837"},{"taxonomy":"product_tag","embeddable":true,"href":"https:\/\/www.xpolemexico.com\/en\/wp-json\/wp\/v2\/product_tag?post=3837"}],"curies":[{"name":"wp","href":"https:\/\/api.w.org\/{rel}","templated":true}]}}