{"id":30417,"date":"2020-08-13T11:14:44","date_gmt":"2020-08-13T18:14:44","guid":{"rendered":"https:\/\/www.xpolemexico.com\/?post_type=product&#038;p=30417"},"modified":"2024-09-03T14:00:58","modified_gmt":"2024-09-03T21:00:58","slug":"hand-sanitizer","status":"publish","type":"product","link":"https:\/\/www.xpolemexico.com\/en\/tienda\/accessories-en\/grips-en\/hand-sanitizer\/","title":{"rendered":"Hand Sanitizer"},"content":{"rendered":"<p>Hand Sanitizer &#8211; Antibacterial.<\/p>\n<p>Protect yourself and ones around you with this easy to carry antibacterial hand sanitizer.<\/p>\n<p>A soothing gel 2 fl.oz 60ml, perfect to carry in your bag or pocket.<\/p>\n<p>Eliminates 99.99% of all germs. Made in the USA.<\/p>\n","protected":false},"excerpt":{"rendered":"<p>Protect yourself and ones around you with this easy to carry antibacterial hand sanitizer.<\/p>\n","protected":false},"featured_media":30418,"template":"","meta":{"_acf_changed":false},"product_cat":[67],"product_tag":[249,250,248,251],"class_list":{"0":"post-30417","1":"product","2":"type-product","3":"status-publish","4":"has-post-thumbnail","6":"product_cat-grips-en","7":"product_tag-antibacterial","8":"product_tag-germs","9":"product_tag-hand-sanitizer","10":"product_tag-protect","12":"first","13":"instock","14":"sold-individually","15":"taxable","16":"shipping-taxable","17":"purchasable","18":"product-type-simple"},"bundled_by":[],"bundle_stock_status":"instock","bundle_stock_quantity":356,"bundle_virtual":false,"bundle_layout":"","bundle_add_to_cart_form_location":"","bundle_editable_in_cart":false,"bundle_sold_individually_context":"","bundle_item_grouping":"","bundle_min_size":"","bundle_max_size":"","bundle_price":[],"bundled_items":[],"bundle_sell_ids":[],"acf":[],"yoast_head":"<!-- This site is optimized with the Yoast SEO Premium plugin v24.6 (Yoast SEO v24.6) - https:\/\/yoast.com\/wordpress\/plugins\/seo\/ -->\n<title>Hand Sanitizer | Mexico New<\/title>\n<meta name=\"robots\" content=\"index, follow, max-snippet:-1, max-image-preview:large, max-video-preview:-1\" \/>\n<link rel=\"canonical\" href=\"https:\/\/www.xpolemexico.com\/en\/tienda\/accessories-en\/grips-en\/hand-sanitizer\/\" \/>\n<meta property=\"og:locale\" content=\"en_US\" \/>\n<meta property=\"og:type\" content=\"article\" \/>\n<meta property=\"og:title\" content=\"Hand Sanitizer\" \/>\n<meta property=\"og:description\" content=\"Protect yourself and ones around you with this easy to carry antibacterial hand sanitizer.\" \/>\n<meta property=\"og:url\" content=\"https:\/\/www.xpolemexico.com\/en\/tienda\/accessories-en\/grips-en\/hand-sanitizer\/\" \/>\n<meta property=\"og:site_name\" content=\"Mexico New\" \/>\n<meta property=\"article:modified_time\" content=\"2024-09-03T21:00:58+00:00\" \/>\n<meta property=\"og:image\" content=\"https:\/\/www.xpolemexico.com\/wp-content\/uploads\/sites\/8\/2020\/08\/Hand_Sani-4-scaled.gif\" \/>\n\t<meta property=\"og:image:width\" content=\"2560\" \/>\n\t<meta property=\"og:image:height\" content=\"2560\" \/>\n\t<meta property=\"og:image:type\" content=\"image\/gif\" \/>\n<meta name=\"twitter:card\" content=\"summary_large_image\" \/>\n<meta name=\"twitter:label1\" content=\"Price\" \/>\n\t<meta name=\"twitter:data1\" content=\"&#036;3.99 (69.01 MXN)\" \/>\n\t<meta name=\"twitter:label2\" content=\"Availability\" \/>\n\t<meta name=\"twitter:data2\" content=\"In stock\" \/>\n<script type=\"application\/ld+json\" class=\"yoast-schema-graph\">{\"@context\":\"https:\/\/schema.org\",\"@graph\":[{\"@type\":\"WebPage\",\"@id\":\"https:\/\/www.xpolemexico.com\/en\/tienda\/accessories-en\/grips-en\/hand-sanitizer\/\",\"url\":\"https:\/\/www.xpolemexico.com\/en\/tienda\/accessories-en\/grips-en\/hand-sanitizer\/\",\"name\":\"Hand Sanitizer | Mexico New\",\"isPartOf\":{\"@id\":\"https:\/\/www.xpolemexico.com\/en\/#website\"},\"primaryImageOfPage\":{\"@id\":\"https:\/\/www.xpolemexico.com\/en\/tienda\/accessories-en\/grips-en\/hand-sanitizer\/#primaryimage\"},\"image\":{\"@id\":\"https:\/\/www.xpolemexico.com\/en\/tienda\/accessories-en\/grips-en\/hand-sanitizer\/#primaryimage\"},\"thumbnailUrl\":\"https:\/\/www.xpolemexico.com\/wp-content\/uploads\/sites\/8\/2020\/08\/Hand_Sani-4-scaled.gif\",\"datePublished\":\"2020-08-13T18:14:44+00:00\",\"dateModified\":\"2024-09-03T21:00:58+00:00\",\"breadcrumb\":{\"@id\":\"https:\/\/www.xpolemexico.com\/en\/tienda\/accessories-en\/grips-en\/hand-sanitizer\/#breadcrumb\"},\"inLanguage\":\"en-US\",\"potentialAction\":[{\"@type\":\"ReadAction\",\"target\":[\"https:\/\/www.xpolemexico.com\/en\/tienda\/accessories-en\/grips-en\/hand-sanitizer\/\"]}]},{\"@type\":\"ImageObject\",\"inLanguage\":\"en-US\",\"@id\":\"https:\/\/www.xpolemexico.com\/en\/tienda\/accessories-en\/grips-en\/hand-sanitizer\/#primaryimage\",\"url\":\"https:\/\/www.xpolemexico.com\/wp-content\/uploads\/sites\/8\/2020\/08\/Hand_Sani-4-scaled.gif\",\"contentUrl\":\"https:\/\/www.xpolemexico.com\/wp-content\/uploads\/sites\/8\/2020\/08\/Hand_Sani-4-scaled.gif\",\"width\":2560,\"height\":2560},{\"@type\":\"BreadcrumbList\",\"@id\":\"https:\/\/www.xpolemexico.com\/en\/tienda\/accessories-en\/grips-en\/hand-sanitizer\/#breadcrumb\",\"itemListElement\":[{\"@type\":\"ListItem\",\"position\":1,\"name\":\"Home\",\"item\":\"https:\/\/www.xpolemexico.com\/en\/\"},{\"@type\":\"ListItem\",\"position\":2,\"name\":\"Shop\",\"item\":\"https:\/\/www.xpolemexico.com\/en\/shop-all\/\"},{\"@type\":\"ListItem\",\"position\":3,\"name\":\"Hand Sanitizer\"}]},{\"@type\":\"WebSite\",\"@id\":\"https:\/\/www.xpolemexico.com\/en\/#website\",\"url\":\"https:\/\/www.xpolemexico.com\/en\/\",\"name\":\"X-Pole M\u00e9xico\",\"description\":\"L\u00edderes en Fitness de Pole y A\u00e9reo\",\"potentialAction\":[{\"@type\":\"SearchAction\",\"target\":{\"@type\":\"EntryPoint\",\"urlTemplate\":\"https:\/\/www.xpolemexico.com\/en\/?s={search_term_string}\"},\"query-input\":{\"@type\":\"PropertyValueSpecification\",\"valueRequired\":true,\"valueName\":\"search_term_string\"}}],\"inLanguage\":\"en-US\"}]}<\/script>\n<meta property=\"product:price:amount\" content=\"3.99\" \/>\n<meta property=\"product:price:currency\" content=\"USD\" \/>\n<meta property=\"og:availability\" content=\"instock\" \/>\n<meta property=\"product:availability\" content=\"instock\" \/>\n<meta property=\"product:retailer_item_id\" content=\"HandSanitizer\" \/>\n<meta property=\"product:condition\" content=\"new\" \/>\n<!-- \/ Yoast SEO Premium plugin. -->","yoast_head_json":{"title":"Hand Sanitizer | Mexico New","robots":{"index":"index","follow":"follow","max-snippet":"max-snippet:-1","max-image-preview":"max-image-preview:large","max-video-preview":"max-video-preview:-1"},"canonical":"https:\/\/www.xpolemexico.com\/en\/tienda\/accessories-en\/grips-en\/hand-sanitizer\/","og_locale":"en_US","og_type":"article","og_title":"Hand Sanitizer","og_description":"Protect yourself and ones around you with this easy to carry antibacterial hand sanitizer.","og_url":"https:\/\/www.xpolemexico.com\/en\/tienda\/accessories-en\/grips-en\/hand-sanitizer\/","og_site_name":"Mexico New","article_modified_time":"2024-09-03T21:00:58+00:00","og_image":[{"width":2560,"height":2560,"url":"https:\/\/www.xpolemexico.com\/wp-content\/uploads\/sites\/8\/2020\/08\/Hand_Sani-4-scaled.gif","type":"image\/gif"}],"twitter_card":"summary_large_image","twitter_misc":{"Price":"&#36;3.99 (69.01 MXN)","Availability":"In stock"},"schema":{"@context":"https:\/\/schema.org","@graph":[{"@type":"WebPage","@id":"https:\/\/www.xpolemexico.com\/en\/tienda\/accessories-en\/grips-en\/hand-sanitizer\/","url":"https:\/\/www.xpolemexico.com\/en\/tienda\/accessories-en\/grips-en\/hand-sanitizer\/","name":"Hand Sanitizer | Mexico New","isPartOf":{"@id":"https:\/\/www.xpolemexico.com\/en\/#website"},"primaryImageOfPage":{"@id":"https:\/\/www.xpolemexico.com\/en\/tienda\/accessories-en\/grips-en\/hand-sanitizer\/#primaryimage"},"image":{"@id":"https:\/\/www.xpolemexico.com\/en\/tienda\/accessories-en\/grips-en\/hand-sanitizer\/#primaryimage"},"thumbnailUrl":"https:\/\/www.xpolemexico.com\/wp-content\/uploads\/sites\/8\/2020\/08\/Hand_Sani-4-scaled.gif","datePublished":"2020-08-13T18:14:44+00:00","dateModified":"2024-09-03T21:00:58+00:00","breadcrumb":{"@id":"https:\/\/www.xpolemexico.com\/en\/tienda\/accessories-en\/grips-en\/hand-sanitizer\/#breadcrumb"},"inLanguage":"en-US","potentialAction":[{"@type":"ReadAction","target":["https:\/\/www.xpolemexico.com\/en\/tienda\/accessories-en\/grips-en\/hand-sanitizer\/"]}]},{"@type":"ImageObject","inLanguage":"en-US","@id":"https:\/\/www.xpolemexico.com\/en\/tienda\/accessories-en\/grips-en\/hand-sanitizer\/#primaryimage","url":"https:\/\/www.xpolemexico.com\/wp-content\/uploads\/sites\/8\/2020\/08\/Hand_Sani-4-scaled.gif","contentUrl":"https:\/\/www.xpolemexico.com\/wp-content\/uploads\/sites\/8\/2020\/08\/Hand_Sani-4-scaled.gif","width":2560,"height":2560},{"@type":"BreadcrumbList","@id":"https:\/\/www.xpolemexico.com\/en\/tienda\/accessories-en\/grips-en\/hand-sanitizer\/#breadcrumb","itemListElement":[{"@type":"ListItem","position":1,"name":"Home","item":"https:\/\/www.xpolemexico.com\/en\/"},{"@type":"ListItem","position":2,"name":"Shop","item":"https:\/\/www.xpolemexico.com\/en\/shop-all\/"},{"@type":"ListItem","position":3,"name":"Hand Sanitizer"}]},{"@type":"WebSite","@id":"https:\/\/www.xpolemexico.com\/en\/#website","url":"https:\/\/www.xpolemexico.com\/en\/","name":"X-Pole M\u00e9xico","description":"L\u00edderes en Fitness de Pole y A\u00e9reo","potentialAction":[{"@type":"SearchAction","target":{"@type":"EntryPoint","urlTemplate":"https:\/\/www.xpolemexico.com\/en\/?s={search_term_string}"},"query-input":{"@type":"PropertyValueSpecification","valueRequired":true,"valueName":"search_term_string"}}],"inLanguage":"en-US"}]},"product_price_amount":"3.99","product_price_currency":"USD","og_availability":"instock","product_availability":"instock","product_retailer_item_id":"HandSanitizer","product_condition":"new"},"_links":{"self":[{"href":"https:\/\/www.xpolemexico.com\/en\/wp-json\/wp\/v2\/product\/30417","targetHints":{"allow":["GET"]}}],"collection":[{"href":"https:\/\/www.xpolemexico.com\/en\/wp-json\/wp\/v2\/product"}],"about":[{"href":"https:\/\/www.xpolemexico.com\/en\/wp-json\/wp\/v2\/types\/product"}],"wp:featuredmedia":[{"embeddable":true,"href":"https:\/\/www.xpolemexico.com\/en\/wp-json\/wp\/v2\/media\/30418"}],"wp:attachment":[{"href":"https:\/\/www.xpolemexico.com\/en\/wp-json\/wp\/v2\/media?parent=30417"}],"wp:term":[{"taxonomy":"product_cat","embeddable":true,"href":"https:\/\/www.xpolemexico.com\/en\/wp-json\/wp\/v2\/product_cat?post=30417"},{"taxonomy":"product_tag","embeddable":true,"href":"https:\/\/www.xpolemexico.com\/en\/wp-json\/wp\/v2\/product_tag?post=30417"}],"curies":[{"name":"wp","href":"https:\/\/api.w.org\/{rel}","templated":true}]}}