{"id":2883,"date":"2018-02-07T10:18:09","date_gmt":"2018-02-07T16:18:09","guid":{"rendered":"https:\/\/www.xpolemexico.com\/?post_type=product&#038;p=2883"},"modified":"2026-04-04T08:41:03","modified_gmt":"2026-04-04T14:41:03","slug":"sport-ns","status":"publish","type":"product","link":"https:\/\/www.xpolemexico.com\/en\/tienda\/poles-en\/sport-en\/sport-ns\/","title":{"rendered":"SPORT (NS) &#8211; Static Only"},"content":{"rendered":"<p>New to pole and looking for a starter level pole, but don\u2019t want to sacrifice quality for price? The X-POLE SPORT is made for you.<\/p>\n<p>So easy to set up you don\u2019t even need a ladder. Height adjustable, with no permanent fixings, available in a range of finishes (Chrome, Titanium Gold and Powder Coat) and pole diameters (40mm and 45mm), there\u2019s a SPORT pole to suit every preference (and budget!).<\/p>\n<p>The SPORT pole is a non-spinning pole to ease the new poler in to their journey.<\/p>\n<p>Features:<\/p>\n<ul>\n<li>Static pole only (this pole does not spin)<\/li>\n<li>Pressure mounted pole that fits heights between 7\u2019 4\u201d to 9\u2019\n<ul>\n<li>Optional extensions for ceiling heights above 9\u2019 up to 11\u2019<\/li>\n<\/ul>\n<\/li>\n<li>Available in Chrome, Titanium Gold &amp; Powder Coat (Black &amp; Pink) finishes and 40mm (only chrome) &amp; 45mm diameters<\/li>\n<li>Easy to install and user friendly<\/li>\n<li>Perfect for starting your pole journey<\/li>\n<li>Safe, sturdy and full instruction manuals\/instructional videos available<\/li>\n<li>Disassembled quickly for easy storage and transport\n<ul>\n<li>Carry case included<\/li>\n<\/ul>\n<\/li>\n<li>No screws, bolts or drilling needed to set up the SPORT range of poles<\/li>\n<\/ul>\n<p>For static and spinning poles, check out the <a href=\"https:\/\/www.xpolemexico.com\/product\/xpert-pro-px\/\">XPERT Pro<\/a>.<\/p>\n<p>You can check out the <a href=\"https:\/\/www.xpolemexico.com\/wp-content\/uploads\/sites\/8\/2018\/08\/SPORT-Manual-November-2014_EDIT.pdf\">SPORT Instruction Manual<\/a> and get a better idea of the <a href=\"https:\/\/www.xpolemexico.com\/wp-content\/uploads\/sites\/8\/2018\/09\/SPORT-Height-Chart.pdf\">SPORT height chart<\/a>.<\/p>\n<p>Unfortunately, the SPORT pole will not work on slanted\/vaulted ceilings.<\/p>\n<p>** HAWAII, ALASKA, PUERTO RICO &amp; APO\/MILITARY ADDRESSES &#8211; Will require additional shipping charges. Rates for this region can vary from $130-$160. Customer service representative will contact you via email or phone for additional payment. Tambien hablamos espa\u00f1ol.<\/p>\n","protected":false},"excerpt":{"rendered":"<p>New to pole and looking for a starter level pole, but don\u2019t want to sacrifice quality for price? The X-POLE SPORT is made for you.<\/p>\n","protected":false},"featured_media":101826,"template":"","meta":{"_acf_changed":false},"product_cat":[46],"product_tag":[99],"class_list":{"0":"post-2883","1":"product","2":"type-product","3":"status-publish","4":"has-post-thumbnail","6":"product_cat-sport-en","7":"product_tag-sport","8":"product_shipping_class-shipping-class-150","10":"first","11":"instock","12":"taxable","13":"shipping-taxable","14":"purchasable","15":"product-type-variable"},"bundled_by":[],"bundle_stock_status":"instock","bundle_stock_quantity":null,"bundle_virtual":false,"bundle_layout":"","bundle_add_to_cart_form_location":"","bundle_editable_in_cart":false,"bundle_sold_individually_context":"","bundle_item_grouping":"","bundle_min_size":"","bundle_max_size":"","bundle_price":[],"bundled_items":[],"bundle_sell_ids":[],"acf":[],"yoast_head":"<!-- This site is optimized with the Yoast SEO Premium plugin v24.6 (Yoast SEO v24.6) - https:\/\/yoast.com\/wordpress\/plugins\/seo\/ -->\n<title>SPORT (NS) - Static Only | Mexico New<\/title>\n<meta name=\"robots\" content=\"index, follow, max-snippet:-1, max-image-preview:large, max-video-preview:-1\" \/>\n<link rel=\"canonical\" href=\"https:\/\/www.xpolemexico.com\/en\/tienda\/poles-en\/sport-en\/sport-ns\/\" \/>\n<meta property=\"og:locale\" content=\"en_US\" \/>\n<meta property=\"og:type\" content=\"article\" \/>\n<meta property=\"og:title\" content=\"SPORT (NS) - Static Only\" \/>\n<meta property=\"og:description\" content=\"New to pole and looking for a starter level pole, but don\u2019t want to sacrifice quality for price? The X-POLE SPORT is made for you.\" \/>\n<meta property=\"og:url\" content=\"https:\/\/www.xpolemexico.com\/en\/tienda\/poles-en\/sport-en\/sport-ns\/\" \/>\n<meta property=\"og:site_name\" content=\"Mexico New\" \/>\n<meta property=\"article:modified_time\" content=\"2026-04-04T14:41:03+00:00\" \/>\n<meta property=\"og:image\" content=\"https:\/\/www.xpolemexico.com\/wp-content\/uploads\/sites\/8\/2018\/02\/Caroline-main-sport-web-image-1.jpeg\" \/>\n\t<meta property=\"og:image:width\" content=\"1080\" \/>\n\t<meta property=\"og:image:height\" content=\"1080\" \/>\n\t<meta property=\"og:image:type\" content=\"image\/jpeg\" \/>\n<meta name=\"twitter:card\" content=\"summary_large_image\" \/>\n<meta name=\"twitter:label1\" content=\"Availability\" \/>\n\t<meta name=\"twitter:data1\" content=\"In stock\" \/>\n<script type=\"application\/ld+json\" class=\"yoast-schema-graph\">{\"@context\":\"https:\/\/schema.org\",\"@graph\":[{\"@type\":\"WebPage\",\"@id\":\"https:\/\/www.xpolemexico.com\/en\/tienda\/poles-en\/sport-en\/sport-ns\/\",\"url\":\"https:\/\/www.xpolemexico.com\/en\/tienda\/poles-en\/sport-en\/sport-ns\/\",\"name\":\"SPORT (NS) - Static Only | Mexico New\",\"isPartOf\":{\"@id\":\"https:\/\/www.xpolemexico.com\/en\/#website\"},\"primaryImageOfPage\":{\"@id\":\"https:\/\/www.xpolemexico.com\/en\/tienda\/poles-en\/sport-en\/sport-ns\/#primaryimage\"},\"image\":{\"@id\":\"https:\/\/www.xpolemexico.com\/en\/tienda\/poles-en\/sport-en\/sport-ns\/#primaryimage\"},\"thumbnailUrl\":\"https:\/\/www.xpolemexico.com\/wp-content\/uploads\/sites\/8\/2018\/02\/BarraPoledance_XPole-SPORT_01.jpg\",\"datePublished\":\"2018-02-07T16:18:09+00:00\",\"dateModified\":\"2026-04-04T14:41:03+00:00\",\"breadcrumb\":{\"@id\":\"https:\/\/www.xpolemexico.com\/en\/tienda\/poles-en\/sport-en\/sport-ns\/#breadcrumb\"},\"inLanguage\":\"en-US\",\"potentialAction\":[{\"@type\":\"ReadAction\",\"target\":[\"https:\/\/www.xpolemexico.com\/en\/tienda\/poles-en\/sport-en\/sport-ns\/\"]}]},{\"@type\":\"ImageObject\",\"inLanguage\":\"en-US\",\"@id\":\"https:\/\/www.xpolemexico.com\/en\/tienda\/poles-en\/sport-en\/sport-ns\/#primaryimage\",\"url\":\"https:\/\/www.xpolemexico.com\/wp-content\/uploads\/sites\/8\/2018\/02\/BarraPoledance_XPole-SPORT_01.jpg\",\"contentUrl\":\"https:\/\/www.xpolemexico.com\/wp-content\/uploads\/sites\/8\/2018\/02\/BarraPoledance_XPole-SPORT_01.jpg\",\"width\":1080,\"height\":1080,\"caption\":\"Barra de Pole Dance Est\u00e1tica - X-Pole SPORT\"},{\"@type\":\"BreadcrumbList\",\"@id\":\"https:\/\/www.xpolemexico.com\/en\/tienda\/poles-en\/sport-en\/sport-ns\/#breadcrumb\",\"itemListElement\":[{\"@type\":\"ListItem\",\"position\":1,\"name\":\"Home\",\"item\":\"https:\/\/www.xpolemexico.com\/en\/\"},{\"@type\":\"ListItem\",\"position\":2,\"name\":\"Shop\",\"item\":\"https:\/\/www.xpolemexico.com\/en\/shop-all\/\"},{\"@type\":\"ListItem\",\"position\":3,\"name\":\"SPORT (NS) &#8211; Static Only\"}]},{\"@type\":\"WebSite\",\"@id\":\"https:\/\/www.xpolemexico.com\/en\/#website\",\"url\":\"https:\/\/www.xpolemexico.com\/en\/\",\"name\":\"X-Pole M\u00e9xico\",\"description\":\"L\u00edderes en Fitness de Pole y A\u00e9reo\",\"potentialAction\":[{\"@type\":\"SearchAction\",\"target\":{\"@type\":\"EntryPoint\",\"urlTemplate\":\"https:\/\/www.xpolemexico.com\/en\/?s={search_term_string}\"},\"query-input\":{\"@type\":\"PropertyValueSpecification\",\"valueRequired\":true,\"valueName\":\"search_term_string\"}}],\"inLanguage\":\"en-US\"}]}<\/script>\n<meta property=\"og:availability\" content=\"instock\" \/>\n<meta property=\"product:availability\" content=\"instock\" \/>\n<meta property=\"product:retailer_item_id\" content=\"NS\" \/>\n<meta property=\"product:condition\" content=\"new\" \/>\n<!-- \/ Yoast SEO Premium plugin. -->","yoast_head_json":{"title":"SPORT (NS) - Static Only | Mexico New","robots":{"index":"index","follow":"follow","max-snippet":"max-snippet:-1","max-image-preview":"max-image-preview:large","max-video-preview":"max-video-preview:-1"},"canonical":"https:\/\/www.xpolemexico.com\/en\/tienda\/poles-en\/sport-en\/sport-ns\/","og_locale":"en_US","og_type":"article","og_title":"SPORT (NS) - Static Only","og_description":"New to pole and looking for a starter level pole, but don\u2019t want to sacrifice quality for price? The X-POLE SPORT is made for you.","og_url":"https:\/\/www.xpolemexico.com\/en\/tienda\/poles-en\/sport-en\/sport-ns\/","og_site_name":"Mexico New","article_modified_time":"2026-04-04T14:41:03+00:00","og_image":[{"width":1080,"height":1080,"url":"https:\/\/www.xpolemexico.com\/wp-content\/uploads\/sites\/8\/2018\/02\/Caroline-main-sport-web-image-1.jpeg","type":"image\/jpeg"}],"twitter_card":"summary_large_image","twitter_misc":{"Availability":"In stock"},"schema":{"@context":"https:\/\/schema.org","@graph":[{"@type":"WebPage","@id":"https:\/\/www.xpolemexico.com\/en\/tienda\/poles-en\/sport-en\/sport-ns\/","url":"https:\/\/www.xpolemexico.com\/en\/tienda\/poles-en\/sport-en\/sport-ns\/","name":"SPORT (NS) - Static Only | Mexico New","isPartOf":{"@id":"https:\/\/www.xpolemexico.com\/en\/#website"},"primaryImageOfPage":{"@id":"https:\/\/www.xpolemexico.com\/en\/tienda\/poles-en\/sport-en\/sport-ns\/#primaryimage"},"image":{"@id":"https:\/\/www.xpolemexico.com\/en\/tienda\/poles-en\/sport-en\/sport-ns\/#primaryimage"},"thumbnailUrl":"https:\/\/www.xpolemexico.com\/wp-content\/uploads\/sites\/8\/2018\/02\/BarraPoledance_XPole-SPORT_01.jpg","datePublished":"2018-02-07T16:18:09+00:00","dateModified":"2026-04-04T14:41:03+00:00","breadcrumb":{"@id":"https:\/\/www.xpolemexico.com\/en\/tienda\/poles-en\/sport-en\/sport-ns\/#breadcrumb"},"inLanguage":"en-US","potentialAction":[{"@type":"ReadAction","target":["https:\/\/www.xpolemexico.com\/en\/tienda\/poles-en\/sport-en\/sport-ns\/"]}]},{"@type":"ImageObject","inLanguage":"en-US","@id":"https:\/\/www.xpolemexico.com\/en\/tienda\/poles-en\/sport-en\/sport-ns\/#primaryimage","url":"https:\/\/www.xpolemexico.com\/wp-content\/uploads\/sites\/8\/2018\/02\/BarraPoledance_XPole-SPORT_01.jpg","contentUrl":"https:\/\/www.xpolemexico.com\/wp-content\/uploads\/sites\/8\/2018\/02\/BarraPoledance_XPole-SPORT_01.jpg","width":1080,"height":1080,"caption":"Barra de Pole Dance Est\u00e1tica - X-Pole SPORT"},{"@type":"BreadcrumbList","@id":"https:\/\/www.xpolemexico.com\/en\/tienda\/poles-en\/sport-en\/sport-ns\/#breadcrumb","itemListElement":[{"@type":"ListItem","position":1,"name":"Home","item":"https:\/\/www.xpolemexico.com\/en\/"},{"@type":"ListItem","position":2,"name":"Shop","item":"https:\/\/www.xpolemexico.com\/en\/shop-all\/"},{"@type":"ListItem","position":3,"name":"SPORT (NS) &#8211; Static Only"}]},{"@type":"WebSite","@id":"https:\/\/www.xpolemexico.com\/en\/#website","url":"https:\/\/www.xpolemexico.com\/en\/","name":"X-Pole M\u00e9xico","description":"L\u00edderes en Fitness de Pole y A\u00e9reo","potentialAction":[{"@type":"SearchAction","target":{"@type":"EntryPoint","urlTemplate":"https:\/\/www.xpolemexico.com\/en\/?s={search_term_string}"},"query-input":{"@type":"PropertyValueSpecification","valueRequired":true,"valueName":"search_term_string"}}],"inLanguage":"en-US"}]},"og_availability":"instock","product_availability":"instock","product_retailer_item_id":"NS","product_condition":"new"},"_links":{"self":[{"href":"https:\/\/www.xpolemexico.com\/en\/wp-json\/wp\/v2\/product\/2883","targetHints":{"allow":["GET"]}}],"collection":[{"href":"https:\/\/www.xpolemexico.com\/en\/wp-json\/wp\/v2\/product"}],"about":[{"href":"https:\/\/www.xpolemexico.com\/en\/wp-json\/wp\/v2\/types\/product"}],"wp:featuredmedia":[{"embeddable":true,"href":"https:\/\/www.xpolemexico.com\/en\/wp-json\/wp\/v2\/media\/101826"}],"wp:attachment":[{"href":"https:\/\/www.xpolemexico.com\/en\/wp-json\/wp\/v2\/media?parent=2883"}],"wp:term":[{"taxonomy":"product_cat","embeddable":true,"href":"https:\/\/www.xpolemexico.com\/en\/wp-json\/wp\/v2\/product_cat?post=2883"},{"taxonomy":"product_tag","embeddable":true,"href":"https:\/\/www.xpolemexico.com\/en\/wp-json\/wp\/v2\/product_tag?post=2883"}],"curies":[{"name":"wp","href":"https:\/\/api.w.org\/{rel}","templated":true}]}}