{"id":2680,"date":"2018-01-31T15:35:34","date_gmt":"2018-01-31T23:35:34","guid":{"rendered":"https:\/\/www.xpolemexico.com\/product\/xpole-a-frame\/"},"modified":"2024-08-24T23:20:13","modified_gmt":"2024-08-25T06:20:13","slug":"xpole-a-frame","status":"publish","type":"product","link":"https:\/\/www.xpolemexico.com\/en\/tienda\/aerial-en\/a-frame-en\/xpole-a-frame\/","title":{"rendered":"X-POLE A-Frame"},"content":{"rendered":"<p>Take your aerial experience anywhere with the X-POLE Aerial A-FRAME; Take flight!<\/p>\n<p>The A-FRAME is designed to be a portable aerial rig for Hammocks, Silks, Hoops and the X-FLY Flying Pole.<\/p>\n<p>The A-Frame can be used from 8ft (2450mm) up to 11.42ft (3480mm) with multiple heights being selectable in-between.<\/p>\n<p>Carry cases for all elements of the A-FRAME come as standard, and at a total of 72lbs, this really is the most portable aerial rig available.<\/p>\n<p>Features:<\/p>\n<ul>\n<li>Lightweight aluminum frame for maximum portability<\/li>\n<li>55&#8243; top bar supplied with product\n<ul>\n<li><a href=\"https:\/\/www.xpolemexico.com\/shop-all\/parts\/a-frame-parts\/extended-top-bar-2000mm\/\">78&#8243; extended top bar sold separately<\/a><\/li>\n<\/ul>\n<\/li>\n<li>Extendable height from 8ft (2450mm) up to 11.42ft (3480mm)\n<ul>\n<li>Footprint\n<ul>\n<li>8ft height \u2013 47 sq.ft<\/li>\n<li>11.42ft height \u2013 95 sq.ft<\/li>\n<\/ul>\n<\/li>\n<\/ul>\n<\/li>\n<li>Stabilization straps supplied for extra rigidity at taller heights<\/li>\n<li>Can be used indoors (height clearance permitting) or outdoors<\/li>\n<li>Flexibility to switch between aerial disciplines (Hammocks, Silks, Hoops or X-FLY Flying Pole)<\/li>\n<li>Carry cases included<\/li>\n<li>Full instructions included<\/li>\n<li>Additional weight bags included for maximum stability\n<ul>\n<li>Sand not included<\/li>\n<\/ul>\n<\/li>\n<\/ul>\n<div class=\"page\" title=\"Page 4\">\n<div class=\"layoutArea\">\n<div class=\"column\">\n<p>The A-FRAME will come in 7 Pieces, 4 x telescopic legs with feet attached, 2 Leg Connectors and a Top Bar. Pins, straps and carry bags (1x Top Bar &amp; Legs, and accessories). Additional weight bags that can be used with the A-FRAME are also included.<\/p>\n<p>To connect Lyra, Silks and hammocks, you may also need <a href=\"https:\/\/www.xpolemexico.com\/shop-all\/accessories\/aerial-accessories\/carabiner-screw-gate-mbs-25kn-black\/\">carabiners<\/a>, <a href=\"https:\/\/www.xpolemexico.com\/shop-all\/accessories\/aerial-accessories\/swivel-oval-mbs-36kn-black\/\">swivels<\/a>, <a href=\"https:\/\/www.xpolemexico.com\/shop-all\/accessories\/aerial-accessories\/descender-terminal-8-mbs-45kn-black\/\">Terminal 8<\/a>, <a href=\"https:\/\/www.xpolemexico.com\/shop-all\/accessories\/aerial-accessories\/span-set-3ft\/\">Span Sets<\/a> and <a href=\"https:\/\/www.xpolemexico.com\/shop-all\/parts\/a-frame-parts\/a-frame-figure-8-connector\/\">top-bar connector<\/a> which can be purchased separately.<\/p>\n<p>** HAWAII, ALASKA, PUERTO RICO &amp; APO\/MILITARY ADDRESSES &#8211; Will require additional shipping charges. Rates for this region can vary from $130-$160. Customer service representative will contact you via email or phone for additional payment. Tambien hablamos espa\u00f1ol.<\/p>\n<\/div>\n<\/div>\n<\/div>\n","protected":false},"excerpt":{"rendered":"<p>The most portable, height adjustable, multi-discipline aerial rig in the world; the X-POLE A-FRAME!<\/p>\n","protected":false},"featured_media":101957,"template":"","meta":{"_acf_changed":false},"product_cat":[59],"product_tag":[119,120,123,122,121,126,124,125,127],"class_list":{"0":"post-2680","1":"product","2":"type-product","3":"status-publish","4":"has-post-thumbnail","6":"product_cat-a-frame-en","7":"product_tag-a-frame","8":"product_tag-aerial-fitness","9":"product_tag-aerial-hammock-yoga","10":"product_tag-aerial-hoop","11":"product_tag-aerial-yoga","12":"product_tag-flying-pole","13":"product_tag-low-silks","14":"product_tag-x-fly","15":"product_tag-x-pole","16":"product_shipping_class-shipping-class-260","18":"first","19":"instock","20":"taxable","21":"shipping-taxable","22":"purchasable","23":"product-type-simple"},"bundled_by":["63033"],"bundle_stock_status":"instock","bundle_stock_quantity":20,"bundle_virtual":false,"bundle_layout":"","bundle_add_to_cart_form_location":"","bundle_editable_in_cart":false,"bundle_sold_individually_context":"","bundle_item_grouping":"","bundle_min_size":"","bundle_max_size":"","bundle_price":[],"bundled_items":[],"bundle_sell_ids":[],"acf":[],"yoast_head":"<!-- This site is optimized with the Yoast SEO Premium plugin v24.6 (Yoast SEO v24.6) - https:\/\/yoast.com\/wordpress\/plugins\/seo\/ -->\n<title>X-POLE A-Frame | Mexico New<\/title>\n<meta name=\"robots\" content=\"index, follow, max-snippet:-1, max-image-preview:large, max-video-preview:-1\" \/>\n<link rel=\"canonical\" href=\"https:\/\/www.xpolemexico.com\/en\/tienda\/aerial-en\/a-frame-en\/xpole-a-frame\/\" \/>\n<meta property=\"og:locale\" content=\"en_US\" \/>\n<meta property=\"og:type\" content=\"article\" \/>\n<meta property=\"og:title\" content=\"X-POLE A-Frame\" \/>\n<meta property=\"og:description\" content=\"The most portable, height adjustable, multi-discipline aerial rig in the world; the X-POLE A-FRAME!\" \/>\n<meta property=\"og:url\" content=\"https:\/\/www.xpolemexico.com\/en\/tienda\/aerial-en\/a-frame-en\/xpole-a-frame\/\" \/>\n<meta property=\"og:site_name\" content=\"Mexico New\" \/>\n<meta property=\"article:modified_time\" content=\"2024-08-25T06:20:13+00:00\" \/>\n<meta property=\"og:image\" content=\"https:\/\/www.xpolemexico.com\/wp-content\/uploads\/sites\/8\/AFRAMENoFigure8.jpg\" \/>\n\t<meta property=\"og:image:width\" content=\"600\" \/>\n\t<meta property=\"og:image:height\" content=\"600\" \/>\n\t<meta property=\"og:image:type\" content=\"image\/jpeg\" \/>\n<meta name=\"twitter:card\" content=\"summary_large_image\" \/>\n<meta name=\"twitter:label1\" content=\"Price\" \/>\n\t<meta name=\"twitter:data1\" content=\"&#036;839.99 (14653.19 MXN)\" \/>\n\t<meta name=\"twitter:label2\" content=\"Availability\" \/>\n\t<meta name=\"twitter:data2\" content=\"In stock\" \/>\n<script type=\"application\/ld+json\" class=\"yoast-schema-graph\">{\"@context\":\"https:\/\/schema.org\",\"@graph\":[{\"@type\":\"WebPage\",\"@id\":\"https:\/\/www.xpolemexico.com\/en\/tienda\/aerial-en\/a-frame-en\/xpole-a-frame\/\",\"url\":\"https:\/\/www.xpolemexico.com\/en\/tienda\/aerial-en\/a-frame-en\/xpole-a-frame\/\",\"name\":\"X-POLE A-Frame | Mexico New\",\"isPartOf\":{\"@id\":\"https:\/\/www.xpolemexico.com\/en\/#website\"},\"primaryImageOfPage\":{\"@id\":\"https:\/\/www.xpolemexico.com\/en\/tienda\/aerial-en\/a-frame-en\/xpole-a-frame\/#primaryimage\"},\"image\":{\"@id\":\"https:\/\/www.xpolemexico.com\/en\/tienda\/aerial-en\/a-frame-en\/xpole-a-frame\/#primaryimage\"},\"thumbnailUrl\":\"https:\/\/www.xpolemexico.com\/wp-content\/uploads\/sites\/8\/2018\/01\/AFrame_XPole_01.jpg\",\"datePublished\":\"2018-01-31T23:35:34+00:00\",\"dateModified\":\"2024-08-25T06:20:13+00:00\",\"breadcrumb\":{\"@id\":\"https:\/\/www.xpolemexico.com\/en\/tienda\/aerial-en\/a-frame-en\/xpole-a-frame\/#breadcrumb\"},\"inLanguage\":\"en-US\",\"potentialAction\":[{\"@type\":\"ReadAction\",\"target\":[\"https:\/\/www.xpolemexico.com\/en\/tienda\/aerial-en\/a-frame-en\/xpole-a-frame\/\"]}]},{\"@type\":\"ImageObject\",\"inLanguage\":\"en-US\",\"@id\":\"https:\/\/www.xpolemexico.com\/en\/tienda\/aerial-en\/a-frame-en\/xpole-a-frame\/#primaryimage\",\"url\":\"https:\/\/www.xpolemexico.com\/wp-content\/uploads\/sites\/8\/2018\/01\/AFrame_XPole_01.jpg\",\"contentUrl\":\"https:\/\/www.xpolemexico.com\/wp-content\/uploads\/sites\/8\/2018\/01\/AFrame_XPole_01.jpg\",\"width\":600,\"height\":600,\"caption\":\"A-Frame X-Pole\"},{\"@type\":\"BreadcrumbList\",\"@id\":\"https:\/\/www.xpolemexico.com\/en\/tienda\/aerial-en\/a-frame-en\/xpole-a-frame\/#breadcrumb\",\"itemListElement\":[{\"@type\":\"ListItem\",\"position\":1,\"name\":\"Home\",\"item\":\"https:\/\/www.xpolemexico.com\/en\/\"},{\"@type\":\"ListItem\",\"position\":2,\"name\":\"Shop\",\"item\":\"https:\/\/www.xpolemexico.com\/en\/shop-all\/\"},{\"@type\":\"ListItem\",\"position\":3,\"name\":\"X-POLE A-Frame\"}]},{\"@type\":\"WebSite\",\"@id\":\"https:\/\/www.xpolemexico.com\/en\/#website\",\"url\":\"https:\/\/www.xpolemexico.com\/en\/\",\"name\":\"X-Pole M\u00e9xico\",\"description\":\"L\u00edderes en Fitness de Pole y A\u00e9reo\",\"potentialAction\":[{\"@type\":\"SearchAction\",\"target\":{\"@type\":\"EntryPoint\",\"urlTemplate\":\"https:\/\/www.xpolemexico.com\/en\/?s={search_term_string}\"},\"query-input\":{\"@type\":\"PropertyValueSpecification\",\"valueRequired\":true,\"valueName\":\"search_term_string\"}}],\"inLanguage\":\"en-US\"}]}<\/script>\n<meta property=\"product:price:amount\" content=\"839.99\" \/>\n<meta property=\"product:price:currency\" content=\"USD\" \/>\n<meta property=\"og:availability\" content=\"instock\" \/>\n<meta property=\"product:availability\" content=\"instock\" \/>\n<meta property=\"product:retailer_item_id\" content=\"XAF-10\" \/>\n<meta property=\"product:condition\" content=\"new\" \/>\n<!-- \/ Yoast SEO Premium plugin. -->","yoast_head_json":{"title":"X-POLE A-Frame | Mexico New","robots":{"index":"index","follow":"follow","max-snippet":"max-snippet:-1","max-image-preview":"max-image-preview:large","max-video-preview":"max-video-preview:-1"},"canonical":"https:\/\/www.xpolemexico.com\/en\/tienda\/aerial-en\/a-frame-en\/xpole-a-frame\/","og_locale":"en_US","og_type":"article","og_title":"X-POLE A-Frame","og_description":"The most portable, height adjustable, multi-discipline aerial rig in the world; the X-POLE A-FRAME!","og_url":"https:\/\/www.xpolemexico.com\/en\/tienda\/aerial-en\/a-frame-en\/xpole-a-frame\/","og_site_name":"Mexico New","article_modified_time":"2024-08-25T06:20:13+00:00","og_image":[{"width":600,"height":600,"url":"https:\/\/www.xpolemexico.com\/wp-content\/uploads\/sites\/8\/AFRAMENoFigure8.jpg","type":"image\/jpeg"}],"twitter_card":"summary_large_image","twitter_misc":{"Price":"&#36;839.99 (14653.19 MXN)","Availability":"In stock"},"schema":{"@context":"https:\/\/schema.org","@graph":[{"@type":"WebPage","@id":"https:\/\/www.xpolemexico.com\/en\/tienda\/aerial-en\/a-frame-en\/xpole-a-frame\/","url":"https:\/\/www.xpolemexico.com\/en\/tienda\/aerial-en\/a-frame-en\/xpole-a-frame\/","name":"X-POLE A-Frame | Mexico New","isPartOf":{"@id":"https:\/\/www.xpolemexico.com\/en\/#website"},"primaryImageOfPage":{"@id":"https:\/\/www.xpolemexico.com\/en\/tienda\/aerial-en\/a-frame-en\/xpole-a-frame\/#primaryimage"},"image":{"@id":"https:\/\/www.xpolemexico.com\/en\/tienda\/aerial-en\/a-frame-en\/xpole-a-frame\/#primaryimage"},"thumbnailUrl":"https:\/\/www.xpolemexico.com\/wp-content\/uploads\/sites\/8\/2018\/01\/AFrame_XPole_01.jpg","datePublished":"2018-01-31T23:35:34+00:00","dateModified":"2024-08-25T06:20:13+00:00","breadcrumb":{"@id":"https:\/\/www.xpolemexico.com\/en\/tienda\/aerial-en\/a-frame-en\/xpole-a-frame\/#breadcrumb"},"inLanguage":"en-US","potentialAction":[{"@type":"ReadAction","target":["https:\/\/www.xpolemexico.com\/en\/tienda\/aerial-en\/a-frame-en\/xpole-a-frame\/"]}]},{"@type":"ImageObject","inLanguage":"en-US","@id":"https:\/\/www.xpolemexico.com\/en\/tienda\/aerial-en\/a-frame-en\/xpole-a-frame\/#primaryimage","url":"https:\/\/www.xpolemexico.com\/wp-content\/uploads\/sites\/8\/2018\/01\/AFrame_XPole_01.jpg","contentUrl":"https:\/\/www.xpolemexico.com\/wp-content\/uploads\/sites\/8\/2018\/01\/AFrame_XPole_01.jpg","width":600,"height":600,"caption":"A-Frame X-Pole"},{"@type":"BreadcrumbList","@id":"https:\/\/www.xpolemexico.com\/en\/tienda\/aerial-en\/a-frame-en\/xpole-a-frame\/#breadcrumb","itemListElement":[{"@type":"ListItem","position":1,"name":"Home","item":"https:\/\/www.xpolemexico.com\/en\/"},{"@type":"ListItem","position":2,"name":"Shop","item":"https:\/\/www.xpolemexico.com\/en\/shop-all\/"},{"@type":"ListItem","position":3,"name":"X-POLE A-Frame"}]},{"@type":"WebSite","@id":"https:\/\/www.xpolemexico.com\/en\/#website","url":"https:\/\/www.xpolemexico.com\/en\/","name":"X-Pole M\u00e9xico","description":"L\u00edderes en Fitness de Pole y A\u00e9reo","potentialAction":[{"@type":"SearchAction","target":{"@type":"EntryPoint","urlTemplate":"https:\/\/www.xpolemexico.com\/en\/?s={search_term_string}"},"query-input":{"@type":"PropertyValueSpecification","valueRequired":true,"valueName":"search_term_string"}}],"inLanguage":"en-US"}]},"product_price_amount":"839.99","product_price_currency":"USD","og_availability":"instock","product_availability":"instock","product_retailer_item_id":"XAF-10","product_condition":"new"},"_links":{"self":[{"href":"https:\/\/www.xpolemexico.com\/en\/wp-json\/wp\/v2\/product\/2680","targetHints":{"allow":["GET"]}}],"collection":[{"href":"https:\/\/www.xpolemexico.com\/en\/wp-json\/wp\/v2\/product"}],"about":[{"href":"https:\/\/www.xpolemexico.com\/en\/wp-json\/wp\/v2\/types\/product"}],"wp:featuredmedia":[{"embeddable":true,"href":"https:\/\/www.xpolemexico.com\/en\/wp-json\/wp\/v2\/media\/101957"}],"wp:attachment":[{"href":"https:\/\/www.xpolemexico.com\/en\/wp-json\/wp\/v2\/media?parent=2680"}],"wp:term":[{"taxonomy":"product_cat","embeddable":true,"href":"https:\/\/www.xpolemexico.com\/en\/wp-json\/wp\/v2\/product_cat?post=2680"},{"taxonomy":"product_tag","embeddable":true,"href":"https:\/\/www.xpolemexico.com\/en\/wp-json\/wp\/v2\/product_tag?post=2680"}],"curies":[{"name":"wp","href":"https:\/\/api.w.org\/{rel}","templated":true}]}}