{"id":2504,"date":"2018-01-31T15:33:59","date_gmt":"2018-01-31T21:33:59","guid":{"rendered":"https:\/\/www.xpolemexico.com\/product\/upper-dome-280mm-11-tg-px\/"},"modified":"2026-04-05T23:26:10","modified_gmt":"2026-04-06T05:26:10","slug":"upper-dome-280mm-11-tg-px","status":"publish","type":"product","link":"https:\/\/www.xpolemexico.com\/en\/tienda\/parts-en\/xpert-pro-parts-en\/upper-dome-280mm-11-tg-px\/","title":{"rendered":"Upper Dome (11&#8243;) (TG): PX"},"content":{"rendered":"<p>Titanium Gold Upper Dome (11\u2033) for use with PX Sets.<\/p>\n<p>This is a replacement part.<\/p>\n","protected":false},"excerpt":{"rendered":"<p>Titanium Gold Upper Dome (11\u2033) for use with PX Sets. This is a replacement part.<\/p>\n","protected":false},"featured_media":91732,"template":"","meta":{"_acf_changed":false},"product_cat":[57],"product_tag":[],"class_list":{"0":"post-2504","1":"product","2":"type-product","3":"status-publish","4":"has-post-thumbnail","6":"product_cat-xpert-pro-parts-en","7":"product_shipping_class-shipping-class-60","9":"first","10":"instock","11":"taxable","12":"shipping-taxable","13":"purchasable","14":"product-type-simple"},"bundled_by":[],"bundle_stock_status":"instock","bundle_stock_quantity":1,"bundle_virtual":false,"bundle_layout":"","bundle_add_to_cart_form_location":"","bundle_editable_in_cart":false,"bundle_sold_individually_context":"","bundle_item_grouping":"","bundle_min_size":"","bundle_max_size":"","bundle_price":[],"bundled_items":[],"bundle_sell_ids":[],"acf":[],"yoast_head":"<!-- This site is optimized with the Yoast SEO Premium plugin v24.6 (Yoast SEO v24.6) - https:\/\/yoast.com\/wordpress\/plugins\/seo\/ -->\n<title>Upper Dome (11&quot;) (TG): PX | Mexico New<\/title>\n<meta name=\"robots\" content=\"index, follow, max-snippet:-1, max-image-preview:large, max-video-preview:-1\" \/>\n<link rel=\"canonical\" href=\"https:\/\/www.xpolemexico.com\/en\/tienda\/parts-en\/xpert-pro-parts-en\/upper-dome-280mm-11-tg-px\/\" \/>\n<meta property=\"og:locale\" content=\"en_US\" \/>\n<meta property=\"og:type\" content=\"article\" \/>\n<meta property=\"og:title\" content=\"Upper Dome (11&quot;) (TG): PX\" \/>\n<meta property=\"og:description\" content=\"Titanium Gold Upper Dome (11\u2033) for use with PX Sets. This is a replacement part.\" \/>\n<meta property=\"og:url\" content=\"https:\/\/www.xpolemexico.com\/en\/tienda\/parts-en\/xpert-pro-parts-en\/upper-dome-280mm-11-tg-px\/\" \/>\n<meta property=\"og:site_name\" content=\"Mexico New\" \/>\n<meta property=\"article:modified_time\" content=\"2026-04-06T05:26:10+00:00\" \/>\n<meta property=\"og:image\" content=\"https:\/\/www.xpolemexico.com\/wp-content\/uploads\/sites\/8\/2018\/01\/Upper-Dome-280mm-11_-TG-PX-PXTG-0010.jpg\" \/>\n\t<meta property=\"og:image:width\" content=\"1080\" \/>\n\t<meta property=\"og:image:height\" content=\"1080\" \/>\n\t<meta property=\"og:image:type\" content=\"image\/jpeg\" \/>\n<meta name=\"twitter:card\" content=\"summary_large_image\" \/>\n<meta name=\"twitter:label1\" content=\"Price\" \/>\n\t<meta name=\"twitter:data1\" content=\"&#036;69.99 (1217.39 MXN)\" \/>\n\t<meta name=\"twitter:label2\" content=\"Availability\" \/>\n\t<meta name=\"twitter:data2\" content=\"In stock\" \/>\n<script type=\"application\/ld+json\" class=\"yoast-schema-graph\">{\"@context\":\"https:\/\/schema.org\",\"@graph\":[{\"@type\":\"WebPage\",\"@id\":\"https:\/\/www.xpolemexico.com\/en\/tienda\/parts-en\/xpert-pro-parts-en\/upper-dome-280mm-11-tg-px\/\",\"url\":\"https:\/\/www.xpolemexico.com\/en\/tienda\/parts-en\/xpert-pro-parts-en\/upper-dome-280mm-11-tg-px\/\",\"name\":\"Upper Dome (11\\\") (TG): PX | Mexico New\",\"isPartOf\":{\"@id\":\"https:\/\/www.xpolemexico.com\/en\/#website\"},\"primaryImageOfPage\":{\"@id\":\"https:\/\/www.xpolemexico.com\/en\/tienda\/parts-en\/xpert-pro-parts-en\/upper-dome-280mm-11-tg-px\/#primaryimage\"},\"image\":{\"@id\":\"https:\/\/www.xpolemexico.com\/en\/tienda\/parts-en\/xpert-pro-parts-en\/upper-dome-280mm-11-tg-px\/#primaryimage\"},\"thumbnailUrl\":\"https:\/\/www.xpolemexico.com\/wp-content\/uploads\/sites\/8\/2018\/01\/Upper-Dome-280mm-11_-TG-PX-PXTG-0010.jpg\",\"datePublished\":\"2018-01-31T21:33:59+00:00\",\"dateModified\":\"2026-04-06T05:26:10+00:00\",\"breadcrumb\":{\"@id\":\"https:\/\/www.xpolemexico.com\/en\/tienda\/parts-en\/xpert-pro-parts-en\/upper-dome-280mm-11-tg-px\/#breadcrumb\"},\"inLanguage\":\"en-US\",\"potentialAction\":[{\"@type\":\"ReadAction\",\"target\":[\"https:\/\/www.xpolemexico.com\/en\/tienda\/parts-en\/xpert-pro-parts-en\/upper-dome-280mm-11-tg-px\/\"]}]},{\"@type\":\"ImageObject\",\"inLanguage\":\"en-US\",\"@id\":\"https:\/\/www.xpolemexico.com\/en\/tienda\/parts-en\/xpert-pro-parts-en\/upper-dome-280mm-11-tg-px\/#primaryimage\",\"url\":\"https:\/\/www.xpolemexico.com\/wp-content\/uploads\/sites\/8\/2018\/01\/Upper-Dome-280mm-11_-TG-PX-PXTG-0010.jpg\",\"contentUrl\":\"https:\/\/www.xpolemexico.com\/wp-content\/uploads\/sites\/8\/2018\/01\/Upper-Dome-280mm-11_-TG-PX-PXTG-0010.jpg\",\"width\":1080,\"height\":1080},{\"@type\":\"BreadcrumbList\",\"@id\":\"https:\/\/www.xpolemexico.com\/en\/tienda\/parts-en\/xpert-pro-parts-en\/upper-dome-280mm-11-tg-px\/#breadcrumb\",\"itemListElement\":[{\"@type\":\"ListItem\",\"position\":1,\"name\":\"Home\",\"item\":\"https:\/\/www.xpolemexico.com\/en\/\"},{\"@type\":\"ListItem\",\"position\":2,\"name\":\"Shop\",\"item\":\"https:\/\/www.xpolemexico.com\/en\/shop-all\/\"},{\"@type\":\"ListItem\",\"position\":3,\"name\":\"Upper Dome (11&#8243;) (TG): PX\"}]},{\"@type\":\"WebSite\",\"@id\":\"https:\/\/www.xpolemexico.com\/en\/#website\",\"url\":\"https:\/\/www.xpolemexico.com\/en\/\",\"name\":\"X-Pole M\u00e9xico\",\"description\":\"L\u00edderes en Fitness de Pole y A\u00e9reo\",\"potentialAction\":[{\"@type\":\"SearchAction\",\"target\":{\"@type\":\"EntryPoint\",\"urlTemplate\":\"https:\/\/www.xpolemexico.com\/en\/?s={search_term_string}\"},\"query-input\":{\"@type\":\"PropertyValueSpecification\",\"valueRequired\":true,\"valueName\":\"search_term_string\"}}],\"inLanguage\":\"en-US\"}]}<\/script>\n<meta property=\"product:price:amount\" content=\"69.99\" \/>\n<meta property=\"product:price:currency\" content=\"USD\" \/>\n<meta property=\"og:availability\" content=\"instock\" \/>\n<meta property=\"product:availability\" content=\"instock\" \/>\n<meta property=\"product:retailer_item_id\" content=\"PXTG-0010\" \/>\n<meta property=\"product:condition\" content=\"new\" \/>\n<!-- \/ Yoast SEO Premium plugin. -->","yoast_head_json":{"title":"Upper Dome (11\") (TG): PX | Mexico New","robots":{"index":"index","follow":"follow","max-snippet":"max-snippet:-1","max-image-preview":"max-image-preview:large","max-video-preview":"max-video-preview:-1"},"canonical":"https:\/\/www.xpolemexico.com\/en\/tienda\/parts-en\/xpert-pro-parts-en\/upper-dome-280mm-11-tg-px\/","og_locale":"en_US","og_type":"article","og_title":"Upper Dome (11\") (TG): PX","og_description":"Titanium Gold Upper Dome (11\u2033) for use with PX Sets. This is a replacement part.","og_url":"https:\/\/www.xpolemexico.com\/en\/tienda\/parts-en\/xpert-pro-parts-en\/upper-dome-280mm-11-tg-px\/","og_site_name":"Mexico New","article_modified_time":"2026-04-06T05:26:10+00:00","og_image":[{"width":1080,"height":1080,"url":"https:\/\/www.xpolemexico.com\/wp-content\/uploads\/sites\/8\/2018\/01\/Upper-Dome-280mm-11_-TG-PX-PXTG-0010.jpg","type":"image\/jpeg"}],"twitter_card":"summary_large_image","twitter_misc":{"Price":"&#36;69.99 (1217.39 MXN)","Availability":"In stock"},"schema":{"@context":"https:\/\/schema.org","@graph":[{"@type":"WebPage","@id":"https:\/\/www.xpolemexico.com\/en\/tienda\/parts-en\/xpert-pro-parts-en\/upper-dome-280mm-11-tg-px\/","url":"https:\/\/www.xpolemexico.com\/en\/tienda\/parts-en\/xpert-pro-parts-en\/upper-dome-280mm-11-tg-px\/","name":"Upper Dome (11\") (TG): PX | Mexico New","isPartOf":{"@id":"https:\/\/www.xpolemexico.com\/en\/#website"},"primaryImageOfPage":{"@id":"https:\/\/www.xpolemexico.com\/en\/tienda\/parts-en\/xpert-pro-parts-en\/upper-dome-280mm-11-tg-px\/#primaryimage"},"image":{"@id":"https:\/\/www.xpolemexico.com\/en\/tienda\/parts-en\/xpert-pro-parts-en\/upper-dome-280mm-11-tg-px\/#primaryimage"},"thumbnailUrl":"https:\/\/www.xpolemexico.com\/wp-content\/uploads\/sites\/8\/2018\/01\/Upper-Dome-280mm-11_-TG-PX-PXTG-0010.jpg","datePublished":"2018-01-31T21:33:59+00:00","dateModified":"2026-04-06T05:26:10+00:00","breadcrumb":{"@id":"https:\/\/www.xpolemexico.com\/en\/tienda\/parts-en\/xpert-pro-parts-en\/upper-dome-280mm-11-tg-px\/#breadcrumb"},"inLanguage":"en-US","potentialAction":[{"@type":"ReadAction","target":["https:\/\/www.xpolemexico.com\/en\/tienda\/parts-en\/xpert-pro-parts-en\/upper-dome-280mm-11-tg-px\/"]}]},{"@type":"ImageObject","inLanguage":"en-US","@id":"https:\/\/www.xpolemexico.com\/en\/tienda\/parts-en\/xpert-pro-parts-en\/upper-dome-280mm-11-tg-px\/#primaryimage","url":"https:\/\/www.xpolemexico.com\/wp-content\/uploads\/sites\/8\/2018\/01\/Upper-Dome-280mm-11_-TG-PX-PXTG-0010.jpg","contentUrl":"https:\/\/www.xpolemexico.com\/wp-content\/uploads\/sites\/8\/2018\/01\/Upper-Dome-280mm-11_-TG-PX-PXTG-0010.jpg","width":1080,"height":1080},{"@type":"BreadcrumbList","@id":"https:\/\/www.xpolemexico.com\/en\/tienda\/parts-en\/xpert-pro-parts-en\/upper-dome-280mm-11-tg-px\/#breadcrumb","itemListElement":[{"@type":"ListItem","position":1,"name":"Home","item":"https:\/\/www.xpolemexico.com\/en\/"},{"@type":"ListItem","position":2,"name":"Shop","item":"https:\/\/www.xpolemexico.com\/en\/shop-all\/"},{"@type":"ListItem","position":3,"name":"Upper Dome (11&#8243;) (TG): PX"}]},{"@type":"WebSite","@id":"https:\/\/www.xpolemexico.com\/en\/#website","url":"https:\/\/www.xpolemexico.com\/en\/","name":"X-Pole M\u00e9xico","description":"L\u00edderes en Fitness de Pole y A\u00e9reo","potentialAction":[{"@type":"SearchAction","target":{"@type":"EntryPoint","urlTemplate":"https:\/\/www.xpolemexico.com\/en\/?s={search_term_string}"},"query-input":{"@type":"PropertyValueSpecification","valueRequired":true,"valueName":"search_term_string"}}],"inLanguage":"en-US"}]},"product_price_amount":"69.99","product_price_currency":"USD","og_availability":"instock","product_availability":"instock","product_retailer_item_id":"PXTG-0010","product_condition":"new"},"_links":{"self":[{"href":"https:\/\/www.xpolemexico.com\/en\/wp-json\/wp\/v2\/product\/2504","targetHints":{"allow":["GET"]}}],"collection":[{"href":"https:\/\/www.xpolemexico.com\/en\/wp-json\/wp\/v2\/product"}],"about":[{"href":"https:\/\/www.xpolemexico.com\/en\/wp-json\/wp\/v2\/types\/product"}],"wp:featuredmedia":[{"embeddable":true,"href":"https:\/\/www.xpolemexico.com\/en\/wp-json\/wp\/v2\/media\/91732"}],"wp:attachment":[{"href":"https:\/\/www.xpolemexico.com\/en\/wp-json\/wp\/v2\/media?parent=2504"}],"wp:term":[{"taxonomy":"product_cat","embeddable":true,"href":"https:\/\/www.xpolemexico.com\/en\/wp-json\/wp\/v2\/product_cat?post=2504"},{"taxonomy":"product_tag","embeddable":true,"href":"https:\/\/www.xpolemexico.com\/en\/wp-json\/wp\/v2\/product_tag?post=2504"}],"curies":[{"name":"wp","href":"https:\/\/api.w.org\/{rel}","templated":true}]}}