{"id":2503,"date":"2018-01-31T15:33:58","date_gmt":"2018-01-31T21:33:58","guid":{"rendered":"https:\/\/www.xpolemexico.com\/product\/upper-dome-280mm-11-cr-px\/"},"modified":"2025-02-21T10:10:51","modified_gmt":"2025-02-21T16:10:51","slug":"upper-dome-280mm-11-cr-px","status":"publish","type":"product","link":"https:\/\/www.xpolemexico.com\/en\/tienda\/parts-en\/xpert-pro-parts-en\/upper-dome-280mm-11-cr-px\/","title":{"rendered":"Upper Dome (11&#8243;) (CR): For PX only"},"content":{"rendered":"<p>Chrome Upper Dome (11\u2033) for use with PX Sets<\/p>\n<p>This is a replacement part.<\/p>\n","protected":false},"excerpt":{"rendered":"<p>Chrome Upper Dome (11\u2033) for use with PX Sets This is a replacement part.<\/p>\n","protected":false},"featured_media":91730,"template":"","meta":{"_acf_changed":false},"product_cat":[57],"product_tag":[],"class_list":{"0":"post-2503","1":"product","2":"type-product","3":"status-publish","4":"has-post-thumbnail","6":"product_cat-xpert-pro-parts-en","7":"product_shipping_class-shipping-class-60","9":"first","10":"outofstock","11":"taxable","12":"shipping-taxable","13":"purchasable","14":"product-type-simple"},"bundled_by":[],"bundle_stock_status":"outofstock","bundle_stock_quantity":0,"bundle_virtual":false,"bundle_layout":"","bundle_add_to_cart_form_location":"","bundle_editable_in_cart":false,"bundle_sold_individually_context":"","bundle_item_grouping":"","bundle_min_size":"","bundle_max_size":"","bundle_price":[],"bundled_items":[],"bundle_sell_ids":[],"acf":[],"yoast_head":"<!-- This site is optimized with the Yoast SEO Premium plugin v24.6 (Yoast SEO v24.6) - https:\/\/yoast.com\/wordpress\/plugins\/seo\/ -->\n<title>Upper Dome (11&quot;) (CR): For PX only | Mexico New<\/title>\n<meta name=\"robots\" content=\"index, follow, max-snippet:-1, max-image-preview:large, max-video-preview:-1\" \/>\n<link rel=\"canonical\" href=\"https:\/\/www.xpolemexico.com\/en\/tienda\/parts-en\/xpert-pro-parts-en\/upper-dome-280mm-11-cr-px\/\" \/>\n<meta property=\"og:locale\" content=\"en_US\" \/>\n<meta property=\"og:type\" content=\"article\" \/>\n<meta property=\"og:title\" content=\"Upper Dome (11&quot;) (CR): For PX only\" \/>\n<meta property=\"og:description\" content=\"Chrome Upper Dome (11\u2033) for use with PX Sets This is a replacement part.\" \/>\n<meta property=\"og:url\" content=\"https:\/\/www.xpolemexico.com\/en\/tienda\/parts-en\/xpert-pro-parts-en\/upper-dome-280mm-11-cr-px\/\" \/>\n<meta property=\"og:site_name\" content=\"Mexico New\" \/>\n<meta property=\"article:modified_time\" content=\"2025-02-21T16:10:51+00:00\" \/>\n<meta property=\"og:image\" content=\"https:\/\/www.xpolemexico.com\/wp-content\/uploads\/sites\/8\/2018\/01\/Upper-Dome-280mm-11_-CR-PX-PXCR-0010.jpg\" \/>\n\t<meta property=\"og:image:width\" content=\"1080\" \/>\n\t<meta property=\"og:image:height\" content=\"1080\" \/>\n\t<meta property=\"og:image:type\" content=\"image\/jpeg\" \/>\n<meta name=\"twitter:card\" content=\"summary_large_image\" \/>\n<meta name=\"twitter:label1\" content=\"Price\" \/>\n\t<meta name=\"twitter:data1\" content=\"&#036;59.99 (1033.50 MXN)\" \/>\n\t<meta name=\"twitter:label2\" content=\"Availability\" \/>\n\t<meta name=\"twitter:data2\" content=\"Out of stock\" \/>\n<script type=\"application\/ld+json\" class=\"yoast-schema-graph\">{\"@context\":\"https:\/\/schema.org\",\"@graph\":[{\"@type\":\"WebPage\",\"@id\":\"https:\/\/www.xpolemexico.com\/en\/tienda\/parts-en\/xpert-pro-parts-en\/upper-dome-280mm-11-cr-px\/\",\"url\":\"https:\/\/www.xpolemexico.com\/en\/tienda\/parts-en\/xpert-pro-parts-en\/upper-dome-280mm-11-cr-px\/\",\"name\":\"Upper Dome (11\\\") (CR): For PX only | Mexico New\",\"isPartOf\":{\"@id\":\"https:\/\/www.xpolemexico.com\/en\/#website\"},\"primaryImageOfPage\":{\"@id\":\"https:\/\/www.xpolemexico.com\/en\/tienda\/parts-en\/xpert-pro-parts-en\/upper-dome-280mm-11-cr-px\/#primaryimage\"},\"image\":{\"@id\":\"https:\/\/www.xpolemexico.com\/en\/tienda\/parts-en\/xpert-pro-parts-en\/upper-dome-280mm-11-cr-px\/#primaryimage\"},\"thumbnailUrl\":\"https:\/\/www.xpolemexico.com\/wp-content\/uploads\/sites\/8\/2018\/01\/Upper-Dome-280mm-11_-CR-PX-PXCR-0010.jpg\",\"datePublished\":\"2018-01-31T21:33:58+00:00\",\"dateModified\":\"2025-02-21T16:10:51+00:00\",\"breadcrumb\":{\"@id\":\"https:\/\/www.xpolemexico.com\/en\/tienda\/parts-en\/xpert-pro-parts-en\/upper-dome-280mm-11-cr-px\/#breadcrumb\"},\"inLanguage\":\"en-US\",\"potentialAction\":[{\"@type\":\"ReadAction\",\"target\":[\"https:\/\/www.xpolemexico.com\/en\/tienda\/parts-en\/xpert-pro-parts-en\/upper-dome-280mm-11-cr-px\/\"]}]},{\"@type\":\"ImageObject\",\"inLanguage\":\"en-US\",\"@id\":\"https:\/\/www.xpolemexico.com\/en\/tienda\/parts-en\/xpert-pro-parts-en\/upper-dome-280mm-11-cr-px\/#primaryimage\",\"url\":\"https:\/\/www.xpolemexico.com\/wp-content\/uploads\/sites\/8\/2018\/01\/Upper-Dome-280mm-11_-CR-PX-PXCR-0010.jpg\",\"contentUrl\":\"https:\/\/www.xpolemexico.com\/wp-content\/uploads\/sites\/8\/2018\/01\/Upper-Dome-280mm-11_-CR-PX-PXCR-0010.jpg\",\"width\":1080,\"height\":1080},{\"@type\":\"BreadcrumbList\",\"@id\":\"https:\/\/www.xpolemexico.com\/en\/tienda\/parts-en\/xpert-pro-parts-en\/upper-dome-280mm-11-cr-px\/#breadcrumb\",\"itemListElement\":[{\"@type\":\"ListItem\",\"position\":1,\"name\":\"Home\",\"item\":\"https:\/\/www.xpolemexico.com\/en\/\"},{\"@type\":\"ListItem\",\"position\":2,\"name\":\"Shop\",\"item\":\"https:\/\/www.xpolemexico.com\/en\/shop-all\/\"},{\"@type\":\"ListItem\",\"position\":3,\"name\":\"Upper Dome (11&#8243;) (CR): For PX only\"}]},{\"@type\":\"WebSite\",\"@id\":\"https:\/\/www.xpolemexico.com\/en\/#website\",\"url\":\"https:\/\/www.xpolemexico.com\/en\/\",\"name\":\"X-Pole M\u00e9xico\",\"description\":\"L\u00edderes en Fitness de Pole y A\u00e9reo\",\"potentialAction\":[{\"@type\":\"SearchAction\",\"target\":{\"@type\":\"EntryPoint\",\"urlTemplate\":\"https:\/\/www.xpolemexico.com\/en\/?s={search_term_string}\"},\"query-input\":{\"@type\":\"PropertyValueSpecification\",\"valueRequired\":true,\"valueName\":\"search_term_string\"}}],\"inLanguage\":\"en-US\"}]}<\/script>\n<meta property=\"product:price:amount\" content=\"59.99\" \/>\n<meta property=\"product:price:currency\" content=\"USD\" \/>\n<meta property=\"og:availability\" content=\"out of stock\" \/>\n<meta property=\"product:availability\" content=\"out of stock\" \/>\n<meta property=\"product:retailer_item_id\" content=\"PXCR-0010\" \/>\n<meta property=\"product:condition\" content=\"new\" \/>\n<!-- \/ Yoast SEO Premium plugin. -->","yoast_head_json":{"title":"Upper Dome (11\") (CR): For PX only | Mexico New","robots":{"index":"index","follow":"follow","max-snippet":"max-snippet:-1","max-image-preview":"max-image-preview:large","max-video-preview":"max-video-preview:-1"},"canonical":"https:\/\/www.xpolemexico.com\/en\/tienda\/parts-en\/xpert-pro-parts-en\/upper-dome-280mm-11-cr-px\/","og_locale":"en_US","og_type":"article","og_title":"Upper Dome (11\") (CR): For PX only","og_description":"Chrome Upper Dome (11\u2033) for use with PX Sets This is a replacement part.","og_url":"https:\/\/www.xpolemexico.com\/en\/tienda\/parts-en\/xpert-pro-parts-en\/upper-dome-280mm-11-cr-px\/","og_site_name":"Mexico New","article_modified_time":"2025-02-21T16:10:51+00:00","og_image":[{"width":1080,"height":1080,"url":"https:\/\/www.xpolemexico.com\/wp-content\/uploads\/sites\/8\/2018\/01\/Upper-Dome-280mm-11_-CR-PX-PXCR-0010.jpg","type":"image\/jpeg"}],"twitter_card":"summary_large_image","twitter_misc":{"Price":"&#36;59.99 (1033.50 MXN)","Availability":"Out of stock"},"schema":{"@context":"https:\/\/schema.org","@graph":[{"@type":"WebPage","@id":"https:\/\/www.xpolemexico.com\/en\/tienda\/parts-en\/xpert-pro-parts-en\/upper-dome-280mm-11-cr-px\/","url":"https:\/\/www.xpolemexico.com\/en\/tienda\/parts-en\/xpert-pro-parts-en\/upper-dome-280mm-11-cr-px\/","name":"Upper Dome (11\") (CR): For PX only | Mexico New","isPartOf":{"@id":"https:\/\/www.xpolemexico.com\/en\/#website"},"primaryImageOfPage":{"@id":"https:\/\/www.xpolemexico.com\/en\/tienda\/parts-en\/xpert-pro-parts-en\/upper-dome-280mm-11-cr-px\/#primaryimage"},"image":{"@id":"https:\/\/www.xpolemexico.com\/en\/tienda\/parts-en\/xpert-pro-parts-en\/upper-dome-280mm-11-cr-px\/#primaryimage"},"thumbnailUrl":"https:\/\/www.xpolemexico.com\/wp-content\/uploads\/sites\/8\/2018\/01\/Upper-Dome-280mm-11_-CR-PX-PXCR-0010.jpg","datePublished":"2018-01-31T21:33:58+00:00","dateModified":"2025-02-21T16:10:51+00:00","breadcrumb":{"@id":"https:\/\/www.xpolemexico.com\/en\/tienda\/parts-en\/xpert-pro-parts-en\/upper-dome-280mm-11-cr-px\/#breadcrumb"},"inLanguage":"en-US","potentialAction":[{"@type":"ReadAction","target":["https:\/\/www.xpolemexico.com\/en\/tienda\/parts-en\/xpert-pro-parts-en\/upper-dome-280mm-11-cr-px\/"]}]},{"@type":"ImageObject","inLanguage":"en-US","@id":"https:\/\/www.xpolemexico.com\/en\/tienda\/parts-en\/xpert-pro-parts-en\/upper-dome-280mm-11-cr-px\/#primaryimage","url":"https:\/\/www.xpolemexico.com\/wp-content\/uploads\/sites\/8\/2018\/01\/Upper-Dome-280mm-11_-CR-PX-PXCR-0010.jpg","contentUrl":"https:\/\/www.xpolemexico.com\/wp-content\/uploads\/sites\/8\/2018\/01\/Upper-Dome-280mm-11_-CR-PX-PXCR-0010.jpg","width":1080,"height":1080},{"@type":"BreadcrumbList","@id":"https:\/\/www.xpolemexico.com\/en\/tienda\/parts-en\/xpert-pro-parts-en\/upper-dome-280mm-11-cr-px\/#breadcrumb","itemListElement":[{"@type":"ListItem","position":1,"name":"Home","item":"https:\/\/www.xpolemexico.com\/en\/"},{"@type":"ListItem","position":2,"name":"Shop","item":"https:\/\/www.xpolemexico.com\/en\/shop-all\/"},{"@type":"ListItem","position":3,"name":"Upper Dome (11&#8243;) (CR): For PX only"}]},{"@type":"WebSite","@id":"https:\/\/www.xpolemexico.com\/en\/#website","url":"https:\/\/www.xpolemexico.com\/en\/","name":"X-Pole M\u00e9xico","description":"L\u00edderes en Fitness de Pole y A\u00e9reo","potentialAction":[{"@type":"SearchAction","target":{"@type":"EntryPoint","urlTemplate":"https:\/\/www.xpolemexico.com\/en\/?s={search_term_string}"},"query-input":{"@type":"PropertyValueSpecification","valueRequired":true,"valueName":"search_term_string"}}],"inLanguage":"en-US"}]},"product_price_amount":"59.99","product_price_currency":"USD","og_availability":"out of stock","product_availability":"out of stock","product_retailer_item_id":"PXCR-0010","product_condition":"new"},"_links":{"self":[{"href":"https:\/\/www.xpolemexico.com\/en\/wp-json\/wp\/v2\/product\/2503","targetHints":{"allow":["GET"]}}],"collection":[{"href":"https:\/\/www.xpolemexico.com\/en\/wp-json\/wp\/v2\/product"}],"about":[{"href":"https:\/\/www.xpolemexico.com\/en\/wp-json\/wp\/v2\/types\/product"}],"wp:featuredmedia":[{"embeddable":true,"href":"https:\/\/www.xpolemexico.com\/en\/wp-json\/wp\/v2\/media\/91730"}],"wp:attachment":[{"href":"https:\/\/www.xpolemexico.com\/en\/wp-json\/wp\/v2\/media?parent=2503"}],"wp:term":[{"taxonomy":"product_cat","embeddable":true,"href":"https:\/\/www.xpolemexico.com\/en\/wp-json\/wp\/v2\/product_cat?post=2503"},{"taxonomy":"product_tag","embeddable":true,"href":"https:\/\/www.xpolemexico.com\/en\/wp-json\/wp\/v2\/product_tag?post=2503"}],"curies":[{"name":"wp","href":"https:\/\/api.w.org\/{rel}","templated":true}]}}