{"id":2453,"date":"2018-01-31T07:33:38","date_gmt":"2018-01-31T13:33:38","guid":{"rendered":"https:\/\/www.xpolemexico.com\/product\/swivel-oval-mbs-36kn-black\/"},"modified":"2026-03-20T20:30:27","modified_gmt":"2026-03-21T02:30:27","slug":"swivel-oval-mbs-36kn-black","status":"publish","type":"product","link":"https:\/\/www.xpolemexico.com\/en\/tienda\/accessories-en\/aerial-accessories-en\/swivel-oval-mbs-36kn-black\/","title":{"rendered":"Swivel- Round 36kN- Black"},"content":{"rendered":"<p>This heavy duty swivel can be used with a wide variety of aerial equipment, ensuring the user can spin without twisting. Made from of high-density aluminum alloy this swivel is lightweight yet extremely strong. Durable high density aluminum alloy mounted onto sealed stainless steel ball bearings.\u00a0Room for multiple carabiners to easily clip in.<\/p>\n<p>Aluminum \/ Stainless Steel<br \/>\n1 Oval Swivel<\/p>\n<p>Dimensions: 4.5&#8243; x 2.05&#8243; x 1.3&#8243;, MBS: 36KN<\/p>\n","protected":false},"excerpt":{"rendered":"<p>Perfect accessory to be used with Lyra &amp; A-Frame.<\/p>\n","protected":false},"featured_media":4158,"template":"","meta":{"_acf_changed":false},"product_cat":[65],"product_tag":[],"class_list":{"0":"post-2453","1":"product","2":"type-product","3":"status-publish","4":"has-post-thumbnail","6":"product_cat-aerial-accessories-en","8":"first","9":"instock","10":"taxable","11":"shipping-taxable","12":"purchasable","13":"product-type-simple"},"bundled_by":[],"bundle_stock_status":"instock","bundle_stock_quantity":42,"bundle_virtual":false,"bundle_layout":"","bundle_add_to_cart_form_location":"","bundle_editable_in_cart":false,"bundle_sold_individually_context":"","bundle_item_grouping":"","bundle_min_size":"","bundle_max_size":"","bundle_price":[],"bundled_items":[],"bundle_sell_ids":[],"acf":[],"yoast_head":"<!-- This site is optimized with the Yoast SEO Premium plugin v24.6 (Yoast SEO v24.6) - https:\/\/yoast.com\/wordpress\/plugins\/seo\/ -->\n<title>Swivel- Round 36kN- Black | Mexico New<\/title>\n<meta name=\"robots\" content=\"index, follow, max-snippet:-1, max-image-preview:large, max-video-preview:-1\" \/>\n<link rel=\"canonical\" href=\"https:\/\/www.xpolemexico.com\/en\/tienda\/accessories-en\/aerial-accessories-en\/swivel-oval-mbs-36kn-black\/\" \/>\n<meta property=\"og:locale\" content=\"en_US\" \/>\n<meta property=\"og:type\" content=\"article\" \/>\n<meta property=\"og:title\" content=\"Swivel- Round 36kN- Black\" \/>\n<meta property=\"og:description\" content=\"Perfect accessory to be used with Lyra &amp; A-Frame.\" \/>\n<meta property=\"og:url\" content=\"https:\/\/www.xpolemexico.com\/en\/tienda\/accessories-en\/aerial-accessories-en\/swivel-oval-mbs-36kn-black\/\" \/>\n<meta property=\"og:site_name\" content=\"Mexico New\" \/>\n<meta property=\"article:modified_time\" content=\"2026-03-21T02:30:27+00:00\" \/>\n<meta property=\"og:image\" content=\"https:\/\/www.xpolemexico.com\/wp-content\/uploads\/sites\/8\/2018\/01\/SWIVELOVAL.jpg\" \/>\n\t<meta property=\"og:image:width\" content=\"3699\" \/>\n\t<meta property=\"og:image:height\" content=\"3699\" \/>\n\t<meta property=\"og:image:type\" content=\"image\/jpeg\" \/>\n<meta name=\"twitter:card\" content=\"summary_large_image\" \/>\n<meta name=\"twitter:label1\" content=\"Price\" \/>\n\t<meta name=\"twitter:data1\" content=\"&#036;49.99 (872.05 MXN)\" \/>\n\t<meta name=\"twitter:label2\" content=\"Availability\" \/>\n\t<meta name=\"twitter:data2\" content=\"In stock\" \/>\n<script type=\"application\/ld+json\" class=\"yoast-schema-graph\">{\"@context\":\"https:\/\/schema.org\",\"@graph\":[{\"@type\":\"WebPage\",\"@id\":\"https:\/\/www.xpolemexico.com\/en\/tienda\/accessories-en\/aerial-accessories-en\/swivel-oval-mbs-36kn-black\/\",\"url\":\"https:\/\/www.xpolemexico.com\/en\/tienda\/accessories-en\/aerial-accessories-en\/swivel-oval-mbs-36kn-black\/\",\"name\":\"Swivel- Round 36kN- Black | Mexico New\",\"isPartOf\":{\"@id\":\"https:\/\/www.xpolemexico.com\/en\/#website\"},\"primaryImageOfPage\":{\"@id\":\"https:\/\/www.xpolemexico.com\/en\/tienda\/accessories-en\/aerial-accessories-en\/swivel-oval-mbs-36kn-black\/#primaryimage\"},\"image\":{\"@id\":\"https:\/\/www.xpolemexico.com\/en\/tienda\/accessories-en\/aerial-accessories-en\/swivel-oval-mbs-36kn-black\/#primaryimage\"},\"thumbnailUrl\":\"https:\/\/www.xpolemexico.com\/wp-content\/uploads\/sites\/8\/2018\/01\/SWIVELOVAL.jpg\",\"datePublished\":\"2018-01-31T13:33:38+00:00\",\"dateModified\":\"2026-03-21T02:30:27+00:00\",\"breadcrumb\":{\"@id\":\"https:\/\/www.xpolemexico.com\/en\/tienda\/accessories-en\/aerial-accessories-en\/swivel-oval-mbs-36kn-black\/#breadcrumb\"},\"inLanguage\":\"en-US\",\"potentialAction\":[{\"@type\":\"ReadAction\",\"target\":[\"https:\/\/www.xpolemexico.com\/en\/tienda\/accessories-en\/aerial-accessories-en\/swivel-oval-mbs-36kn-black\/\"]}]},{\"@type\":\"ImageObject\",\"inLanguage\":\"en-US\",\"@id\":\"https:\/\/www.xpolemexico.com\/en\/tienda\/accessories-en\/aerial-accessories-en\/swivel-oval-mbs-36kn-black\/#primaryimage\",\"url\":\"https:\/\/www.xpolemexico.com\/wp-content\/uploads\/sites\/8\/2018\/01\/SWIVELOVAL.jpg\",\"contentUrl\":\"https:\/\/www.xpolemexico.com\/wp-content\/uploads\/sites\/8\/2018\/01\/SWIVELOVAL.jpg\",\"width\":3699,\"height\":3699},{\"@type\":\"BreadcrumbList\",\"@id\":\"https:\/\/www.xpolemexico.com\/en\/tienda\/accessories-en\/aerial-accessories-en\/swivel-oval-mbs-36kn-black\/#breadcrumb\",\"itemListElement\":[{\"@type\":\"ListItem\",\"position\":1,\"name\":\"Home\",\"item\":\"https:\/\/www.xpolemexico.com\/en\/\"},{\"@type\":\"ListItem\",\"position\":2,\"name\":\"Shop\",\"item\":\"https:\/\/www.xpolemexico.com\/en\/shop-all\/\"},{\"@type\":\"ListItem\",\"position\":3,\"name\":\"Swivel- Round 36kN- Black\"}]},{\"@type\":\"WebSite\",\"@id\":\"https:\/\/www.xpolemexico.com\/en\/#website\",\"url\":\"https:\/\/www.xpolemexico.com\/en\/\",\"name\":\"X-Pole M\u00e9xico\",\"description\":\"L\u00edderes en Fitness de Pole y A\u00e9reo\",\"potentialAction\":[{\"@type\":\"SearchAction\",\"target\":{\"@type\":\"EntryPoint\",\"urlTemplate\":\"https:\/\/www.xpolemexico.com\/en\/?s={search_term_string}\"},\"query-input\":{\"@type\":\"PropertyValueSpecification\",\"valueRequired\":true,\"valueName\":\"search_term_string\"}}],\"inLanguage\":\"en-US\"}]}<\/script>\n<meta property=\"product:price:amount\" content=\"49.99\" \/>\n<meta property=\"product:price:currency\" content=\"USD\" \/>\n<meta property=\"og:availability\" content=\"instock\" \/>\n<meta property=\"product:availability\" content=\"instock\" \/>\n<meta property=\"product:retailer_item_id\" content=\"FP-8310\" \/>\n<meta property=\"product:condition\" content=\"new\" \/>\n<!-- \/ Yoast SEO Premium plugin. -->","yoast_head_json":{"title":"Swivel- Round 36kN- Black | Mexico New","robots":{"index":"index","follow":"follow","max-snippet":"max-snippet:-1","max-image-preview":"max-image-preview:large","max-video-preview":"max-video-preview:-1"},"canonical":"https:\/\/www.xpolemexico.com\/en\/tienda\/accessories-en\/aerial-accessories-en\/swivel-oval-mbs-36kn-black\/","og_locale":"en_US","og_type":"article","og_title":"Swivel- Round 36kN- Black","og_description":"Perfect accessory to be used with Lyra &amp; A-Frame.","og_url":"https:\/\/www.xpolemexico.com\/en\/tienda\/accessories-en\/aerial-accessories-en\/swivel-oval-mbs-36kn-black\/","og_site_name":"Mexico New","article_modified_time":"2026-03-21T02:30:27+00:00","og_image":[{"width":3699,"height":3699,"url":"https:\/\/www.xpolemexico.com\/wp-content\/uploads\/sites\/8\/2018\/01\/SWIVELOVAL.jpg","type":"image\/jpeg"}],"twitter_card":"summary_large_image","twitter_misc":{"Price":"&#36;49.99 (872.05 MXN)","Availability":"In stock"},"schema":{"@context":"https:\/\/schema.org","@graph":[{"@type":"WebPage","@id":"https:\/\/www.xpolemexico.com\/en\/tienda\/accessories-en\/aerial-accessories-en\/swivel-oval-mbs-36kn-black\/","url":"https:\/\/www.xpolemexico.com\/en\/tienda\/accessories-en\/aerial-accessories-en\/swivel-oval-mbs-36kn-black\/","name":"Swivel- Round 36kN- Black | Mexico New","isPartOf":{"@id":"https:\/\/www.xpolemexico.com\/en\/#website"},"primaryImageOfPage":{"@id":"https:\/\/www.xpolemexico.com\/en\/tienda\/accessories-en\/aerial-accessories-en\/swivel-oval-mbs-36kn-black\/#primaryimage"},"image":{"@id":"https:\/\/www.xpolemexico.com\/en\/tienda\/accessories-en\/aerial-accessories-en\/swivel-oval-mbs-36kn-black\/#primaryimage"},"thumbnailUrl":"https:\/\/www.xpolemexico.com\/wp-content\/uploads\/sites\/8\/2018\/01\/SWIVELOVAL.jpg","datePublished":"2018-01-31T13:33:38+00:00","dateModified":"2026-03-21T02:30:27+00:00","breadcrumb":{"@id":"https:\/\/www.xpolemexico.com\/en\/tienda\/accessories-en\/aerial-accessories-en\/swivel-oval-mbs-36kn-black\/#breadcrumb"},"inLanguage":"en-US","potentialAction":[{"@type":"ReadAction","target":["https:\/\/www.xpolemexico.com\/en\/tienda\/accessories-en\/aerial-accessories-en\/swivel-oval-mbs-36kn-black\/"]}]},{"@type":"ImageObject","inLanguage":"en-US","@id":"https:\/\/www.xpolemexico.com\/en\/tienda\/accessories-en\/aerial-accessories-en\/swivel-oval-mbs-36kn-black\/#primaryimage","url":"https:\/\/www.xpolemexico.com\/wp-content\/uploads\/sites\/8\/2018\/01\/SWIVELOVAL.jpg","contentUrl":"https:\/\/www.xpolemexico.com\/wp-content\/uploads\/sites\/8\/2018\/01\/SWIVELOVAL.jpg","width":3699,"height":3699},{"@type":"BreadcrumbList","@id":"https:\/\/www.xpolemexico.com\/en\/tienda\/accessories-en\/aerial-accessories-en\/swivel-oval-mbs-36kn-black\/#breadcrumb","itemListElement":[{"@type":"ListItem","position":1,"name":"Home","item":"https:\/\/www.xpolemexico.com\/en\/"},{"@type":"ListItem","position":2,"name":"Shop","item":"https:\/\/www.xpolemexico.com\/en\/shop-all\/"},{"@type":"ListItem","position":3,"name":"Swivel- Round 36kN- Black"}]},{"@type":"WebSite","@id":"https:\/\/www.xpolemexico.com\/en\/#website","url":"https:\/\/www.xpolemexico.com\/en\/","name":"X-Pole M\u00e9xico","description":"L\u00edderes en Fitness de Pole y A\u00e9reo","potentialAction":[{"@type":"SearchAction","target":{"@type":"EntryPoint","urlTemplate":"https:\/\/www.xpolemexico.com\/en\/?s={search_term_string}"},"query-input":{"@type":"PropertyValueSpecification","valueRequired":true,"valueName":"search_term_string"}}],"inLanguage":"en-US"}]},"product_price_amount":"49.99","product_price_currency":"USD","og_availability":"instock","product_availability":"instock","product_retailer_item_id":"FP-8310","product_condition":"new"},"_links":{"self":[{"href":"https:\/\/www.xpolemexico.com\/en\/wp-json\/wp\/v2\/product\/2453","targetHints":{"allow":["GET"]}}],"collection":[{"href":"https:\/\/www.xpolemexico.com\/en\/wp-json\/wp\/v2\/product"}],"about":[{"href":"https:\/\/www.xpolemexico.com\/en\/wp-json\/wp\/v2\/types\/product"}],"wp:featuredmedia":[{"embeddable":true,"href":"https:\/\/www.xpolemexico.com\/en\/wp-json\/wp\/v2\/media\/4158"}],"wp:attachment":[{"href":"https:\/\/www.xpolemexico.com\/en\/wp-json\/wp\/v2\/media?parent=2453"}],"wp:term":[{"taxonomy":"product_cat","embeddable":true,"href":"https:\/\/www.xpolemexico.com\/en\/wp-json\/wp\/v2\/product_cat?post=2453"},{"taxonomy":"product_tag","embeddable":true,"href":"https:\/\/www.xpolemexico.com\/en\/wp-json\/wp\/v2\/product_tag?post=2453"}],"curies":[{"name":"wp","href":"https:\/\/api.w.org\/{rel}","templated":true}]}}