{"id":2219,"date":"2018-01-31T15:07:47","date_gmt":"2018-01-31T23:07:47","guid":{"rendered":"https:\/\/www.xpolemexico.com\/product\/jamilla-de-ville-art-of-pole-vol-1\/"},"modified":"2024-06-14T07:31:43","modified_gmt":"2024-06-14T14:31:43","slug":"jamilla-de-ville-art-of-pole-vol-1","status":"publish","type":"product","link":"https:\/\/www.xpolemexico.com\/en\/tienda\/accessories-en\/dvds-en\/jamilla-de-ville-art-of-pole-vol-1\/","title":{"rendered":"Jamilla De Ville &#8211; Art of Pole Vol 1"},"content":{"rendered":"<p>Designed to lead pole dancers all the way through from basic steps around the pole to some of the most advanced pole moves and transitions, The Art of Pole Collection is a definitive guide to pole dancing. Combining single move tuition with small combinations and then mini-routines, all aspects of this art form are catered for: walks, spins, climbs, inversions, mounts and dismounts; smooth transitioning, snappy combinations, and the touches that make pole moves into pole dance.<\/p>\n<p>The series covers all levels from Beginner through to Advanced, all with comprehensive detailed instruction and demonstration. Also includes two levels of pole specific warm-ups and cool-downs for both on and off the pole, two levels of pole conditioning, a focus section on body rolls, plus exclusive live performances.<\/p>\n","protected":false},"excerpt":{"rendered":"<p>Designed to lead pole dancers all the way through from basic steps around the pole to some of the most advanced pole moves and transitions, The Art of Pole Collection is a definitive guide to pole dancing. Combining single move tuition with small combinations and then mini-routines, all aspects of this art form are catered [&hellip;]<\/p>\n","protected":false},"featured_media":5413,"template":"","meta":{"_acf_changed":false},"product_cat":[68],"product_tag":[],"class_list":{"0":"post-2219","1":"product","2":"type-product","3":"status-publish","4":"has-post-thumbnail","6":"product_cat-dvds-en","8":"first","9":"instock","10":"taxable","11":"shipping-taxable","12":"purchasable","13":"product-type-simple"},"bundled_by":[],"bundle_stock_status":"instock","bundle_stock_quantity":null,"bundle_virtual":false,"bundle_layout":"","bundle_add_to_cart_form_location":"","bundle_editable_in_cart":false,"bundle_sold_individually_context":"","bundle_item_grouping":"","bundle_min_size":"","bundle_max_size":"","bundle_price":[],"bundled_items":[],"bundle_sell_ids":[],"acf":[],"yoast_head":"<!-- This site is optimized with the Yoast SEO Premium plugin v24.6 (Yoast SEO v24.6) - https:\/\/yoast.com\/wordpress\/plugins\/seo\/ -->\n<title>Jamilla De Ville - Art of Pole Vol 1 | Mexico New<\/title>\n<meta name=\"robots\" content=\"index, follow, max-snippet:-1, max-image-preview:large, max-video-preview:-1\" \/>\n<link rel=\"canonical\" href=\"https:\/\/www.xpolemexico.com\/en\/tienda\/accessories-en\/dvds-en\/jamilla-de-ville-art-of-pole-vol-1\/\" \/>\n<meta property=\"og:locale\" content=\"en_US\" \/>\n<meta property=\"og:type\" content=\"article\" \/>\n<meta property=\"og:title\" content=\"Jamilla De Ville - Art of Pole Vol 1\" \/>\n<meta property=\"og:description\" content=\"Designed to lead pole dancers all the way through from basic steps around the pole to some of the most advanced pole moves and transitions, The Art of Pole Collection is a definitive guide to pole dancing. Combining single move tuition with small combinations and then mini-routines, all aspects of this art form are catered [&hellip;]\" \/>\n<meta property=\"og:url\" content=\"https:\/\/www.xpolemexico.com\/en\/tienda\/accessories-en\/dvds-en\/jamilla-de-ville-art-of-pole-vol-1\/\" \/>\n<meta property=\"og:site_name\" content=\"Mexico New\" \/>\n<meta property=\"article:modified_time\" content=\"2024-06-14T14:31:43+00:00\" \/>\n<meta property=\"og:image\" content=\"https:\/\/www.xpolemexico.com\/wp-content\/uploads\/sites\/8\/2018\/01\/DVD-JD-Art01.jpg\" \/>\n\t<meta property=\"og:image:width\" content=\"600\" \/>\n\t<meta property=\"og:image:height\" content=\"600\" \/>\n\t<meta property=\"og:image:type\" content=\"image\/jpeg\" \/>\n<meta name=\"twitter:card\" content=\"summary_large_image\" \/>\n<meta name=\"twitter:label1\" content=\"Price\" \/>\n\t<meta name=\"twitter:data1\" content=\"&#036;29.99 (520.92 MXN)\" \/>\n\t<meta name=\"twitter:label2\" content=\"Availability\" \/>\n\t<meta name=\"twitter:data2\" content=\"In stock\" \/>\n<script type=\"application\/ld+json\" class=\"yoast-schema-graph\">{\"@context\":\"https:\/\/schema.org\",\"@graph\":[{\"@type\":\"WebPage\",\"@id\":\"https:\/\/www.xpolemexico.com\/en\/tienda\/accessories-en\/dvds-en\/jamilla-de-ville-art-of-pole-vol-1\/\",\"url\":\"https:\/\/www.xpolemexico.com\/en\/tienda\/accessories-en\/dvds-en\/jamilla-de-ville-art-of-pole-vol-1\/\",\"name\":\"Jamilla De Ville - Art of Pole Vol 1 | Mexico New\",\"isPartOf\":{\"@id\":\"https:\/\/www.xpolemexico.com\/en\/#website\"},\"primaryImageOfPage\":{\"@id\":\"https:\/\/www.xpolemexico.com\/en\/tienda\/accessories-en\/dvds-en\/jamilla-de-ville-art-of-pole-vol-1\/#primaryimage\"},\"image\":{\"@id\":\"https:\/\/www.xpolemexico.com\/en\/tienda\/accessories-en\/dvds-en\/jamilla-de-ville-art-of-pole-vol-1\/#primaryimage\"},\"thumbnailUrl\":\"https:\/\/www.xpolemexico.com\/wp-content\/uploads\/sites\/8\/2018\/01\/DVD-JD-Art01.jpg\",\"datePublished\":\"2018-01-31T23:07:47+00:00\",\"dateModified\":\"2024-06-14T14:31:43+00:00\",\"breadcrumb\":{\"@id\":\"https:\/\/www.xpolemexico.com\/en\/tienda\/accessories-en\/dvds-en\/jamilla-de-ville-art-of-pole-vol-1\/#breadcrumb\"},\"inLanguage\":\"en-US\",\"potentialAction\":[{\"@type\":\"ReadAction\",\"target\":[\"https:\/\/www.xpolemexico.com\/en\/tienda\/accessories-en\/dvds-en\/jamilla-de-ville-art-of-pole-vol-1\/\"]}]},{\"@type\":\"ImageObject\",\"inLanguage\":\"en-US\",\"@id\":\"https:\/\/www.xpolemexico.com\/en\/tienda\/accessories-en\/dvds-en\/jamilla-de-ville-art-of-pole-vol-1\/#primaryimage\",\"url\":\"https:\/\/www.xpolemexico.com\/wp-content\/uploads\/sites\/8\/2018\/01\/DVD-JD-Art01.jpg\",\"contentUrl\":\"https:\/\/www.xpolemexico.com\/wp-content\/uploads\/sites\/8\/2018\/01\/DVD-JD-Art01.jpg\",\"width\":600,\"height\":600},{\"@type\":\"BreadcrumbList\",\"@id\":\"https:\/\/www.xpolemexico.com\/en\/tienda\/accessories-en\/dvds-en\/jamilla-de-ville-art-of-pole-vol-1\/#breadcrumb\",\"itemListElement\":[{\"@type\":\"ListItem\",\"position\":1,\"name\":\"Home\",\"item\":\"https:\/\/www.xpolemexico.com\/en\/\"},{\"@type\":\"ListItem\",\"position\":2,\"name\":\"Shop\",\"item\":\"https:\/\/www.xpolemexico.com\/en\/shop-all\/\"},{\"@type\":\"ListItem\",\"position\":3,\"name\":\"Jamilla De Ville &#8211; Art of Pole Vol 1\"}]},{\"@type\":\"WebSite\",\"@id\":\"https:\/\/www.xpolemexico.com\/en\/#website\",\"url\":\"https:\/\/www.xpolemexico.com\/en\/\",\"name\":\"X-Pole M\u00e9xico\",\"description\":\"L\u00edderes en Fitness de Pole y A\u00e9reo\",\"potentialAction\":[{\"@type\":\"SearchAction\",\"target\":{\"@type\":\"EntryPoint\",\"urlTemplate\":\"https:\/\/www.xpolemexico.com\/en\/?s={search_term_string}\"},\"query-input\":{\"@type\":\"PropertyValueSpecification\",\"valueRequired\":true,\"valueName\":\"search_term_string\"}}],\"inLanguage\":\"en-US\"}]}<\/script>\n<meta property=\"product:price:amount\" content=\"29.99\" \/>\n<meta property=\"product:price:currency\" content=\"USD\" \/>\n<meta property=\"og:availability\" content=\"instock\" \/>\n<meta property=\"product:availability\" content=\"instock\" \/>\n<meta property=\"product:retailer_item_id\" content=\"JDV-01\" \/>\n<meta property=\"product:condition\" content=\"new\" \/>\n<!-- \/ Yoast SEO Premium plugin. -->","yoast_head_json":{"title":"Jamilla De Ville - Art of Pole Vol 1 | Mexico New","robots":{"index":"index","follow":"follow","max-snippet":"max-snippet:-1","max-image-preview":"max-image-preview:large","max-video-preview":"max-video-preview:-1"},"canonical":"https:\/\/www.xpolemexico.com\/en\/tienda\/accessories-en\/dvds-en\/jamilla-de-ville-art-of-pole-vol-1\/","og_locale":"en_US","og_type":"article","og_title":"Jamilla De Ville - Art of Pole Vol 1","og_description":"Designed to lead pole dancers all the way through from basic steps around the pole to some of the most advanced pole moves and transitions, The Art of Pole Collection is a definitive guide to pole dancing. Combining single move tuition with small combinations and then mini-routines, all aspects of this art form are catered [&hellip;]","og_url":"https:\/\/www.xpolemexico.com\/en\/tienda\/accessories-en\/dvds-en\/jamilla-de-ville-art-of-pole-vol-1\/","og_site_name":"Mexico New","article_modified_time":"2024-06-14T14:31:43+00:00","og_image":[{"width":600,"height":600,"url":"https:\/\/www.xpolemexico.com\/wp-content\/uploads\/sites\/8\/2018\/01\/DVD-JD-Art01.jpg","type":"image\/jpeg"}],"twitter_card":"summary_large_image","twitter_misc":{"Price":"&#36;29.99 (520.92 MXN)","Availability":"In stock"},"schema":{"@context":"https:\/\/schema.org","@graph":[{"@type":"WebPage","@id":"https:\/\/www.xpolemexico.com\/en\/tienda\/accessories-en\/dvds-en\/jamilla-de-ville-art-of-pole-vol-1\/","url":"https:\/\/www.xpolemexico.com\/en\/tienda\/accessories-en\/dvds-en\/jamilla-de-ville-art-of-pole-vol-1\/","name":"Jamilla De Ville - Art of Pole Vol 1 | Mexico New","isPartOf":{"@id":"https:\/\/www.xpolemexico.com\/en\/#website"},"primaryImageOfPage":{"@id":"https:\/\/www.xpolemexico.com\/en\/tienda\/accessories-en\/dvds-en\/jamilla-de-ville-art-of-pole-vol-1\/#primaryimage"},"image":{"@id":"https:\/\/www.xpolemexico.com\/en\/tienda\/accessories-en\/dvds-en\/jamilla-de-ville-art-of-pole-vol-1\/#primaryimage"},"thumbnailUrl":"https:\/\/www.xpolemexico.com\/wp-content\/uploads\/sites\/8\/2018\/01\/DVD-JD-Art01.jpg","datePublished":"2018-01-31T23:07:47+00:00","dateModified":"2024-06-14T14:31:43+00:00","breadcrumb":{"@id":"https:\/\/www.xpolemexico.com\/en\/tienda\/accessories-en\/dvds-en\/jamilla-de-ville-art-of-pole-vol-1\/#breadcrumb"},"inLanguage":"en-US","potentialAction":[{"@type":"ReadAction","target":["https:\/\/www.xpolemexico.com\/en\/tienda\/accessories-en\/dvds-en\/jamilla-de-ville-art-of-pole-vol-1\/"]}]},{"@type":"ImageObject","inLanguage":"en-US","@id":"https:\/\/www.xpolemexico.com\/en\/tienda\/accessories-en\/dvds-en\/jamilla-de-ville-art-of-pole-vol-1\/#primaryimage","url":"https:\/\/www.xpolemexico.com\/wp-content\/uploads\/sites\/8\/2018\/01\/DVD-JD-Art01.jpg","contentUrl":"https:\/\/www.xpolemexico.com\/wp-content\/uploads\/sites\/8\/2018\/01\/DVD-JD-Art01.jpg","width":600,"height":600},{"@type":"BreadcrumbList","@id":"https:\/\/www.xpolemexico.com\/en\/tienda\/accessories-en\/dvds-en\/jamilla-de-ville-art-of-pole-vol-1\/#breadcrumb","itemListElement":[{"@type":"ListItem","position":1,"name":"Home","item":"https:\/\/www.xpolemexico.com\/en\/"},{"@type":"ListItem","position":2,"name":"Shop","item":"https:\/\/www.xpolemexico.com\/en\/shop-all\/"},{"@type":"ListItem","position":3,"name":"Jamilla De Ville &#8211; Art of Pole Vol 1"}]},{"@type":"WebSite","@id":"https:\/\/www.xpolemexico.com\/en\/#website","url":"https:\/\/www.xpolemexico.com\/en\/","name":"X-Pole M\u00e9xico","description":"L\u00edderes en Fitness de Pole y A\u00e9reo","potentialAction":[{"@type":"SearchAction","target":{"@type":"EntryPoint","urlTemplate":"https:\/\/www.xpolemexico.com\/en\/?s={search_term_string}"},"query-input":{"@type":"PropertyValueSpecification","valueRequired":true,"valueName":"search_term_string"}}],"inLanguage":"en-US"}]},"product_price_amount":"29.99","product_price_currency":"USD","og_availability":"instock","product_availability":"instock","product_retailer_item_id":"JDV-01","product_condition":"new"},"_links":{"self":[{"href":"https:\/\/www.xpolemexico.com\/en\/wp-json\/wp\/v2\/product\/2219","targetHints":{"allow":["GET"]}}],"collection":[{"href":"https:\/\/www.xpolemexico.com\/en\/wp-json\/wp\/v2\/product"}],"about":[{"href":"https:\/\/www.xpolemexico.com\/en\/wp-json\/wp\/v2\/types\/product"}],"wp:featuredmedia":[{"embeddable":true,"href":"https:\/\/www.xpolemexico.com\/en\/wp-json\/wp\/v2\/media\/5413"}],"wp:attachment":[{"href":"https:\/\/www.xpolemexico.com\/en\/wp-json\/wp\/v2\/media?parent=2219"}],"wp:term":[{"taxonomy":"product_cat","embeddable":true,"href":"https:\/\/www.xpolemexico.com\/en\/wp-json\/wp\/v2\/product_cat?post=2219"},{"taxonomy":"product_tag","embeddable":true,"href":"https:\/\/www.xpolemexico.com\/en\/wp-json\/wp\/v2\/product_tag?post=2219"}],"curies":[{"name":"wp","href":"https:\/\/api.w.org\/{rel}","templated":true}]}}