{"id":2174,"date":"2018-01-31T15:07:26","date_gmt":"2018-01-31T23:07:26","guid":{"rendered":"https:\/\/www.xpolemexico.com\/product\/fixed-flange-plate-45mm-ns-cr\/"},"modified":"2026-03-19T06:36:05","modified_gmt":"2026-03-19T12:36:05","slug":"fixed-flange-plate-45mm-ns-cr","status":"publish","type":"product","link":"https:\/\/www.xpolemexico.com\/en\/tienda\/accessories-en\/mounts-en\/fixed-flange-plate-45mm-ns-cr\/","title":{"rendered":"Fixed Flange Plate NS (CR)"},"content":{"rendered":"<p>Small and slick, the Fixed Flange Plate is great way to have a permanent mount for your SPORT pole in your home without the need for the upper plate. Designed to work with the SPORT pole only, the fixes flange plate is low profile and discreet, without sacrificing any safety or security.<\/p>\n<p>This will not work on slanted or vaulted ceilings. Please choose the XPERT or XPERT Pro.<\/p>\n<p><strong>No screws or bolts supplied.\u00a0<\/strong><\/p>\n<p>&nbsp;<\/p>\n","protected":false},"excerpt":{"rendered":"<p>Small and slick, the Fixed Flange Plate is great way to have a permanent mount for your SPORT pole in your home without the need for the upper plate. Designed to work with the SPORT pole only, the fixes flange plate is low profile and discreet, without sacrificing any safety or security. This will not [&hellip;]<\/p>\n","protected":false},"featured_media":5755,"template":"","meta":{"_acf_changed":false},"product_cat":[71,55],"product_tag":[],"class_list":{"0":"post-2174","1":"product","2":"type-product","3":"status-publish","4":"has-post-thumbnail","6":"product_cat-mounts-en","7":"product_cat-sport-parts-en","8":"product_shipping_class-shipping-class-25-en","10":"first","11":"instock","12":"taxable","13":"shipping-taxable","14":"purchasable","15":"product-type-variable"},"bundled_by":[],"bundle_stock_status":"instock","bundle_stock_quantity":4,"bundle_virtual":false,"bundle_layout":"","bundle_add_to_cart_form_location":"","bundle_editable_in_cart":false,"bundle_sold_individually_context":"","bundle_item_grouping":"","bundle_min_size":"","bundle_max_size":"","bundle_price":[],"bundled_items":[],"bundle_sell_ids":[],"acf":[],"yoast_head":"<!-- This site is optimized with the Yoast SEO Premium plugin v24.6 (Yoast SEO v24.6) - https:\/\/yoast.com\/wordpress\/plugins\/seo\/ -->\n<title>Fixed Flange Plate NS (CR) | Mexico New<\/title>\n<meta name=\"robots\" content=\"index, follow, max-snippet:-1, max-image-preview:large, max-video-preview:-1\" \/>\n<link rel=\"canonical\" href=\"https:\/\/www.xpolemexico.com\/en\/tienda\/accessories-en\/mounts-en\/fixed-flange-plate-45mm-ns-cr\/\" \/>\n<meta property=\"og:locale\" content=\"en_US\" \/>\n<meta property=\"og:type\" content=\"article\" \/>\n<meta property=\"og:title\" content=\"Fixed Flange Plate NS (CR)\" \/>\n<meta property=\"og:description\" content=\"Small and slick, the Fixed Flange Plate is great way to have a permanent mount for your SPORT pole in your home without the need for the upper plate. Designed to work with the SPORT pole only, the fixes flange plate is low profile and discreet, without sacrificing any safety or security. This will not [&hellip;]\" \/>\n<meta property=\"og:url\" content=\"https:\/\/www.xpolemexico.com\/en\/tienda\/accessories-en\/mounts-en\/fixed-flange-plate-45mm-ns-cr\/\" \/>\n<meta property=\"og:site_name\" content=\"Mexico New\" \/>\n<meta property=\"article:modified_time\" content=\"2026-03-19T12:36:05+00:00\" \/>\n<meta property=\"og:image\" content=\"https:\/\/www.xpolemexico.com\/wp-content\/uploads\/sites\/8\/2018\/01\/Sports-mount-2.jpg\" \/>\n\t<meta property=\"og:image:width\" content=\"600\" \/>\n\t<meta property=\"og:image:height\" content=\"600\" \/>\n\t<meta property=\"og:image:type\" content=\"image\/jpeg\" \/>\n<meta name=\"twitter:card\" content=\"summary_large_image\" \/>\n<meta name=\"twitter:label1\" content=\"Availability\" \/>\n\t<meta name=\"twitter:data1\" content=\"In stock\" \/>\n<script type=\"application\/ld+json\" class=\"yoast-schema-graph\">{\"@context\":\"https:\/\/schema.org\",\"@graph\":[{\"@type\":\"WebPage\",\"@id\":\"https:\/\/www.xpolemexico.com\/en\/tienda\/accessories-en\/mounts-en\/fixed-flange-plate-45mm-ns-cr\/\",\"url\":\"https:\/\/www.xpolemexico.com\/en\/tienda\/accessories-en\/mounts-en\/fixed-flange-plate-45mm-ns-cr\/\",\"name\":\"Fixed Flange Plate NS (CR) | Mexico New\",\"isPartOf\":{\"@id\":\"https:\/\/www.xpolemexico.com\/en\/#website\"},\"primaryImageOfPage\":{\"@id\":\"https:\/\/www.xpolemexico.com\/en\/tienda\/accessories-en\/mounts-en\/fixed-flange-plate-45mm-ns-cr\/#primaryimage\"},\"image\":{\"@id\":\"https:\/\/www.xpolemexico.com\/en\/tienda\/accessories-en\/mounts-en\/fixed-flange-plate-45mm-ns-cr\/#primaryimage\"},\"thumbnailUrl\":\"https:\/\/www.xpolemexico.com\/wp-content\/uploads\/sites\/8\/2018\/01\/Sports-mount-2.jpg\",\"datePublished\":\"2018-01-31T23:07:26+00:00\",\"dateModified\":\"2026-03-19T12:36:05+00:00\",\"breadcrumb\":{\"@id\":\"https:\/\/www.xpolemexico.com\/en\/tienda\/accessories-en\/mounts-en\/fixed-flange-plate-45mm-ns-cr\/#breadcrumb\"},\"inLanguage\":\"en-US\",\"potentialAction\":[{\"@type\":\"ReadAction\",\"target\":[\"https:\/\/www.xpolemexico.com\/en\/tienda\/accessories-en\/mounts-en\/fixed-flange-plate-45mm-ns-cr\/\"]}]},{\"@type\":\"ImageObject\",\"inLanguage\":\"en-US\",\"@id\":\"https:\/\/www.xpolemexico.com\/en\/tienda\/accessories-en\/mounts-en\/fixed-flange-plate-45mm-ns-cr\/#primaryimage\",\"url\":\"https:\/\/www.xpolemexico.com\/wp-content\/uploads\/sites\/8\/2018\/01\/Sports-mount-2.jpg\",\"contentUrl\":\"https:\/\/www.xpolemexico.com\/wp-content\/uploads\/sites\/8\/2018\/01\/Sports-mount-2.jpg\",\"width\":600,\"height\":600},{\"@type\":\"BreadcrumbList\",\"@id\":\"https:\/\/www.xpolemexico.com\/en\/tienda\/accessories-en\/mounts-en\/fixed-flange-plate-45mm-ns-cr\/#breadcrumb\",\"itemListElement\":[{\"@type\":\"ListItem\",\"position\":1,\"name\":\"Home\",\"item\":\"https:\/\/www.xpolemexico.com\/en\/\"},{\"@type\":\"ListItem\",\"position\":2,\"name\":\"Shop\",\"item\":\"https:\/\/www.xpolemexico.com\/en\/shop-all\/\"},{\"@type\":\"ListItem\",\"position\":3,\"name\":\"Fixed Flange Plate NS (CR)\"}]},{\"@type\":\"WebSite\",\"@id\":\"https:\/\/www.xpolemexico.com\/en\/#website\",\"url\":\"https:\/\/www.xpolemexico.com\/en\/\",\"name\":\"X-Pole M\u00e9xico\",\"description\":\"L\u00edderes en Fitness de Pole y A\u00e9reo\",\"potentialAction\":[{\"@type\":\"SearchAction\",\"target\":{\"@type\":\"EntryPoint\",\"urlTemplate\":\"https:\/\/www.xpolemexico.com\/en\/?s={search_term_string}\"},\"query-input\":{\"@type\":\"PropertyValueSpecification\",\"valueRequired\":true,\"valueName\":\"search_term_string\"}}],\"inLanguage\":\"en-US\"}]}<\/script>\n<meta property=\"og:availability\" content=\"instock\" \/>\n<meta property=\"product:availability\" content=\"instock\" \/>\n<meta property=\"product:condition\" content=\"new\" \/>\n<!-- \/ Yoast SEO Premium plugin. -->","yoast_head_json":{"title":"Fixed Flange Plate NS (CR) | Mexico New","robots":{"index":"index","follow":"follow","max-snippet":"max-snippet:-1","max-image-preview":"max-image-preview:large","max-video-preview":"max-video-preview:-1"},"canonical":"https:\/\/www.xpolemexico.com\/en\/tienda\/accessories-en\/mounts-en\/fixed-flange-plate-45mm-ns-cr\/","og_locale":"en_US","og_type":"article","og_title":"Fixed Flange Plate NS (CR)","og_description":"Small and slick, the Fixed Flange Plate is great way to have a permanent mount for your SPORT pole in your home without the need for the upper plate. Designed to work with the SPORT pole only, the fixes flange plate is low profile and discreet, without sacrificing any safety or security. This will not [&hellip;]","og_url":"https:\/\/www.xpolemexico.com\/en\/tienda\/accessories-en\/mounts-en\/fixed-flange-plate-45mm-ns-cr\/","og_site_name":"Mexico New","article_modified_time":"2026-03-19T12:36:05+00:00","og_image":[{"width":600,"height":600,"url":"https:\/\/www.xpolemexico.com\/wp-content\/uploads\/sites\/8\/2018\/01\/Sports-mount-2.jpg","type":"image\/jpeg"}],"twitter_card":"summary_large_image","twitter_misc":{"Availability":"In stock"},"schema":{"@context":"https:\/\/schema.org","@graph":[{"@type":"WebPage","@id":"https:\/\/www.xpolemexico.com\/en\/tienda\/accessories-en\/mounts-en\/fixed-flange-plate-45mm-ns-cr\/","url":"https:\/\/www.xpolemexico.com\/en\/tienda\/accessories-en\/mounts-en\/fixed-flange-plate-45mm-ns-cr\/","name":"Fixed Flange Plate NS (CR) | Mexico New","isPartOf":{"@id":"https:\/\/www.xpolemexico.com\/en\/#website"},"primaryImageOfPage":{"@id":"https:\/\/www.xpolemexico.com\/en\/tienda\/accessories-en\/mounts-en\/fixed-flange-plate-45mm-ns-cr\/#primaryimage"},"image":{"@id":"https:\/\/www.xpolemexico.com\/en\/tienda\/accessories-en\/mounts-en\/fixed-flange-plate-45mm-ns-cr\/#primaryimage"},"thumbnailUrl":"https:\/\/www.xpolemexico.com\/wp-content\/uploads\/sites\/8\/2018\/01\/Sports-mount-2.jpg","datePublished":"2018-01-31T23:07:26+00:00","dateModified":"2026-03-19T12:36:05+00:00","breadcrumb":{"@id":"https:\/\/www.xpolemexico.com\/en\/tienda\/accessories-en\/mounts-en\/fixed-flange-plate-45mm-ns-cr\/#breadcrumb"},"inLanguage":"en-US","potentialAction":[{"@type":"ReadAction","target":["https:\/\/www.xpolemexico.com\/en\/tienda\/accessories-en\/mounts-en\/fixed-flange-plate-45mm-ns-cr\/"]}]},{"@type":"ImageObject","inLanguage":"en-US","@id":"https:\/\/www.xpolemexico.com\/en\/tienda\/accessories-en\/mounts-en\/fixed-flange-plate-45mm-ns-cr\/#primaryimage","url":"https:\/\/www.xpolemexico.com\/wp-content\/uploads\/sites\/8\/2018\/01\/Sports-mount-2.jpg","contentUrl":"https:\/\/www.xpolemexico.com\/wp-content\/uploads\/sites\/8\/2018\/01\/Sports-mount-2.jpg","width":600,"height":600},{"@type":"BreadcrumbList","@id":"https:\/\/www.xpolemexico.com\/en\/tienda\/accessories-en\/mounts-en\/fixed-flange-plate-45mm-ns-cr\/#breadcrumb","itemListElement":[{"@type":"ListItem","position":1,"name":"Home","item":"https:\/\/www.xpolemexico.com\/en\/"},{"@type":"ListItem","position":2,"name":"Shop","item":"https:\/\/www.xpolemexico.com\/en\/shop-all\/"},{"@type":"ListItem","position":3,"name":"Fixed Flange Plate NS (CR)"}]},{"@type":"WebSite","@id":"https:\/\/www.xpolemexico.com\/en\/#website","url":"https:\/\/www.xpolemexico.com\/en\/","name":"X-Pole M\u00e9xico","description":"L\u00edderes en Fitness de Pole y A\u00e9reo","potentialAction":[{"@type":"SearchAction","target":{"@type":"EntryPoint","urlTemplate":"https:\/\/www.xpolemexico.com\/en\/?s={search_term_string}"},"query-input":{"@type":"PropertyValueSpecification","valueRequired":true,"valueName":"search_term_string"}}],"inLanguage":"en-US"}]},"og_availability":"instock","product_availability":"instock","product_condition":"new"},"_links":{"self":[{"href":"https:\/\/www.xpolemexico.com\/en\/wp-json\/wp\/v2\/product\/2174","targetHints":{"allow":["GET"]}}],"collection":[{"href":"https:\/\/www.xpolemexico.com\/en\/wp-json\/wp\/v2\/product"}],"about":[{"href":"https:\/\/www.xpolemexico.com\/en\/wp-json\/wp\/v2\/types\/product"}],"wp:featuredmedia":[{"embeddable":true,"href":"https:\/\/www.xpolemexico.com\/en\/wp-json\/wp\/v2\/media\/5755"}],"wp:attachment":[{"href":"https:\/\/www.xpolemexico.com\/en\/wp-json\/wp\/v2\/media?parent=2174"}],"wp:term":[{"taxonomy":"product_cat","embeddable":true,"href":"https:\/\/www.xpolemexico.com\/en\/wp-json\/wp\/v2\/product_cat?post=2174"},{"taxonomy":"product_tag","embeddable":true,"href":"https:\/\/www.xpolemexico.com\/en\/wp-json\/wp\/v2\/product_tag?post=2174"}],"curies":[{"name":"wp","href":"https:\/\/api.w.org\/{rel}","templated":true}]}}