{"id":101577,"date":"2025-05-07T08:07:43","date_gmt":"2025-05-07T14:07:43","guid":{"rendered":"https:\/\/www.xpolemexico.com\/?post_type=product&#038;p=101577"},"modified":"2025-08-12T10:42:26","modified_gmt":"2025-08-12T16:42:26","slug":"1000mm-extension","status":"publish","type":"product","link":"https:\/\/www.xpolemexico.com\/en\/tienda\/parts-en\/1000mm-extension\/","title":{"rendered":"1000mm Extension"},"content":{"rendered":"<p>Extensions designed to work with post-2014 model X-POLE SPORTS, XPERTS, XPERT Pro&#8217;s and X-STAGE\/X-STAGE Lite&#8217;s.<\/p>\n<div class=\"category_description\">\n<p>The latest range of pole extensions to be used with the X-Joint technology pole sets. These extensions are used with all the X-POLE sets featuring X-Joint tube assembly system &#8211; the SPORT (NS), XPERT (NX), XPERT Pro (PX) and the X-Stages (which also use X-Joints).<\/p>\n<p>If you are unsure which joint system you have, all &#8216;bottom loading&#8217; X-POLE sets (screw adjuster at the bottom) use X-Joints. Poles with the screw adjuster at the top use screw extensions. (For further details on extensions for these pole sets, please contact us on +1-818-924-3576).<\/p>\n<p><strong>Important Note:\u00a0<\/strong>X-Joints are not supplied with the extensions. Some extensions will require an X-Joint unit to be purchased in addition. However, as every X-POLE set is supplied with 3 pieces of X-Joints, additional joints may not be needed. Please check what joints are required to match the extensions being used.<\/p>\n<p>Installed only at the top of the pole, in descending size order, the extensions are connected using X-Joints. X-POLE extensions come in varying sizes to allow expansion of the X-POLE up to 11ft(132&#8243;). Installed at the top of the pole they connect together for maximum strength, stability and smoothness.<\/p>\n<p><strong>Sizing<\/strong> &#8211; most important points to remember when choosing an extension is to select the correct size to minimize the adjuster length and always use one longer extension as opposed to two. Always check your ceiling measurement before ordering extensions.<\/p>\n<\/div>\n","protected":false},"excerpt":{"rendered":"<p>Extensions designed to work with post-2014 model X-POLE SPORTS, XPERTS, XPERT Pro&#8217;s and X-STAGE\/X-STAGE Lite&#8217;s. The latest range of pole extensions to be used with the X-Joint technology pole sets. These extensions are used with all the X-POLE sets featuring X-Joint tube assembly system &#8211; the SPORT (NS), XPERT (NX), XPERT Pro (PX) and the [&hellip;]<\/p>\n","protected":false},"featured_media":101326,"template":"","meta":{"_acf_changed":false},"product_cat":[30,73],"product_tag":[],"class_list":{"0":"post-101577","1":"product","2":"type-product","3":"status-publish","4":"has-post-thumbnail","6":"product_cat-parts-en","7":"product_cat-extensions-en","9":"first","10":"instock","11":"taxable","12":"shipping-taxable","13":"purchasable","14":"product-type-variable"},"bundled_by":[],"bundle_stock_status":"instock","bundle_stock_quantity":null,"bundle_virtual":false,"bundle_layout":"","bundle_add_to_cart_form_location":"","bundle_editable_in_cart":false,"bundle_sold_individually_context":"","bundle_item_grouping":"","bundle_min_size":"","bundle_max_size":"","bundle_price":[],"bundled_items":[],"bundle_sell_ids":[],"acf":[],"yoast_head":"<!-- This site is optimized with the Yoast SEO Premium plugin v24.6 (Yoast SEO v24.6) - https:\/\/yoast.com\/wordpress\/plugins\/seo\/ -->\n<title>1000mm Extension | Mexico New<\/title>\n<meta name=\"robots\" content=\"index, follow, max-snippet:-1, max-image-preview:large, max-video-preview:-1\" \/>\n<link rel=\"canonical\" href=\"https:\/\/www.xpolemexico.com\/en\/tienda\/parts-en\/1000mm-extension\/\" \/>\n<meta property=\"og:locale\" content=\"en_US\" \/>\n<meta property=\"og:type\" content=\"article\" \/>\n<meta property=\"og:title\" content=\"1000mm Extension\" \/>\n<meta property=\"og:description\" content=\"Extensions designed to work with post-2014 model X-POLE SPORTS, XPERTS, XPERT Pro&#8217;s and X-STAGE\/X-STAGE Lite&#8217;s. The latest range of pole extensions to be used with the X-Joint technology pole sets. These extensions are used with all the X-POLE sets featuring X-Joint tube assembly system &#8211; the SPORT (NS), XPERT (NX), XPERT Pro (PX) and the [&hellip;]\" \/>\n<meta property=\"og:url\" content=\"https:\/\/www.xpolemexico.com\/en\/tienda\/parts-en\/1000mm-extension\/\" \/>\n<meta property=\"og:site_name\" content=\"Mexico New\" \/>\n<meta property=\"article:modified_time\" content=\"2025-08-12T16:42:26+00:00\" \/>\n<meta property=\"og:image\" content=\"https:\/\/www.xpolemexico.com\/wp-content\/uploads\/sites\/8\/2025\/05\/Add-a-little-bit-of-body-text-1.png\" \/>\n\t<meta property=\"og:image:width\" content=\"1080\" \/>\n\t<meta property=\"og:image:height\" content=\"1080\" \/>\n\t<meta property=\"og:image:type\" content=\"image\/png\" \/>\n<meta name=\"twitter:card\" content=\"summary_large_image\" \/>\n<meta name=\"twitter:label1\" content=\"Availability\" \/>\n\t<meta name=\"twitter:data1\" content=\"In stock\" \/>\n<script type=\"application\/ld+json\" class=\"yoast-schema-graph\">{\"@context\":\"https:\/\/schema.org\",\"@graph\":[{\"@type\":\"WebPage\",\"@id\":\"https:\/\/www.xpolemexico.com\/en\/tienda\/parts-en\/1000mm-extension\/\",\"url\":\"https:\/\/www.xpolemexico.com\/en\/tienda\/parts-en\/1000mm-extension\/\",\"name\":\"1000mm Extension | Mexico New\",\"isPartOf\":{\"@id\":\"https:\/\/www.xpolemexico.com\/en\/#website\"},\"primaryImageOfPage\":{\"@id\":\"https:\/\/www.xpolemexico.com\/en\/tienda\/parts-en\/1000mm-extension\/#primaryimage\"},\"image\":{\"@id\":\"https:\/\/www.xpolemexico.com\/en\/tienda\/parts-en\/1000mm-extension\/#primaryimage\"},\"thumbnailUrl\":\"https:\/\/www.xpolemexico.com\/wp-content\/uploads\/sites\/8\/2025\/05\/Add-a-little-bit-of-body-text-1.png\",\"datePublished\":\"2025-05-07T14:07:43+00:00\",\"dateModified\":\"2025-08-12T16:42:26+00:00\",\"breadcrumb\":{\"@id\":\"https:\/\/www.xpolemexico.com\/en\/tienda\/parts-en\/1000mm-extension\/#breadcrumb\"},\"inLanguage\":\"en-US\",\"potentialAction\":[{\"@type\":\"ReadAction\",\"target\":[\"https:\/\/www.xpolemexico.com\/en\/tienda\/parts-en\/1000mm-extension\/\"]}]},{\"@type\":\"ImageObject\",\"inLanguage\":\"en-US\",\"@id\":\"https:\/\/www.xpolemexico.com\/en\/tienda\/parts-en\/1000mm-extension\/#primaryimage\",\"url\":\"https:\/\/www.xpolemexico.com\/wp-content\/uploads\/sites\/8\/2025\/05\/Add-a-little-bit-of-body-text-1.png\",\"contentUrl\":\"https:\/\/www.xpolemexico.com\/wp-content\/uploads\/sites\/8\/2025\/05\/Add-a-little-bit-of-body-text-1.png\",\"width\":1080,\"height\":1080},{\"@type\":\"BreadcrumbList\",\"@id\":\"https:\/\/www.xpolemexico.com\/en\/tienda\/parts-en\/1000mm-extension\/#breadcrumb\",\"itemListElement\":[{\"@type\":\"ListItem\",\"position\":1,\"name\":\"Home\",\"item\":\"https:\/\/www.xpolemexico.com\/en\/\"},{\"@type\":\"ListItem\",\"position\":2,\"name\":\"Shop\",\"item\":\"https:\/\/www.xpolemexico.com\/en\/shop-all\/\"},{\"@type\":\"ListItem\",\"position\":3,\"name\":\"1000mm Extension\"}]},{\"@type\":\"WebSite\",\"@id\":\"https:\/\/www.xpolemexico.com\/en\/#website\",\"url\":\"https:\/\/www.xpolemexico.com\/en\/\",\"name\":\"X-Pole M\u00e9xico\",\"description\":\"L\u00edderes en Fitness de Pole y A\u00e9reo\",\"potentialAction\":[{\"@type\":\"SearchAction\",\"target\":{\"@type\":\"EntryPoint\",\"urlTemplate\":\"https:\/\/www.xpolemexico.com\/en\/?s={search_term_string}\"},\"query-input\":{\"@type\":\"PropertyValueSpecification\",\"valueRequired\":true,\"valueName\":\"search_term_string\"}}],\"inLanguage\":\"en-US\"}]}<\/script>\n<meta property=\"og:availability\" content=\"instock\" \/>\n<meta property=\"product:availability\" content=\"instock\" \/>\n<meta property=\"product:condition\" content=\"new\" \/>\n<!-- \/ Yoast SEO Premium plugin. -->","yoast_head_json":{"title":"1000mm Extension | Mexico New","robots":{"index":"index","follow":"follow","max-snippet":"max-snippet:-1","max-image-preview":"max-image-preview:large","max-video-preview":"max-video-preview:-1"},"canonical":"https:\/\/www.xpolemexico.com\/en\/tienda\/parts-en\/1000mm-extension\/","og_locale":"en_US","og_type":"article","og_title":"1000mm Extension","og_description":"Extensions designed to work with post-2014 model X-POLE SPORTS, XPERTS, XPERT Pro&#8217;s and X-STAGE\/X-STAGE Lite&#8217;s. The latest range of pole extensions to be used with the X-Joint technology pole sets. These extensions are used with all the X-POLE sets featuring X-Joint tube assembly system &#8211; the SPORT (NS), XPERT (NX), XPERT Pro (PX) and the [&hellip;]","og_url":"https:\/\/www.xpolemexico.com\/en\/tienda\/parts-en\/1000mm-extension\/","og_site_name":"Mexico New","article_modified_time":"2025-08-12T16:42:26+00:00","og_image":[{"width":1080,"height":1080,"url":"https:\/\/www.xpolemexico.com\/wp-content\/uploads\/sites\/8\/2025\/05\/Add-a-little-bit-of-body-text-1.png","type":"image\/png"}],"twitter_card":"summary_large_image","twitter_misc":{"Availability":"In stock"},"schema":{"@context":"https:\/\/schema.org","@graph":[{"@type":"WebPage","@id":"https:\/\/www.xpolemexico.com\/en\/tienda\/parts-en\/1000mm-extension\/","url":"https:\/\/www.xpolemexico.com\/en\/tienda\/parts-en\/1000mm-extension\/","name":"1000mm Extension | Mexico New","isPartOf":{"@id":"https:\/\/www.xpolemexico.com\/en\/#website"},"primaryImageOfPage":{"@id":"https:\/\/www.xpolemexico.com\/en\/tienda\/parts-en\/1000mm-extension\/#primaryimage"},"image":{"@id":"https:\/\/www.xpolemexico.com\/en\/tienda\/parts-en\/1000mm-extension\/#primaryimage"},"thumbnailUrl":"https:\/\/www.xpolemexico.com\/wp-content\/uploads\/sites\/8\/2025\/05\/Add-a-little-bit-of-body-text-1.png","datePublished":"2025-05-07T14:07:43+00:00","dateModified":"2025-08-12T16:42:26+00:00","breadcrumb":{"@id":"https:\/\/www.xpolemexico.com\/en\/tienda\/parts-en\/1000mm-extension\/#breadcrumb"},"inLanguage":"en-US","potentialAction":[{"@type":"ReadAction","target":["https:\/\/www.xpolemexico.com\/en\/tienda\/parts-en\/1000mm-extension\/"]}]},{"@type":"ImageObject","inLanguage":"en-US","@id":"https:\/\/www.xpolemexico.com\/en\/tienda\/parts-en\/1000mm-extension\/#primaryimage","url":"https:\/\/www.xpolemexico.com\/wp-content\/uploads\/sites\/8\/2025\/05\/Add-a-little-bit-of-body-text-1.png","contentUrl":"https:\/\/www.xpolemexico.com\/wp-content\/uploads\/sites\/8\/2025\/05\/Add-a-little-bit-of-body-text-1.png","width":1080,"height":1080},{"@type":"BreadcrumbList","@id":"https:\/\/www.xpolemexico.com\/en\/tienda\/parts-en\/1000mm-extension\/#breadcrumb","itemListElement":[{"@type":"ListItem","position":1,"name":"Home","item":"https:\/\/www.xpolemexico.com\/en\/"},{"@type":"ListItem","position":2,"name":"Shop","item":"https:\/\/www.xpolemexico.com\/en\/shop-all\/"},{"@type":"ListItem","position":3,"name":"1000mm Extension"}]},{"@type":"WebSite","@id":"https:\/\/www.xpolemexico.com\/en\/#website","url":"https:\/\/www.xpolemexico.com\/en\/","name":"X-Pole M\u00e9xico","description":"L\u00edderes en Fitness de Pole y A\u00e9reo","potentialAction":[{"@type":"SearchAction","target":{"@type":"EntryPoint","urlTemplate":"https:\/\/www.xpolemexico.com\/en\/?s={search_term_string}"},"query-input":{"@type":"PropertyValueSpecification","valueRequired":true,"valueName":"search_term_string"}}],"inLanguage":"en-US"}]},"og_availability":"instock","product_availability":"instock","product_condition":"new"},"_links":{"self":[{"href":"https:\/\/www.xpolemexico.com\/en\/wp-json\/wp\/v2\/product\/101577","targetHints":{"allow":["GET"]}}],"collection":[{"href":"https:\/\/www.xpolemexico.com\/en\/wp-json\/wp\/v2\/product"}],"about":[{"href":"https:\/\/www.xpolemexico.com\/en\/wp-json\/wp\/v2\/types\/product"}],"wp:featuredmedia":[{"embeddable":true,"href":"https:\/\/www.xpolemexico.com\/en\/wp-json\/wp\/v2\/media\/101326"}],"wp:attachment":[{"href":"https:\/\/www.xpolemexico.com\/en\/wp-json\/wp\/v2\/media?parent=101577"}],"wp:term":[{"taxonomy":"product_cat","embeddable":true,"href":"https:\/\/www.xpolemexico.com\/en\/wp-json\/wp\/v2\/product_cat?post=101577"},{"taxonomy":"product_tag","embeddable":true,"href":"https:\/\/www.xpolemexico.com\/en\/wp-json\/wp\/v2\/product_tag?post=101577"}],"curies":[{"name":"wp","href":"https:\/\/api.w.org\/{rel}","templated":true}]}}