{"id":10109,"date":"2019-07-24T11:46:40","date_gmt":"2019-07-24T18:46:40","guid":{"rendered":"https:\/\/www.xpolemexico.com\/?post_type=product&#038;p=10109"},"modified":"2024-08-28T19:24:55","modified_gmt":"2024-08-29T02:24:55","slug":"mini-par-rgbw-led","status":"publish","type":"product","link":"https:\/\/www.xpolemexico.com\/en\/tienda\/sin-categorizar\/mini-par-rgbw-led\/","title":{"rendered":"Mini Par RGBW LED"},"content":{"rendered":"<p>Ideal for stage, theatrical, event, and entertainment venues, the <b>Mini PAR RGBW LED<\/b>\u00a0features sound activated, auto, DMX, and master\/slave functions. The output is dimmable from 0-100% and fan-cooled to extend the life of the LEDs. This version of the light allows you to customize your color effects almost without limit. It features static color, color changing, color fading and strobe light.<\/p>\n","protected":false},"excerpt":{"rendered":"<p>This light can be used in multiple modes. Sound-activated, Auto, DMX or Master-slave. Master\/Slave mix variable disco party lighting &#8211; Auto-play, static color, color changing, color fading, strobe light. Easy to use, and great LED up lighting for Mobile DJs, Disco, Clubs, Pub, Bar, Banquet, weddings, family parties, etc This fixture offers 12 pcs 1W (Red 3, Green 3, Blue 3, White 3)<\/p>\n","protected":false},"featured_media":10110,"template":"","meta":{"_acf_changed":false},"product_cat":[844],"product_tag":[235,234,240],"class_list":{"0":"post-10109","1":"product","2":"type-product","3":"status-publish","4":"has-post-thumbnail","6":"product_cat-sin-categorizar","7":"product_tag-led","8":"product_tag-lighting","9":"product_tag-stage-lighting","11":"first","12":"instock","13":"taxable","14":"shipping-taxable","15":"purchasable","16":"product-type-simple"},"bundled_by":[],"bundle_stock_status":"instock","bundle_stock_quantity":4,"bundle_virtual":false,"bundle_layout":"","bundle_add_to_cart_form_location":"","bundle_editable_in_cart":false,"bundle_sold_individually_context":"","bundle_item_grouping":"","bundle_min_size":"","bundle_max_size":"","bundle_price":[],"bundled_items":[],"bundle_sell_ids":[],"acf":[],"yoast_head":"<!-- This site is optimized with the Yoast SEO Premium plugin v24.6 (Yoast SEO v24.6) - https:\/\/yoast.com\/wordpress\/plugins\/seo\/ -->\n<title>Mini Par RGBW LED | Mexico New<\/title>\n<meta name=\"robots\" content=\"index, follow, max-snippet:-1, max-image-preview:large, max-video-preview:-1\" \/>\n<link rel=\"canonical\" href=\"https:\/\/www.xpolemexico.com\/en\/tienda\/sin-categorizar\/mini-par-rgbw-led\/\" \/>\n<meta property=\"og:locale\" content=\"en_US\" \/>\n<meta property=\"og:type\" content=\"article\" \/>\n<meta property=\"og:title\" content=\"Mini Par RGBW LED\" \/>\n<meta property=\"og:description\" content=\"This light can be used in multiple modes. Sound-activated, Auto, DMX or Master-slave. Master\/Slave mix variable disco party lighting - Auto-play, static color, color changing, color fading, strobe light. Easy to use, and great LED up lighting for Mobile DJs, Disco, Clubs, Pub, Bar, Banquet, weddings, family parties, etc This fixture offers 12 pcs 1W (Red 3, Green 3, Blue 3, White 3)\" \/>\n<meta property=\"og:url\" content=\"https:\/\/www.xpolemexico.com\/en\/tienda\/sin-categorizar\/mini-par-rgbw-led\/\" \/>\n<meta property=\"og:site_name\" content=\"Mexico New\" \/>\n<meta property=\"article:modified_time\" content=\"2024-08-29T02:24:55+00:00\" \/>\n<meta property=\"og:image\" content=\"https:\/\/www.xpolemexico.com\/wp-content\/uploads\/sites\/8\/2019\/07\/1517845676_1385835.jpg\" \/>\n\t<meta property=\"og:image:width\" content=\"500\" \/>\n\t<meta property=\"og:image:height\" content=\"500\" \/>\n\t<meta property=\"og:image:type\" content=\"image\/jpeg\" \/>\n<meta name=\"twitter:card\" content=\"summary_large_image\" \/>\n<meta name=\"twitter:label1\" content=\"Price\" \/>\n\t<meta name=\"twitter:data1\" content=\"&#036;39.95 (697.04 MXN)\" \/>\n\t<meta name=\"twitter:label2\" content=\"Availability\" \/>\n\t<meta name=\"twitter:data2\" content=\"In stock\" \/>\n<script type=\"application\/ld+json\" class=\"yoast-schema-graph\">{\"@context\":\"https:\/\/schema.org\",\"@graph\":[{\"@type\":\"WebPage\",\"@id\":\"https:\/\/www.xpolemexico.com\/en\/tienda\/sin-categorizar\/mini-par-rgbw-led\/\",\"url\":\"https:\/\/www.xpolemexico.com\/en\/tienda\/sin-categorizar\/mini-par-rgbw-led\/\",\"name\":\"Mini Par RGBW LED | Mexico New\",\"isPartOf\":{\"@id\":\"https:\/\/www.xpolemexico.com\/en\/#website\"},\"primaryImageOfPage\":{\"@id\":\"https:\/\/www.xpolemexico.com\/en\/tienda\/sin-categorizar\/mini-par-rgbw-led\/#primaryimage\"},\"image\":{\"@id\":\"https:\/\/www.xpolemexico.com\/en\/tienda\/sin-categorizar\/mini-par-rgbw-led\/#primaryimage\"},\"thumbnailUrl\":\"https:\/\/www.xpolemexico.com\/wp-content\/uploads\/sites\/8\/2019\/07\/1517845676_1385835.jpg\",\"datePublished\":\"2019-07-24T18:46:40+00:00\",\"dateModified\":\"2024-08-29T02:24:55+00:00\",\"breadcrumb\":{\"@id\":\"https:\/\/www.xpolemexico.com\/en\/tienda\/sin-categorizar\/mini-par-rgbw-led\/#breadcrumb\"},\"inLanguage\":\"en-US\",\"potentialAction\":[{\"@type\":\"ReadAction\",\"target\":[\"https:\/\/www.xpolemexico.com\/en\/tienda\/sin-categorizar\/mini-par-rgbw-led\/\"]}]},{\"@type\":\"ImageObject\",\"inLanguage\":\"en-US\",\"@id\":\"https:\/\/www.xpolemexico.com\/en\/tienda\/sin-categorizar\/mini-par-rgbw-led\/#primaryimage\",\"url\":\"https:\/\/www.xpolemexico.com\/wp-content\/uploads\/sites\/8\/2019\/07\/1517845676_1385835.jpg\",\"contentUrl\":\"https:\/\/www.xpolemexico.com\/wp-content\/uploads\/sites\/8\/2019\/07\/1517845676_1385835.jpg\",\"width\":500,\"height\":500},{\"@type\":\"BreadcrumbList\",\"@id\":\"https:\/\/www.xpolemexico.com\/en\/tienda\/sin-categorizar\/mini-par-rgbw-led\/#breadcrumb\",\"itemListElement\":[{\"@type\":\"ListItem\",\"position\":1,\"name\":\"Home\",\"item\":\"https:\/\/www.xpolemexico.com\/en\/\"},{\"@type\":\"ListItem\",\"position\":2,\"name\":\"Shop\",\"item\":\"https:\/\/www.xpolemexico.com\/en\/shop-all\/\"},{\"@type\":\"ListItem\",\"position\":3,\"name\":\"Mini Par RGBW LED\"}]},{\"@type\":\"WebSite\",\"@id\":\"https:\/\/www.xpolemexico.com\/en\/#website\",\"url\":\"https:\/\/www.xpolemexico.com\/en\/\",\"name\":\"X-Pole M\u00e9xico\",\"description\":\"L\u00edderes en Fitness de Pole y A\u00e9reo\",\"potentialAction\":[{\"@type\":\"SearchAction\",\"target\":{\"@type\":\"EntryPoint\",\"urlTemplate\":\"https:\/\/www.xpolemexico.com\/en\/?s={search_term_string}\"},\"query-input\":{\"@type\":\"PropertyValueSpecification\",\"valueRequired\":true,\"valueName\":\"search_term_string\"}}],\"inLanguage\":\"en-US\"}]}<\/script>\n<meta property=\"product:price:amount\" content=\"39.95\" \/>\n<meta property=\"product:price:currency\" content=\"USD\" \/>\n<meta property=\"og:availability\" content=\"instock\" \/>\n<meta property=\"product:availability\" content=\"instock\" \/>\n<meta property=\"product:retailer_item_id\" content=\"PS-MINIPAR\" \/>\n<meta property=\"product:condition\" content=\"new\" \/>\n<!-- \/ Yoast SEO Premium plugin. -->","yoast_head_json":{"title":"Mini Par RGBW LED | Mexico New","robots":{"index":"index","follow":"follow","max-snippet":"max-snippet:-1","max-image-preview":"max-image-preview:large","max-video-preview":"max-video-preview:-1"},"canonical":"https:\/\/www.xpolemexico.com\/en\/tienda\/sin-categorizar\/mini-par-rgbw-led\/","og_locale":"en_US","og_type":"article","og_title":"Mini Par RGBW LED","og_description":"This light can be used in multiple modes. Sound-activated, Auto, DMX or Master-slave. Master\/Slave mix variable disco party lighting - Auto-play, static color, color changing, color fading, strobe light. Easy to use, and great LED up lighting for Mobile DJs, Disco, Clubs, Pub, Bar, Banquet, weddings, family parties, etc This fixture offers 12 pcs 1W (Red 3, Green 3, Blue 3, White 3)","og_url":"https:\/\/www.xpolemexico.com\/en\/tienda\/sin-categorizar\/mini-par-rgbw-led\/","og_site_name":"Mexico New","article_modified_time":"2024-08-29T02:24:55+00:00","og_image":[{"width":500,"height":500,"url":"https:\/\/www.xpolemexico.com\/wp-content\/uploads\/sites\/8\/2019\/07\/1517845676_1385835.jpg","type":"image\/jpeg"}],"twitter_card":"summary_large_image","twitter_misc":{"Price":"&#36;39.95 (697.04 MXN)","Availability":"In stock"},"schema":{"@context":"https:\/\/schema.org","@graph":[{"@type":"WebPage","@id":"https:\/\/www.xpolemexico.com\/en\/tienda\/sin-categorizar\/mini-par-rgbw-led\/","url":"https:\/\/www.xpolemexico.com\/en\/tienda\/sin-categorizar\/mini-par-rgbw-led\/","name":"Mini Par RGBW LED | Mexico New","isPartOf":{"@id":"https:\/\/www.xpolemexico.com\/en\/#website"},"primaryImageOfPage":{"@id":"https:\/\/www.xpolemexico.com\/en\/tienda\/sin-categorizar\/mini-par-rgbw-led\/#primaryimage"},"image":{"@id":"https:\/\/www.xpolemexico.com\/en\/tienda\/sin-categorizar\/mini-par-rgbw-led\/#primaryimage"},"thumbnailUrl":"https:\/\/www.xpolemexico.com\/wp-content\/uploads\/sites\/8\/2019\/07\/1517845676_1385835.jpg","datePublished":"2019-07-24T18:46:40+00:00","dateModified":"2024-08-29T02:24:55+00:00","breadcrumb":{"@id":"https:\/\/www.xpolemexico.com\/en\/tienda\/sin-categorizar\/mini-par-rgbw-led\/#breadcrumb"},"inLanguage":"en-US","potentialAction":[{"@type":"ReadAction","target":["https:\/\/www.xpolemexico.com\/en\/tienda\/sin-categorizar\/mini-par-rgbw-led\/"]}]},{"@type":"ImageObject","inLanguage":"en-US","@id":"https:\/\/www.xpolemexico.com\/en\/tienda\/sin-categorizar\/mini-par-rgbw-led\/#primaryimage","url":"https:\/\/www.xpolemexico.com\/wp-content\/uploads\/sites\/8\/2019\/07\/1517845676_1385835.jpg","contentUrl":"https:\/\/www.xpolemexico.com\/wp-content\/uploads\/sites\/8\/2019\/07\/1517845676_1385835.jpg","width":500,"height":500},{"@type":"BreadcrumbList","@id":"https:\/\/www.xpolemexico.com\/en\/tienda\/sin-categorizar\/mini-par-rgbw-led\/#breadcrumb","itemListElement":[{"@type":"ListItem","position":1,"name":"Home","item":"https:\/\/www.xpolemexico.com\/en\/"},{"@type":"ListItem","position":2,"name":"Shop","item":"https:\/\/www.xpolemexico.com\/en\/shop-all\/"},{"@type":"ListItem","position":3,"name":"Mini Par RGBW LED"}]},{"@type":"WebSite","@id":"https:\/\/www.xpolemexico.com\/en\/#website","url":"https:\/\/www.xpolemexico.com\/en\/","name":"X-Pole M\u00e9xico","description":"L\u00edderes en Fitness de Pole y A\u00e9reo","potentialAction":[{"@type":"SearchAction","target":{"@type":"EntryPoint","urlTemplate":"https:\/\/www.xpolemexico.com\/en\/?s={search_term_string}"},"query-input":{"@type":"PropertyValueSpecification","valueRequired":true,"valueName":"search_term_string"}}],"inLanguage":"en-US"}]},"product_price_amount":"39.95","product_price_currency":"USD","og_availability":"instock","product_availability":"instock","product_retailer_item_id":"PS-MINIPAR","product_condition":"new"},"_links":{"self":[{"href":"https:\/\/www.xpolemexico.com\/en\/wp-json\/wp\/v2\/product\/10109","targetHints":{"allow":["GET"]}}],"collection":[{"href":"https:\/\/www.xpolemexico.com\/en\/wp-json\/wp\/v2\/product"}],"about":[{"href":"https:\/\/www.xpolemexico.com\/en\/wp-json\/wp\/v2\/types\/product"}],"wp:featuredmedia":[{"embeddable":true,"href":"https:\/\/www.xpolemexico.com\/en\/wp-json\/wp\/v2\/media\/10110"}],"wp:attachment":[{"href":"https:\/\/www.xpolemexico.com\/en\/wp-json\/wp\/v2\/media?parent=10109"}],"wp:term":[{"taxonomy":"product_cat","embeddable":true,"href":"https:\/\/www.xpolemexico.com\/en\/wp-json\/wp\/v2\/product_cat?post=10109"},{"taxonomy":"product_tag","embeddable":true,"href":"https:\/\/www.xpolemexico.com\/en\/wp-json\/wp\/v2\/product_tag?post=10109"}],"curies":[{"name":"wp","href":"https:\/\/api.w.org\/{rel}","templated":true}]}}