{"id":10077,"date":"2019-07-23T16:39:51","date_gmt":"2019-07-23T23:39:51","guid":{"rendered":"https:\/\/www.xpolemexico.com\/?post_type=product&#038;p=10077"},"modified":"2024-06-14T07:36:09","modified_gmt":"2024-06-14T14:36:09","slug":"avante-audio-a10","status":"publish","type":"product","link":"https:\/\/www.xpolemexico.com\/en\/tienda\/uncategorized-en\/avante-audio-a10\/","title":{"rendered":"Avante Audio A10"},"content":{"rendered":"<p>Specifications :<\/p>\n<p>\u2022 10-inch, 2-way active loudspeaker<\/p>\n<p>\u2022 Frequency Range (-10db): 70Hz-20kHz<\/p>\n<p>\u2022 Nominal Coverage: 90\u00b0 x 60\u00b0<\/p>\n<p>\u2022 Output (Peak SPL @1M): 121dB<\/p>\n<p>\u2022 Amplifier Power: 1000 W Dynamic, 250W Class D (LF) +50W Class AB (HF)<\/p>\n<p>\u2022 Power Consumption: 400W<\/p>\n<p>\u2022 DSP Features: LCD screen with EQ and multiple presets<\/p>\n<p>\u2022 Driver Information: 10\u201d Woofer w\/2\u201d Voice Coil. 1\u201d HF Compression Driver<\/p>\n<p>\u2022 Input \/Output Connectors: Balanced female XLR\/ \u00bc\u201d combo jack, 2 x RCA (phono), Balanced XLR Ouput<\/p>\n<p>\u2022 Enclosure: H-PP Molded<\/p>\n<p>\u2022 Grill: 1.2 mm steel<\/p>\n<p>\u2022 Handles: 1 handle on Top<\/p>\n<p>\u2022 Fly Points: 2 Fly Points on Top, 1 Fly Point on the Back<\/p>\n<p>\u2022 Pole Mounting: Dual position 0\u00b0 , 7.5\u00b0<\/p>\n<p>\u2022 Power Input: 120V\/60Hz or 230V\/50Hz<\/p>\n<p>\u2022 Dimensions: (W x D x H) 12.2\u201d x 11.8\u201d x 20,9\u201d (310 mm x 299 mm x 530 mm)<\/p>\n<p>\u2022 Net Weight: 25 lbs. (11,3 kg)<\/p>\n","protected":false},"excerpt":{"rendered":"<p>The Avante A10, part of the Achromic Series from Avante Audio, is an active loudspeaker cabinet that offers powerful output, detailed audio clarity, built-in DSP and sleek exterior design. Created for musicians, bands, houses of worship, audio production companies and rental houses, the Achromic Series speakers are equally suited to permanent installation as they are to one-off and touring productions.<\/p>\n","protected":false},"featured_media":10079,"template":"","meta":{"_acf_changed":false},"product_cat":[845],"product_tag":[],"class_list":{"0":"post-10077","1":"product","2":"type-product","3":"status-publish","4":"has-post-thumbnail","6":"product_cat-uncategorized-en","8":"first","9":"instock","10":"taxable","11":"shipping-taxable","12":"purchasable","13":"product-type-simple"},"bundled_by":[],"bundle_stock_status":"instock","bundle_stock_quantity":null,"bundle_virtual":false,"bundle_layout":"","bundle_add_to_cart_form_location":"","bundle_editable_in_cart":false,"bundle_sold_individually_context":"","bundle_item_grouping":"","bundle_min_size":"","bundle_max_size":"","bundle_price":[],"bundled_items":[],"bundle_sell_ids":[],"acf":[],"yoast_head":"<!-- This site is optimized with the Yoast SEO Premium plugin v24.6 (Yoast SEO v24.6) - https:\/\/yoast.com\/wordpress\/plugins\/seo\/ -->\n<title>Avante Audio A10 | Mexico New<\/title>\n<meta name=\"robots\" content=\"index, follow, max-snippet:-1, max-image-preview:large, max-video-preview:-1\" \/>\n<link rel=\"canonical\" href=\"https:\/\/www.xpolemexico.com\/en\/tienda\/uncategorized-en\/avante-audio-a10\/\" \/>\n<meta property=\"og:locale\" content=\"en_US\" \/>\n<meta property=\"og:type\" content=\"article\" \/>\n<meta property=\"og:title\" content=\"Avante Audio A10\" \/>\n<meta property=\"og:description\" content=\"The Avante A10, part of the Achromic Series from Avante Audio, is an active loudspeaker cabinet that offers powerful output, detailed audio clarity, built-in DSP and sleek exterior design. Created for musicians, bands, houses of worship, audio production companies and rental houses, the Achromic Series speakers are equally suited to permanent installation as they are to one-off and touring productions.\" \/>\n<meta property=\"og:url\" content=\"https:\/\/www.xpolemexico.com\/en\/tienda\/uncategorized-en\/avante-audio-a10\/\" \/>\n<meta property=\"og:site_name\" content=\"Mexico New\" \/>\n<meta property=\"article:modified_time\" content=\"2024-06-14T14:36:09+00:00\" \/>\n<meta property=\"og:image\" content=\"https:\/\/www.xpolemexico.com\/wp-content\/uploads\/sites\/8\/2019\/07\/A10.jpg\" \/>\n\t<meta property=\"og:image:width\" content=\"1100\" \/>\n\t<meta property=\"og:image:height\" content=\"1100\" \/>\n\t<meta property=\"og:image:type\" content=\"image\/jpeg\" \/>\n<meta name=\"twitter:card\" content=\"summary_large_image\" \/>\n<meta name=\"twitter:label1\" content=\"Price\" \/>\n\t<meta name=\"twitter:data1\" content=\"&#036;539.95 (9461.80 MXN)\" \/>\n\t<meta name=\"twitter:label2\" content=\"Availability\" \/>\n\t<meta name=\"twitter:data2\" content=\"In stock\" \/>\n<script type=\"application\/ld+json\" class=\"yoast-schema-graph\">{\"@context\":\"https:\/\/schema.org\",\"@graph\":[{\"@type\":\"WebPage\",\"@id\":\"https:\/\/www.xpolemexico.com\/en\/tienda\/uncategorized-en\/avante-audio-a10\/\",\"url\":\"https:\/\/www.xpolemexico.com\/en\/tienda\/uncategorized-en\/avante-audio-a10\/\",\"name\":\"Avante Audio A10 | Mexico New\",\"isPartOf\":{\"@id\":\"https:\/\/www.xpolemexico.com\/en\/#website\"},\"primaryImageOfPage\":{\"@id\":\"https:\/\/www.xpolemexico.com\/en\/tienda\/uncategorized-en\/avante-audio-a10\/#primaryimage\"},\"image\":{\"@id\":\"https:\/\/www.xpolemexico.com\/en\/tienda\/uncategorized-en\/avante-audio-a10\/#primaryimage\"},\"thumbnailUrl\":\"https:\/\/www.xpolemexico.com\/wp-content\/uploads\/sites\/8\/2019\/07\/A10.jpg\",\"datePublished\":\"2019-07-23T23:39:51+00:00\",\"dateModified\":\"2024-06-14T14:36:09+00:00\",\"breadcrumb\":{\"@id\":\"https:\/\/www.xpolemexico.com\/en\/tienda\/uncategorized-en\/avante-audio-a10\/#breadcrumb\"},\"inLanguage\":\"en-US\",\"potentialAction\":[{\"@type\":\"ReadAction\",\"target\":[\"https:\/\/www.xpolemexico.com\/en\/tienda\/uncategorized-en\/avante-audio-a10\/\"]}]},{\"@type\":\"ImageObject\",\"inLanguage\":\"en-US\",\"@id\":\"https:\/\/www.xpolemexico.com\/en\/tienda\/uncategorized-en\/avante-audio-a10\/#primaryimage\",\"url\":\"https:\/\/www.xpolemexico.com\/wp-content\/uploads\/sites\/8\/2019\/07\/A10.jpg\",\"contentUrl\":\"https:\/\/www.xpolemexico.com\/wp-content\/uploads\/sites\/8\/2019\/07\/A10.jpg\",\"width\":1100,\"height\":1100},{\"@type\":\"BreadcrumbList\",\"@id\":\"https:\/\/www.xpolemexico.com\/en\/tienda\/uncategorized-en\/avante-audio-a10\/#breadcrumb\",\"itemListElement\":[{\"@type\":\"ListItem\",\"position\":1,\"name\":\"Home\",\"item\":\"https:\/\/www.xpolemexico.com\/en\/\"},{\"@type\":\"ListItem\",\"position\":2,\"name\":\"Shop\",\"item\":\"https:\/\/www.xpolemexico.com\/en\/shop-all\/\"},{\"@type\":\"ListItem\",\"position\":3,\"name\":\"Avante Audio A10\"}]},{\"@type\":\"WebSite\",\"@id\":\"https:\/\/www.xpolemexico.com\/en\/#website\",\"url\":\"https:\/\/www.xpolemexico.com\/en\/\",\"name\":\"X-Pole M\u00e9xico\",\"description\":\"L\u00edderes en Fitness de Pole y A\u00e9reo\",\"potentialAction\":[{\"@type\":\"SearchAction\",\"target\":{\"@type\":\"EntryPoint\",\"urlTemplate\":\"https:\/\/www.xpolemexico.com\/en\/?s={search_term_string}\"},\"query-input\":{\"@type\":\"PropertyValueSpecification\",\"valueRequired\":true,\"valueName\":\"search_term_string\"}}],\"inLanguage\":\"en-US\"}]}<\/script>\n<meta property=\"product:price:amount\" content=\"539.95\" \/>\n<meta property=\"product:price:currency\" content=\"USD\" \/>\n<meta property=\"og:availability\" content=\"instock\" \/>\n<meta property=\"product:availability\" content=\"instock\" \/>\n<meta property=\"product:retailer_item_id\" content=\"PS-AVAA10\" \/>\n<meta property=\"product:condition\" content=\"new\" \/>\n<!-- \/ Yoast SEO Premium plugin. -->","yoast_head_json":{"title":"Avante Audio A10 | Mexico New","robots":{"index":"index","follow":"follow","max-snippet":"max-snippet:-1","max-image-preview":"max-image-preview:large","max-video-preview":"max-video-preview:-1"},"canonical":"https:\/\/www.xpolemexico.com\/en\/tienda\/uncategorized-en\/avante-audio-a10\/","og_locale":"en_US","og_type":"article","og_title":"Avante Audio A10","og_description":"The Avante A10, part of the Achromic Series from Avante Audio, is an active loudspeaker cabinet that offers powerful output, detailed audio clarity, built-in DSP and sleek exterior design. Created for musicians, bands, houses of worship, audio production companies and rental houses, the Achromic Series speakers are equally suited to permanent installation as they are to one-off and touring productions.","og_url":"https:\/\/www.xpolemexico.com\/en\/tienda\/uncategorized-en\/avante-audio-a10\/","og_site_name":"Mexico New","article_modified_time":"2024-06-14T14:36:09+00:00","og_image":[{"width":1100,"height":1100,"url":"https:\/\/www.xpolemexico.com\/wp-content\/uploads\/sites\/8\/2019\/07\/A10.jpg","type":"image\/jpeg"}],"twitter_card":"summary_large_image","twitter_misc":{"Price":"&#36;539.95 (9461.80 MXN)","Availability":"In stock"},"schema":{"@context":"https:\/\/schema.org","@graph":[{"@type":"WebPage","@id":"https:\/\/www.xpolemexico.com\/en\/tienda\/uncategorized-en\/avante-audio-a10\/","url":"https:\/\/www.xpolemexico.com\/en\/tienda\/uncategorized-en\/avante-audio-a10\/","name":"Avante Audio A10 | Mexico New","isPartOf":{"@id":"https:\/\/www.xpolemexico.com\/en\/#website"},"primaryImageOfPage":{"@id":"https:\/\/www.xpolemexico.com\/en\/tienda\/uncategorized-en\/avante-audio-a10\/#primaryimage"},"image":{"@id":"https:\/\/www.xpolemexico.com\/en\/tienda\/uncategorized-en\/avante-audio-a10\/#primaryimage"},"thumbnailUrl":"https:\/\/www.xpolemexico.com\/wp-content\/uploads\/sites\/8\/2019\/07\/A10.jpg","datePublished":"2019-07-23T23:39:51+00:00","dateModified":"2024-06-14T14:36:09+00:00","breadcrumb":{"@id":"https:\/\/www.xpolemexico.com\/en\/tienda\/uncategorized-en\/avante-audio-a10\/#breadcrumb"},"inLanguage":"en-US","potentialAction":[{"@type":"ReadAction","target":["https:\/\/www.xpolemexico.com\/en\/tienda\/uncategorized-en\/avante-audio-a10\/"]}]},{"@type":"ImageObject","inLanguage":"en-US","@id":"https:\/\/www.xpolemexico.com\/en\/tienda\/uncategorized-en\/avante-audio-a10\/#primaryimage","url":"https:\/\/www.xpolemexico.com\/wp-content\/uploads\/sites\/8\/2019\/07\/A10.jpg","contentUrl":"https:\/\/www.xpolemexico.com\/wp-content\/uploads\/sites\/8\/2019\/07\/A10.jpg","width":1100,"height":1100},{"@type":"BreadcrumbList","@id":"https:\/\/www.xpolemexico.com\/en\/tienda\/uncategorized-en\/avante-audio-a10\/#breadcrumb","itemListElement":[{"@type":"ListItem","position":1,"name":"Home","item":"https:\/\/www.xpolemexico.com\/en\/"},{"@type":"ListItem","position":2,"name":"Shop","item":"https:\/\/www.xpolemexico.com\/en\/shop-all\/"},{"@type":"ListItem","position":3,"name":"Avante Audio A10"}]},{"@type":"WebSite","@id":"https:\/\/www.xpolemexico.com\/en\/#website","url":"https:\/\/www.xpolemexico.com\/en\/","name":"X-Pole M\u00e9xico","description":"L\u00edderes en Fitness de Pole y A\u00e9reo","potentialAction":[{"@type":"SearchAction","target":{"@type":"EntryPoint","urlTemplate":"https:\/\/www.xpolemexico.com\/en\/?s={search_term_string}"},"query-input":{"@type":"PropertyValueSpecification","valueRequired":true,"valueName":"search_term_string"}}],"inLanguage":"en-US"}]},"product_price_amount":"539.95","product_price_currency":"USD","og_availability":"instock","product_availability":"instock","product_retailer_item_id":"PS-AVAA10","product_condition":"new"},"_links":{"self":[{"href":"https:\/\/www.xpolemexico.com\/en\/wp-json\/wp\/v2\/product\/10077","targetHints":{"allow":["GET"]}}],"collection":[{"href":"https:\/\/www.xpolemexico.com\/en\/wp-json\/wp\/v2\/product"}],"about":[{"href":"https:\/\/www.xpolemexico.com\/en\/wp-json\/wp\/v2\/types\/product"}],"wp:featuredmedia":[{"embeddable":true,"href":"https:\/\/www.xpolemexico.com\/en\/wp-json\/wp\/v2\/media\/10079"}],"wp:attachment":[{"href":"https:\/\/www.xpolemexico.com\/en\/wp-json\/wp\/v2\/media?parent=10077"}],"wp:term":[{"taxonomy":"product_cat","embeddable":true,"href":"https:\/\/www.xpolemexico.com\/en\/wp-json\/wp\/v2\/product_cat?post=10077"},{"taxonomy":"product_tag","embeddable":true,"href":"https:\/\/www.xpolemexico.com\/en\/wp-json\/wp\/v2\/product_tag?post=10077"}],"curies":[{"name":"wp","href":"https:\/\/api.w.org\/{rel}","templated":true}]}}