{"id":10068,"date":"2019-07-23T15:53:58","date_gmt":"2019-07-23T22:53:58","guid":{"rendered":"https:\/\/www.xpolemexico.com\/?post_type=product&#038;p=10068"},"modified":"2024-06-14T07:36:08","modified_gmt":"2024-06-14T14:36:08","slug":"bubbles-storm-led","status":"publish","type":"product","link":"https:\/\/www.xpolemexico.com\/en\/tienda\/uncategorized-en\/bubbles-storm-led\/","title":{"rendered":"Bubbles Storm LED"},"content":{"rendered":"<p>The Bubbles Storm LED is the perfect solution for anyone that wants to create a fun or artistic effect on stage or at a performance.<\/p>\n<p>It\u2019s very easy to use, just pour in the bubble fluid and turn on the switch. The bubbles Storm LED creates hundreds of bubbles per minute from a high velocity, high output fan as the LEDs change colors. This portable and light weight bubble machine has a durable, rust free plastic housing, can be hung in the air or operated placed on the ground.<\/p>\n<p>It\u2019s great for bands, Disc Jockeys, clubs, bars and small to medium size stages.<br \/>\nGet bubble solution here.<\/p>\n","protected":false},"excerpt":{"rendered":"<p>The Bubbles Storm LED is the perfect solution for anyone that wants to create a fun or artistic effect on stage or at a performance. It\u2019s very easy to use, just pour in the bubble fluid and turn on the switch. The bubbles Storm LED creates hundreds of bubbles per minute from a high velocity, [&hellip;]<\/p>\n","protected":false},"featured_media":10069,"template":"","meta":{"_acf_changed":false},"product_cat":[845],"product_tag":[236,235,234,237],"class_list":{"0":"post-10068","1":"product","2":"type-product","3":"status-publish","4":"has-post-thumbnail","6":"product_cat-uncategorized-en","7":"product_tag-bubble","8":"product_tag-led","9":"product_tag-lighting","10":"product_tag-storm","12":"first","13":"outofstock","14":"taxable","15":"shipping-taxable","16":"purchasable","17":"product-type-simple"},"bundled_by":[],"bundle_stock_status":"outofstock","bundle_stock_quantity":0,"bundle_virtual":false,"bundle_layout":"","bundle_add_to_cart_form_location":"","bundle_editable_in_cart":false,"bundle_sold_individually_context":"","bundle_item_grouping":"","bundle_min_size":"","bundle_max_size":"","bundle_price":[],"bundled_items":[],"bundle_sell_ids":[],"acf":[],"yoast_head":"<!-- This site is optimized with the Yoast SEO Premium plugin v24.6 (Yoast SEO v24.6) - https:\/\/yoast.com\/wordpress\/plugins\/seo\/ -->\n<title>Bubbles Storm LED | Mexico New<\/title>\n<meta name=\"robots\" content=\"index, follow, max-snippet:-1, max-image-preview:large, max-video-preview:-1\" \/>\n<link rel=\"canonical\" href=\"https:\/\/www.xpolemexico.com\/en\/tienda\/uncategorized-en\/bubbles-storm-led\/\" \/>\n<meta property=\"og:locale\" content=\"en_US\" \/>\n<meta property=\"og:type\" content=\"article\" \/>\n<meta property=\"og:title\" content=\"Bubbles Storm LED\" \/>\n<meta property=\"og:description\" content=\"The Bubbles Storm LED is the perfect solution for anyone that wants to create a fun or artistic effect on stage or at a performance. It\u2019s very easy to use, just pour in the bubble fluid and turn on the switch. The bubbles Storm LED creates hundreds of bubbles per minute from a high velocity, [&hellip;]\" \/>\n<meta property=\"og:url\" content=\"https:\/\/www.xpolemexico.com\/en\/tienda\/uncategorized-en\/bubbles-storm-led\/\" \/>\n<meta property=\"og:site_name\" content=\"Mexico New\" \/>\n<meta property=\"article:modified_time\" content=\"2024-06-14T14:36:08+00:00\" \/>\n<meta property=\"og:image\" content=\"https:\/\/www.xpolemexico.com\/wp-content\/uploads\/sites\/8\/2019\/07\/bubble-20storm-20led-20image_1024x.jpg\" \/>\n\t<meta property=\"og:image:width\" content=\"800\" \/>\n\t<meta property=\"og:image:height\" content=\"798\" \/>\n\t<meta property=\"og:image:type\" content=\"image\/jpeg\" \/>\n<meta name=\"twitter:card\" content=\"summary_large_image\" \/>\n<meta name=\"twitter:label1\" content=\"Price\" \/>\n\t<meta name=\"twitter:data1\" content=\"&#036;65.95 (1147.12 MXN)\" \/>\n\t<meta name=\"twitter:label2\" content=\"Availability\" \/>\n\t<meta name=\"twitter:data2\" content=\"Out of stock\" \/>\n<script type=\"application\/ld+json\" class=\"yoast-schema-graph\">{\"@context\":\"https:\/\/schema.org\",\"@graph\":[{\"@type\":\"WebPage\",\"@id\":\"https:\/\/www.xpolemexico.com\/en\/tienda\/uncategorized-en\/bubbles-storm-led\/\",\"url\":\"https:\/\/www.xpolemexico.com\/en\/tienda\/uncategorized-en\/bubbles-storm-led\/\",\"name\":\"Bubbles Storm LED | Mexico New\",\"isPartOf\":{\"@id\":\"https:\/\/www.xpolemexico.com\/en\/#website\"},\"primaryImageOfPage\":{\"@id\":\"https:\/\/www.xpolemexico.com\/en\/tienda\/uncategorized-en\/bubbles-storm-led\/#primaryimage\"},\"image\":{\"@id\":\"https:\/\/www.xpolemexico.com\/en\/tienda\/uncategorized-en\/bubbles-storm-led\/#primaryimage\"},\"thumbnailUrl\":\"https:\/\/www.xpolemexico.com\/wp-content\/uploads\/sites\/8\/2019\/07\/bubble-20storm-20led-20image_1024x.jpg\",\"datePublished\":\"2019-07-23T22:53:58+00:00\",\"dateModified\":\"2024-06-14T14:36:08+00:00\",\"breadcrumb\":{\"@id\":\"https:\/\/www.xpolemexico.com\/en\/tienda\/uncategorized-en\/bubbles-storm-led\/#breadcrumb\"},\"inLanguage\":\"en-US\",\"potentialAction\":[{\"@type\":\"ReadAction\",\"target\":[\"https:\/\/www.xpolemexico.com\/en\/tienda\/uncategorized-en\/bubbles-storm-led\/\"]}]},{\"@type\":\"ImageObject\",\"inLanguage\":\"en-US\",\"@id\":\"https:\/\/www.xpolemexico.com\/en\/tienda\/uncategorized-en\/bubbles-storm-led\/#primaryimage\",\"url\":\"https:\/\/www.xpolemexico.com\/wp-content\/uploads\/sites\/8\/2019\/07\/bubble-20storm-20led-20image_1024x.jpg\",\"contentUrl\":\"https:\/\/www.xpolemexico.com\/wp-content\/uploads\/sites\/8\/2019\/07\/bubble-20storm-20led-20image_1024x.jpg\",\"width\":800,\"height\":798},{\"@type\":\"BreadcrumbList\",\"@id\":\"https:\/\/www.xpolemexico.com\/en\/tienda\/uncategorized-en\/bubbles-storm-led\/#breadcrumb\",\"itemListElement\":[{\"@type\":\"ListItem\",\"position\":1,\"name\":\"Home\",\"item\":\"https:\/\/www.xpolemexico.com\/en\/\"},{\"@type\":\"ListItem\",\"position\":2,\"name\":\"Shop\",\"item\":\"https:\/\/www.xpolemexico.com\/en\/shop-all\/\"},{\"@type\":\"ListItem\",\"position\":3,\"name\":\"Bubbles Storm LED\"}]},{\"@type\":\"WebSite\",\"@id\":\"https:\/\/www.xpolemexico.com\/en\/#website\",\"url\":\"https:\/\/www.xpolemexico.com\/en\/\",\"name\":\"X-Pole M\u00e9xico\",\"description\":\"L\u00edderes en Fitness de Pole y A\u00e9reo\",\"potentialAction\":[{\"@type\":\"SearchAction\",\"target\":{\"@type\":\"EntryPoint\",\"urlTemplate\":\"https:\/\/www.xpolemexico.com\/en\/?s={search_term_string}\"},\"query-input\":{\"@type\":\"PropertyValueSpecification\",\"valueRequired\":true,\"valueName\":\"search_term_string\"}}],\"inLanguage\":\"en-US\"}]}<\/script>\n<meta property=\"product:price:amount\" content=\"65.95\" \/>\n<meta property=\"product:price:currency\" content=\"USD\" \/>\n<meta property=\"og:availability\" content=\"out of stock\" \/>\n<meta property=\"product:availability\" content=\"out of stock\" \/>\n<meta property=\"product:retailer_item_id\" content=\"PS-BubbleLED\" \/>\n<meta property=\"product:condition\" content=\"new\" \/>\n<!-- \/ Yoast SEO Premium plugin. -->","yoast_head_json":{"title":"Bubbles Storm LED | Mexico New","robots":{"index":"index","follow":"follow","max-snippet":"max-snippet:-1","max-image-preview":"max-image-preview:large","max-video-preview":"max-video-preview:-1"},"canonical":"https:\/\/www.xpolemexico.com\/en\/tienda\/uncategorized-en\/bubbles-storm-led\/","og_locale":"en_US","og_type":"article","og_title":"Bubbles Storm LED","og_description":"The Bubbles Storm LED is the perfect solution for anyone that wants to create a fun or artistic effect on stage or at a performance. It\u2019s very easy to use, just pour in the bubble fluid and turn on the switch. The bubbles Storm LED creates hundreds of bubbles per minute from a high velocity, [&hellip;]","og_url":"https:\/\/www.xpolemexico.com\/en\/tienda\/uncategorized-en\/bubbles-storm-led\/","og_site_name":"Mexico New","article_modified_time":"2024-06-14T14:36:08+00:00","og_image":[{"width":800,"height":798,"url":"https:\/\/www.xpolemexico.com\/wp-content\/uploads\/sites\/8\/2019\/07\/bubble-20storm-20led-20image_1024x.jpg","type":"image\/jpeg"}],"twitter_card":"summary_large_image","twitter_misc":{"Price":"&#36;65.95 (1147.12 MXN)","Availability":"Out of stock"},"schema":{"@context":"https:\/\/schema.org","@graph":[{"@type":"WebPage","@id":"https:\/\/www.xpolemexico.com\/en\/tienda\/uncategorized-en\/bubbles-storm-led\/","url":"https:\/\/www.xpolemexico.com\/en\/tienda\/uncategorized-en\/bubbles-storm-led\/","name":"Bubbles Storm LED | Mexico New","isPartOf":{"@id":"https:\/\/www.xpolemexico.com\/en\/#website"},"primaryImageOfPage":{"@id":"https:\/\/www.xpolemexico.com\/en\/tienda\/uncategorized-en\/bubbles-storm-led\/#primaryimage"},"image":{"@id":"https:\/\/www.xpolemexico.com\/en\/tienda\/uncategorized-en\/bubbles-storm-led\/#primaryimage"},"thumbnailUrl":"https:\/\/www.xpolemexico.com\/wp-content\/uploads\/sites\/8\/2019\/07\/bubble-20storm-20led-20image_1024x.jpg","datePublished":"2019-07-23T22:53:58+00:00","dateModified":"2024-06-14T14:36:08+00:00","breadcrumb":{"@id":"https:\/\/www.xpolemexico.com\/en\/tienda\/uncategorized-en\/bubbles-storm-led\/#breadcrumb"},"inLanguage":"en-US","potentialAction":[{"@type":"ReadAction","target":["https:\/\/www.xpolemexico.com\/en\/tienda\/uncategorized-en\/bubbles-storm-led\/"]}]},{"@type":"ImageObject","inLanguage":"en-US","@id":"https:\/\/www.xpolemexico.com\/en\/tienda\/uncategorized-en\/bubbles-storm-led\/#primaryimage","url":"https:\/\/www.xpolemexico.com\/wp-content\/uploads\/sites\/8\/2019\/07\/bubble-20storm-20led-20image_1024x.jpg","contentUrl":"https:\/\/www.xpolemexico.com\/wp-content\/uploads\/sites\/8\/2019\/07\/bubble-20storm-20led-20image_1024x.jpg","width":800,"height":798},{"@type":"BreadcrumbList","@id":"https:\/\/www.xpolemexico.com\/en\/tienda\/uncategorized-en\/bubbles-storm-led\/#breadcrumb","itemListElement":[{"@type":"ListItem","position":1,"name":"Home","item":"https:\/\/www.xpolemexico.com\/en\/"},{"@type":"ListItem","position":2,"name":"Shop","item":"https:\/\/www.xpolemexico.com\/en\/shop-all\/"},{"@type":"ListItem","position":3,"name":"Bubbles Storm LED"}]},{"@type":"WebSite","@id":"https:\/\/www.xpolemexico.com\/en\/#website","url":"https:\/\/www.xpolemexico.com\/en\/","name":"X-Pole M\u00e9xico","description":"L\u00edderes en Fitness de Pole y A\u00e9reo","potentialAction":[{"@type":"SearchAction","target":{"@type":"EntryPoint","urlTemplate":"https:\/\/www.xpolemexico.com\/en\/?s={search_term_string}"},"query-input":{"@type":"PropertyValueSpecification","valueRequired":true,"valueName":"search_term_string"}}],"inLanguage":"en-US"}]},"product_price_amount":"65.95","product_price_currency":"USD","og_availability":"out of stock","product_availability":"out of stock","product_retailer_item_id":"PS-BubbleLED","product_condition":"new"},"_links":{"self":[{"href":"https:\/\/www.xpolemexico.com\/en\/wp-json\/wp\/v2\/product\/10068","targetHints":{"allow":["GET"]}}],"collection":[{"href":"https:\/\/www.xpolemexico.com\/en\/wp-json\/wp\/v2\/product"}],"about":[{"href":"https:\/\/www.xpolemexico.com\/en\/wp-json\/wp\/v2\/types\/product"}],"wp:featuredmedia":[{"embeddable":true,"href":"https:\/\/www.xpolemexico.com\/en\/wp-json\/wp\/v2\/media\/10069"}],"wp:attachment":[{"href":"https:\/\/www.xpolemexico.com\/en\/wp-json\/wp\/v2\/media?parent=10068"}],"wp:term":[{"taxonomy":"product_cat","embeddable":true,"href":"https:\/\/www.xpolemexico.com\/en\/wp-json\/wp\/v2\/product_cat?post=10068"},{"taxonomy":"product_tag","embeddable":true,"href":"https:\/\/www.xpolemexico.com\/en\/wp-json\/wp\/v2\/product_tag?post=10068"}],"curies":[{"name":"wp","href":"https:\/\/api.w.org\/{rel}","templated":true}]}}