{"id":636,"date":"2024-05-13T09:30:27","date_gmt":"2024-05-13T16:30:27","guid":{"rendered":"https:\/\/www.xpolemexico.com\/?page_id=636"},"modified":"2024-05-13T09:30:27","modified_gmt":"2024-05-13T16:30:27","slug":"sponsorship-opportunties","status":"publish","type":"page","link":"https:\/\/www.xpolemexico.com\/en\/about\/sponsorship-opportunties\/","title":{"rendered":"Sponsorship opportunties"},"content":{"rendered":"<p>X-POLE is proud to support the growing and thriving pole &amp; aerial events sector.<\/p>\n<p>If you want to request sponsorship of your event from X-POLE, please complete this <a href=\"https:\/\/www.xpolemexico.com\/wp-content\/uploads\/sites\/8\/Sponsorship-Application.docx\">Sponsorship Application<\/a>\u00a0form and return to <a href=\"mailto:marketing@x-pole.co.uk\">marketing@x-pole.co.uk<\/a>.<\/p>\n","protected":false},"excerpt":{"rendered":"<p>X-POLE is proud to support the growing and thriving pole &amp; aerial events sector. If you want to request sponsorship of your event from X-POLE, please complete this Sponsorship Application\u00a0form and return to marketing@x-pole.co.uk.<\/p>\n","protected":false},"author":11,"featured_media":0,"parent":552,"menu_order":0,"comment_status":"closed","ping_status":"closed","template":"","meta":{"_acf_changed":false,"footnotes":""},"class_list":["post-636","page","type-page","status-publish","hentry"],"acf":[],"yoast_head":"<!-- This site is optimized with the Yoast SEO Premium plugin v24.6 (Yoast SEO v24.6) - https:\/\/yoast.com\/wordpress\/plugins\/seo\/ -->\n<title>Sponsorship opportunties | Mexico New<\/title>\n<meta name=\"robots\" content=\"index, follow, max-snippet:-1, max-image-preview:large, max-video-preview:-1\" \/>\n<link rel=\"canonical\" href=\"https:\/\/www.xpolemexico.com\/en\/about\/sponsorship-opportunties\/\" \/>\n<meta property=\"og:locale\" content=\"en_US\" \/>\n<meta property=\"og:type\" content=\"article\" \/>\n<meta property=\"og:title\" content=\"Sponsorship opportunties\" \/>\n<meta property=\"og:description\" content=\"X-POLE is proud to support the growing and thriving pole &amp; aerial events sector. If you want to request sponsorship of your event from X-POLE, please complete this Sponsorship Application\u00a0form and return to marketing@x-pole.co.uk.\" \/>\n<meta property=\"og:url\" content=\"https:\/\/www.xpolemexico.com\/en\/about\/sponsorship-opportunties\/\" \/>\n<meta property=\"og:site_name\" content=\"Mexico New\" \/>\n<meta name=\"twitter:card\" content=\"summary_large_image\" \/>\n<script type=\"application\/ld+json\" class=\"yoast-schema-graph\">{\"@context\":\"https:\/\/schema.org\",\"@graph\":[{\"@type\":\"WebPage\",\"@id\":\"https:\/\/www.xpolemexico.com\/en\/about\/sponsorship-opportunties\/\",\"url\":\"https:\/\/www.xpolemexico.com\/en\/about\/sponsorship-opportunties\/\",\"name\":\"Sponsorship opportunties | Mexico New\",\"isPartOf\":{\"@id\":\"https:\/\/www.xpolemexico.com\/en\/#website\"},\"datePublished\":\"2024-05-13T16:30:27+00:00\",\"breadcrumb\":{\"@id\":\"https:\/\/www.xpolemexico.com\/en\/about\/sponsorship-opportunties\/#breadcrumb\"},\"inLanguage\":\"en-US\",\"potentialAction\":[{\"@type\":\"ReadAction\",\"target\":[\"https:\/\/www.xpolemexico.com\/en\/about\/sponsorship-opportunties\/\"]}]},{\"@type\":\"BreadcrumbList\",\"@id\":\"https:\/\/www.xpolemexico.com\/en\/about\/sponsorship-opportunties\/#breadcrumb\",\"itemListElement\":[{\"@type\":\"ListItem\",\"position\":1,\"name\":\"Home\",\"item\":\"https:\/\/www.xpolemexico.com\/en\/\"},{\"@type\":\"ListItem\",\"position\":2,\"name\":\"About\",\"item\":\"https:\/\/www.xpolemexico.com\/en\/acerca-de\/\"},{\"@type\":\"ListItem\",\"position\":3,\"name\":\"Sponsorship opportunties\"}]},{\"@type\":\"WebSite\",\"@id\":\"https:\/\/www.xpolemexico.com\/en\/#website\",\"url\":\"https:\/\/www.xpolemexico.com\/en\/\",\"name\":\"X-Pole M\u00e9xico\",\"description\":\"L\u00edderes en Fitness de Pole y A\u00e9reo\",\"potentialAction\":[{\"@type\":\"SearchAction\",\"target\":{\"@type\":\"EntryPoint\",\"urlTemplate\":\"https:\/\/www.xpolemexico.com\/en\/?s={search_term_string}\"},\"query-input\":{\"@type\":\"PropertyValueSpecification\",\"valueRequired\":true,\"valueName\":\"search_term_string\"}}],\"inLanguage\":\"en-US\"}]}<\/script>\n<!-- \/ Yoast SEO Premium plugin. -->","yoast_head_json":{"title":"Sponsorship opportunties | Mexico New","robots":{"index":"index","follow":"follow","max-snippet":"max-snippet:-1","max-image-preview":"max-image-preview:large","max-video-preview":"max-video-preview:-1"},"canonical":"https:\/\/www.xpolemexico.com\/en\/about\/sponsorship-opportunties\/","og_locale":"en_US","og_type":"article","og_title":"Sponsorship opportunties","og_description":"X-POLE is proud to support the growing and thriving pole &amp; aerial events sector. If you want to request sponsorship of your event from X-POLE, please complete this Sponsorship Application\u00a0form and return to marketing@x-pole.co.uk.","og_url":"https:\/\/www.xpolemexico.com\/en\/about\/sponsorship-opportunties\/","og_site_name":"Mexico New","twitter_card":"summary_large_image","schema":{"@context":"https:\/\/schema.org","@graph":[{"@type":"WebPage","@id":"https:\/\/www.xpolemexico.com\/en\/about\/sponsorship-opportunties\/","url":"https:\/\/www.xpolemexico.com\/en\/about\/sponsorship-opportunties\/","name":"Sponsorship opportunties | Mexico New","isPartOf":{"@id":"https:\/\/www.xpolemexico.com\/en\/#website"},"datePublished":"2024-05-13T16:30:27+00:00","breadcrumb":{"@id":"https:\/\/www.xpolemexico.com\/en\/about\/sponsorship-opportunties\/#breadcrumb"},"inLanguage":"en-US","potentialAction":[{"@type":"ReadAction","target":["https:\/\/www.xpolemexico.com\/en\/about\/sponsorship-opportunties\/"]}]},{"@type":"BreadcrumbList","@id":"https:\/\/www.xpolemexico.com\/en\/about\/sponsorship-opportunties\/#breadcrumb","itemListElement":[{"@type":"ListItem","position":1,"name":"Home","item":"https:\/\/www.xpolemexico.com\/en\/"},{"@type":"ListItem","position":2,"name":"About","item":"https:\/\/www.xpolemexico.com\/en\/acerca-de\/"},{"@type":"ListItem","position":3,"name":"Sponsorship opportunties"}]},{"@type":"WebSite","@id":"https:\/\/www.xpolemexico.com\/en\/#website","url":"https:\/\/www.xpolemexico.com\/en\/","name":"X-Pole M\u00e9xico","description":"L\u00edderes en Fitness de Pole y A\u00e9reo","potentialAction":[{"@type":"SearchAction","target":{"@type":"EntryPoint","urlTemplate":"https:\/\/www.xpolemexico.com\/en\/?s={search_term_string}"},"query-input":{"@type":"PropertyValueSpecification","valueRequired":true,"valueName":"search_term_string"}}],"inLanguage":"en-US"}]}},"_links":{"self":[{"href":"https:\/\/www.xpolemexico.com\/en\/wp-json\/wp\/v2\/pages\/636","targetHints":{"allow":["GET"]}}],"collection":[{"href":"https:\/\/www.xpolemexico.com\/en\/wp-json\/wp\/v2\/pages"}],"about":[{"href":"https:\/\/www.xpolemexico.com\/en\/wp-json\/wp\/v2\/types\/page"}],"author":[{"embeddable":true,"href":"https:\/\/www.xpolemexico.com\/en\/wp-json\/wp\/v2\/users\/11"}],"replies":[{"embeddable":true,"href":"https:\/\/www.xpolemexico.com\/en\/wp-json\/wp\/v2\/comments?post=636"}],"version-history":[{"count":0,"href":"https:\/\/www.xpolemexico.com\/en\/wp-json\/wp\/v2\/pages\/636\/revisions"}],"up":[{"embeddable":true,"href":"https:\/\/www.xpolemexico.com\/en\/wp-json\/wp\/v2\/pages\/552"}],"wp:attachment":[{"href":"https:\/\/www.xpolemexico.com\/en\/wp-json\/wp\/v2\/media?parent=636"}],"curies":[{"name":"wp","href":"https:\/\/api.w.org\/{rel}","templated":true}]}}