{"id":5019,"date":"2024-05-13T09:30:28","date_gmt":"2024-05-13T16:30:28","guid":{"rendered":"https:\/\/www.xpolemexico.com\/?page_id=5019"},"modified":"2024-05-13T09:30:28","modified_gmt":"2024-05-13T16:30:28","slug":"asos","status":"publish","type":"page","link":"https:\/\/www.xpolemexico.com\/en\/asos\/","title":{"rendered":"As Seen On Screen"},"content":{"rendered":"<h1 style=\"text-align: center;\">X-POLE products have featured in TV Shows, Music Videos, Movies, Online and in many more places too!<\/h1>\n<h1 style=\"text-align: center;\"><span style=\"color: #87189d;\">LITTLE BIG &#8211; SKIBIDI (2018)<\/span><\/h1>\n<p><iframe loading=\"lazy\" title=\"LITTLE BIG \u2013 SKIBIDI (official music video)\" width=\"640\" height=\"360\" src=\"https:\/\/www.youtube.com\/embed\/mDFBTdToRmw?feature=oembed\" frameborder=\"0\" allow=\"accelerometer; autoplay; clipboard-write; encrypted-media; gyroscope; picture-in-picture; web-share\" referrerpolicy=\"strict-origin-when-cross-origin\" allowfullscreen><\/iframe><\/p>\n<h1 style=\"text-align: center;\"><span style=\"color: #87189d;\">Justice &#8211; Love S.O.S. (2018)<\/span><\/h1>\n<p><iframe loading=\"lazy\" title=\"Justice - Love S.O.S. (WWW) [Official Video]\" width=\"640\" height=\"360\" src=\"https:\/\/www.youtube.com\/embed\/w6tNlYI3MdY?feature=oembed\" frameborder=\"0\" allow=\"accelerometer; autoplay; clipboard-write; encrypted-media; gyroscope; picture-in-picture; web-share\" referrerpolicy=\"strict-origin-when-cross-origin\" allowfullscreen><\/iframe><\/p>\n<h1 style=\"text-align: center;\"><span style=\"color: #87189d;\">Plan B &#8211; Wait So Long (2018)<\/span><\/h1>\n<p><iframe loading=\"lazy\" title=\"Plan B - Wait So Long [OFFICIAL VIDEO]\" width=\"640\" height=\"360\" src=\"https:\/\/www.youtube.com\/embed\/pikdkTLKK8I?feature=oembed\" frameborder=\"0\" allow=\"accelerometer; autoplay; clipboard-write; encrypted-media; gyroscope; picture-in-picture; web-share\" referrerpolicy=\"strict-origin-when-cross-origin\" allowfullscreen><\/iframe><\/p>\n<h1 class=\"\" style=\"text-align: center;\"><span style=\"color: #87189d;\">Valerian and the City of a Thousand Planets\u00a0<span id=\"titleYear\">(2017)<\/span><\/span><\/h1>\n<p><iframe loading=\"lazy\" title=\"Valerian - Bubble Dance (Rihanna)\" width=\"640\" height=\"360\" src=\"https:\/\/www.youtube.com\/embed\/rvoa-t15c4o?feature=oembed\" frameborder=\"0\" allow=\"accelerometer; autoplay; clipboard-write; encrypted-media; gyroscope; picture-in-picture; web-share\" referrerpolicy=\"strict-origin-when-cross-origin\" allowfullscreen><\/iframe><\/p>\n","protected":false},"excerpt":{"rendered":"<p>X-POLE products have featured in TV Shows, Music Videos, Movies, Online and in many more places too! LITTLE BIG &#8211; SKIBIDI (2018) Justice &#8211; Love S.O.S. (2018) Plan B &#8211; Wait So Long (2018) Valerian and the City of a Thousand Planets\u00a0(2017)<\/p>\n","protected":false},"author":11,"featured_media":5034,"parent":0,"menu_order":0,"comment_status":"closed","ping_status":"closed","template":"","meta":{"_acf_changed":false,"footnotes":""},"class_list":["post-5019","page","type-page","status-publish","has-post-thumbnail","hentry"],"acf":[],"yoast_head":"<!-- This site is optimized with the Yoast SEO Premium plugin v24.6 (Yoast SEO v24.6) - https:\/\/yoast.com\/wordpress\/plugins\/seo\/ -->\n<title>As Seen On Screen | Mexico New<\/title>\n<meta name=\"robots\" content=\"index, follow, max-snippet:-1, max-image-preview:large, max-video-preview:-1\" \/>\n<link rel=\"canonical\" href=\"https:\/\/www.xpolemexico.com\/en\/asos\/\" \/>\n<meta property=\"og:locale\" content=\"en_US\" \/>\n<meta property=\"og:type\" content=\"article\" \/>\n<meta property=\"og:title\" content=\"As Seen On Screen\" \/>\n<meta property=\"og:description\" content=\"X-POLE products have featured in TV Shows, Music Videos, Movies, Online and in many more places too! LITTLE BIG &#8211; SKIBIDI (2018) Justice &#8211; Love S.O.S. (2018) Plan B &#8211; Wait So Long (2018) Valerian and the City of a Thousand Planets\u00a0(2017)\" \/>\n<meta property=\"og:url\" content=\"https:\/\/www.xpolemexico.com\/en\/asos\/\" \/>\n<meta property=\"og:site_name\" content=\"Mexico New\" \/>\n<meta property=\"og:image\" content=\"https:\/\/www.xpolemexico.com\/wp-content\/uploads\/sites\/8\/2018\/08\/ASOS-X-POLE.jpg\" \/>\n\t<meta property=\"og:image:width\" content=\"1920\" \/>\n\t<meta property=\"og:image:height\" content=\"540\" \/>\n\t<meta property=\"og:image:type\" content=\"image\/jpeg\" \/>\n<meta name=\"twitter:card\" content=\"summary_large_image\" \/>\n<script type=\"application\/ld+json\" class=\"yoast-schema-graph\">{\"@context\":\"https:\/\/schema.org\",\"@graph\":[{\"@type\":\"WebPage\",\"@id\":\"https:\/\/www.xpolemexico.com\/en\/asos\/\",\"url\":\"https:\/\/www.xpolemexico.com\/en\/asos\/\",\"name\":\"As Seen On Screen | Mexico New\",\"isPartOf\":{\"@id\":\"https:\/\/www.xpolemexico.com\/en\/#website\"},\"primaryImageOfPage\":{\"@id\":\"https:\/\/www.xpolemexico.com\/en\/asos\/#primaryimage\"},\"image\":{\"@id\":\"https:\/\/www.xpolemexico.com\/en\/asos\/#primaryimage\"},\"thumbnailUrl\":\"https:\/\/www.xpolemexico.com\/wp-content\/uploads\/sites\/8\/2018\/08\/ASOS-X-POLE.jpg\",\"datePublished\":\"2024-05-13T16:30:28+00:00\",\"breadcrumb\":{\"@id\":\"https:\/\/www.xpolemexico.com\/en\/asos\/#breadcrumb\"},\"inLanguage\":\"en-US\",\"potentialAction\":[{\"@type\":\"ReadAction\",\"target\":[\"https:\/\/www.xpolemexico.com\/en\/asos\/\"]}]},{\"@type\":\"ImageObject\",\"inLanguage\":\"en-US\",\"@id\":\"https:\/\/www.xpolemexico.com\/en\/asos\/#primaryimage\",\"url\":\"https:\/\/www.xpolemexico.com\/wp-content\/uploads\/sites\/8\/2018\/08\/ASOS-X-POLE.jpg\",\"contentUrl\":\"https:\/\/www.xpolemexico.com\/wp-content\/uploads\/sites\/8\/2018\/08\/ASOS-X-POLE.jpg\",\"width\":1920,\"height\":540},{\"@type\":\"BreadcrumbList\",\"@id\":\"https:\/\/www.xpolemexico.com\/en\/asos\/#breadcrumb\",\"itemListElement\":[{\"@type\":\"ListItem\",\"position\":1,\"name\":\"Home\",\"item\":\"https:\/\/www.xpolemexico.com\/en\/\"},{\"@type\":\"ListItem\",\"position\":2,\"name\":\"As Seen On Screen\"}]},{\"@type\":\"WebSite\",\"@id\":\"https:\/\/www.xpolemexico.com\/en\/#website\",\"url\":\"https:\/\/www.xpolemexico.com\/en\/\",\"name\":\"X-Pole M\u00e9xico\",\"description\":\"L\u00edderes en Fitness de Pole y A\u00e9reo\",\"potentialAction\":[{\"@type\":\"SearchAction\",\"target\":{\"@type\":\"EntryPoint\",\"urlTemplate\":\"https:\/\/www.xpolemexico.com\/en\/?s={search_term_string}\"},\"query-input\":{\"@type\":\"PropertyValueSpecification\",\"valueRequired\":true,\"valueName\":\"search_term_string\"}}],\"inLanguage\":\"en-US\"}]}<\/script>\n<!-- \/ Yoast SEO Premium plugin. -->","yoast_head_json":{"title":"As Seen On Screen | Mexico New","robots":{"index":"index","follow":"follow","max-snippet":"max-snippet:-1","max-image-preview":"max-image-preview:large","max-video-preview":"max-video-preview:-1"},"canonical":"https:\/\/www.xpolemexico.com\/en\/asos\/","og_locale":"en_US","og_type":"article","og_title":"As Seen On Screen","og_description":"X-POLE products have featured in TV Shows, Music Videos, Movies, Online and in many more places too! LITTLE BIG &#8211; SKIBIDI (2018) Justice &#8211; Love S.O.S. (2018) Plan B &#8211; Wait So Long (2018) Valerian and the City of a Thousand Planets\u00a0(2017)","og_url":"https:\/\/www.xpolemexico.com\/en\/asos\/","og_site_name":"Mexico New","og_image":[{"width":1920,"height":540,"url":"https:\/\/www.xpolemexico.com\/wp-content\/uploads\/sites\/8\/2018\/08\/ASOS-X-POLE.jpg","type":"image\/jpeg"}],"twitter_card":"summary_large_image","schema":{"@context":"https:\/\/schema.org","@graph":[{"@type":"WebPage","@id":"https:\/\/www.xpolemexico.com\/en\/asos\/","url":"https:\/\/www.xpolemexico.com\/en\/asos\/","name":"As Seen On Screen | Mexico New","isPartOf":{"@id":"https:\/\/www.xpolemexico.com\/en\/#website"},"primaryImageOfPage":{"@id":"https:\/\/www.xpolemexico.com\/en\/asos\/#primaryimage"},"image":{"@id":"https:\/\/www.xpolemexico.com\/en\/asos\/#primaryimage"},"thumbnailUrl":"https:\/\/www.xpolemexico.com\/wp-content\/uploads\/sites\/8\/2018\/08\/ASOS-X-POLE.jpg","datePublished":"2024-05-13T16:30:28+00:00","breadcrumb":{"@id":"https:\/\/www.xpolemexico.com\/en\/asos\/#breadcrumb"},"inLanguage":"en-US","potentialAction":[{"@type":"ReadAction","target":["https:\/\/www.xpolemexico.com\/en\/asos\/"]}]},{"@type":"ImageObject","inLanguage":"en-US","@id":"https:\/\/www.xpolemexico.com\/en\/asos\/#primaryimage","url":"https:\/\/www.xpolemexico.com\/wp-content\/uploads\/sites\/8\/2018\/08\/ASOS-X-POLE.jpg","contentUrl":"https:\/\/www.xpolemexico.com\/wp-content\/uploads\/sites\/8\/2018\/08\/ASOS-X-POLE.jpg","width":1920,"height":540},{"@type":"BreadcrumbList","@id":"https:\/\/www.xpolemexico.com\/en\/asos\/#breadcrumb","itemListElement":[{"@type":"ListItem","position":1,"name":"Home","item":"https:\/\/www.xpolemexico.com\/en\/"},{"@type":"ListItem","position":2,"name":"As Seen On Screen"}]},{"@type":"WebSite","@id":"https:\/\/www.xpolemexico.com\/en\/#website","url":"https:\/\/www.xpolemexico.com\/en\/","name":"X-Pole M\u00e9xico","description":"L\u00edderes en Fitness de Pole y A\u00e9reo","potentialAction":[{"@type":"SearchAction","target":{"@type":"EntryPoint","urlTemplate":"https:\/\/www.xpolemexico.com\/en\/?s={search_term_string}"},"query-input":{"@type":"PropertyValueSpecification","valueRequired":true,"valueName":"search_term_string"}}],"inLanguage":"en-US"}]}},"_links":{"self":[{"href":"https:\/\/www.xpolemexico.com\/en\/wp-json\/wp\/v2\/pages\/5019","targetHints":{"allow":["GET"]}}],"collection":[{"href":"https:\/\/www.xpolemexico.com\/en\/wp-json\/wp\/v2\/pages"}],"about":[{"href":"https:\/\/www.xpolemexico.com\/en\/wp-json\/wp\/v2\/types\/page"}],"author":[{"embeddable":true,"href":"https:\/\/www.xpolemexico.com\/en\/wp-json\/wp\/v2\/users\/11"}],"replies":[{"embeddable":true,"href":"https:\/\/www.xpolemexico.com\/en\/wp-json\/wp\/v2\/comments?post=5019"}],"version-history":[{"count":0,"href":"https:\/\/www.xpolemexico.com\/en\/wp-json\/wp\/v2\/pages\/5019\/revisions"}],"wp:featuredmedia":[{"embeddable":true,"href":"https:\/\/www.xpolemexico.com\/en\/wp-json\/wp\/v2\/media\/5034"}],"wp:attachment":[{"href":"https:\/\/www.xpolemexico.com\/en\/wp-json\/wp\/v2\/media?parent=5019"}],"curies":[{"name":"wp","href":"https:\/\/api.w.org\/{rel}","templated":true}]}}