{"id":4903,"date":"2024-05-13T09:30:26","date_gmt":"2024-05-13T16:30:26","guid":{"rendered":"https:\/\/www.xpolemexico.com\/?page_id=4903"},"modified":"2024-05-13T09:30:26","modified_gmt":"2024-05-13T16:30:26","slug":"a-frame-10-off-rebate","status":"publish","type":"page","link":"https:\/\/www.xpolemexico.com\/en\/a-frame-10-off-rebate\/","title":{"rendered":"A-FRAME 10% Off &#038; Rebate"},"content":{"rendered":"<div id=\"pl-4903\"  class=\"panel-layout\" ><div id=\"pg-4903-0\"  class=\"panel-grid panel-no-style\" ><div id=\"pgc-4903-0-0\"  class=\"panel-grid-cell\" ><div id=\"panel-4903-0-0-0\" class=\"so-panel widget widget_sow-editor panel-first-child\" data-index=\"0\" ><div\n\t\t\t\n\t\t\tclass=\"so-widget-sow-editor so-widget-sow-editor-base\"\n\t\t\t\n\t\t><h3 class=\"widget-title\">Spring Sale<\/h3>\n<div class=\"siteorigin-widget-tinymce textwidget\">\n\t<h4>X-POLE Spring Sale on the A-FRAME is now live!<\/h4>\n<h4>Chance to save up to $170<\/h4>\n<h4>Use code: FLYHIGH to receive 10% off the A-FRAME or any aerial accessory, including lyra, silks &amp; hammocks.<\/h4>\n<h4>Plus, submit a 30-60 second cool &amp; high quality video, following one of the themes below for an additional $100 rebate.<\/h4>\n<h4>Theme 1: Getting back out there<\/h4>\n<h4>Theme 2: Flying High<\/h4>\n<h4>Theme 3: All about my A-FRAME<\/h4>\n<h4>Theme 4: Look what I can do!<\/h4>\n<h6>Terms and conditions.<\/h6>\n<h6>Sale is available while stocks last - we reserve the right to end the promotion based on demand.<\/h6>\n<h6>All submissions for rebates must be done via Instagram @XPOLEUS<\/h6>\n<h6>Rebate will only be paid for videos we re-post on our channel - when submitting your video, please include you order number and contact number. You will have till May 31st to submit your video.<\/h6>\n<h6>Rebate is only available to customers who make an A-FRAME purchase during the promotion<\/h6>\n<h6>'FLYHIGH' code is available on A-FRAME sets, accessories, parts and attachments. Excludes X-Fly and Safety Mats.<\/h6>\n<h6>Rebate will be issued as a $100 gift certificate to be used on our website on any product<\/h6>\n<\/div>\n<\/div><\/div><div id=\"panel-4903-0-0-1\" class=\"so-panel widget widget_sow-editor panel-last-child\" data-index=\"1\" ><div\n\t\t\t\n\t\t\tclass=\"so-widget-sow-editor so-widget-sow-editor-base\"\n\t\t\t\n\t\t><h3 class=\"widget-title\">BUY NOW: USE CODE | FLYHIGH<\/h3>\n<div class=\"siteorigin-widget-tinymce textwidget\">\n\t<p><a href=\"https:\/\/www.xpolemexico.com\/product-category\/aerial\/\"><img loading=\"lazy\" decoding=\"async\" class=\"alignnone size-medium wp-image-62557\" src=\"https:\/\/www.xpolemexico.com\/wp-content\/uploads\/sites\/8\/2022\/04\/A-Frame-frame-evry-moment-post-feb-2022-480x480.jpg\" alt=\"\" width=\"480\" height=\"480\" srcset=\"https:\/\/www.xpolemexico.com\/wp-content\/uploads\/sites\/8\/2022\/04\/A-Frame-frame-evry-moment-post-feb-2022-480x480.jpg 480w, https:\/\/www.xpolemexico.com\/wp-content\/uploads\/sites\/8\/2022\/04\/A-Frame-frame-evry-moment-post-feb-2022-720x720.jpg 720w, https:\/\/www.xpolemexico.com\/wp-content\/uploads\/sites\/8\/2022\/04\/A-Frame-frame-evry-moment-post-feb-2022-300x300.jpg 300w, https:\/\/www.xpolemexico.com\/wp-content\/uploads\/sites\/8\/2022\/04\/A-Frame-frame-evry-moment-post-feb-2022-768x768.jpg 768w, https:\/\/www.xpolemexico.com\/wp-content\/uploads\/sites\/8\/2022\/04\/A-Frame-frame-evry-moment-post-feb-2022-1536x1536.jpg 1536w, https:\/\/www.xpolemexico.com\/wp-content\/uploads\/sites\/8\/2022\/04\/A-Frame-frame-evry-moment-post-feb-2022-2048x2048.jpg 2048w, https:\/\/www.xpolemexico.com\/wp-content\/uploads\/sites\/8\/2022\/04\/A-Frame-frame-evry-moment-post-feb-2022-600x600.jpg 600w, https:\/\/www.xpolemexico.com\/wp-content\/uploads\/sites\/8\/2022\/04\/A-Frame-frame-evry-moment-post-feb-2022-100x100.jpg 100w, https:\/\/www.xpolemexico.com\/wp-content\/uploads\/sites\/8\/2022\/04\/A-Frame-frame-evry-moment-post-feb-2022-32x32.jpg 32w\" sizes=\"auto, (max-width: 480px) 100vw, 480px\" \/><\/a><\/p>\n<\/div>\n<\/div><\/div><\/div><\/div><\/div>","protected":false},"excerpt":{"rendered":"<p>X-POLE Spring Sale on the A-FRAME is now live! Chance to save up to $170 Use code: FLYHIGH to receive 10% off the A-FRAME or any aerial accessory, including lyra, silks &amp; hammocks. Plus, submit a 30-60 second cool &amp; high quality video, following one of the themes below for an additional $100 rebate. Theme [&hellip;]<\/p>\n","protected":false},"author":11,"featured_media":0,"parent":0,"menu_order":0,"comment_status":"closed","ping_status":"closed","template":"","meta":{"_acf_changed":false,"footnotes":""},"class_list":["post-4903","page","type-page","status-publish","hentry"],"acf":[],"yoast_head":"<!-- This site is optimized with the Yoast SEO Premium plugin v24.6 (Yoast SEO v24.6) - https:\/\/yoast.com\/wordpress\/plugins\/seo\/ -->\n<title>A-FRAME 10% Off &amp; Rebate | Mexico New<\/title>\n<meta name=\"robots\" content=\"index, follow, max-snippet:-1, max-image-preview:large, max-video-preview:-1\" \/>\n<link rel=\"canonical\" href=\"https:\/\/www.xpolemexico.com\/en\/a-frame-10-off-rebate\/\" \/>\n<meta property=\"og:locale\" content=\"en_US\" \/>\n<meta property=\"og:type\" content=\"article\" \/>\n<meta property=\"og:title\" content=\"A-FRAME 10% Off &amp; Rebate\" \/>\n<meta property=\"og:description\" content=\"X-POLE Spring Sale on the A-FRAME is now live! Chance to save up to $170 Use code: FLYHIGH to receive 10% off the A-FRAME or any aerial accessory, including lyra, silks &amp; hammocks. Plus, submit a 30-60 second cool &amp; high quality video, following one of the themes below for an additional $100 rebate. Theme [&hellip;]\" \/>\n<meta property=\"og:url\" content=\"https:\/\/www.xpolemexico.com\/en\/a-frame-10-off-rebate\/\" \/>\n<meta property=\"og:site_name\" content=\"Mexico New\" \/>\n<meta property=\"og:image\" content=\"https:\/\/www.xpolemexico.com\/wp-content\/uploads\/sites\/8\/2022\/04\/A-Frame-frame-evry-moment-post-feb-2022-480x480.jpg\" \/>\n<meta name=\"twitter:card\" content=\"summary_large_image\" \/>\n<meta name=\"twitter:label1\" content=\"Est. reading time\" \/>\n\t<meta name=\"twitter:data1\" content=\"1 minute\" \/>\n<script type=\"application\/ld+json\" class=\"yoast-schema-graph\">{\"@context\":\"https:\/\/schema.org\",\"@graph\":[{\"@type\":\"WebPage\",\"@id\":\"https:\/\/www.xpolemexico.com\/en\/a-frame-10-off-rebate\/\",\"url\":\"https:\/\/www.xpolemexico.com\/en\/a-frame-10-off-rebate\/\",\"name\":\"A-FRAME 10% Off & Rebate | Mexico New\",\"isPartOf\":{\"@id\":\"https:\/\/www.xpolemexico.com\/en\/#website\"},\"primaryImageOfPage\":{\"@id\":\"https:\/\/www.xpolemexico.com\/en\/a-frame-10-off-rebate\/#primaryimage\"},\"image\":{\"@id\":\"https:\/\/www.xpolemexico.com\/en\/a-frame-10-off-rebate\/#primaryimage\"},\"thumbnailUrl\":\"https:\/\/www.xpolemexico.com\/wp-content\/uploads\/sites\/8\/2022\/04\/A-Frame-frame-evry-moment-post-feb-2022-480x480.jpg\",\"datePublished\":\"2024-05-13T16:30:26+00:00\",\"breadcrumb\":{\"@id\":\"https:\/\/www.xpolemexico.com\/en\/a-frame-10-off-rebate\/#breadcrumb\"},\"inLanguage\":\"en-US\",\"potentialAction\":[{\"@type\":\"ReadAction\",\"target\":[\"https:\/\/www.xpolemexico.com\/en\/a-frame-10-off-rebate\/\"]}]},{\"@type\":\"ImageObject\",\"inLanguage\":\"en-US\",\"@id\":\"https:\/\/www.xpolemexico.com\/en\/a-frame-10-off-rebate\/#primaryimage\",\"url\":\"https:\/\/www.xpolemexico.com\/wp-content\/uploads\/sites\/8\/2022\/04\/A-Frame-frame-evry-moment-post-feb-2022-480x480.jpg\",\"contentUrl\":\"https:\/\/www.xpolemexico.com\/wp-content\/uploads\/sites\/8\/2022\/04\/A-Frame-frame-evry-moment-post-feb-2022-480x480.jpg\"},{\"@type\":\"BreadcrumbList\",\"@id\":\"https:\/\/www.xpolemexico.com\/en\/a-frame-10-off-rebate\/#breadcrumb\",\"itemListElement\":[{\"@type\":\"ListItem\",\"position\":1,\"name\":\"Home\",\"item\":\"https:\/\/www.xpolemexico.com\/en\/\"},{\"@type\":\"ListItem\",\"position\":2,\"name\":\"A-FRAME 10% Off &#038; Rebate\"}]},{\"@type\":\"WebSite\",\"@id\":\"https:\/\/www.xpolemexico.com\/en\/#website\",\"url\":\"https:\/\/www.xpolemexico.com\/en\/\",\"name\":\"X-Pole M\u00e9xico\",\"description\":\"L\u00edderes en Fitness de Pole y A\u00e9reo\",\"potentialAction\":[{\"@type\":\"SearchAction\",\"target\":{\"@type\":\"EntryPoint\",\"urlTemplate\":\"https:\/\/www.xpolemexico.com\/en\/?s={search_term_string}\"},\"query-input\":{\"@type\":\"PropertyValueSpecification\",\"valueRequired\":true,\"valueName\":\"search_term_string\"}}],\"inLanguage\":\"en-US\"}]}<\/script>\n<!-- \/ Yoast SEO Premium plugin. -->","yoast_head_json":{"title":"A-FRAME 10% Off & Rebate | Mexico New","robots":{"index":"index","follow":"follow","max-snippet":"max-snippet:-1","max-image-preview":"max-image-preview:large","max-video-preview":"max-video-preview:-1"},"canonical":"https:\/\/www.xpolemexico.com\/en\/a-frame-10-off-rebate\/","og_locale":"en_US","og_type":"article","og_title":"A-FRAME 10% Off & Rebate","og_description":"X-POLE Spring Sale on the A-FRAME is now live! Chance to save up to $170 Use code: FLYHIGH to receive 10% off the A-FRAME or any aerial accessory, including lyra, silks &amp; hammocks. Plus, submit a 30-60 second cool &amp; high quality video, following one of the themes below for an additional $100 rebate. Theme [&hellip;]","og_url":"https:\/\/www.xpolemexico.com\/en\/a-frame-10-off-rebate\/","og_site_name":"Mexico New","og_image":[{"url":"https:\/\/www.xpolemexico.com\/wp-content\/uploads\/sites\/8\/2022\/04\/A-Frame-frame-evry-moment-post-feb-2022-480x480.jpg","type":"","width":"","height":""}],"twitter_card":"summary_large_image","twitter_misc":{"Est. reading time":"1 minute"},"schema":{"@context":"https:\/\/schema.org","@graph":[{"@type":"WebPage","@id":"https:\/\/www.xpolemexico.com\/en\/a-frame-10-off-rebate\/","url":"https:\/\/www.xpolemexico.com\/en\/a-frame-10-off-rebate\/","name":"A-FRAME 10% Off & Rebate | Mexico New","isPartOf":{"@id":"https:\/\/www.xpolemexico.com\/en\/#website"},"primaryImageOfPage":{"@id":"https:\/\/www.xpolemexico.com\/en\/a-frame-10-off-rebate\/#primaryimage"},"image":{"@id":"https:\/\/www.xpolemexico.com\/en\/a-frame-10-off-rebate\/#primaryimage"},"thumbnailUrl":"https:\/\/www.xpolemexico.com\/wp-content\/uploads\/sites\/8\/2022\/04\/A-Frame-frame-evry-moment-post-feb-2022-480x480.jpg","datePublished":"2024-05-13T16:30:26+00:00","breadcrumb":{"@id":"https:\/\/www.xpolemexico.com\/en\/a-frame-10-off-rebate\/#breadcrumb"},"inLanguage":"en-US","potentialAction":[{"@type":"ReadAction","target":["https:\/\/www.xpolemexico.com\/en\/a-frame-10-off-rebate\/"]}]},{"@type":"ImageObject","inLanguage":"en-US","@id":"https:\/\/www.xpolemexico.com\/en\/a-frame-10-off-rebate\/#primaryimage","url":"https:\/\/www.xpolemexico.com\/wp-content\/uploads\/sites\/8\/2022\/04\/A-Frame-frame-evry-moment-post-feb-2022-480x480.jpg","contentUrl":"https:\/\/www.xpolemexico.com\/wp-content\/uploads\/sites\/8\/2022\/04\/A-Frame-frame-evry-moment-post-feb-2022-480x480.jpg"},{"@type":"BreadcrumbList","@id":"https:\/\/www.xpolemexico.com\/en\/a-frame-10-off-rebate\/#breadcrumb","itemListElement":[{"@type":"ListItem","position":1,"name":"Home","item":"https:\/\/www.xpolemexico.com\/en\/"},{"@type":"ListItem","position":2,"name":"A-FRAME 10% Off &#038; Rebate"}]},{"@type":"WebSite","@id":"https:\/\/www.xpolemexico.com\/en\/#website","url":"https:\/\/www.xpolemexico.com\/en\/","name":"X-Pole M\u00e9xico","description":"L\u00edderes en Fitness de Pole y A\u00e9reo","potentialAction":[{"@type":"SearchAction","target":{"@type":"EntryPoint","urlTemplate":"https:\/\/www.xpolemexico.com\/en\/?s={search_term_string}"},"query-input":{"@type":"PropertyValueSpecification","valueRequired":true,"valueName":"search_term_string"}}],"inLanguage":"en-US"}]}},"_links":{"self":[{"href":"https:\/\/www.xpolemexico.com\/en\/wp-json\/wp\/v2\/pages\/4903","targetHints":{"allow":["GET"]}}],"collection":[{"href":"https:\/\/www.xpolemexico.com\/en\/wp-json\/wp\/v2\/pages"}],"about":[{"href":"https:\/\/www.xpolemexico.com\/en\/wp-json\/wp\/v2\/types\/page"}],"author":[{"embeddable":true,"href":"https:\/\/www.xpolemexico.com\/en\/wp-json\/wp\/v2\/users\/11"}],"replies":[{"embeddable":true,"href":"https:\/\/www.xpolemexico.com\/en\/wp-json\/wp\/v2\/comments?post=4903"}],"version-history":[{"count":0,"href":"https:\/\/www.xpolemexico.com\/en\/wp-json\/wp\/v2\/pages\/4903\/revisions"}],"wp:attachment":[{"href":"https:\/\/www.xpolemexico.com\/en\/wp-json\/wp\/v2\/media?parent=4903"}],"curies":[{"name":"wp","href":"https:\/\/api.w.org\/{rel}","templated":true}]}}