{"id":4826,"date":"2024-05-13T09:30:37","date_gmt":"2024-05-13T16:30:37","guid":{"rendered":"https:\/\/www.xpolemexico.com\/?page_id=4826"},"modified":"2024-05-13T09:30:37","modified_gmt":"2024-05-13T16:30:37","slug":"xpert-training-2","status":"publish","type":"page","link":"https:\/\/www.xpolemexico.com\/en\/xpert-training-2\/","title":{"rendered":"Xpert Training"},"content":{"rendered":"<p>XPERT Pole &amp; Aerial Fitness is one of the largest Pole &amp; Aerial teacher training programs worldwide powered by <strong>Crunch<\/strong> the leading US gym chain and <strong>X-POLE<\/strong> the #1 Pole &amp; Aerial equipment manufacturer worldwide.<\/p>\n<p>It doesn\u2019t matter if you\u2019re new to Pole &amp; Aerial Fitness or a pro, registering for an XPERT Fitness teacher training is one of the best moves you can make.\u00a0We pride ourselves on XPERT being one of the most comprehensive courses of its kind, being accredited by the top fitness certifying organisations across the globe\u00a0&#8211; <strong>ACE, AFAA, Fitness Australia,\u00a0Active IQ, CIMSPA, EMDP<\/strong>\u00a0\u2013 and is endorsed by <strong>PDC<\/strong> and the <strong>Pole Safe Federation<\/strong>.<\/p>\n<p>XPERT Pole &amp; Aerial offer accredited teacher training courses in <strong>Pole Fitness, Aerial Hoop, Aerial Silks, Aerial Hammock, Flexibility Flow<\/strong> and <strong>Children&#8217;s Pole &amp; Aerial Teacher Training<\/strong>.<\/p>\n<p>XPERT is an award winning programme with fully qualified highly skilled trainers across the world.<\/p>\n<p>XPERT Pole Fitness Teacher Training is available in <strong>English, German, French, Spanish, Italian<\/strong> and <strong>Chinese<\/strong>.<\/p>\n<p style=\"text-align: center;\"><strong><a href=\"http:\/\/www.xpertpolefitness.com\/xpert-team\">MEET THE TEAM<\/a>\u00a0|\u00a0<a href=\"http:\/\/www.xpertpolefitness.com\/about-xpert-fitness\">MORE ABOUT XPERT<\/a>\u00a0|\u00a0<a href=\"http:\/\/www.xpertpolefitness.com\/find-a-course\">FIND A COURSE<\/a><\/strong><\/p>\n","protected":false},"excerpt":{"rendered":"<p>XPERT Pole &amp; Aerial Fitness is one of the largest Pole &amp; Aerial teacher training programs worldwide powered by Crunch the leading US gym chain and X-POLE the #1 Pole &amp; Aerial equipment manufacturer worldwide. It doesn\u2019t matter if you\u2019re new to Pole &amp; Aerial Fitness or a pro, registering for an XPERT Fitness teacher [&hellip;]<\/p>\n","protected":false},"author":11,"featured_media":4934,"parent":0,"menu_order":0,"comment_status":"closed","ping_status":"closed","template":"templates\/contact-page-affiliate.php","meta":{"_acf_changed":false,"footnotes":""},"class_list":["post-4826","page","type-page","status-publish","has-post-thumbnail","hentry"],"acf":[],"yoast_head":"<!-- This site is optimized with the Yoast SEO Premium plugin v24.6 (Yoast SEO v24.6) - https:\/\/yoast.com\/wordpress\/plugins\/seo\/ -->\n<title>Xpert Training | Mexico New<\/title>\n<meta name=\"robots\" content=\"index, follow, max-snippet:-1, max-image-preview:large, max-video-preview:-1\" \/>\n<link rel=\"canonical\" href=\"https:\/\/www.xpolemexico.com\/en\/xpert-training-2\/\" \/>\n<meta property=\"og:locale\" content=\"en_US\" \/>\n<meta property=\"og:type\" content=\"article\" \/>\n<meta property=\"og:title\" content=\"Xpert Training\" \/>\n<meta property=\"og:description\" content=\"XPERT Pole &amp; Aerial Fitness is one of the largest Pole &amp; Aerial teacher training programs worldwide powered by Crunch the leading US gym chain and X-POLE the #1 Pole &amp; Aerial equipment manufacturer worldwide. It doesn\u2019t matter if you\u2019re new to Pole &amp; Aerial Fitness or a pro, registering for an XPERT Fitness teacher [&hellip;]\" \/>\n<meta property=\"og:url\" content=\"https:\/\/www.xpolemexico.com\/en\/xpert-training-2\/\" \/>\n<meta property=\"og:site_name\" content=\"Mexico New\" \/>\n<meta property=\"og:image\" content=\"https:\/\/www.xpolemexico.com\/wp-content\/uploads\/sites\/8\/2018\/07\/XPERT-BANNER.jpg\" \/>\n\t<meta property=\"og:image:width\" content=\"851\" \/>\n\t<meta property=\"og:image:height\" content=\"315\" \/>\n\t<meta property=\"og:image:type\" content=\"image\/jpeg\" \/>\n<meta name=\"twitter:card\" content=\"summary_large_image\" \/>\n<meta name=\"twitter:label1\" content=\"Est. reading time\" \/>\n\t<meta name=\"twitter:data1\" content=\"1 minute\" \/>\n<script type=\"application\/ld+json\" class=\"yoast-schema-graph\">{\"@context\":\"https:\/\/schema.org\",\"@graph\":[{\"@type\":\"WebPage\",\"@id\":\"https:\/\/www.xpolemexico.com\/en\/xpert-training-2\/\",\"url\":\"https:\/\/www.xpolemexico.com\/en\/xpert-training-2\/\",\"name\":\"Xpert Training | Mexico New\",\"isPartOf\":{\"@id\":\"https:\/\/www.xpolemexico.com\/en\/#website\"},\"primaryImageOfPage\":{\"@id\":\"https:\/\/www.xpolemexico.com\/en\/xpert-training-2\/#primaryimage\"},\"image\":{\"@id\":\"https:\/\/www.xpolemexico.com\/en\/xpert-training-2\/#primaryimage\"},\"thumbnailUrl\":\"https:\/\/www.xpolemexico.com\/wp-content\/uploads\/sites\/8\/2018\/07\/XPERT-BANNER.jpg\",\"datePublished\":\"2024-05-13T16:30:37+00:00\",\"breadcrumb\":{\"@id\":\"https:\/\/www.xpolemexico.com\/en\/xpert-training-2\/#breadcrumb\"},\"inLanguage\":\"en-US\",\"potentialAction\":[{\"@type\":\"ReadAction\",\"target\":[\"https:\/\/www.xpolemexico.com\/en\/xpert-training-2\/\"]}]},{\"@type\":\"ImageObject\",\"inLanguage\":\"en-US\",\"@id\":\"https:\/\/www.xpolemexico.com\/en\/xpert-training-2\/#primaryimage\",\"url\":\"https:\/\/www.xpolemexico.com\/wp-content\/uploads\/sites\/8\/2018\/07\/XPERT-BANNER.jpg\",\"contentUrl\":\"https:\/\/www.xpolemexico.com\/wp-content\/uploads\/sites\/8\/2018\/07\/XPERT-BANNER.jpg\",\"width\":851,\"height\":315},{\"@type\":\"BreadcrumbList\",\"@id\":\"https:\/\/www.xpolemexico.com\/en\/xpert-training-2\/#breadcrumb\",\"itemListElement\":[{\"@type\":\"ListItem\",\"position\":1,\"name\":\"Home\",\"item\":\"https:\/\/www.xpolemexico.com\/en\/\"},{\"@type\":\"ListItem\",\"position\":2,\"name\":\"Xpert Training\"}]},{\"@type\":\"WebSite\",\"@id\":\"https:\/\/www.xpolemexico.com\/en\/#website\",\"url\":\"https:\/\/www.xpolemexico.com\/en\/\",\"name\":\"X-Pole M\u00e9xico\",\"description\":\"L\u00edderes en Fitness de Pole y A\u00e9reo\",\"potentialAction\":[{\"@type\":\"SearchAction\",\"target\":{\"@type\":\"EntryPoint\",\"urlTemplate\":\"https:\/\/www.xpolemexico.com\/en\/?s={search_term_string}\"},\"query-input\":{\"@type\":\"PropertyValueSpecification\",\"valueRequired\":true,\"valueName\":\"search_term_string\"}}],\"inLanguage\":\"en-US\"}]}<\/script>\n<!-- \/ Yoast SEO Premium plugin. -->","yoast_head_json":{"title":"Xpert Training | Mexico New","robots":{"index":"index","follow":"follow","max-snippet":"max-snippet:-1","max-image-preview":"max-image-preview:large","max-video-preview":"max-video-preview:-1"},"canonical":"https:\/\/www.xpolemexico.com\/en\/xpert-training-2\/","og_locale":"en_US","og_type":"article","og_title":"Xpert Training","og_description":"XPERT Pole &amp; Aerial Fitness is one of the largest Pole &amp; Aerial teacher training programs worldwide powered by Crunch the leading US gym chain and X-POLE the #1 Pole &amp; Aerial equipment manufacturer worldwide. It doesn\u2019t matter if you\u2019re new to Pole &amp; Aerial Fitness or a pro, registering for an XPERT Fitness teacher [&hellip;]","og_url":"https:\/\/www.xpolemexico.com\/en\/xpert-training-2\/","og_site_name":"Mexico New","og_image":[{"width":851,"height":315,"url":"https:\/\/www.xpolemexico.com\/wp-content\/uploads\/sites\/8\/2018\/07\/XPERT-BANNER.jpg","type":"image\/jpeg"}],"twitter_card":"summary_large_image","twitter_misc":{"Est. reading time":"1 minute"},"schema":{"@context":"https:\/\/schema.org","@graph":[{"@type":"WebPage","@id":"https:\/\/www.xpolemexico.com\/en\/xpert-training-2\/","url":"https:\/\/www.xpolemexico.com\/en\/xpert-training-2\/","name":"Xpert Training | Mexico New","isPartOf":{"@id":"https:\/\/www.xpolemexico.com\/en\/#website"},"primaryImageOfPage":{"@id":"https:\/\/www.xpolemexico.com\/en\/xpert-training-2\/#primaryimage"},"image":{"@id":"https:\/\/www.xpolemexico.com\/en\/xpert-training-2\/#primaryimage"},"thumbnailUrl":"https:\/\/www.xpolemexico.com\/wp-content\/uploads\/sites\/8\/2018\/07\/XPERT-BANNER.jpg","datePublished":"2024-05-13T16:30:37+00:00","breadcrumb":{"@id":"https:\/\/www.xpolemexico.com\/en\/xpert-training-2\/#breadcrumb"},"inLanguage":"en-US","potentialAction":[{"@type":"ReadAction","target":["https:\/\/www.xpolemexico.com\/en\/xpert-training-2\/"]}]},{"@type":"ImageObject","inLanguage":"en-US","@id":"https:\/\/www.xpolemexico.com\/en\/xpert-training-2\/#primaryimage","url":"https:\/\/www.xpolemexico.com\/wp-content\/uploads\/sites\/8\/2018\/07\/XPERT-BANNER.jpg","contentUrl":"https:\/\/www.xpolemexico.com\/wp-content\/uploads\/sites\/8\/2018\/07\/XPERT-BANNER.jpg","width":851,"height":315},{"@type":"BreadcrumbList","@id":"https:\/\/www.xpolemexico.com\/en\/xpert-training-2\/#breadcrumb","itemListElement":[{"@type":"ListItem","position":1,"name":"Home","item":"https:\/\/www.xpolemexico.com\/en\/"},{"@type":"ListItem","position":2,"name":"Xpert Training"}]},{"@type":"WebSite","@id":"https:\/\/www.xpolemexico.com\/en\/#website","url":"https:\/\/www.xpolemexico.com\/en\/","name":"X-Pole M\u00e9xico","description":"L\u00edderes en Fitness de Pole y A\u00e9reo","potentialAction":[{"@type":"SearchAction","target":{"@type":"EntryPoint","urlTemplate":"https:\/\/www.xpolemexico.com\/en\/?s={search_term_string}"},"query-input":{"@type":"PropertyValueSpecification","valueRequired":true,"valueName":"search_term_string"}}],"inLanguage":"en-US"}]}},"_links":{"self":[{"href":"https:\/\/www.xpolemexico.com\/en\/wp-json\/wp\/v2\/pages\/4826","targetHints":{"allow":["GET"]}}],"collection":[{"href":"https:\/\/www.xpolemexico.com\/en\/wp-json\/wp\/v2\/pages"}],"about":[{"href":"https:\/\/www.xpolemexico.com\/en\/wp-json\/wp\/v2\/types\/page"}],"author":[{"embeddable":true,"href":"https:\/\/www.xpolemexico.com\/en\/wp-json\/wp\/v2\/users\/11"}],"replies":[{"embeddable":true,"href":"https:\/\/www.xpolemexico.com\/en\/wp-json\/wp\/v2\/comments?post=4826"}],"version-history":[{"count":0,"href":"https:\/\/www.xpolemexico.com\/en\/wp-json\/wp\/v2\/pages\/4826\/revisions"}],"wp:featuredmedia":[{"embeddable":true,"href":"https:\/\/www.xpolemexico.com\/en\/wp-json\/wp\/v2\/media\/4934"}],"wp:attachment":[{"href":"https:\/\/www.xpolemexico.com\/en\/wp-json\/wp\/v2\/media?parent=4826"}],"curies":[{"name":"wp","href":"https:\/\/api.w.org\/{rel}","templated":true}]}}