{"id":1062,"date":"2024-05-13T09:30:36","date_gmt":"2024-05-13T16:30:36","guid":{"rendered":"https:\/\/www.xpolemexico.com\/?page_id=1062"},"modified":"2024-05-13T09:30:36","modified_gmt":"2024-05-13T16:30:36","slug":"wishlist","status":"publish","type":"page","link":"https:\/\/www.xpolemexico.com\/en\/wishlist\/","title":{"rendered":"Wishlist"},"content":{"rendered":"\r\n\r\n<section class=\"section-fullwidth section-padding\">\r\n\t<div class=\"row\">\r\n\r\n<div class=\"cart-empty\">\r\n\t<div class=\"tinv-header\">\n\t<\/div>\n\t\t<div class=\"content-image\">\r\n\t\t<svg width=\"103\" height=\"86\" viewBox=\"0 0 103 86\" fill=\"none\" xmlns=\"http:\/\/www.w3.org\/2000\/svg\">\r\n\t\t\t<path d=\"M4.81253 51.5477C0.423346 43.5001 -0.269982 33.2004 4.34351 25.2793C10.8891 14.0408 28.372 13.0782 37.3435 22.6552C39.427 24.8793 41.0317 27.2101 41.9999 29.2187C42.9724 27.2014 44.6192 24.8592 46.7535 22.6263C55.8254 13.1357 73.275 14.0488 79.7356 25.3331C84.2658 33.2457 83.574 43.4688 79.2233 51.4816C77.3462 54.9387 74.5922 58.7946 70.5516 62.6676C58.2357 74.4726 44.9521 84.4667 44.1804 85.045C44.1554 85.0637 44.1334 85.0821 44.1099 85.1025C42.8986 86.1567 41.0578 86.1661 39.8488 85.1021C33.0693 79.1359 26.1379 74.8308 13.4482 62.6676C9.43336 58.8193 6.68877 54.9878 4.81253 51.5477Z\" fill=\"currentColor\"\/>\r\n\t\t\t<path fill-rule=\"evenodd\" clip-rule=\"evenodd\" d=\"M81.6551 3.41387C71.9859 3.41387 64.2068 11.2656 64.2068 20.8621C64.2068 30.5314 71.9859 38.3104 81.6551 38.3104C91.2517 38.3104 99.1034 30.5314 99.1034 20.8621C99.1034 11.2656 91.2517 3.41387 81.6551 3.41387ZM85.0721 26.7509C85.7264 27.478 86.8169 27.478 87.4712 26.7509C88.1982 26.0966 88.1982 25.0061 87.4712 24.3518L84.0543 20.8621L87.4712 17.4452C88.1982 16.7909 88.1982 15.7004 87.4712 15.0461C86.8169 14.319 85.7264 14.319 85.0721 15.0461L81.6551 18.463L78.1655 15.0461C77.5111 14.319 76.4206 14.319 75.7663 15.0461C75.0393 15.7004 75.0393 16.7909 75.7663 17.4452L79.1833 20.8621L75.7663 24.3518C75.0393 25.0061 75.0393 26.0966 75.7663 26.7509C76.4206 27.478 77.5111 27.478 78.1655 26.7509L81.6551 23.334L85.0721 26.7509Z\" fill=\"currentColor\"\/>\r\n\t\t\t<path fill-rule=\"evenodd\" clip-rule=\"evenodd\" d=\"M81.6551 0.241455C70.2252 0.241455 61.0344 9.52213 61.0344 20.8621C61.0344 32.2835 70.2338 41.4828 81.6551 41.4828C92.9951 41.4828 102.276 32.2921 102.276 20.8621C102.276 9.51352 93.0037 0.241455 81.6551 0.241455ZM81.6551 3.41387C71.9859 3.41387 64.2068 11.2656 64.2068 20.8621C64.2068 30.5314 71.9859 38.3104 81.6551 38.3104C91.2517 38.3104 99.1034 30.5314 99.1034 20.8621C99.1034 11.2656 91.2517 3.41387 81.6551 3.41387Z\" fill=\"#F3EFF9\"\/>\r\n\t\t\t<path d=\"M87.4712 26.7509C86.8169 27.478 85.7264 27.478 85.0721 26.7509L81.6551 23.334L78.1655 26.7509C77.5111 27.478 76.4206 27.478 75.7663 26.7509C75.0393 26.0966 75.0393 25.0061 75.7663 24.3518L79.1833 20.8621L75.7663 17.4452C75.0393 16.7909 75.0393 15.7004 75.7663 15.0461C76.4206 14.319 77.5111 14.319 78.1655 15.0461L81.6551 18.463L85.0721 15.0461C85.7264 14.319 86.8169 14.319 87.4712 15.0461C88.1982 15.7004 88.1982 16.7909 87.4712 17.4452L84.0543 20.8621L87.4712 24.3518C88.1982 25.0061 88.1982 26.0966 87.4712 26.7509Z\" fill=\"#F3EFF9\"\/>\r\n\t\t<\/svg>\r\n\t<\/div>\r\n\t<h3 class=\"content-title\">There are currently no items in your wish list<\/h3>\r\n\t<p class=\"content-text\">Feel free to take another look at our pole catalogue.<\/p>\r\n\t\t\t\t<div class=\"content-button\">\r\n\t\t\t<a class=\"button button-primary\" href=\"https:\/\/www.xpolemexico.com\/en\/shop-all\/\">\r\n\t\t\t\tSHOP ALL\t\t\t<\/a>\r\n\t\t<\/div>\r\n\t<\/div>\r\n\r\n\t\t<div class=\"tinv-lists-nav tinv-wishlist-clear\">\r\n\t\t\t\t\t<\/div>\r\n\t<\/div>\r\n<\/section>\r\n\r\n\n","protected":false},"excerpt":{"rendered":"","protected":false},"author":11,"featured_media":0,"parent":0,"menu_order":0,"comment_status":"closed","ping_status":"closed","template":"","meta":{"_acf_changed":false,"footnotes":""},"class_list":["post-1062","page","type-page","status-publish","hentry"],"acf":[],"yoast_head":"<!-- This site is optimized with the Yoast SEO Premium plugin v24.6 (Yoast SEO v24.6) - https:\/\/yoast.com\/wordpress\/plugins\/seo\/ -->\n<title>Wishlist | Mexico New<\/title>\n<meta name=\"robots\" content=\"index, follow, max-snippet:-1, max-image-preview:large, max-video-preview:-1\" \/>\n<link rel=\"canonical\" href=\"https:\/\/www.xpolemexico.com\/en\/wishlist\/\" \/>\n<meta property=\"og:locale\" content=\"en_US\" \/>\n<meta property=\"og:type\" content=\"article\" \/>\n<meta property=\"og:title\" content=\"Wishlist\" \/>\n<meta property=\"og:url\" content=\"https:\/\/www.xpolemexico.com\/en\/wishlist\/\" \/>\n<meta property=\"og:site_name\" content=\"Mexico New\" \/>\n<meta name=\"twitter:card\" content=\"summary_large_image\" \/>\n<script type=\"application\/ld+json\" class=\"yoast-schema-graph\">{\"@context\":\"https:\/\/schema.org\",\"@graph\":[{\"@type\":\"WebPage\",\"@id\":\"https:\/\/www.xpolemexico.com\/en\/wishlist\/\",\"url\":\"https:\/\/www.xpolemexico.com\/en\/wishlist\/\",\"name\":\"Wishlist | Mexico New\",\"isPartOf\":{\"@id\":\"https:\/\/www.xpolemexico.com\/en\/#website\"},\"datePublished\":\"2024-05-13T16:30:36+00:00\",\"breadcrumb\":{\"@id\":\"https:\/\/www.xpolemexico.com\/en\/wishlist\/#breadcrumb\"},\"inLanguage\":\"en-US\",\"potentialAction\":[{\"@type\":\"ReadAction\",\"target\":[\"https:\/\/www.xpolemexico.com\/en\/wishlist\/\"]}]},{\"@type\":\"BreadcrumbList\",\"@id\":\"https:\/\/www.xpolemexico.com\/en\/wishlist\/#breadcrumb\",\"itemListElement\":[{\"@type\":\"ListItem\",\"position\":1,\"name\":\"Home\",\"item\":\"https:\/\/www.xpolemexico.com\/en\/\"},{\"@type\":\"ListItem\",\"position\":2,\"name\":\"Wishlist\"}]},{\"@type\":\"WebSite\",\"@id\":\"https:\/\/www.xpolemexico.com\/en\/#website\",\"url\":\"https:\/\/www.xpolemexico.com\/en\/\",\"name\":\"X-Pole M\u00e9xico\",\"description\":\"L\u00edderes en Fitness de Pole y A\u00e9reo\",\"potentialAction\":[{\"@type\":\"SearchAction\",\"target\":{\"@type\":\"EntryPoint\",\"urlTemplate\":\"https:\/\/www.xpolemexico.com\/en\/?s={search_term_string}\"},\"query-input\":{\"@type\":\"PropertyValueSpecification\",\"valueRequired\":true,\"valueName\":\"search_term_string\"}}],\"inLanguage\":\"en-US\"}]}<\/script>\n<!-- \/ Yoast SEO Premium plugin. -->","yoast_head_json":{"title":"Wishlist | Mexico New","robots":{"index":"index","follow":"follow","max-snippet":"max-snippet:-1","max-image-preview":"max-image-preview:large","max-video-preview":"max-video-preview:-1"},"canonical":"https:\/\/www.xpolemexico.com\/en\/wishlist\/","og_locale":"en_US","og_type":"article","og_title":"Wishlist","og_url":"https:\/\/www.xpolemexico.com\/en\/wishlist\/","og_site_name":"Mexico New","twitter_card":"summary_large_image","schema":{"@context":"https:\/\/schema.org","@graph":[{"@type":"WebPage","@id":"https:\/\/www.xpolemexico.com\/en\/wishlist\/","url":"https:\/\/www.xpolemexico.com\/en\/wishlist\/","name":"Wishlist | Mexico New","isPartOf":{"@id":"https:\/\/www.xpolemexico.com\/en\/#website"},"datePublished":"2024-05-13T16:30:36+00:00","breadcrumb":{"@id":"https:\/\/www.xpolemexico.com\/en\/wishlist\/#breadcrumb"},"inLanguage":"en-US","potentialAction":[{"@type":"ReadAction","target":["https:\/\/www.xpolemexico.com\/en\/wishlist\/"]}]},{"@type":"BreadcrumbList","@id":"https:\/\/www.xpolemexico.com\/en\/wishlist\/#breadcrumb","itemListElement":[{"@type":"ListItem","position":1,"name":"Home","item":"https:\/\/www.xpolemexico.com\/en\/"},{"@type":"ListItem","position":2,"name":"Wishlist"}]},{"@type":"WebSite","@id":"https:\/\/www.xpolemexico.com\/en\/#website","url":"https:\/\/www.xpolemexico.com\/en\/","name":"X-Pole M\u00e9xico","description":"L\u00edderes en Fitness de Pole y A\u00e9reo","potentialAction":[{"@type":"SearchAction","target":{"@type":"EntryPoint","urlTemplate":"https:\/\/www.xpolemexico.com\/en\/?s={search_term_string}"},"query-input":{"@type":"PropertyValueSpecification","valueRequired":true,"valueName":"search_term_string"}}],"inLanguage":"en-US"}]}},"_links":{"self":[{"href":"https:\/\/www.xpolemexico.com\/en\/wp-json\/wp\/v2\/pages\/1062","targetHints":{"allow":["GET"]}}],"collection":[{"href":"https:\/\/www.xpolemexico.com\/en\/wp-json\/wp\/v2\/pages"}],"about":[{"href":"https:\/\/www.xpolemexico.com\/en\/wp-json\/wp\/v2\/types\/page"}],"author":[{"embeddable":true,"href":"https:\/\/www.xpolemexico.com\/en\/wp-json\/wp\/v2\/users\/11"}],"replies":[{"embeddable":true,"href":"https:\/\/www.xpolemexico.com\/en\/wp-json\/wp\/v2\/comments?post=1062"}],"version-history":[{"count":0,"href":"https:\/\/www.xpolemexico.com\/en\/wp-json\/wp\/v2\/pages\/1062\/revisions"}],"wp:attachment":[{"href":"https:\/\/www.xpolemexico.com\/en\/wp-json\/wp\/v2\/media?parent=1062"}],"curies":[{"name":"wp","href":"https:\/\/api.w.org\/{rel}","templated":true}]}}