{"id":1044,"date":"2024-05-13T09:30:28","date_gmt":"2024-05-13T16:30:28","guid":{"rendered":"https:\/\/www.xpolemexico.com\/?page_id=1044"},"modified":"2024-05-13T09:30:28","modified_gmt":"2024-05-13T16:30:28","slug":"careers","status":"publish","type":"page","link":"https:\/\/www.xpolemexico.com\/en\/careers\/","title":{"rendered":"Careers"},"content":{"rendered":"<p><iframe loading=\"lazy\" title=\"We are looking for awesomeness...\" width=\"640\" height=\"360\" src=\"https:\/\/www.youtube.com\/embed\/ebK2-IaAb44?feature=oembed\" frameborder=\"0\" allow=\"accelerometer; autoplay; clipboard-write; encrypted-media; gyroscope; picture-in-picture; web-share\" referrerpolicy=\"strict-origin-when-cross-origin\" allowfullscreen><\/iframe><\/p>\n<p>We are searching for our next Customer Associate, want to join our team?<\/p>\n<p>Responsibilities include, but are not limited to:<\/p>\n<p>Deliver customer service excellence through quick response time via email\/phone, availability to questions, complaints and ad-hoc requests<br \/>\nAnswer inquiries over the phone<br \/>\nExecute an efficient order management process, invoicing &amp; handling customer queries<br \/>\nAccounts filing including Paypal Deposit Management, Fedex Billing\/Invoicing &amp; Amazon Invoicing<br \/>\nExecute operational tasks to maintain accurate order book status (returns, cancellations, order edits &amp; updating customer information)<br \/>\nHighlight product delays and communicate any issue with customers\/internal management<br \/>\nFollow-up with customers for quality assurance<br \/>\nInventory management and tracking<br \/>\nA readiness to grow with us!<\/p>\n<p>Qualifications:<\/p>\n<p>\u25cf Previous experience in sales, customer service, or other related fields<br \/>\n\u25cf Strong customer service mindset with focus on delivering superior customer service<br \/>\n\u25cf Willingness to learn &amp; ability to multitask<br \/>\n\u25cf Ability to work independent<br \/>\n\u25cf Strong phone skills<br \/>\n\u25cf Strong time management skills<br \/>\n\u25cf Excellent written and communication skills<br \/>\n\u25cf Attitude for problem solving<br \/>\n\u25cf Attention to detail and ability to see the bigger picture<br \/>\n\u25cf Understanding of customer service values and behaviors<br \/>\n\u25cf Computer skills: MS Word, Windows, Excel, Power Point<\/p>\n<p>Who will you be joining?<\/p>\n<p>X-POLE , the world\u2019s leading supplier of fitness poles &amp; aerial equipment. Founded in 2004 to offer a solution for those wishing to practice the art of pole fitness in their own home. Over the last 12 years, X-POLE has been developing and refining the design of the X-POLE sets to meet the demands of the fitness market and now offers the most advanced, secure and innovative poles and stages in the world. X-POLE has been instrumental in the creation, growth and direction of the pole fitness industry. X-POLE has offices and affiliates around the globe, including the USA, UK, Mexico, Australia, South Africa, New Zealand, Russia, Asia (Shanghai), Korea and Japan.<\/p>\n<p>Please email your resume to jobs@xpoleus.com. This is an office based role in our Los Angeles location. Please do not apply if you are unable to work from this location.<\/p>\n","protected":false},"excerpt":{"rendered":"<p>We are searching for our next Customer Associate, want to join our team? Responsibilities include, but are not limited to: Deliver customer service excellence through quick response time via email\/phone, availability to questions, complaints and ad-hoc requests Answer inquiries over the phone Execute an efficient order management process, invoicing &amp; handling customer queries Accounts filing [&hellip;]<\/p>\n","protected":false},"author":11,"featured_media":0,"parent":0,"menu_order":0,"comment_status":"closed","ping_status":"closed","template":"","meta":{"_acf_changed":false,"footnotes":""},"class_list":["post-1044","page","type-page","status-publish","hentry"],"acf":[],"yoast_head":"<!-- This site is optimized with the Yoast SEO Premium plugin v24.6 (Yoast SEO v24.6) - https:\/\/yoast.com\/wordpress\/plugins\/seo\/ -->\n<title>Careers | Mexico New<\/title>\n<meta name=\"robots\" content=\"index, follow, max-snippet:-1, max-image-preview:large, max-video-preview:-1\" \/>\n<link rel=\"canonical\" href=\"https:\/\/www.xpolemexico.com\/en\/careers\/\" \/>\n<meta property=\"og:locale\" content=\"en_US\" \/>\n<meta property=\"og:type\" content=\"article\" \/>\n<meta property=\"og:title\" content=\"Careers\" \/>\n<meta property=\"og:description\" content=\"We are searching for our next Customer Associate, want to join our team? Responsibilities include, but are not limited to: Deliver customer service excellence through quick response time via email\/phone, availability to questions, complaints and ad-hoc requests Answer inquiries over the phone Execute an efficient order management process, invoicing &amp; handling customer queries Accounts filing [&hellip;]\" \/>\n<meta property=\"og:url\" content=\"https:\/\/www.xpolemexico.com\/en\/careers\/\" \/>\n<meta property=\"og:site_name\" content=\"Mexico New\" \/>\n<meta name=\"twitter:card\" content=\"summary_large_image\" \/>\n<meta name=\"twitter:label1\" content=\"Est. reading time\" \/>\n\t<meta name=\"twitter:data1\" content=\"2 minutes\" \/>\n<script type=\"application\/ld+json\" class=\"yoast-schema-graph\">{\"@context\":\"https:\/\/schema.org\",\"@graph\":[{\"@type\":\"WebPage\",\"@id\":\"https:\/\/www.xpolemexico.com\/en\/careers\/\",\"url\":\"https:\/\/www.xpolemexico.com\/en\/careers\/\",\"name\":\"Careers | Mexico New\",\"isPartOf\":{\"@id\":\"https:\/\/www.xpolemexico.com\/en\/#website\"},\"datePublished\":\"2024-05-13T16:30:28+00:00\",\"breadcrumb\":{\"@id\":\"https:\/\/www.xpolemexico.com\/en\/careers\/#breadcrumb\"},\"inLanguage\":\"en-US\",\"potentialAction\":[{\"@type\":\"ReadAction\",\"target\":[\"https:\/\/www.xpolemexico.com\/en\/careers\/\"]}]},{\"@type\":\"BreadcrumbList\",\"@id\":\"https:\/\/www.xpolemexico.com\/en\/careers\/#breadcrumb\",\"itemListElement\":[{\"@type\":\"ListItem\",\"position\":1,\"name\":\"Home\",\"item\":\"https:\/\/www.xpolemexico.com\/en\/\"},{\"@type\":\"ListItem\",\"position\":2,\"name\":\"Careers\"}]},{\"@type\":\"WebSite\",\"@id\":\"https:\/\/www.xpolemexico.com\/en\/#website\",\"url\":\"https:\/\/www.xpolemexico.com\/en\/\",\"name\":\"X-Pole M\u00e9xico\",\"description\":\"L\u00edderes en Fitness de Pole y A\u00e9reo\",\"potentialAction\":[{\"@type\":\"SearchAction\",\"target\":{\"@type\":\"EntryPoint\",\"urlTemplate\":\"https:\/\/www.xpolemexico.com\/en\/?s={search_term_string}\"},\"query-input\":{\"@type\":\"PropertyValueSpecification\",\"valueRequired\":true,\"valueName\":\"search_term_string\"}}],\"inLanguage\":\"en-US\"}]}<\/script>\n<!-- \/ Yoast SEO Premium plugin. -->","yoast_head_json":{"title":"Careers | Mexico New","robots":{"index":"index","follow":"follow","max-snippet":"max-snippet:-1","max-image-preview":"max-image-preview:large","max-video-preview":"max-video-preview:-1"},"canonical":"https:\/\/www.xpolemexico.com\/en\/careers\/","og_locale":"en_US","og_type":"article","og_title":"Careers","og_description":"We are searching for our next Customer Associate, want to join our team? Responsibilities include, but are not limited to: Deliver customer service excellence through quick response time via email\/phone, availability to questions, complaints and ad-hoc requests Answer inquiries over the phone Execute an efficient order management process, invoicing &amp; handling customer queries Accounts filing [&hellip;]","og_url":"https:\/\/www.xpolemexico.com\/en\/careers\/","og_site_name":"Mexico New","twitter_card":"summary_large_image","twitter_misc":{"Est. reading time":"2 minutes"},"schema":{"@context":"https:\/\/schema.org","@graph":[{"@type":"WebPage","@id":"https:\/\/www.xpolemexico.com\/en\/careers\/","url":"https:\/\/www.xpolemexico.com\/en\/careers\/","name":"Careers | Mexico New","isPartOf":{"@id":"https:\/\/www.xpolemexico.com\/en\/#website"},"datePublished":"2024-05-13T16:30:28+00:00","breadcrumb":{"@id":"https:\/\/www.xpolemexico.com\/en\/careers\/#breadcrumb"},"inLanguage":"en-US","potentialAction":[{"@type":"ReadAction","target":["https:\/\/www.xpolemexico.com\/en\/careers\/"]}]},{"@type":"BreadcrumbList","@id":"https:\/\/www.xpolemexico.com\/en\/careers\/#breadcrumb","itemListElement":[{"@type":"ListItem","position":1,"name":"Home","item":"https:\/\/www.xpolemexico.com\/en\/"},{"@type":"ListItem","position":2,"name":"Careers"}]},{"@type":"WebSite","@id":"https:\/\/www.xpolemexico.com\/en\/#website","url":"https:\/\/www.xpolemexico.com\/en\/","name":"X-Pole M\u00e9xico","description":"L\u00edderes en Fitness de Pole y A\u00e9reo","potentialAction":[{"@type":"SearchAction","target":{"@type":"EntryPoint","urlTemplate":"https:\/\/www.xpolemexico.com\/en\/?s={search_term_string}"},"query-input":{"@type":"PropertyValueSpecification","valueRequired":true,"valueName":"search_term_string"}}],"inLanguage":"en-US"}]}},"_links":{"self":[{"href":"https:\/\/www.xpolemexico.com\/en\/wp-json\/wp\/v2\/pages\/1044","targetHints":{"allow":["GET"]}}],"collection":[{"href":"https:\/\/www.xpolemexico.com\/en\/wp-json\/wp\/v2\/pages"}],"about":[{"href":"https:\/\/www.xpolemexico.com\/en\/wp-json\/wp\/v2\/types\/page"}],"author":[{"embeddable":true,"href":"https:\/\/www.xpolemexico.com\/en\/wp-json\/wp\/v2\/users\/11"}],"replies":[{"embeddable":true,"href":"https:\/\/www.xpolemexico.com\/en\/wp-json\/wp\/v2\/comments?post=1044"}],"version-history":[{"count":0,"href":"https:\/\/www.xpolemexico.com\/en\/wp-json\/wp\/v2\/pages\/1044\/revisions"}],"wp:attachment":[{"href":"https:\/\/www.xpolemexico.com\/en\/wp-json\/wp\/v2\/media?parent=1044"}],"curies":[{"name":"wp","href":"https:\/\/api.w.org\/{rel}","templated":true}]}}