{"id":1036,"date":"2024-05-13T09:30:35","date_gmt":"2024-05-13T16:30:35","guid":{"rendered":"https:\/\/www.xpolemexico.com\/?page_id=1036"},"modified":"2024-05-13T09:30:35","modified_gmt":"2024-05-13T16:30:35","slug":"training","status":"publish","type":"page","link":"https:\/\/www.xpolemexico.com\/en\/training\/","title":{"rendered":"Training"},"content":{"rendered":"<p>XPERT Pole &amp; Aerial Fitness is one of the largest Pole &amp; Aerial teacher training programs worldwide. \u00a0XPERT has expanded with more comprehensive Pole levels, Aerial Hoop, Silks, Hammock, Flexibility and a specialised Children&#8217;s program.<\/p>\n<p>XPERT Pole &amp; Aerial Fitness Teacher Training is an award winning program. XPERT was a finalist in the Active Training Awards Small Training Provider 2014 and winner of the International Fitness Showcase Best Brand Presence 2015.<\/p>\n<p>With some of the best in the world, XPERT prides ourselves on the knowledge of our Trainers and top-notch content developed by our\u00a0Fitness Education Specialists.\u00a0XPERT is one of the first Pole &amp; Aerial\u00a0training programs to heavily focus on safe spotting techniques. \u00a0We strongly believe in hands-on and FACE TO FACE training.<\/p>\n<p>&nbsp;<\/p>\n<h2><a href=\"https:\/\/www.xpolemexico.com\/wp-content\/uploads\/sites\/8\/2018\/05\/XPERTTraining-1.jpg\"><img loading=\"lazy\" decoding=\"async\" class=\"size-full wp-image-4852 aligncenter\" src=\"https:\/\/www.xpolemexico.com\/wp-content\/uploads\/sites\/8\/2018\/05\/XPERTTraining-1.jpg\" alt=\"\" width=\"335\" height=\"436\" \/><\/a>XPERT Pole Fitness<\/h2>\n<p>Pole dancing is more than just a passing fad &#8211; it has evolved into a mainstream form of exercise. XPERT Pole Fitness teacher training programs will enhance your pole career.\u00a0Whether you\u2019ve been teaching pole fitness for some time now or you\u2019re just getting started, this training program is for you. With XPERT, you\u2019ll learn everything you need to know to deliver a safe and effective pole fitness workout for participants of all fitness levels.<\/p>\n<p>From basic concepts, like proper studio and pole setup, music selection, to how to construct a complete pole fitness class design from warm up to cool down, to more advanced concepts like the exercise science behind each pole technique including standing strength-based exercises, climbing and inversion manoeuvres, floor work and core training.<\/p>\n<p>Available courses in Pole Fitness Level 1&amp;2, Level 3 &amp; 4 and Spinning Pole<\/p>\n<p>&nbsp;<\/p>\n<h2><a href=\"https:\/\/www.xpolemexico.com\/wp-content\/uploads\/sites\/8\/2018\/05\/XPERTTraining-2.jpg\"><img loading=\"lazy\" decoding=\"async\" class=\"size-full wp-image-4853 aligncenter\" src=\"https:\/\/www.xpolemexico.com\/wp-content\/uploads\/sites\/8\/2018\/05\/XPERTTraining-2.jpg\" alt=\"\" width=\"335\" height=\"388\" \/><\/a>XPERT Aerial Fitness<\/h2>\n<p>Aerial Hoop, Aerial Silks and Aerial Hammock is a form of acrobatics and has been around for hundreds of years. Aerial has evolved<\/p>\n<p>over the last few years as a form of fitness and is\u00a0rapidly expanding in dance and fitness centres around the world. XPERT Aerial is one of the first aerial instructor training courses written and instructed by professional aerialists. Our Aerial XPERT Trainers have been teaching and performing since youth. \u00a0Their main focuses in Aerial instruction are safety and conditioning.<\/p>\n<p>The XPERT Aerial Fitness Professional Training is designed to teach participants the skills needed to safely and effectively instruct an Aerial\u00a0 fitness class. Participants develop essential teaching skills that will enable them to become a confident and well trained instructor.\u00a0The multi-level trainings will help instructors grow and improve their knowledge and skills.<a href=\"https:\/\/www.xpolemexico.com\/wp-content\/uploads\/sites\/8\/2018\/05\/XPERTTraining-3.jpg\"><img loading=\"lazy\" decoding=\"async\" class=\"size-full wp-image-4854 aligncenter\" src=\"https:\/\/www.xpolemexico.com\/wp-content\/uploads\/sites\/8\/2018\/05\/XPERTTraining-3.jpg\" alt=\"\" width=\"335\" height=\"300\" \/><\/a><\/p>\n<h2>XPERT Flexibility<\/h2>\n<p>Many people have misconceptions about Flexibility, most feel they are not flexible enough to be able to attempt to stretch. Flexibility is key to both Pole Fitness and Aerial Skills and so come hand in hand with our teacher training courses.<\/p>\n<p>There are many teacher trainings in stretch and flexibility however the Flexibility Flow is one of the first to explain the difference between stretching and flexibility and works on dynamic flows to increase your range of motion. These classes can be taught separately or can be used to help your pole &amp; aerial student along their journey.<\/p>\n<h2>XPERT Children\u2019s Pole &amp; Aerial<\/h2>\n<p>As Pole &amp; Aerial becomes more popular across the world, more children are starting to take up this form of fitness. The XPERT Children\u2019s Pole &amp; Aerial teacher training was designed to give you the full knowledge and tools to be able to teach a children\u2019s class. This includes not only the practical side and the differences between adults and children but also the legal side and paperwork needed to start.<\/p>\n<p style=\"text-align: center;\"><strong><a href=\"http:\/\/www.xpertpolefitness.com\/xpert-team\">MEET THE TEAM<\/a>\u00a0|\u00a0<a href=\"http:\/\/www.xpertpolefitness.com\/about-xpert-fitness\">MORE ABOUT XPERT<\/a>\u00a0|\u00a0<a href=\"http:\/\/www.xpertpolefitness.com\/find-a-course\">FIND A COURSE<\/a><\/strong><\/p>\n","protected":false},"excerpt":{"rendered":"<p>XPERT Pole &amp; Aerial Fitness is one of the largest Pole &amp; Aerial teacher training programs worldwide. \u00a0XPERT has expanded with more comprehensive Pole levels, Aerial Hoop, Silks, Hammock, Flexibility and a specialised Children&#8217;s program. XPERT Pole &amp; Aerial Fitness Teacher Training is an award winning program. XPERT was a finalist in the Active Training [&hellip;]<\/p>\n","protected":false},"author":11,"featured_media":9941,"parent":0,"menu_order":0,"comment_status":"closed","ping_status":"closed","template":"","meta":{"_acf_changed":false,"footnotes":""},"class_list":["post-1036","page","type-page","status-publish","has-post-thumbnail","hentry"],"acf":[],"yoast_head":"<!-- This site is optimized with the Yoast SEO Premium plugin v24.6 (Yoast SEO v24.6) - https:\/\/yoast.com\/wordpress\/plugins\/seo\/ -->\n<title>Training | Mexico New<\/title>\n<meta name=\"robots\" content=\"index, follow, max-snippet:-1, max-image-preview:large, max-video-preview:-1\" \/>\n<link rel=\"canonical\" href=\"https:\/\/www.xpolemexico.com\/en\/training\/\" \/>\n<meta property=\"og:locale\" content=\"en_US\" \/>\n<meta property=\"og:type\" content=\"article\" \/>\n<meta property=\"og:title\" content=\"Training\" \/>\n<meta property=\"og:description\" content=\"XPERT Pole &amp; Aerial Fitness is one of the largest Pole &amp; Aerial teacher training programs worldwide. \u00a0XPERT has expanded with more comprehensive Pole levels, Aerial Hoop, Silks, Hammock, Flexibility and a specialised Children&#8217;s program. XPERT Pole &amp; Aerial Fitness Teacher Training is an award winning program. XPERT was a finalist in the Active Training [&hellip;]\" \/>\n<meta property=\"og:url\" content=\"https:\/\/www.xpolemexico.com\/en\/training\/\" \/>\n<meta property=\"og:site_name\" content=\"Mexico New\" \/>\n<meta property=\"og:image\" content=\"https:\/\/www.xpolemexico.com\/wp-content\/uploads\/sites\/8\/2019\/07\/Small-XPERT-Logo-New.png\" \/>\n\t<meta property=\"og:image:width\" content=\"4206\" \/>\n\t<meta property=\"og:image:height\" content=\"1962\" \/>\n\t<meta property=\"og:image:type\" content=\"image\/png\" \/>\n<meta name=\"twitter:card\" content=\"summary_large_image\" \/>\n<meta name=\"twitter:label1\" content=\"Est. reading time\" \/>\n\t<meta name=\"twitter:data1\" content=\"3 minutes\" \/>\n<script type=\"application\/ld+json\" class=\"yoast-schema-graph\">{\"@context\":\"https:\/\/schema.org\",\"@graph\":[{\"@type\":\"WebPage\",\"@id\":\"https:\/\/www.xpolemexico.com\/en\/training\/\",\"url\":\"https:\/\/www.xpolemexico.com\/en\/training\/\",\"name\":\"Training | Mexico New\",\"isPartOf\":{\"@id\":\"https:\/\/www.xpolemexico.com\/en\/#website\"},\"primaryImageOfPage\":{\"@id\":\"https:\/\/www.xpolemexico.com\/en\/training\/#primaryimage\"},\"image\":{\"@id\":\"https:\/\/www.xpolemexico.com\/en\/training\/#primaryimage\"},\"thumbnailUrl\":\"https:\/\/www.xpolemexico.com\/wp-content\/uploads\/sites\/8\/2019\/07\/Small-XPERT-Logo-New.png\",\"datePublished\":\"2024-05-13T16:30:35+00:00\",\"breadcrumb\":{\"@id\":\"https:\/\/www.xpolemexico.com\/en\/training\/#breadcrumb\"},\"inLanguage\":\"en-US\",\"potentialAction\":[{\"@type\":\"ReadAction\",\"target\":[\"https:\/\/www.xpolemexico.com\/en\/training\/\"]}]},{\"@type\":\"ImageObject\",\"inLanguage\":\"en-US\",\"@id\":\"https:\/\/www.xpolemexico.com\/en\/training\/#primaryimage\",\"url\":\"https:\/\/www.xpolemexico.com\/wp-content\/uploads\/sites\/8\/2019\/07\/Small-XPERT-Logo-New.png\",\"contentUrl\":\"https:\/\/www.xpolemexico.com\/wp-content\/uploads\/sites\/8\/2019\/07\/Small-XPERT-Logo-New.png\",\"width\":4206,\"height\":1962},{\"@type\":\"BreadcrumbList\",\"@id\":\"https:\/\/www.xpolemexico.com\/en\/training\/#breadcrumb\",\"itemListElement\":[{\"@type\":\"ListItem\",\"position\":1,\"name\":\"Home\",\"item\":\"https:\/\/www.xpolemexico.com\/en\/\"},{\"@type\":\"ListItem\",\"position\":2,\"name\":\"Training\"}]},{\"@type\":\"WebSite\",\"@id\":\"https:\/\/www.xpolemexico.com\/en\/#website\",\"url\":\"https:\/\/www.xpolemexico.com\/en\/\",\"name\":\"X-Pole M\u00e9xico\",\"description\":\"L\u00edderes en Fitness de Pole y A\u00e9reo\",\"potentialAction\":[{\"@type\":\"SearchAction\",\"target\":{\"@type\":\"EntryPoint\",\"urlTemplate\":\"https:\/\/www.xpolemexico.com\/en\/?s={search_term_string}\"},\"query-input\":{\"@type\":\"PropertyValueSpecification\",\"valueRequired\":true,\"valueName\":\"search_term_string\"}}],\"inLanguage\":\"en-US\"}]}<\/script>\n<!-- \/ Yoast SEO Premium plugin. -->","yoast_head_json":{"title":"Training | Mexico New","robots":{"index":"index","follow":"follow","max-snippet":"max-snippet:-1","max-image-preview":"max-image-preview:large","max-video-preview":"max-video-preview:-1"},"canonical":"https:\/\/www.xpolemexico.com\/en\/training\/","og_locale":"en_US","og_type":"article","og_title":"Training","og_description":"XPERT Pole &amp; Aerial Fitness is one of the largest Pole &amp; Aerial teacher training programs worldwide. \u00a0XPERT has expanded with more comprehensive Pole levels, Aerial Hoop, Silks, Hammock, Flexibility and a specialised Children&#8217;s program. XPERT Pole &amp; Aerial Fitness Teacher Training is an award winning program. XPERT was a finalist in the Active Training [&hellip;]","og_url":"https:\/\/www.xpolemexico.com\/en\/training\/","og_site_name":"Mexico New","og_image":[{"width":4206,"height":1962,"url":"https:\/\/www.xpolemexico.com\/wp-content\/uploads\/sites\/8\/2019\/07\/Small-XPERT-Logo-New.png","type":"image\/png"}],"twitter_card":"summary_large_image","twitter_misc":{"Est. reading time":"3 minutes"},"schema":{"@context":"https:\/\/schema.org","@graph":[{"@type":"WebPage","@id":"https:\/\/www.xpolemexico.com\/en\/training\/","url":"https:\/\/www.xpolemexico.com\/en\/training\/","name":"Training | Mexico New","isPartOf":{"@id":"https:\/\/www.xpolemexico.com\/en\/#website"},"primaryImageOfPage":{"@id":"https:\/\/www.xpolemexico.com\/en\/training\/#primaryimage"},"image":{"@id":"https:\/\/www.xpolemexico.com\/en\/training\/#primaryimage"},"thumbnailUrl":"https:\/\/www.xpolemexico.com\/wp-content\/uploads\/sites\/8\/2019\/07\/Small-XPERT-Logo-New.png","datePublished":"2024-05-13T16:30:35+00:00","breadcrumb":{"@id":"https:\/\/www.xpolemexico.com\/en\/training\/#breadcrumb"},"inLanguage":"en-US","potentialAction":[{"@type":"ReadAction","target":["https:\/\/www.xpolemexico.com\/en\/training\/"]}]},{"@type":"ImageObject","inLanguage":"en-US","@id":"https:\/\/www.xpolemexico.com\/en\/training\/#primaryimage","url":"https:\/\/www.xpolemexico.com\/wp-content\/uploads\/sites\/8\/2019\/07\/Small-XPERT-Logo-New.png","contentUrl":"https:\/\/www.xpolemexico.com\/wp-content\/uploads\/sites\/8\/2019\/07\/Small-XPERT-Logo-New.png","width":4206,"height":1962},{"@type":"BreadcrumbList","@id":"https:\/\/www.xpolemexico.com\/en\/training\/#breadcrumb","itemListElement":[{"@type":"ListItem","position":1,"name":"Home","item":"https:\/\/www.xpolemexico.com\/en\/"},{"@type":"ListItem","position":2,"name":"Training"}]},{"@type":"WebSite","@id":"https:\/\/www.xpolemexico.com\/en\/#website","url":"https:\/\/www.xpolemexico.com\/en\/","name":"X-Pole M\u00e9xico","description":"L\u00edderes en Fitness de Pole y A\u00e9reo","potentialAction":[{"@type":"SearchAction","target":{"@type":"EntryPoint","urlTemplate":"https:\/\/www.xpolemexico.com\/en\/?s={search_term_string}"},"query-input":{"@type":"PropertyValueSpecification","valueRequired":true,"valueName":"search_term_string"}}],"inLanguage":"en-US"}]}},"_links":{"self":[{"href":"https:\/\/www.xpolemexico.com\/en\/wp-json\/wp\/v2\/pages\/1036","targetHints":{"allow":["GET"]}}],"collection":[{"href":"https:\/\/www.xpolemexico.com\/en\/wp-json\/wp\/v2\/pages"}],"about":[{"href":"https:\/\/www.xpolemexico.com\/en\/wp-json\/wp\/v2\/types\/page"}],"author":[{"embeddable":true,"href":"https:\/\/www.xpolemexico.com\/en\/wp-json\/wp\/v2\/users\/11"}],"replies":[{"embeddable":true,"href":"https:\/\/www.xpolemexico.com\/en\/wp-json\/wp\/v2\/comments?post=1036"}],"version-history":[{"count":0,"href":"https:\/\/www.xpolemexico.com\/en\/wp-json\/wp\/v2\/pages\/1036\/revisions"}],"wp:featuredmedia":[{"embeddable":true,"href":"https:\/\/www.xpolemexico.com\/en\/wp-json\/wp\/v2\/media\/9941"}],"wp:attachment":[{"href":"https:\/\/www.xpolemexico.com\/en\/wp-json\/wp\/v2\/media?parent=1036"}],"curies":[{"name":"wp","href":"https:\/\/api.w.org\/{rel}","templated":true}]}}